{"id":52250,"date":"2026-03-18T23:31:11","date_gmt":"2026-03-18T23:31:11","guid":{"rendered":"https:\/\/soydeaqui.ddns.net\/pachuca\/index.php\/producto\/programador-de-campo-de-commcenter\/"},"modified":"2026-03-18T23:31:12","modified_gmt":"2026-03-18T23:31:12","slug":"programador-de-campo-de-commcenter","status":"publish","type":"product","link":"https:\/\/soydeaqui.ddns.net\/pachuca\/index.php\/producto\/programador-de-campo-de-commcenter\/","title":{"rendered":"Programador de campo de CommCenter\u00ae"},"content":{"rendered":"<div style='width: 100%; max-width: 1200px; margin: 0 auto; font-family: sans-serif; line-height: 1.6; color: inherit; background-color: transparent;'> <!-- Secci\u00f3n de caracter\u00edsticas --> <\/p>\n<div style='margin-bottom: 30px;'>\n<h3 style='font-size: 22px; border-bottom: 2px solid currentColor; padding-bottom: 5px; margin-top: 0; color: inherit; opacity: 0.8;'>Caracter\u00edsticas principales<\/h3>\n<ul style='padding-left: 20px; font-size: 15px; color: inherit;'>\n<li style='margin-bottom: 5px;'>Transferencia de archivos digitales en sitio y bajo demanda<\/li>\n<li style='margin-bottom: 5px;'>Compatible con formatos de archivo WAV y MP3<\/li>\n<li style='margin-bottom: 5px;'>Transferencia de audio digital sin p\u00e9rdidas<\/li>\n<li style='margin-bottom: 5px;'>Descarga y reproducci\u00f3n<\/li>\n<li style='margin-bottom: 5px;'>Altavoz de reproducci\u00f3n aut\u00f3nomo<\/li>\n<li style='margin-bottom: 5px;'>Software y cables incluidos<\/li>\n<li style='margin-bottom: 5px;'>Compatible con m\u00f3dulos de mensajes de PCB de la serie D<\/li>\n<\/ul><\/div>\n<p> <!-- Secci\u00f3n de descripci\u00f3n --> <\/p>\n<div style='margin-bottom: 30px;'>\n<p style='color: inherit; margin-bottom: 15px; text-align: justify;'>El programador de campo modelo 300FP est\u00e1 dise\u00f1ado para transferir y programar mensajes y tonos personalizados en los m\u00f3dulos de mensajes de CommCenter. La unidad cuenta con un altavoz de reproducci\u00f3n integrado para su revisi\u00f3n antes de instalar el m\u00f3dulo en cualquiera de los dispositivos compatibles&comma; incluidos 300 MB o TM33-SD.<\/p>\n<p style='color: inherit; margin-bottom: 15px; text-align: justify;'>La transferencia de audio sin p\u00e9rdidas se logra mediante el uso de un software de carga de archivos patentado suministrado con la unidad y \/ o descargable de nuestro sitio web. A trav\u00e9s de instrucciones f\u00e1ciles de usar&comma; un usuario final simplemente programar\u00e1\/transferir\u00e1 un archivo de audio al m\u00f3dulo. Esto se hace conectando un cable de comunicaciones suministrado con la unidad entre el PC y el programador de campo 300FP. A continuaci\u00f3n&comma; el usuario final sigue las instrucciones que aparecen en pantalla&comma; selecciona un puerto de comunicaciones en su PC y un archivo de audio que desea transferir. Una vez activado&comma; el software programa autom\u00e1ticamente el microprocesador. Es as\u00ed de f\u00e1cil. El software de transferencia es compatible con Windows XP&comma; Vista y Windows 7.<\/p>\n<p style='color: inherit; margin-bottom: 15px; text-align: justify;'>Los tonos personalizados o los mensajes de voz se pueden crear simplemente grabando el mensaje directamente en una PC o a trav\u00e9s de un dispositivo de grabaci\u00f3n digital&comma; luego guardando o formateando en el formato de archivo est\u00e1ndar WAV o MP3 y siguiendo las instrucciones enumeradas anteriormente.<\/p>\n<p style='color: inherit; text-align: justify;'>La carcasa de aluminio de alta resistencia est\u00e1 acabada con una pintura en polvo negra&comma; un bot\u00f3n pulsador f\u00e1cil de usar y una luz indicadora LED. El programador de campo 300FP SOLO es compatible con el nuevo m\u00f3dulo de mensajes de PCB que se suministra con los productos de la Serie D o el RMB9999SD y RM1SD.<\/p>\n<\/p><\/div>\n<p> <!-- Secci\u00f3n de especificaciones (vac\u00eda en el contenido original) --> <\/p>\n<div style='margin-bottom: 30px;'>\n<h3 style='font-size: 22px; border-bottom: 2px solid currentColor; padding-bottom: 5px; margin-top: 0; color: inherit; opacity: 0.8;'>Especificaciones<\/h3>\n<p style='color: inherit; text-align: justify;'>No se encontraron especificaciones detalladas en el contenido original.<\/p>\n<\/p><\/div>\n<p> <!-- Separador final --> <\/p>\n<hr style='border: 0; border-top: 1px solid rgba(150&comma; 150&comma; 150&comma; 0.3); margin: 30px 0;'> <\/div>\n","protected":false},"excerpt":{"rendered":"<p>Programador de campo de CommCenter\u00ae<\/p>\n","protected":false},"featured_media":52249,"comment_status":"open","ping_status":"closed","template":"","meta":[],"product_brand":[],"product_cat":[1413],"product_tag":[1415,552,1414],"class_list":{"0":"post-52250","1":"product","2":"type-product","3":"status-publish","4":"has-post-thumbnail","6":"product_cat-bocinas-de-alerta-y-notificacion-masiva","7":"product_tag-bocinas-de-alerta-y-notificacion-masiva","8":"product_tag-federal-signal-industrial","9":"product_tag-luces-bocinas-para-la-industria-y-edificios","11":"first","12":"outofstock","13":"sale","14":"shipping-taxable","15":"purchasable","16":"product-type-simple"},"_links":{"self":[{"href":"https:\/\/soydeaqui.ddns.net\/pachuca\/index.php\/wp-json\/wp\/v2\/product\/52250","targetHints":{"allow":["GET"]}}],"collection":[{"href":"https:\/\/soydeaqui.ddns.net\/pachuca\/index.php\/wp-json\/wp\/v2\/product"}],"about":[{"href":"https:\/\/soydeaqui.ddns.net\/pachuca\/index.php\/wp-json\/wp\/v2\/types\/product"}],"replies":[{"embeddable":true,"href":"https:\/\/soydeaqui.ddns.net\/pachuca\/index.php\/wp-json\/wp\/v2\/comments?post=52250"}],"wp:featuredmedia":[{"embeddable":true,"href":"https:\/\/soydeaqui.ddns.net\/pachuca\/index.php\/wp-json\/wp\/v2\/media\/52249"}],"wp:attachment":[{"href":"https:\/\/soydeaqui.ddns.net\/pachuca\/index.php\/wp-json\/wp\/v2\/media?parent=52250"}],"wp:term":[{"taxonomy":"product_brand","embeddable":true,"href":"https:\/\/soydeaqui.ddns.net\/pachuca\/index.php\/wp-json\/wp\/v2\/product_brand?post=52250"},{"taxonomy":"product_cat","embeddable":true,"href":"https:\/\/soydeaqui.ddns.net\/pachuca\/index.php\/wp-json\/wp\/v2\/product_cat?post=52250"},{"taxonomy":"product_tag","embeddable":true,"href":"https:\/\/soydeaqui.ddns.net\/pachuca\/index.php\/wp-json\/wp\/v2\/product_tag?post=52250"}],"curies":[{"name":"wp","href":"https:\/\/api.w.org\/{rel}","templated":true}]}}