{"id":52235,"date":"2026-03-18T23:30:46","date_gmt":"2026-03-18T23:30:46","guid":{"rendered":"https:\/\/soydeaqui.ddns.net\/pachuca\/index.php\/producto\/estrobo-serie-streamline-mini-120-vca-rojo\/"},"modified":"2026-03-18T23:30:52","modified_gmt":"2026-03-18T23:30:52","slug":"estrobo-serie-streamline-mini-120-vca-rojo","status":"publish","type":"product","link":"https:\/\/soydeaqui.ddns.net\/pachuca\/index.php\/producto\/estrobo-serie-streamline-mini-120-vca-rojo\/","title":{"rendered":"Estrobo Serie Streamline, Mini, 120 Vca, Rojo"},"content":{"rendered":"<div style='width: 100%; max-width: 1200px; margin: 0 auto; font-family: sans-serif; line-height: 1.6; color: inherit; background-color: transparent;'> <!-- Secci\u00f3n de caracter\u00edsticas --> <\/p>\n<div style='margin-bottom: 30px;'>\n<h3 style='font-size: 22px; border-bottom: 2px solid currentColor; padding-bottom: 5px; margin-top: 0; color: inherit; opacity: 0.8;'>CARACTER\u00cdSTICAS<\/h3>\n<div style='margin-top: 15px; font-size: 15px; color: inherit;'>\n<p style='margin-bottom: 15px;'>El modelo LP6 es una luz estrobosc\u00f3pica de alta potencia muy compacta dise\u00f1ada para aplicaciones donde el espacio es cr\u00edtico. Con una altura de 3-5\/8&#8217;&comma; esta luz estrobosc\u00f3pica es ideal para aplicaciones de montacargas donde el espacio libre es importante. El LP6 tambi\u00e9n se monta f\u00e1cilmente en paneles de control peque\u00f1os.<\/p>\n<p style='margin-bottom: 15px;'>El LP6 cuenta con una fuente de alimentaci\u00f3n de dos julios que funciona en m\u00faltiples voltajes de 12-48 VCC a 120 VCA. La construcci\u00f3n modular incorpora un potente tubo de flash y una placa de circuito resistente a las vibraciones.<\/p>\n<p style='margin-bottom: 15px;'>La carcasa del LP6 utiliza una lente enroscable \u00fanica para facilitar el reemplazo y el mantenimiento de la l\u00e1mpara. Esta luz econ\u00f3mica no sacrifica potencia por precio o tama\u00f1o.<\/p>\n<\/p><\/div>\n<\/p><\/div>\n<p> <!-- Separador --> <\/p>\n<hr style='border: 0; border-top: 1px solid rgba(150&comma; 150&comma; 150&comma; 0.3); margin: 30px 0;'> <!-- Secci\u00f3n de especificaciones --> <\/p>\n<div style='margin-bottom: 30px;'>\n<h3 style='font-size: 22px; border-bottom: 2px solid currentColor; padding-bottom: 5px; margin-top: 0; color: inherit; opacity: 0.8;'>ESPECIFICACIONES<\/h3>\n<div style='display: flex; flex-wrap: wrap; gap: 20px; margin-top: 20px;'>\n<div style='flex: 1 1 250px; border: 1px solid rgba(150&comma; 150&comma; 150&comma; 0.4); border-radius: 8px; overflow: hidden; display: flex; flex-direction: column;'>\n<div style='padding: 15px; border-bottom: 1px solid rgba(150&comma; 150&comma; 150&comma; 0.2); font-weight: bold; font-size: 18px; color: inherit;'>Caracter\u00edsticas F\u00edsicas<\/div>\n<div style='padding: 15px; color: inherit;'>\n<ul style='padding-left: 20px; margin: 0; font-size: 14px; list-style-type: disc;'>\n<li style='margin-bottom: 5px;'><strong>Montaje:<\/strong> Superficie<\/li>\n<li style='margin-bottom: 5px;'><strong>Peso:<\/strong> 0.30 Kg<\/li>\n<li style='margin-bottom: 5px;'><strong>Altura:<\/strong> 92.5 mm<\/li>\n<li style='margin-bottom: 5px;'><strong>Di\u00e1metro:<\/strong> 130 mm<\/li>\n<\/ul><\/div>\n<\/p><\/div>\n<div style='flex: 1 1 250px; border: 1px solid rgba(150&comma; 150&comma; 150&comma; 0.4); border-radius: 8px; overflow: hidden; display: flex; flex-direction: column;'>\n<div style='padding: 15px; border-bottom: 1px solid rgba(150&comma; 150&comma; 150&comma; 0.2); font-weight: bold; font-size: 18px; color: inherit;'>Especificaciones El\u00e9ctricas<\/div>\n<div style='padding: 15px; color: inherit;'>\n<ul style='padding-left: 20px; margin: 0; font-size: 14px; list-style-type: disc;'>\n<li style='margin-bottom: 5px;'><strong>Voltaje:<\/strong> 120VCA<\/li>\n<li style='margin-bottom: 5px;'><strong>Consumo en operaci\u00f3n:<\/strong> 0.10 Amps at 120VAC<\/li>\n<\/ul><\/div>\n<\/p><\/div>\n<div style='flex: 1 1 250px; border: 1px solid rgba(150&comma; 150&comma; 150&comma; 0.4); border-radius: 8px; overflow: hidden; display: flex; flex-direction: column;'>\n<div style='padding: 15px; border-bottom: 1px solid rgba(150&comma; 150&comma; 150&comma; 0.2); font-weight: bold; font-size: 18px; color: inherit;'>Rendimiento<\/div>\n<div style='padding: 15px; color: inherit;'>\n<ul style='padding-left: 20px; margin: 0; font-size: 14px; list-style-type: disc;'>\n<li style='margin-bottom: 5px;'><strong>Fuente de Lux:<\/strong> Tubo Estrobosc\u00f3pico<\/li>\n<li style='margin-bottom: 5px;'><strong>Vida de l\u00e1mpara:<\/strong> 7&comma;000 Horas<\/li>\n<li style='margin-bottom: 5px;'><strong>Candelas:<\/strong> 175&comma;000<\/li>\n<li style='margin-bottom: 5px;'><strong>Candela efectivas:<\/strong> 51.5<\/li>\n<\/ul><\/div>\n<\/p><\/div>\n<div style='flex: 1 1 250px; border: 1px solid rgba(150&comma; 150&comma; 150&comma; 0.4); border-radius: 8px; overflow: hidden; display: flex; flex-direction: column;'>\n<div style='padding: 15px; border-bottom: 1px solid rgba(150&comma; 150&comma; 150&comma; 0.2); font-weight: bold; font-size: 18px; color: inherit;'>Condiciones de Operaci\u00f3n<\/div>\n<div style='padding: 15px; color: inherit;'>\n<ul style='padding-left: 20px; margin: 0; font-size: 14px; list-style-type: disc;'>\n<li style='margin-bottom: 5px;'><strong>Temperatura m\u00ednima de operaci\u00f3n:<\/strong> -35 \u00b0C<\/li>\n<li style='margin-bottom: 5px;'><strong>Temperatura m\u00e1xima de operaci\u00f3n:<\/strong> 66 \u00b0C<\/li>\n<li style='margin-bottom: 5px;'><strong>Grado de protecci\u00f3n de gabinete:<\/strong> 4X<\/li>\n<\/ul><\/div>\n<\/p><\/div>\n<div style='flex: 1 1 250px; border: 1px solid rgba(150&comma; 150&comma; 150&comma; 0.4); border-radius: 8px; overflow: hidden; display: flex; flex-direction: column;'>\n<div style='padding: 15px; border-bottom: 1px solid rgba(150&comma; 150&comma; 150&comma; 0.2); font-weight: bold; font-size: 18px; color: inherit;'>Opciones de Color<\/div>\n<div style='padding: 15px; color: inherit;'>\n<ul style='padding-left: 20px; margin: 0; font-size: 14px; list-style-type: disc;'>\n<li style='margin-bottom: 5px;'>\u00c1mbar<\/li>\n<li style='margin-bottom: 5px;'>Azul<\/li>\n<li style='margin-bottom: 5px;'>Claro<\/li>\n<li style='margin-bottom: 5px;'>Verde<\/li>\n<li style='margin-bottom: 5px;'>Rojo<\/li>\n<\/ul><\/div>\n<\/p><\/div>\n<div style='flex: 1 1 250px; border: 1px solid rgba(150&comma; 150&comma; 150&comma; 0.4); border-radius: 8px; overflow: hidden; display: flex; flex-direction: column;'>\n<div style='padding: 15px; border-bottom: 1px solid rgba(150&comma; 150&comma; 150&comma; 0.2); font-weight: bold; font-size: 18px; color: inherit;'>Configuraci\u00f3n<\/div>\n<div style='padding: 15px; color: inherit;'>\n<ul style='padding-left: 20px; margin: 0; font-size: 14px; list-style-type: disc;'>\n<li style='margin-bottom: 5px;'><strong>Configuraci\u00f3n a valores de f\u00e1brica:<\/strong> 65 a 95<\/li>\n<\/ul><\/div>\n<\/p><\/div>\n<\/p><\/div>\n<\/p><\/div>\n<\/p><\/div>\n","protected":false},"excerpt":{"rendered":"<p>Estrobo Serie Streamline, Mini, 120 Vca, Rojo<\/p>\n","protected":false},"featured_media":52234,"comment_status":"open","ping_status":"closed","template":"","meta":[],"product_brand":[],"product_cat":[1416],"product_tag":[552,1414,1417],"class_list":{"0":"post-52235","1":"product","2":"type-product","3":"status-publish","4":"has-post-thumbnail","6":"product_cat-luces-para-la-industria-y-edificios","7":"product_tag-federal-signal-industrial","8":"product_tag-luces-bocinas-para-la-industria-y-edificios","9":"product_tag-luces-para-la-industria-y-edificios","11":"first","12":"instock","13":"sale","14":"shipping-taxable","15":"purchasable","16":"product-type-simple"},"_links":{"self":[{"href":"https:\/\/soydeaqui.ddns.net\/pachuca\/index.php\/wp-json\/wp\/v2\/product\/52235","targetHints":{"allow":["GET"]}}],"collection":[{"href":"https:\/\/soydeaqui.ddns.net\/pachuca\/index.php\/wp-json\/wp\/v2\/product"}],"about":[{"href":"https:\/\/soydeaqui.ddns.net\/pachuca\/index.php\/wp-json\/wp\/v2\/types\/product"}],"replies":[{"embeddable":true,"href":"https:\/\/soydeaqui.ddns.net\/pachuca\/index.php\/wp-json\/wp\/v2\/comments?post=52235"}],"wp:featuredmedia":[{"embeddable":true,"href":"https:\/\/soydeaqui.ddns.net\/pachuca\/index.php\/wp-json\/wp\/v2\/media\/52234"}],"wp:attachment":[{"href":"https:\/\/soydeaqui.ddns.net\/pachuca\/index.php\/wp-json\/wp\/v2\/media?parent=52235"}],"wp:term":[{"taxonomy":"product_brand","embeddable":true,"href":"https:\/\/soydeaqui.ddns.net\/pachuca\/index.php\/wp-json\/wp\/v2\/product_brand?post=52235"},{"taxonomy":"product_cat","embeddable":true,"href":"https:\/\/soydeaqui.ddns.net\/pachuca\/index.php\/wp-json\/wp\/v2\/product_cat?post=52235"},{"taxonomy":"product_tag","embeddable":true,"href":"https:\/\/soydeaqui.ddns.net\/pachuca\/index.php\/wp-json\/wp\/v2\/product_tag?post=52235"}],"curies":[{"name":"wp","href":"https:\/\/api.w.org\/{rel}","templated":true}]}}