{"id":52231,"date":"2026-03-18T23:30:40","date_gmt":"2026-03-18T23:30:40","guid":{"rendered":"https:\/\/soydeaqui.ddns.net\/pachuca\/index.php\/producto\/sirena-omnidireccional-de-alta-potencia-eclipse8\/"},"modified":"2026-03-18T23:30:41","modified_gmt":"2026-03-18T23:30:41","slug":"sirena-omnidireccional-de-alta-potencia-eclipse8","status":"publish","type":"product","link":"https:\/\/soydeaqui.ddns.net\/pachuca\/index.php\/producto\/sirena-omnidireccional-de-alta-potencia-eclipse8\/","title":{"rendered":"Sirena omnidireccional de alta potencia ECLIPSE8"},"content":{"rendered":"<div style='width: 100%; max-width: 1200px; margin: 0 auto; font-family: sans-serif; line-height: 1.6; color: inherit; background-color: transparent;'> <!-- Secci\u00f3n de caracter\u00edsticas --> <\/p>\n<div style='margin-bottom: 30px;'>\n<h3 style='font-size: 22px; border-bottom: 2px solid currentColor; padding-bottom: 5px; margin-top: 0; margin-bottom: 20px; color: inherit; opacity: 0.8; text-align: center;'>CARACTER\u00cdSTICAS<\/h3>\n<div style='font-size: 15px; color: inherit;'>\n<p style='margin-bottom: 15px;'>La Eclipse8 es una sirena omnidireccional de tama\u00f1o mediano alimentada por CC para advertencia en exteriores que produce se\u00f1ales de advertencia de alta intensidad.<\/p>\n<p style='margin-bottom: 15px;'>Esta sirena exterior potente y liviana brinda cobertura con un nivel de presi\u00f3n sonora m\u00e1ximo de 115 dBc a 30.5 m.<\/p>\n<p style='margin-bottom: 15px;'>La alta salida de decibeles proporciona la m\u00e1xima cobertura con costos m\u00ednimos de instalaci\u00f3n.<\/p>\n<p style='margin-bottom: 15px;'>Operando desde 48VDC&comma; la sirena utiliza el motor DC de nuestra serie de sirenas 2001 para una confiabilidad comprobada.<\/p>\n<p style='margin-bottom: 15px;'>Las ocho bocinas del proyector de la sirena cubren un \u00e1rea omnidireccional de 360\u00b0&comma; con la capacidad de producir tres opciones de se\u00f1al: constante&comma; aullido y aullido r\u00e1pido.<\/p>\n<p style='margin-bottom: 15px;'>El Eclipse8 proporcionar\u00e1 un m\u00ednimo de 15 minutos de funcionamiento de la sirena con sus bater\u00edas incluso despu\u00e9s de 24 horas sin alimentaci\u00f3n de CA.<\/p>\n<p style='margin-bottom: 15px;'>Los controles de sirena est\u00e1n disponibles con funcionamiento con bater\u00eda&comma; funcionamiento con CA y funcionamiento con CA con bater\u00eda de respaldo.<\/p>\n<p style='margin-bottom: 15px;'>Opciones de control de radio unidireccional y bidireccional o de tel\u00e9fono fijo disponibles.<\/p>\n<\/p><\/div>\n<\/p><\/div>\n<p> <!-- Separador --> <\/p>\n<hr style='border: 0; border-top: 1px solid rgba(150&comma; 150&comma; 150&comma; 0.3); margin: 30px 0;'> <!-- Secci\u00f3n de especificaciones --> <\/p>\n<div style='margin-bottom: 30px;'>\n<h3 style='font-size: 22px; border-bottom: 2px solid currentColor; padding-bottom: 5px; margin-top: 0; margin-bottom: 20px; color: inherit; opacity: 0.8; text-align: center; background-color: rgba(150&comma;150&comma;150&comma;0.1); padding: 10px;'>ESPECIFICACIONES<\/h3>\n<p> <!-- Card de especificaciones --> <\/p>\n<div style='border: 1px solid rgba(150&comma; 150&comma; 150&comma; 0.4); border-radius: 8px; overflow: hidden;'>\n<div style='display: flex; flex-wrap: wrap;'> <!-- Especificaci\u00f3n --> <\/p>\n<div style='flex: 1 1 50%; min-width: 280px; border-bottom: 1px solid rgba(150&comma; 150&comma; 150&comma; 0.3); padding: 12px 15px;'> <strong style='color: inherit;'>Temperatura de funcionamiento:<\/strong> -30\u00b0C a 60\u00b0C <\/div>\n<p> <!-- Especificaci\u00f3n --> <\/p>\n<div style='flex: 1 1 50%; min-width: 280px; border-bottom: 1px solid rgba(150&comma; 150&comma; 150&comma; 0.3); padding: 12px 15px;'> <strong style='color: inherit;'>Rango efectivo a 70 dBc:<\/strong> 2.200 m <\/div>\n<p> <!-- Especificaci\u00f3n --> <\/p>\n<div style='flex: 1 1 50%; min-width: 280px; border-bottom: 1px solid rgba(150&comma; 150&comma; 150&comma; 0.3); padding: 12px 15px;'> <strong style='color: inherit;'>Altura:<\/strong> 161&comma;0 cm <\/div>\n<p> <!-- Especificaci\u00f3n --> <\/p>\n<div style='flex: 1 1 50%; min-width: 280px; border-bottom: 1px solid rgba(150&comma; 150&comma; 150&comma; 0.3); padding: 12px 15px;'> <strong style='color: inherit;'>Ancho:<\/strong> 118&comma;6 cm <\/div>\n<p> <!-- Especificaci\u00f3n --> <\/p>\n<div style='flex: 1 1 50%; min-width: 280px; border-bottom: 1px solid rgba(150&comma; 150&comma; 150&comma; 0.3); padding: 12px 15px;'> <strong style='color: inherit;'>Peso neto:<\/strong> 116&comma;0 kg <\/div>\n<p> <!-- Especificaci\u00f3n --> <\/p>\n<div style='flex: 1 1 50%; min-width: 280px; padding: 12px 15px;'> <strong style='color: inherit;'>Peso de env\u00edo:<\/strong> 173&comma;0 kg <\/div>\n<\/p><\/div>\n<\/p><\/div>\n<\/p><\/div>\n<\/p><\/div>\n","protected":false},"excerpt":{"rendered":"<p>Sirena omnidireccional de alta potencia ECLIPSE8<\/p>\n","protected":false},"featured_media":52230,"comment_status":"open","ping_status":"closed","template":"","meta":[],"product_brand":[],"product_cat":[1413],"product_tag":[1415,552,1414],"class_list":{"0":"post-52231","1":"product","2":"type-product","3":"status-publish","4":"has-post-thumbnail","6":"product_cat-bocinas-de-alerta-y-notificacion-masiva","7":"product_tag-bocinas-de-alerta-y-notificacion-masiva","8":"product_tag-federal-signal-industrial","9":"product_tag-luces-bocinas-para-la-industria-y-edificios","11":"first","12":"outofstock","13":"sale","14":"shipping-taxable","15":"purchasable","16":"product-type-simple"},"_links":{"self":[{"href":"https:\/\/soydeaqui.ddns.net\/pachuca\/index.php\/wp-json\/wp\/v2\/product\/52231","targetHints":{"allow":["GET"]}}],"collection":[{"href":"https:\/\/soydeaqui.ddns.net\/pachuca\/index.php\/wp-json\/wp\/v2\/product"}],"about":[{"href":"https:\/\/soydeaqui.ddns.net\/pachuca\/index.php\/wp-json\/wp\/v2\/types\/product"}],"replies":[{"embeddable":true,"href":"https:\/\/soydeaqui.ddns.net\/pachuca\/index.php\/wp-json\/wp\/v2\/comments?post=52231"}],"wp:featuredmedia":[{"embeddable":true,"href":"https:\/\/soydeaqui.ddns.net\/pachuca\/index.php\/wp-json\/wp\/v2\/media\/52230"}],"wp:attachment":[{"href":"https:\/\/soydeaqui.ddns.net\/pachuca\/index.php\/wp-json\/wp\/v2\/media?parent=52231"}],"wp:term":[{"taxonomy":"product_brand","embeddable":true,"href":"https:\/\/soydeaqui.ddns.net\/pachuca\/index.php\/wp-json\/wp\/v2\/product_brand?post=52231"},{"taxonomy":"product_cat","embeddable":true,"href":"https:\/\/soydeaqui.ddns.net\/pachuca\/index.php\/wp-json\/wp\/v2\/product_cat?post=52231"},{"taxonomy":"product_tag","embeddable":true,"href":"https:\/\/soydeaqui.ddns.net\/pachuca\/index.php\/wp-json\/wp\/v2\/product_tag?post=52231"}],"curies":[{"name":"wp","href":"https:\/\/api.w.org\/{rel}","templated":true}]}}