{"id":52229,"date":"2026-03-18T23:30:37","date_gmt":"2026-03-18T23:30:37","guid":{"rendered":"https:\/\/soydeaqui.ddns.net\/pachuca\/index.php\/producto\/sirena-para-exterior-de-alta-potencia-128-dbc-500hz\/"},"modified":"2026-03-18T23:30:38","modified_gmt":"2026-03-18T23:30:38","slug":"sirena-para-exterior-de-alta-potencia-128-dbc-500hz","status":"publish","type":"product","link":"https:\/\/soydeaqui.ddns.net\/pachuca\/index.php\/producto\/sirena-para-exterior-de-alta-potencia-128-dbc-500hz\/","title":{"rendered":"Sirena para exterior de alta potencia, 128 db(c), 500hz"},"content":{"rendered":"<div style='width: 100%; max-width: 1200px; margin: 0 auto; font-family: sans-serif; line-height: 1.6; color: inherit; background-color: transparent;'> <!-- Secci\u00f3n de caracter\u00edsticas --> <\/p>\n<div style='display: flex; flex-wrap: wrap; gap: 30px; margin-bottom: 30px;'>\n<div style='flex: 1 1 300px; min-width: 280px;'>\n<h3 style='font-size: 22px; border-bottom: 2px solid currentColor; padding-bottom: 5px; margin-top: 0; color: inherit; opacity: 0.8;'>CARACTER\u00cdSTICAS<\/h3>\n<ul style='padding-left: 20px; font-size: 15px; color: inherit; list-style-type: disc;'>\n<li style='margin-bottom: 5px;'>La sirena 508-128 de Federal Signal es una sirena de advertencia para exteriores de 500 Hz&comma; giratoria&comma; unidireccional y de alta potencia que ofrece una intensidad de se\u00f1al certificada por c\u00e1mara anecoica de 128 dB(C).<\/li>\n<li style='margin-bottom: 5px;'>La salida de alto decibelio proporciona la m\u00e1xima cobertura con un costo de instalaci\u00f3n m\u00ednimo.<\/li>\n<li style='margin-bottom: 5px;'>La activaci\u00f3n por radio puede minimizar a\u00fan m\u00e1s los costos de instalaci\u00f3n al eliminar la necesidad de alquilar l\u00edneas de control dedicadas.<\/li>\n<li style='margin-bottom: 5px;'>La sirena gira a 3 RPM y puede producir tres se\u00f1ales de advertencia distintas: constante&comma; aullante y r\u00e1pido.<\/li>\n<li style='margin-bottom: 5px;'>La sirena 508-128 suministrar\u00e1 un m\u00ednimo de 15 minutos de potencia total desde sus bater\u00edas despu\u00e9s de una p\u00e9rdida de energ\u00eda de CA.<\/li>\n<li style='margin-bottom: 5px;'>Los controles de sirena est\u00e1n disponibles con funcionamiento con bater\u00eda&comma; funcionamiento con CA solar y funcionamiento con CA con respaldo de bater\u00eda&comma; control de radio unidireccional y bidireccional&comma; Ethernet cableado o inal\u00e1mbrico&comma; sat\u00e9lite\/celular o l\u00ednea fija.<\/li>\n<li style='margin-bottom: 5px;'>Aplicaciones ideales para estas sirenas de advertencia incluyen:<\/li>\n<\/ul>\n<ul style='padding-left: 30px; margin: 0 0 15px 20px; font-size: 15px; color: inherit; list-style-type: disc;'>\n<li style='margin-bottom: 5px;'>Condiciones clim\u00e1ticas peligrosas<\/li>\n<li style='margin-bottom: 5px;'>Incendios<\/li>\n<li style='margin-bottom: 5px;'>Inundaciones<\/li>\n<li style='margin-bottom: 5px;'>Derrames qu\u00edmicos<\/li>\n<\/ul>\n<p style='font-size: 15px; color: inherit; margin: 15px 0;'>La sirena 508128 es una excelente opci\u00f3n para proteger a cualquier comunidad.<\/p>\n<\/p><\/div>\n<\/p><\/div>\n<p> <!-- Secci\u00f3n de especificaciones --> <\/p>\n<div style='display: flex; flex-wrap: wrap; gap: 20px; margin-bottom: 30px;'>\n<div style='flex: 1 1 250px; border: 1px solid rgba(150&comma; 150&comma; 150&comma; 0.4); border-radius: 8px; overflow: hidden; display: flex; flex-direction: column;'>\n<div style='padding: 15px; border-bottom: 1px solid rgba(150&comma; 150&comma; 150&comma; 0.2); font-weight: bold; font-size: 18px; color: inherit;'>ESPECIFICACIONES<\/div>\n<div style='padding: 15px; color: inherit;'>\n<ul style='padding-left: 20px; margin: 0; font-size: 14px; list-style-type: disc;'>\n<li style='margin-bottom: 5px;'><strong>Alimentaci\u00f3n:<\/strong> Las sirenas pueden funcionar con 120 VCA&comma; 240 VCA&comma; con respaldo de bater\u00eda o con funcionamiento con bater\u00eda. Tambi\u00e9n se puede proporcionar energ\u00eda solar.<\/li>\n<li style='margin-bottom: 5px;'><strong>Cobertura:<\/strong> 70dB &#8211; 7&comma;300&#8242; Calculado\u00b2 \/ 60dB &#8211; 14&comma;700&#8242; Calculado\u00b2<\/li>\n<li style='margin-bottom: 5px;'><strong>Informaci\u00f3n de se\u00f1al:<\/strong><\/li>\n<li style='margin-bottom: 5px;'><strong>Velocidad de se\u00f1al\/barrido:<\/strong> Estable\/Continuo&comma; Lamento\/10 seg.&comma; Lamento r\u00e1pido\/3&comma;5 seg.<\/li>\n<li style='margin-bottom: 5px;'><strong>Rango de frecuencia:<\/strong> 500Hz&comma; 180-500Hz&comma; 300-500Hz<\/li>\n<li style='margin-bottom: 5px;'><strong>Tasa de barrido:<\/strong> N\/A&comma; 10 seg.&comma; 3&comma;5 seg.<\/li>\n<li style='margin-bottom: 5px;'><strong>Montajes en postes:<\/strong> Se pueden proporcionar postes de madera&comma; acero&comma; compuestos u hormig\u00f3n. Comun\u00edquese con Federal Signal para obtener m\u00e1s detalles.<\/li>\n<li style='margin-bottom: 5px;'><strong>Comunicaciones:<\/strong> Federal Signal puede proporcionar comunicaciones unidireccionales y bidireccionales. Radio&comma; IP&comma; l\u00ednea fija&comma; sat\u00e9lite y celular se pueden combinar para proporcionar una soluci\u00f3n de alerta s\u00f3lida.<\/li>\n<li style='margin-bottom: 5px;'><strong>Temperatura de funcionamiento:<\/strong> -30\u00b0 C a 60\u00b0 C<\/li>\n<li style='margin-bottom: 5px;'><strong>Dimensiones:<\/strong> Alto x Ancho x Profundidad: 1780&comma;5 mm x 1356&comma;4 mm x 1094&comma;7 mm<\/li>\n<li style='margin-bottom: 5px;'><strong>Peso de env\u00edo:<\/strong> 268 kg<\/li>\n<\/ul><\/div>\n<\/p><\/div>\n<\/p><\/div>\n<p> <!-- Separador --> <\/p>\n<hr style='border: 0; border-top: 1px solid rgba(150&comma; 150&comma; 150&comma; 0.3); margin: 30px 0;'> <\/div>\n","protected":false},"excerpt":{"rendered":"<p>Sirena para exterior de alta potencia, 128 db(c), 500hz<\/p>\n","protected":false},"featured_media":52228,"comment_status":"open","ping_status":"closed","template":"","meta":[],"product_brand":[],"product_cat":[1413],"product_tag":[1415,552,1414],"class_list":{"0":"post-52229","1":"product","2":"type-product","3":"status-publish","4":"has-post-thumbnail","6":"product_cat-bocinas-de-alerta-y-notificacion-masiva","7":"product_tag-bocinas-de-alerta-y-notificacion-masiva","8":"product_tag-federal-signal-industrial","9":"product_tag-luces-bocinas-para-la-industria-y-edificios","11":"first","12":"outofstock","13":"sale","14":"shipping-taxable","15":"purchasable","16":"product-type-simple"},"_links":{"self":[{"href":"https:\/\/soydeaqui.ddns.net\/pachuca\/index.php\/wp-json\/wp\/v2\/product\/52229","targetHints":{"allow":["GET"]}}],"collection":[{"href":"https:\/\/soydeaqui.ddns.net\/pachuca\/index.php\/wp-json\/wp\/v2\/product"}],"about":[{"href":"https:\/\/soydeaqui.ddns.net\/pachuca\/index.php\/wp-json\/wp\/v2\/types\/product"}],"replies":[{"embeddable":true,"href":"https:\/\/soydeaqui.ddns.net\/pachuca\/index.php\/wp-json\/wp\/v2\/comments?post=52229"}],"wp:featuredmedia":[{"embeddable":true,"href":"https:\/\/soydeaqui.ddns.net\/pachuca\/index.php\/wp-json\/wp\/v2\/media\/52228"}],"wp:attachment":[{"href":"https:\/\/soydeaqui.ddns.net\/pachuca\/index.php\/wp-json\/wp\/v2\/media?parent=52229"}],"wp:term":[{"taxonomy":"product_brand","embeddable":true,"href":"https:\/\/soydeaqui.ddns.net\/pachuca\/index.php\/wp-json\/wp\/v2\/product_brand?post=52229"},{"taxonomy":"product_cat","embeddable":true,"href":"https:\/\/soydeaqui.ddns.net\/pachuca\/index.php\/wp-json\/wp\/v2\/product_cat?post=52229"},{"taxonomy":"product_tag","embeddable":true,"href":"https:\/\/soydeaqui.ddns.net\/pachuca\/index.php\/wp-json\/wp\/v2\/product_tag?post=52229"}],"curies":[{"name":"wp","href":"https:\/\/api.w.org\/{rel}","templated":true}]}}