{"id":52227,"date":"2026-03-18T23:30:35","date_gmt":"2026-03-18T23:30:35","guid":{"rendered":"https:\/\/soydeaqui.ddns.net\/pachuca\/index.php\/producto\/altavoz-direccional-de-alta-potencia-dsa-de-6-bocinas\/"},"modified":"2026-03-18T23:30:36","modified_gmt":"2026-03-18T23:30:36","slug":"altavoz-direccional-de-alta-potencia-dsa-de-6-bocinas","status":"publish","type":"product","link":"https:\/\/soydeaqui.ddns.net\/pachuca\/index.php\/producto\/altavoz-direccional-de-alta-potencia-dsa-de-6-bocinas\/","title":{"rendered":"Altavoz direccional de alta potencia DSA de 6 bocinas"},"content":{"rendered":"<div style='width: 100%; max-width: 1200px; margin: 0 auto; font-family: sans-serif; line-height: 1.6; color: inherit; background-color: transparent;'> <!-- Secci\u00f3n de caracter\u00edsticas --> <\/p>\n<div style='margin-bottom: 30px;'>\n<h3 style='font-size: 22px; border-bottom: 2px solid currentColor; padding-bottom: 5px; margin-top: 0; color: inherit; opacity: 0.8; text-align: center;'>CARACTERISTICAS<\/h3>\n<div style='margin-top: 20px;'>\n<p style='color: inherit; margin-bottom: 15px;'>El conjunto de altavoces direccionales modelo DSA de Federal Signal proporciona una excelente reproducci\u00f3n de voz y tono y es ideal para superar altos niveles de ruido industrial.<\/p>\n<p style='color: inherit; margin-bottom: 15px;'>La flexibilidad del dise\u00f1o permite al usuario combinar hasta cuatro conjuntos de altavoces; cada conjunto tendr\u00e1 capacidad para entre dos y seis altavoces reentrantes. Los parlantes tienen un \u00e1ngulo de dispersi\u00f3n horizontal de 70\u00b0&comma; lo que se adapta a patrones de salida de sonido espec\u00edficos. (Cuando las pilas verticales se colocan a 90\u00b0 de distancia&comma; es posible una cobertura horizontal de 180\u00b0).<\/p>\n<p style='color: inherit; margin-bottom: 15px;'>Los kits de montaje modelo DSA permiten montar m\u00faltiples conjuntos de altavoces en el mismo poste en incrementos de 90\u00b0. La inclinaci\u00f3n hacia abajo se puede ajustar en 15\u00b0. La flexibilidad de montaje de este sistema permite que los altavoces apunten directamente a un \u00e1rea espec\u00edfica para obtener una salida de sonido m\u00e1s concentrada.<\/p>\n<p style='color: inherit; margin-bottom: 15px;'>Un DSA consta de un marco de aluminio resistente a la corrosi\u00f3n con proyectores de fibra de vidrio y accesorios de montaje de acero inoxidable. Cada altavoz contiene un controlador de 100 Watts de alta eficiencia. Los altavoces DSA est\u00e1n equipados con un cable blindado de PVC con clasificaci\u00f3n UL de 15 m. Los altavoces DSAX-1 est\u00e1n equipados con 30.5 m de cable blindado de PVC con clasificaci\u00f3n UL.<\/p>\n<p style='color: inherit; margin-bottom: 15px;'>La amplificaci\u00f3n&comma; la generaci\u00f3n de tonos y la sincronizaci\u00f3n de la se\u00f1al son proporcionadas por el controlador modelo UV&comma; que se compra por separado.<\/p>\n<p style='color: inherit; margin-bottom: 15px;'>Ideal para advertencias de plantas industriales al aire libre&comma; el conjunto de altavoces modelo DSA permite personalizar la cobertura de sonido para cada sitio&comma; evitando el desperdicio de sonido dentro y alrededor de la planta. El modelo DSA proporciona una mejor inteligibilidad del habla dentro de una zona de cobertura que los conjuntos de altavoces omnidireccionales.<\/p>\n<\/p><\/div>\n<\/p><\/div>\n<p> <!-- Separador --> <\/p>\n<hr style='border: 0; border-top: 1px solid rgba(150&comma; 150&comma; 150&comma; 0.3); margin: 30px 0;'> <!-- Secci\u00f3n de especificaciones --> <\/p>\n<div style='margin-bottom: 30px;'>\n<h3 style='font-size: 22px; border-bottom: 2px solid currentColor; padding-bottom: 5px; margin-top: 0; color: inherit; opacity: 0.8; text-align: center;'>ESPECIFICACIONES<\/h3>\n<p> <!-- Imagen --> <\/p>\n<div style='margin: 20px 0;'> <img style='width: 100%; height: auto; border: 1px solid rgba(150&comma;150&comma;150&comma;0.3); border-radius: 8px;' src='https:\/\/www.fedsig.com\/sites\/default\/files\/news\/DSA%20Specs.jpg' alt='DSA Specs'> <\/div>\n<p> <!-- Tabla de especificaciones --> <\/p>\n<div style='display: flex; flex-wrap: wrap; gap: 20px; margin-top: 20px;'>\n<div style='flex: 1 1 300px; min-width: 250px; border: 1px solid rgba(150&comma; 150&comma; 150&comma; 0.4); border-radius: 8px; overflow: hidden; display: flex; flex-direction: column;'>\n<div style='padding: 15px; border-bottom: 1px solid rgba(150&comma; 150&comma; 150&comma; 0.2); font-weight: bold; font-size: 18px; color: inherit; background-color: rgba(150&comma; 150&comma; 150&comma; 0.1);'>Caracter\u00edsticas F\u00edsicas<\/div>\n<div style='padding: 15px; color: inherit;'>\n<ul style='padding-left: 20px; margin: 0; font-size: 14px; list-style-type: disc;'>\n<li style='margin-bottom: 5px;'><strong>Color:<\/strong> Proyectores negros con carcasa blanquecina<\/li>\n<li style='margin-bottom: 5px;'><strong>Pintar:<\/strong> TGIC \u2013 Recubrimiento en polvo de poli\u00e9ster&comma; altamente resistente a la corrosi\u00f3n<\/li>\n<\/ul><\/div>\n<\/p><\/div>\n<div style='flex: 1 1 300px; min-width: 250px; border: 1px solid rgba(150&comma; 150&comma; 150&comma; 0.4); border-radius: 8px; overflow: hidden; display: flex; flex-direction: column;'>\n<div style='padding: 15px; border-bottom: 1px solid rgba(150&comma; 150&comma; 150&comma; 0.2); font-weight: bold; font-size: 18px; color: inherit; background-color: rgba(150&comma; 150&comma; 150&comma; 0.1);'>Especificaciones T\u00e9cnicas<\/div>\n<div style='padding: 15px; color: inherit;'>\n<ul style='padding-left: 20px; margin: 0; font-size: 14px; list-style-type: disc;'>\n<li style='margin-bottom: 5px;'><strong>Respuesta frecuente:<\/strong> 200-2000Hz<\/li>\n<\/ul><\/div>\n<\/p><\/div>\n<\/p><\/div>\n<\/p><\/div>\n<\/p><\/div>\n","protected":false},"excerpt":{"rendered":"<p>Altavoz direccional de alta potencia DSA de 6 bocinas<\/p>\n","protected":false},"featured_media":52226,"comment_status":"open","ping_status":"closed","template":"","meta":[],"product_brand":[],"product_cat":[1413],"product_tag":[1415,552,1414],"class_list":{"0":"post-52227","1":"product","2":"type-product","3":"status-publish","4":"has-post-thumbnail","6":"product_cat-bocinas-de-alerta-y-notificacion-masiva","7":"product_tag-bocinas-de-alerta-y-notificacion-masiva","8":"product_tag-federal-signal-industrial","9":"product_tag-luces-bocinas-para-la-industria-y-edificios","11":"first","12":"outofstock","13":"sale","14":"shipping-taxable","15":"purchasable","16":"product-type-simple"},"_links":{"self":[{"href":"https:\/\/soydeaqui.ddns.net\/pachuca\/index.php\/wp-json\/wp\/v2\/product\/52227","targetHints":{"allow":["GET"]}}],"collection":[{"href":"https:\/\/soydeaqui.ddns.net\/pachuca\/index.php\/wp-json\/wp\/v2\/product"}],"about":[{"href":"https:\/\/soydeaqui.ddns.net\/pachuca\/index.php\/wp-json\/wp\/v2\/types\/product"}],"replies":[{"embeddable":true,"href":"https:\/\/soydeaqui.ddns.net\/pachuca\/index.php\/wp-json\/wp\/v2\/comments?post=52227"}],"wp:featuredmedia":[{"embeddable":true,"href":"https:\/\/soydeaqui.ddns.net\/pachuca\/index.php\/wp-json\/wp\/v2\/media\/52226"}],"wp:attachment":[{"href":"https:\/\/soydeaqui.ddns.net\/pachuca\/index.php\/wp-json\/wp\/v2\/media?parent=52227"}],"wp:term":[{"taxonomy":"product_brand","embeddable":true,"href":"https:\/\/soydeaqui.ddns.net\/pachuca\/index.php\/wp-json\/wp\/v2\/product_brand?post=52227"},{"taxonomy":"product_cat","embeddable":true,"href":"https:\/\/soydeaqui.ddns.net\/pachuca\/index.php\/wp-json\/wp\/v2\/product_cat?post=52227"},{"taxonomy":"product_tag","embeddable":true,"href":"https:\/\/soydeaqui.ddns.net\/pachuca\/index.php\/wp-json\/wp\/v2\/product_tag?post=52227"}],"curies":[{"name":"wp","href":"https:\/\/api.w.org\/{rel}","templated":true}]}}