{"id":52221,"date":"2026-03-18T23:30:24","date_gmt":"2026-03-18T23:30:24","guid":{"rendered":"https:\/\/soydeaqui.ddns.net\/pachuca\/index.php\/producto\/montaje-de-pared-para-ubicaciones-peligrosas-ul-y-cul\/"},"modified":"2026-03-18T23:30:25","modified_gmt":"2026-03-18T23:30:25","slug":"montaje-de-pared-para-ubicaciones-peligrosas-ul-y-cul","status":"publish","type":"product","link":"https:\/\/soydeaqui.ddns.net\/pachuca\/index.php\/producto\/montaje-de-pared-para-ubicaciones-peligrosas-ul-y-cul\/","title":{"rendered":"Montaje de pared, para ubicaciones peligrosas, UL y cUL"},"content":{"rendered":"<div style='width: 100%; max-width: 1200px; margin: 0 auto; font-family: sans-serif; line-height: 1.6; color: inherit; background-color: transparent;'>\n<div style='display: flex; flex-wrap: wrap; gap: 30px; margin-bottom: 30px;'>\n<div style='flex: 1 1 300px; min-width: 280px;'>\n<h3 style='font-size: 22px; border-bottom: 2px solid currentColor; padding-bottom: 5px; margin-top: 0; color: inherit; opacity: 0.8;'>Descripci\u00f3n<\/h3>\n<p style='text-align: justify; margin-bottom: 15px;'>El soporte de montaje en pared para lugares peligrosos modelo LHWB est\u00e1 dise\u00f1ado espec\u00edficamente para usarse con las luces de advertencia estacionarias de Federal Signal para proporcionar un medio f\u00e1cil y consistente de montar luces de forma segura en toda una instalaci\u00f3n. El soporte cuenta con una conexi\u00f3n de tuber\u00eda macho NPT de 3\/4 de pulgada. Hay casquillos opcionales disponibles para montaje de accesorios de 1\/2 pulgada y 1 pulgada.<\/p>\n<p style='text-align: justify; margin-bottom: 15px;'>El modelo LHWB est\u00e1 construido con aluminio fundido duradero y sellado con una pintura en polvo negra duradera. Estas unidades se pueden cablear a trav\u00e9s de las aberturas para conductos de 1\/2 pulgada o 3\/4 de pulgada ubicadas en la caja posterior resistente a la intemperie. Cada kit incluye un soporte&comma; una caja posterior resistente a la intemperie y un kit de hardware. La f\u00e1cil instalaci\u00f3n&comma; la construcci\u00f3n resistente y la apariencia profesional hacen que este soporte sea adecuado para su uso en entornos comerciales&comma; industriales y peligrosos.<\/p>\n<p style='text-align: justify; margin-bottom: 15px;'>El kit de montaje LHWB es compatible con los siguientes modelos de Federal Signal: 151XST&comma; 154XST&comma; 154XSTHI&comma; 191XL&comma; 224XST&comma; 224XSTHI&comma; 225X&comma; 225XL&comma; 225XST&comma; 225XST-I&comma; 371DST&comma; 371LEDX&comma; FB2LEDX.<\/p>\n<\/p><\/div>\n<\/p><\/div>\n<div style='display: flex; flex-wrap: wrap; gap: 20px; margin-bottom: 30px;'>\n<div style='flex: 1 1 250px; border: 1px solid rgba(150&comma; 150&comma; 150&comma; 0.4); border-radius: 8px; overflow: hidden; display: flex; flex-direction: column;'>\n<div style='padding: 15px; border-bottom: 1px solid rgba(150&comma; 150&comma; 150&comma; 0.2); font-weight: bold; font-size: 18px; color: inherit;'>Caracter\u00edsticas<\/div>\n<div style='padding: 15px; color: inherit;'>\n<ul style='padding-left: 20px; margin: 0; font-size: 14px; list-style-type: disc;'>\n<li style='margin-bottom: 5px;'>Para aplicaciones de montaje de pared<\/li>\n<li style='margin-bottom: 5px;'>Construcci\u00f3n resistente<\/li>\n<li style='margin-bottom: 5px;'>F\u00e1cil instalaci\u00f3n<\/li>\n<li style='margin-bottom: 5px;'>Reemplaza soportes improvisados&comma; peligrosos y antiest\u00e9ticos<\/li>\n<li style='margin-bottom: 5px;'>Proporciona montaje en tuber\u00eda est\u00e1ndar NPT 3\/4&#8242;<\/li>\n<li style='margin-bottom: 5px;'>Gabinete IP66 Tipo 4X<\/li>\n<li style='margin-bottom: 5px;'>Listado por UL y cUL para Clase I&comma; Divisi\u00f3n 2&comma; Grupos A&comma; B&comma; C y D; Clase II Divisi\u00f3n 2&comma; Grupos F y G; Clase II<\/li>\n<\/ul><\/div>\n<\/p><\/div>\n<div style='flex: 1 1 250px; border: 1px solid rgba(150&comma; 150&comma; 150&comma; 0.4); border-radius: 8px; overflow: hidden; display: flex; flex-direction: column;'>\n<div style='padding: 15px; border-bottom: 1px solid rgba(150&comma; 150&comma; 150&comma; 0.2); font-weight: bold; font-size: 18px; color: inherit;'>Especificaciones<\/div>\n<div style='padding: 15px; color: inherit;'>\n<ul style='padding-left: 20px; margin: 0; font-size: 14px; list-style-type: disc;'>\n<li style='margin-bottom: 5px;'><strong>Alto:<\/strong> 172.2 mm<\/li>\n<li style='margin-bottom: 5px;'><strong>Ancho:<\/strong> 143.3 mm<\/li>\n<li style='margin-bottom: 5px;'><strong>Profundidad:<\/strong> 171.7 mm<\/li>\n<li style='margin-bottom: 5px;'><strong>Temperatura de operaci\u00f3n:<\/strong> -50\u00b0C a 66\u00b0C<\/li>\n<li style='margin-bottom: 5px;'><strong>Peso de env\u00edo:<\/strong> 1.04 Kg<\/li>\n<\/ul><\/div>\n<\/p><\/div>\n<\/p><\/div>\n<hr style='border: 0; border-top: 1px solid rgba(150&comma; 150&comma; 150&comma; 0.3); margin: 30px 0;'> <\/div>\n","protected":false},"excerpt":{"rendered":"<p>Montaje de pared, para ubicaciones peligrosas, UL y cUL<\/p>\n","protected":false},"featured_media":52220,"comment_status":"open","ping_status":"closed","template":"","meta":[],"product_brand":[],"product_cat":[1425],"product_tag":[1397,552,1371],"class_list":{"0":"post-52221","1":"product","2":"type-product","3":"status-publish","4":"has-post-thumbnail","6":"product_cat-accesorios-refacciones-luces-auxiliares-vehiculares","7":"product_tag-accesorios-refacciones-2","8":"product_tag-federal-signal-industrial","9":"product_tag-luces-auxiliares-vehiculares","11":"first","12":"outofstock","13":"sale","14":"shipping-taxable","15":"purchasable","16":"product-type-simple"},"_links":{"self":[{"href":"https:\/\/soydeaqui.ddns.net\/pachuca\/index.php\/wp-json\/wp\/v2\/product\/52221","targetHints":{"allow":["GET"]}}],"collection":[{"href":"https:\/\/soydeaqui.ddns.net\/pachuca\/index.php\/wp-json\/wp\/v2\/product"}],"about":[{"href":"https:\/\/soydeaqui.ddns.net\/pachuca\/index.php\/wp-json\/wp\/v2\/types\/product"}],"replies":[{"embeddable":true,"href":"https:\/\/soydeaqui.ddns.net\/pachuca\/index.php\/wp-json\/wp\/v2\/comments?post=52221"}],"wp:featuredmedia":[{"embeddable":true,"href":"https:\/\/soydeaqui.ddns.net\/pachuca\/index.php\/wp-json\/wp\/v2\/media\/52220"}],"wp:attachment":[{"href":"https:\/\/soydeaqui.ddns.net\/pachuca\/index.php\/wp-json\/wp\/v2\/media?parent=52221"}],"wp:term":[{"taxonomy":"product_brand","embeddable":true,"href":"https:\/\/soydeaqui.ddns.net\/pachuca\/index.php\/wp-json\/wp\/v2\/product_brand?post=52221"},{"taxonomy":"product_cat","embeddable":true,"href":"https:\/\/soydeaqui.ddns.net\/pachuca\/index.php\/wp-json\/wp\/v2\/product_cat?post=52221"},{"taxonomy":"product_tag","embeddable":true,"href":"https:\/\/soydeaqui.ddns.net\/pachuca\/index.php\/wp-json\/wp\/v2\/product_tag?post=52221"}],"curies":[{"name":"wp","href":"https:\/\/api.w.org\/{rel}","templated":true}]}}