{"id":52219,"date":"2026-03-18T23:30:22","date_gmt":"2026-03-18T23:30:22","guid":{"rendered":"https:\/\/soydeaqui.ddns.net\/pachuca\/index.php\/producto\/kit-conector-de-bloque-de-terminales-para-soportes-wb-o-lhwb\/"},"modified":"2026-03-18T23:30:23","modified_gmt":"2026-03-18T23:30:23","slug":"kit-conector-de-bloque-de-terminales-para-soportes-wb-o-lhwb","status":"publish","type":"product","link":"https:\/\/soydeaqui.ddns.net\/pachuca\/index.php\/producto\/kit-conector-de-bloque-de-terminales-para-soportes-wb-o-lhwb\/","title":{"rendered":"Kit, conector de bloque de terminales, para soportes  WB o LHWB"},"content":{"rendered":"<div style='width: 100%; max-width: 1200px; margin: 0 auto; font-family: sans-serif; line-height: 1.6; color: inherit; background-color: transparent;'> <!-- Secci\u00f3n de caracter\u00edsticas principales --> <\/p>\n<div style='display: flex; flex-wrap: wrap; gap: 30px; margin-bottom: 30px;'>\n<div style='flex: 1 1 300px; min-width: 280px;'>\n<h3 style='font-size: 22px; border-bottom: 2px solid currentColor; padding-bottom: 5px; margin-top: 0; color: inherit; opacity: 0.8;'>Caracter\u00edsticas principales<\/h3>\n<ul style='padding-left: 20px; font-size: 15px; color: inherit;'>\n<li style='margin-bottom: 5px;'>Kit conector de bloque de terminales completo<\/li>\n<li style='margin-bottom: 5px;'>Compatibilidad con soportes WB y LHWB<\/li>\n<li style='margin-bottom: 5px;'>Incluye torniller\u00eda para f\u00e1cil instalaci\u00f3n<\/li>\n<li style='margin-bottom: 5px;'>Dise\u00f1o industrial de alta calidad<\/li>\n<li style='margin-bottom: 5px;'>Accesorio ideal para se\u00f1alizaci\u00f3n federal<\/li>\n<\/ul><\/div>\n<\/p><\/div>\n<p> <!-- Secci\u00f3n de especificaciones t\u00e9cnicas --> <\/p>\n<div style='display: flex; flex-wrap: wrap; gap: 20px; margin-bottom: 30px;'>\n<div style='flex: 1 1 250px; border: 1px solid rgba(150&comma; 150&comma; 150&comma; 0.4); border-radius: 8px; overflow: hidden; display: flex; flex-direction: column;'>\n<div style='padding: 15px; border-bottom: 1px solid rgba(150&comma; 150&comma; 150&comma; 0.2); font-weight: bold; font-size: 18px; color: inherit;'>Especificaciones t\u00e9cnicas<\/div>\n<div style='padding: 15px; color: inherit;'>\n<ul style='padding-left: 20px; margin: 0; font-size: 14px; list-style-type: disc;'>\n<li style='margin-bottom: 5px;'><strong>Construcci\u00f3n:<\/strong> Aluminio fundido con recubrimiento en polvo negro<\/li>\n<li style='margin-bottom: 5px;'><strong>Conexi\u00f3n:<\/strong> Tuber\u00eda macho NPT de 3\/4 pulgadas<\/li>\n<li style='margin-bottom: 5px;'><strong>Temperatura operaci\u00f3n:<\/strong> -58\u00b0F a 150\u00b0F (-50\u00b0C a 66\u00b0C)<\/li>\n<li style='margin-bottom: 5px;'><strong>Peso neto:<\/strong> 2.0 lbs (0.91 kg)<\/li>\n<li style='margin-bottom: 5px;'><strong>Dimensiones:<\/strong> Alto 6.78&#8242; (172.2 mm)&comma; Ancho 5.64&#8242; (143.3 mm)&comma; Profundidad 6.76&#8242; (171.7 mm)<\/li>\n<li style='margin-bottom: 5px;'><strong>Grado de protecci\u00f3n:<\/strong> Tipo 4X&comma; IP66<\/li>\n<\/ul><\/div>\n<\/p><\/div>\n<p> <!-- Secci\u00f3n de compatibilidad --> <\/p>\n<div style='flex: 1 1 250px; border: 1px solid rgba(150&comma; 150&comma; 150&comma; 0.4); border-radius: 8px; overflow: hidden; display: flex; flex-direction: column;'>\n<div style='padding: 15px; border-bottom: 1px solid rgba(150&comma; 150&comma; 150&comma; 0.2); font-weight: bold; font-size: 18px; color: inherit;'>Compatibilidad<\/div>\n<div style='padding: 15px; color: inherit;'>\n<ul style='padding-left: 20px; margin: 0; font-size: 14px; list-style-type: disc;'>\n<li style='margin-bottom: 5px;'><strong>Soportes compatibles:<\/strong> WB y LHWB<\/li>\n<li style='margin-bottom: 5px;'><strong>Modelos compatibles:<\/strong> 151XST&comma; 154XST&comma; 154XSTHI&comma; 191XL&comma; 224XST&comma; 224XSTHI&comma; 225X&comma; 225XL&comma; 225XST&comma; 225XST-I&comma; 371DST&comma; 371LEDX&comma; FB2LEDX<\/li>\n<\/ul><\/div>\n<\/p><\/div>\n<p> <!-- Secci\u00f3n de certificaciones --> <\/p>\n<div style='flex: 1 1 250px; border: 1px solid rgba(150&comma; 150&comma; 150&comma; 0.4); border-radius: 8px; overflow: hidden; display: flex; flex-direction: column;'>\n<div style='padding: 15px; border-bottom: 1px solid rgba(150&comma; 150&comma; 150&comma; 0.2); font-weight: bold; font-size: 18px; color: inherit;'>Certificaciones<\/div>\n<div style='padding: 15px; color: inherit;'>\n<ul style='padding-left: 20px; margin: 0; font-size: 14px; list-style-type: disc;'>\n<li style='margin-bottom: 5px;'>UL y cUL listado para:<\/li>\n<ul style='margin: 5px 0 5px 25px; padding: 0; font-size: 14px; list-style-type: circle;'>\n<li style='margin-bottom: 5px;'>Clase I&comma; Divisi\u00f3n 2&comma; Grupos A&comma; B&comma; C y D<\/li>\n<li style='margin-bottom: 5px;'>Clase II&comma; Divisi\u00f3n 2&comma; Grupos F y G<\/li>\n<li style='margin-bottom: 5px;'>Clase III<\/li>\n<\/ul>\n<\/ul><\/div>\n<\/p><\/div>\n<\/p><\/div>\n<p> <!-- Secci\u00f3n de contenido adicional --> <\/p>\n<div style='display: flex; flex-wrap: wrap; gap: 30px; margin-bottom: 30px;'>\n<div style='flex: 1 1 300px; min-width: 280px;'>\n<h3 style='font-size: 22px; border-bottom: 2px solid currentColor; padding-bottom: 5px; margin-top: 0; color: inherit; opacity: 0.8;'>Aplicaciones<\/h3>\n<ul style='padding-left: 20px; font-size: 14px; color: inherit;'>\n<li style='margin-bottom: 5px;'>Montaje en pared<\/li>\n<li style='margin-bottom: 5px;'>Uso en interiores y exteriores<\/li>\n<li style='margin-bottom: 5px;'>Ideal para entornos industriales&comma; comerciales y peligrosos<\/li>\n<li style='margin-bottom: 5px;'>Reemplaza soportes improvisados antiest\u00e9ticos y peligrosos<\/li>\n<\/ul><\/div>\n<div style='flex: 1 1 300px; min-width: 280px;'>\n<h3 style='font-size: 22px; border-bottom: 2px solid currentColor; padding-bottom: 5px; margin-top: 0; color: inherit; opacity: 0.8;'>Contenido del kit<\/h3>\n<ul style='padding-left: 20px; font-size: 14px; color: inherit;'>\n<li style='margin-bottom: 5px;'>Kit de torniller\u00eda<\/li>\n<li style='margin-bottom: 5px;'>Soporte<\/li>\n<li style='margin-bottom: 5px;'>Caja posterior a prueba de clima<\/li>\n<li style='margin-bottom: 5px;'>Brida de acero 3\/4&#8242; x 1\/2&#8242;<\/li>\n<li style='margin-bottom: 5px;'>Brida de acero 1&#8242; x 3\/4&#8242;<\/li>\n<li style='margin-bottom: 5px;'>Collar de tornillo de nailon<\/li>\n<li style='margin-bottom: 5px;'>Tubo r\u00edgido NPT 1\/2&#8242; de 3&#8242; de largo<\/li>\n<\/ul><\/div>\n<\/p><\/div>\n<p> <!-- Separador --> <\/p>\n<hr style='border: 0; border-top: 1px solid rgba(150&comma; 150&comma; 150&comma; 0.3); margin: 30px 0;'> <\/div>\n","protected":false},"excerpt":{"rendered":"<p>Kit, conector de bloque de terminales, para soportes  WB o LHWB<\/p>\n","protected":false},"featured_media":52218,"comment_status":"open","ping_status":"closed","template":"","meta":[],"product_brand":[],"product_cat":[1416],"product_tag":[552,1414,1417],"class_list":{"0":"post-52219","1":"product","2":"type-product","3":"status-publish","4":"has-post-thumbnail","6":"product_cat-luces-para-la-industria-y-edificios","7":"product_tag-federal-signal-industrial","8":"product_tag-luces-bocinas-para-la-industria-y-edificios","9":"product_tag-luces-para-la-industria-y-edificios","11":"first","12":"instock","13":"sale","14":"shipping-taxable","15":"purchasable","16":"product-type-simple"},"_links":{"self":[{"href":"https:\/\/soydeaqui.ddns.net\/pachuca\/index.php\/wp-json\/wp\/v2\/product\/52219","targetHints":{"allow":["GET"]}}],"collection":[{"href":"https:\/\/soydeaqui.ddns.net\/pachuca\/index.php\/wp-json\/wp\/v2\/product"}],"about":[{"href":"https:\/\/soydeaqui.ddns.net\/pachuca\/index.php\/wp-json\/wp\/v2\/types\/product"}],"replies":[{"embeddable":true,"href":"https:\/\/soydeaqui.ddns.net\/pachuca\/index.php\/wp-json\/wp\/v2\/comments?post=52219"}],"wp:featuredmedia":[{"embeddable":true,"href":"https:\/\/soydeaqui.ddns.net\/pachuca\/index.php\/wp-json\/wp\/v2\/media\/52218"}],"wp:attachment":[{"href":"https:\/\/soydeaqui.ddns.net\/pachuca\/index.php\/wp-json\/wp\/v2\/media?parent=52219"}],"wp:term":[{"taxonomy":"product_brand","embeddable":true,"href":"https:\/\/soydeaqui.ddns.net\/pachuca\/index.php\/wp-json\/wp\/v2\/product_brand?post=52219"},{"taxonomy":"product_cat","embeddable":true,"href":"https:\/\/soydeaqui.ddns.net\/pachuca\/index.php\/wp-json\/wp\/v2\/product_cat?post=52219"},{"taxonomy":"product_tag","embeddable":true,"href":"https:\/\/soydeaqui.ddns.net\/pachuca\/index.php\/wp-json\/wp\/v2\/product_tag?post=52219"}],"curies":[{"name":"wp","href":"https:\/\/api.w.org\/{rel}","templated":true}]}}