{"id":52199,"date":"2026-03-18T23:29:52","date_gmt":"2026-03-18T23:29:52","guid":{"rendered":"https:\/\/soydeaqui.ddns.net\/pachuca\/index.php\/producto\/controlador-de-sirena-fc\/"},"modified":"2026-03-18T23:29:53","modified_gmt":"2026-03-18T23:29:53","slug":"controlador-de-sirena-fc","status":"publish","type":"product","link":"https:\/\/soydeaqui.ddns.net\/pachuca\/index.php\/producto\/controlador-de-sirena-fc\/","title":{"rendered":"Controlador de sirena FC"},"content":{"rendered":"<div style='width: 100%; max-width: 1200px; margin: 0 auto; font-family: sans-serif; line-height: 1.6; color: inherit; background-color: transparent;'> <!-- Secci\u00f3n de caracter\u00edsticas --> <\/p>\n<div style='display: flex; flex-wrap: wrap; gap: 30px; margin-bottom: 30px;'>\n<div style='flex: 1 1 300px; min-width: 280px;'>\n<h3 style='font-size: 22px; border-bottom: 2px solid currentColor; padding-bottom: 5px; margin-top: 0; color: inherit; opacity: 0.8;'>CARACTER\u00cdSTICAS<\/h3>\n<ul style='padding-left: 20px; font-size: 15px; color: inherit;'>\n<li style='margin-bottom: 5px;'>El Controlador FC es un punto de activaci\u00f3n por control remoto para el control de equipos (como sirenas electromec\u00e1nicas) con salidas de rel\u00e9.<\/li>\n<li style='margin-bottom: 5px;'>Ideal para aplicaciones de control de sirenas y procesos controlados mediante contactos de rel\u00e9.<\/li>\n<li style='margin-bottom: 5px;'>El controlador FC est\u00e1 equipado con una placa de controlador FCX que puede recibir alimentaci\u00f3n de 12 VCC&comma; 48 VCC&comma; 120 VCA o 220 VCA.<\/li>\n<li style='margin-bottom: 5px;'>La placa controladora FCX est\u00e1 equipada con 4 rel\u00e9s para controlar dispositivos como sirenas&comma; controles de puertas basculantes&comma; luces&comma; balizas&comma; sirenas o equipos ferroviarios.<\/li>\n<li style='margin-bottom: 5px;'>La placa del controlador FCX tiene 4 entradas para usar con interruptores externos o cierres de contacto&comma; y se puede programar para activar los rel\u00e9s integrados y\/o el audio de la placa de control FCM Plus.<\/li>\n<li style='margin-bottom: 5px;'>La placa del controlador FCX tiene tonos de sirena incorporados que interact\u00faan con sistemas de megafon\u00eda o de intercomunicaci\u00f3n.<\/li>\n<li style='margin-bottom: 5px;'>El audio se puede activar a trav\u00e9s de entradas f\u00edsicas o los botones integrados en la placa del controlador FCX.<\/li>\n<li style='margin-bottom: 5px;'>El FC es un gabinete met\u00e1lico compacto NEMA 4 equipado con un mecanismo de pestillo y bloqueo; bloqueo extra\u00edble no incluido.<\/li>\n<li style='margin-bottom: 5px;'>El gabinete tiene un perno de conexi\u00f3n a tierra y tres orificios pretaladrados para facilitar su uso&comma; y est\u00e1 equipado con un tap\u00f3n para el orificio de RF superior y un pararrayos contra sobretensiones de CA.<\/li>\n<li style='margin-bottom: 5px;'>Los modelos de radios disponibles son FCH (banda alta) y FCU (UHF) que incluyen un receptor de radio sintetizado.<\/li>\n<li style='margin-bottom: 5px;'>Tambi\u00e9n est\u00e1 disponible FSPWARE&comma; un paquete de software que permite la conexi\u00f3n de una computadora para modificar la sincronizaci\u00f3n suministrada o crear patrones \u00fanicos de encendido\/apagado para el control de equipos externos.<\/li>\n<li style='margin-bottom: 5px;'>Las opciones de programaci\u00f3n a trav\u00e9s de FSPWARE incluyen frecuencia del receptor de radio&comma; tonos secuenciales de dos tonos\/d\u00edgitos de decodificaci\u00f3n DTMF para seguridad&comma; tonos de se\u00f1ales audibles personalizados y control independiente de rel\u00e9s de salida y patrones de temporizaci\u00f3n para sirenas electromec\u00e1nicas.<\/li>\n<li style='margin-bottom: 5px;'>Se pueden programar y activar hasta seis c\u00f3digos de control mediante cualquier combinaci\u00f3n de secuencial de dos tonos&comma; DTMF&comma; EAS&comma; POCSAG o AFSK digital.<\/li>\n<li style='margin-bottom: 5px;'>Cuatro de las secuencias de sincronizaci\u00f3n se pueden iniciar usando botones locales o de forma remota a trav\u00e9s de cierres de contacto seco.<\/li>\n<li style='margin-bottom: 5px;'>El controlador federal es una opci\u00f3n ideal para controlar las series de sirenas Eclipse8 y Modelo 2&comma; la activaci\u00f3n por radio de sistemas de megafon\u00eda interiores&comma; luces de advertencia o diversos equipos de advertencia&comma; y aplicaciones de alerta de estaciones de bomberos.<\/li>\n<\/ul><\/div>\n<\/p><\/div>\n<p> <!-- Secci\u00f3n de especificaciones --> <\/p>\n<div style='display: flex; flex-wrap: wrap; gap: 20px; margin-bottom: 30px;'>\n<div style='flex: 1 1 250px; border: 1px solid rgba(150&comma; 150&comma; 150&comma; 0.4); border-radius: 8px; overflow: hidden; display: flex; flex-direction: column;'>\n<div style='padding: 15px; border-bottom: 1px solid rgba(150&comma; 150&comma; 150&comma; 0.2); font-weight: bold; font-size: 18px; color: inherit;'>ESPECIFICACIONES<\/div>\n<div style='padding: 15px; color: inherit;'>\n<ul style='padding-left: 20px; margin: 0; font-size: 14px; list-style-type: disc;'>\n<li style='margin-bottom: 5px;'><strong>Voltaje de entrada de CA:<\/strong> 120 o 240 VCA +\/- 10 %&comma; 60 Hz<\/li>\n<li style='margin-bottom: 5px;'><strong>Voltaje de entrada CC:<\/strong> 15-75 VCC&comma; 400 mA m\u00e1x. a 48 VCC o<\/li>\n<li style='margin-bottom: 5px;'><strong>4 Rel\u00e9s&comma; clasificaci\u00f3n de contactos:<\/strong> 5A a 120\/240 VCA<\/li>\n<li style='margin-bottom: 5px;'><strong>4 Rel\u00e9s&comma; clasificaci\u00f3n de contactos (continuaci\u00f3n):<\/strong> 8A a 24 VCC<\/li>\n<li style='margin-bottom: 5px;'><strong>N\u00famero de entradas de activaci\u00f3n remota:<\/strong> 4<\/li>\n<li style='margin-bottom: 5px;'><strong>Salida de audio:<\/strong> 0-2 V pico a pico&comma; carga m\u00e1xima 8 ohmios<\/li>\n<li style='margin-bottom: 5px;'><strong>Temperatura:<\/strong> -30\u00b0C a 65\u00b0C<\/li>\n<li style='margin-bottom: 5px;'><strong>Humedad:<\/strong> 0-98% sin condensaci\u00f3n<\/li>\n<li style='margin-bottom: 5px;'><strong>Dimensiones x ancho x profundidad:<\/strong> 343 mm x 254 mm x 153 mm<\/li>\n<li style='margin-bottom: 5px;'><strong>Peso neto:<\/strong> 5&comma;4 kg<\/li>\n<li style='margin-bottom: 5px;'><strong>Peso de env\u00edo:<\/strong> 5&comma;9 kg<\/li>\n<\/ul><\/div>\n<\/p><\/div>\n<\/p><\/div>\n<p> <!-- Separador --> <\/p>\n<hr style='border: 0; border-top: 1px solid rgba(150&comma; 150&comma; 150&comma; 0.3); margin: 30px 0;'> <\/div>\n","protected":false},"excerpt":{"rendered":"<p>Controlador de sirena FC<\/p>\n","protected":false},"featured_media":52198,"comment_status":"open","ping_status":"closed","template":"","meta":[],"product_brand":[],"product_cat":[1392],"product_tag":[552,1394,1393],"class_list":{"0":"post-52199","1":"product","2":"type-product","3":"status-publish","4":"has-post-thumbnail","6":"product_cat-sirenas","7":"product_tag-federal-signal-industrial","8":"product_tag-sirenas","9":"product_tag-sirenas-bocinas-y-controladores-vehiculares","11":"first","12":"outofstock","13":"sale","14":"shipping-taxable","15":"purchasable","16":"product-type-simple"},"_links":{"self":[{"href":"https:\/\/soydeaqui.ddns.net\/pachuca\/index.php\/wp-json\/wp\/v2\/product\/52199","targetHints":{"allow":["GET"]}}],"collection":[{"href":"https:\/\/soydeaqui.ddns.net\/pachuca\/index.php\/wp-json\/wp\/v2\/product"}],"about":[{"href":"https:\/\/soydeaqui.ddns.net\/pachuca\/index.php\/wp-json\/wp\/v2\/types\/product"}],"replies":[{"embeddable":true,"href":"https:\/\/soydeaqui.ddns.net\/pachuca\/index.php\/wp-json\/wp\/v2\/comments?post=52199"}],"wp:featuredmedia":[{"embeddable":true,"href":"https:\/\/soydeaqui.ddns.net\/pachuca\/index.php\/wp-json\/wp\/v2\/media\/52198"}],"wp:attachment":[{"href":"https:\/\/soydeaqui.ddns.net\/pachuca\/index.php\/wp-json\/wp\/v2\/media?parent=52199"}],"wp:term":[{"taxonomy":"product_brand","embeddable":true,"href":"https:\/\/soydeaqui.ddns.net\/pachuca\/index.php\/wp-json\/wp\/v2\/product_brand?post=52199"},{"taxonomy":"product_cat","embeddable":true,"href":"https:\/\/soydeaqui.ddns.net\/pachuca\/index.php\/wp-json\/wp\/v2\/product_cat?post=52199"},{"taxonomy":"product_tag","embeddable":true,"href":"https:\/\/soydeaqui.ddns.net\/pachuca\/index.php\/wp-json\/wp\/v2\/product_tag?post=52199"}],"curies":[{"name":"wp","href":"https:\/\/api.w.org\/{rel}","templated":true}]}}