{"id":52195,"date":"2026-03-18T23:29:46","date_gmt":"2026-03-18T23:29:46","guid":{"rendered":"https:\/\/soydeaqui.ddns.net\/pachuca\/index.php\/producto\/altavoz-amplificado-selectone-15w-para-ubicaciones-peligrosas-120-vca-gris\/"},"modified":"2026-03-18T23:29:47","modified_gmt":"2026-03-18T23:29:47","slug":"altavoz-amplificado-selectone-15w-para-ubicaciones-peligrosas-120-vca-gris","status":"publish","type":"product","link":"https:\/\/soydeaqui.ddns.net\/pachuca\/index.php\/producto\/altavoz-amplificado-selectone-15w-para-ubicaciones-peligrosas-120-vca-gris\/","title":{"rendered":"Altavoz amplificado selectone 15W, para ubicaciones peligrosas, 120 Vca, gris"},"content":{"rendered":"<div style='width: 100%; max-width: 1200px; margin: 0 auto; font-family: sans-serif; line-height: 1.6; color: inherit; background-color: transparent;'>\n<div style='display: flex; flex-wrap: wrap; gap: 30px; margin-bottom: 30px;'>\n<div style='flex: 1 1 300px; min-width: 280px;'>\n<h3 style='font-size: 22px; border-bottom: 2px solid currentColor; padding-bottom: 5px; margin-top: 0; color: inherit; opacity: 0.8;'>CARACTER\u00cdSTICAS<\/h3>\n<p style='font-size: 15px; color: inherit; margin-top: 15px; margin-bottom: 15px;'>El altavoz amplificado SelecTone\u00ae modelo 300GCX est\u00e1 dise\u00f1ado para producir tonos&comma; mensajes de voz digitales y megafon\u00eda en vivo en entornos hostiles con altos niveles de ruido ambiental.<\/p>\n<p style='font-size: 15px; color: inherit; margin-top: 15px; margin-bottom: 15px;'>El resistente cono del altavoz y el proyector est\u00e1n fabricados de aluminio hilado. El circuito de amplificaci\u00f3n&comma; el m\u00f3dulo de tono y el control de ganancia est\u00e1n contenidos en una carcasa construida de aluminio fundido. Todas las superficies est\u00e1n selladas con pintura en polvo. Las juntas a prueba de polvo y humedad brindan protecci\u00f3n contra los elementos.<\/p>\n<p style='font-size: 15px; color: inherit; margin-top: 15px; margin-bottom: 15px;'>Los parlantes amplificados SelecTone se utilizan individualmente o como parte de un sistema de notificaci\u00f3n de emergencia en toda la planta. El m\u00f3dulo de tono universal modelo UTM con 32 tonos&comma; o el m\u00f3dulo de tono personalizado modelo TM33-SD&comma; se conecta a un solo altavoz amplificado SelecTone para uso independiente o a una unidad de comando SelecTone para se\u00f1alizaci\u00f3n en toda la planta.<\/p>\n<p style='font-size: 15px; color: inherit; margin-top: 15px; margin-bottom: 15px;'>Para la se\u00f1alizaci\u00f3n en toda la planta&comma; se instala un kit de conector en cada altavoz amplificado SelecTone y se conecta a un controlador central&comma; una unidad de comando SelecTone o un centro de mensajes digitales CommCenter\u00ae. Las unidades de comando y los CommCenters transmiten tonos&comma; mensajes de voz&comma; melod\u00edas y megafon\u00eda en vivo a un n\u00famero ilimitado de parlantes amplificados SelecTone.<\/p>\n<p style='font-size: 15px; color: inherit; margin-top: 15px; margin-bottom: 15px;'>Las aplicaciones de SelecTone incluyen advertencia de emergencia&comma; evacuaci\u00f3n&comma; inicio\/despido&comma; megafon\u00eda y se\u00f1alizaci\u00f3n de control de procesos.<\/p>\n<\/p><\/div>\n<\/p><\/div>\n<div style='display: flex; flex-wrap: wrap; gap: 20px; margin-bottom: 30px;'>\n<div style='flex: 1 1 250px; border: 1px solid rgba(150&comma; 150&comma; 150&comma; 0.4); border-radius: 8px; overflow: hidden; display: flex; flex-direction: column;'>\n<div style='padding: 15px; border-bottom: 1px solid rgba(150&comma; 150&comma; 150&comma; 0.2); font-weight: bold; font-size: 18px; color: inherit;'>ESPECIFICACIONES<\/div>\n<div style='padding: 15px; color: inherit;'>\n<ul style='padding-left: 20px; margin: 0; font-size: 14px; list-style-type: disc;'>\n<li style='margin-bottom: 5px;'><strong>Voltaje:<\/strong> 120 VCA 50\/60 Hz<\/li>\n<li style='margin-bottom: 5px;'><strong>Montaje:<\/strong> Superficie<\/li>\n<li style='margin-bottom: 5px;'><strong>C\u00f3digo T**:<\/strong> T3&comma; T2C&comma; T6<\/li>\n<li style='margin-bottom: 5px;'><strong>Corriente de funcionamiento*:<\/strong> 0&comma;20 amperios a 120 VCA<\/li>\n<li style='margin-bottom: 5px;'><strong>Temperatura de funcionamiento m\u00ednima:<\/strong> -55 \u00b0C<\/li>\n<li style='margin-bottom: 5px;'><strong>Temperatura de funcionamiento m\u00e1xima:<\/strong> 65 \u00b0C<\/li>\n<li style='margin-bottom: 5px;'><strong>Salida de decibeles:<\/strong> 110 a 3.00 m \/ 120 a 1.00 m<\/li>\n<li style='margin-bottom: 5px;'><strong>Corriente de espera:<\/strong> 30 mA a 120 VCA<\/li>\n<li style='margin-bottom: 5px;'><strong>Grado de protecci\u00f3n del gabinete:<\/strong> Tipo 4X<\/li>\n<li style='margin-bottom: 5px;'><strong>Altura:<\/strong> 315.00 mm<\/li>\n<li style='margin-bottom: 5px;'><strong>Ancho:<\/strong> 200.00 mm<\/li>\n<li style='margin-bottom: 5px;'><strong>Profundidad:<\/strong> 216.00 mm<\/li>\n<li style='margin-bottom: 5px;'><strong>Peso neto:<\/strong> 2.50 Kg<\/li>\n<li style='margin-bottom: 5px;'><strong>Peso de env\u00edo:<\/strong> 3.00 Kg<\/li>\n<\/ul><\/div>\n<\/p><\/div>\n<\/p><\/div>\n<hr style='border: 0; border-top: 1px solid rgba(150&comma; 150&comma; 150&comma; 0.3); margin: 30px 0;'> <\/div>\n","protected":false},"excerpt":{"rendered":"<p>Altavoz amplificado selectone 15W, para ubicaciones peligrosas, 120 Vca, gris<\/p>\n","protected":false},"featured_media":52194,"comment_status":"open","ping_status":"closed","template":"","meta":[],"product_brand":[],"product_cat":[1413],"product_tag":[1415,552,1414],"class_list":{"0":"post-52195","1":"product","2":"type-product","3":"status-publish","4":"has-post-thumbnail","6":"product_cat-bocinas-de-alerta-y-notificacion-masiva","7":"product_tag-bocinas-de-alerta-y-notificacion-masiva","8":"product_tag-federal-signal-industrial","9":"product_tag-luces-bocinas-para-la-industria-y-edificios","11":"first","12":"outofstock","13":"sale","14":"shipping-taxable","15":"purchasable","16":"product-type-simple"},"_links":{"self":[{"href":"https:\/\/soydeaqui.ddns.net\/pachuca\/index.php\/wp-json\/wp\/v2\/product\/52195","targetHints":{"allow":["GET"]}}],"collection":[{"href":"https:\/\/soydeaqui.ddns.net\/pachuca\/index.php\/wp-json\/wp\/v2\/product"}],"about":[{"href":"https:\/\/soydeaqui.ddns.net\/pachuca\/index.php\/wp-json\/wp\/v2\/types\/product"}],"replies":[{"embeddable":true,"href":"https:\/\/soydeaqui.ddns.net\/pachuca\/index.php\/wp-json\/wp\/v2\/comments?post=52195"}],"wp:featuredmedia":[{"embeddable":true,"href":"https:\/\/soydeaqui.ddns.net\/pachuca\/index.php\/wp-json\/wp\/v2\/media\/52194"}],"wp:attachment":[{"href":"https:\/\/soydeaqui.ddns.net\/pachuca\/index.php\/wp-json\/wp\/v2\/media?parent=52195"}],"wp:term":[{"taxonomy":"product_brand","embeddable":true,"href":"https:\/\/soydeaqui.ddns.net\/pachuca\/index.php\/wp-json\/wp\/v2\/product_brand?post=52195"},{"taxonomy":"product_cat","embeddable":true,"href":"https:\/\/soydeaqui.ddns.net\/pachuca\/index.php\/wp-json\/wp\/v2\/product_cat?post=52195"},{"taxonomy":"product_tag","embeddable":true,"href":"https:\/\/soydeaqui.ddns.net\/pachuca\/index.php\/wp-json\/wp\/v2\/product_tag?post=52195"}],"curies":[{"name":"wp","href":"https:\/\/api.w.org\/{rel}","templated":true}]}}