{"id":52166,"date":"2026-03-18T23:28:50","date_gmt":"2026-03-18T23:28:50","guid":{"rendered":"https:\/\/soydeaqui.ddns.net\/pachuca\/index.php\/producto\/microfono-de-reemplazo-para-pa30012msc\/"},"modified":"2026-03-18T23:28:51","modified_gmt":"2026-03-18T23:28:51","slug":"microfono-de-reemplazo-para-pa30012msc","status":"publish","type":"product","link":"https:\/\/soydeaqui.ddns.net\/pachuca\/index.php\/producto\/microfono-de-reemplazo-para-pa30012msc\/","title":{"rendered":"Micr\u00f3fono de reemplazo para PA30012MSC"},"content":{"rendered":"<div style='width: 100%; max-width: 1200px; margin: 0 auto; font-family: sans-serif; line-height: 1.6; color: inherit; background-color: transparent;'>\n<div style='display: flex; flex-wrap: wrap; gap: 30px; margin-bottom: 30px;'>\n<div style='flex: 1 1 300px; min-width: 280px;'>\n<h3 style='font-size: 22px; border-bottom: 2px solid currentColor; padding-bottom: 5px; margin-top: 0; color: inherit; opacity: 0.8;'>Caracter\u00edsticas Principales<\/h3>\n<ul style='padding-left: 20px; font-size: 15px; color: inherit;'>\n<li style='margin-bottom: 5px;'>Micr\u00f3fono de reemplazo<\/li>\n<li style='margin-bottom: 5px;'>Incluye funci\u00f3n de cancelaci\u00f3n de ruido<\/li>\n<li style='margin-bottom: 5px;'>Compatible con sistema PA\/Radio<\/li>\n<li style='margin-bottom: 5px;'>Dise\u00f1o compacto con panel de control iluminado<\/li>\n<li style='margin-bottom: 5px;'>Conexi\u00f3n plug-and-play<\/li>\n<\/ul><\/div>\n<div style='flex: 1 1 300px; min-width: 280px;'>\n<h3 style='font-size: 22px; border-bottom: 2px solid currentColor; padding-bottom: 5px; margin-top: 0; color: inherit; opacity: 0.8;'>Especificaciones El\u00e9ctricas<\/h3>\n<ul style='padding-left: 20px; font-size: 15px; color: inherit;'>\n<li style='margin-bottom: 5px;'><strong>Tensi\u00f3n:<\/strong> 12V o 24V<\/li>\n<li style='margin-bottom: 5px;'><strong>Potencia:<\/strong> 100W o 200W<\/li>\n<li style='margin-bottom: 5px;'><strong>Corriente en espera:<\/strong> 70 mA<\/li>\n<li style='margin-bottom: 5px;'><strong>Corriente operativa:<\/strong> 20A m\u00e1x. (12V) \/ 10A m\u00e1x. (24V)<\/li>\n<li style='margin-bottom: 5px;'><strong>Protecci\u00f3n:<\/strong> Fusible reemplazable sin herramientas<\/li>\n<\/ul><\/div>\n<div style='flex: 1 1 300px; min-width: 280px;'>\n<h3 style='font-size: 22px; border-bottom: 2px solid currentColor; padding-bottom: 5px; margin-top: 0; color: inherit; opacity: 0.8;'>Especificaciones F\u00edsicas<\/h3>\n<ul style='padding-left: 20px; font-size: 15px; color: inherit;'>\n<li style='margin-bottom: 5px;'><strong>Altura:<\/strong> 2.3&#8242; (5.9 cm)<\/li>\n<li style='margin-bottom: 5px;'><strong>Profundidad:<\/strong> 6.1&#8242; (15.6 cm)<\/li>\n<li style='margin-bottom: 5px;'><strong>Ancho:<\/strong> 6.8&#8242; (17.3 cm)<\/li>\n<li style='margin-bottom: 5px;'><strong>Peso:<\/strong> 6.5 lbs (2.9 kg)<\/li>\n<li style='margin-bottom: 5px;'><strong>Temperatura operativa:<\/strong> -30\u00b0C a +65\u00b0C<\/li>\n<\/ul><\/div>\n<\/p><\/div>\n<div style='display: flex; flex-wrap: wrap; gap: 20px; margin-bottom: 30px;'>\n<div style='flex: 1 1 250px; border: 1px solid rgba(150&comma; 150&comma; 150&comma; 0.4); border-radius: 8px; overflow: hidden; display: flex; flex-direction: column;'>\n<div style='padding: 15px; border-bottom: 1px solid rgba(150&comma; 150&comma; 150&comma; 0.2); font-weight: bold; font-size: 18px; color: inherit;'>Funciones del Selector<\/div>\n<div style='padding: 15px; color: inherit;'>\n<ul style='padding-left: 20px; margin: 0; font-size: 14px; list-style-type: disc;'>\n<li style='margin-bottom: 5px;'>RADIO: Ampl\u00eda mensajes de radio<\/li>\n<li style='margin-bottom: 5px;'>MANUAL: Activaci\u00f3n por interruptor<\/li>\n<li style='margin-bottom: 5px;'>WAIl: Tono ascendente y descendente<\/li>\n<li style='margin-bottom: 5px;'>YELP: Tono r\u00e1pido intermitente<\/li>\n<li style='margin-bottom: 5px;'>HI-LO: Sonido de dos tonos<\/li>\n<li style='margin-bottom: 5px;'>PRIORITY: Tono Yelp r\u00e1pido<\/li>\n<li style='margin-bottom: 5px;'>HORN-SIREN: Posici\u00f3n superior activa el claxon electr\u00f3nico<\/li>\n<\/ul><\/div>\n<\/p><\/div>\n<div style='flex: 1 1 250px; border: 1px solid rgba(150&comma; 150&comma; 150&comma; 0.4); border-radius: 8px; overflow: hidden; display: flex; flex-direction: column;'>\n<div style='padding: 15px; border-bottom: 1px solid rgba(150&comma; 150&comma; 150&comma; 0.2); font-weight: bold; font-size: 18px; color: inherit;'>Caracter\u00edsticas de Montaje<\/div>\n<div style='padding: 15px; color: inherit;'>\n<ul style='padding-left: 20px; margin: 0; font-size: 14px; list-style-type: disc;'>\n<li style='margin-bottom: 5px;'>Incluye soporte en &#8216;U&#8217; para montaje<\/li>\n<li style='margin-bottom: 5px;'>Opcional: Bisel de acero inoxidable para montaje empotrado<\/li>\n<li style='margin-bottom: 5px;'>Conexiones el\u00e9ctricas tipo plug-and-play<\/li>\n<li style='margin-bottom: 5px;'>Dise\u00f1o compacto sin componentes salientes<\/li>\n<\/ul><\/div>\n<\/p><\/div>\n<div style='flex: 1 1 250px; border: 1px solid rgba(150&comma; 150&comma; 150&comma; 0.4); border-radius: 8px; overflow: hidden; display: flex; flex-direction: column;'>\n<div style='padding: 15px; border-bottom: 1px solid rgba(150&comma; 150&comma; 150&comma; 0.2); font-weight: bold; font-size: 18px; color: inherit;'>Caracter\u00edsticas de Seguridad<\/div>\n<div style='padding: 15px; color: inherit;'>\n<ul style='padding-left: 20px; margin: 0; font-size: 14px; list-style-type: disc;'>\n<li style='margin-bottom: 5px;'>Cumple con SAE J1849<\/li>\n<li style='margin-bottom: 5px;'>Cumple con Clase A (CAC)<\/li>\n<li style='margin-bottom: 5px;'>Protecci\u00f3n contra polaridad inversa<\/li>\n<li style='margin-bottom: 5px;'>Protecci\u00f3n por fusible<\/li>\n<li style='margin-bottom: 5px;'>Advertencia de protecci\u00f3n auditiva<\/li>\n<\/ul><\/div>\n<\/p><\/div>\n<\/p><\/div>\n<hr style='border: 0; border-top: 1px solid rgba(150&comma; 150&comma; 150&comma; 0.3); margin: 30px 0;'>\n<div style='margin-bottom: 30px;'>\n<h3 style='font-size: 22px; border-bottom: 2px solid currentColor; padding-bottom: 5px; margin-top: 0; margin-bottom: 15px; color: inherit; opacity: 0.8;'>Funciones Especiales<\/h3>\n<div style='display: grid; grid-template-columns: repeat(auto-fit&comma; minmax(250px&comma; 1fr)); gap: 20px;'>\n<div style='border: 1px solid rgba(150&comma; 150&comma; 150&comma; 0.3); border-radius: 8px; padding: 15px;'>\n<h4 style='margin-top: 0; font-size: 16px; color: inherit;'>TAP II<\/h4>\n<p style='margin: 8px 0; color: inherit; font-size: 14px;'>Permite al conductor cambiar el sonido de la sirena mediante el bot\u00f3n del claxon del veh\u00edculo o un interruptor remoto. Habilita la funci\u00f3n de despeje de intersecci\u00f3n sin quitar las manos del volante.<\/p>\n<\/p><\/div>\n<div style='border: 1px solid rgba(150&comma; 150&comma; 150&comma; 0.3); border-radius: 8px; padding: 15px;'>\n<h4 style='margin-top: 0; font-size: 16px; color: inherit;'>Funci\u00f3n Press-and-Hold<\/h4>\n<p style='margin: 8px 0; color: inherit; font-size: 14px;'>Al presionar y mantener el circuito del claxon se produce un sonido alternativo por el tiempo que el operador mantenga presionado el circuito.<\/p>\n<\/p><\/div>\n<div style='border: 1px solid rgba(150&comma; 150&comma; 150&comma; 0.3); border-radius: 8px; padding: 15px;'>\n<h4 style='margin-top: 0; font-size: 16px; color: inherit;'>Control de Ganancia<\/h4>\n<p style='margin: 8px 0; color: inherit; font-size: 14px;'>Incluye un interruptor rotativo GAIN en el panel frontal retroiluminado para controlar el volumen del micr\u00f3fono PA. El volumen de rebroadcast de radio es ajustable mediante un potenci\u00f3metro accesible.<\/p>\n<\/p><\/div>\n<\/p><\/div>\n<\/p><\/div>\n<hr style='border: 0; border-top: 1px solid rgba(150&comma; 150&comma; 150&comma; 0.3); margin: 30px 0;'>\n<div style='margin-bottom: 30px;'>\n<h3 style='font-size: 22px; border-bottom: 2px solid currentColor; padding-bottom: 5px; margin-top: 0; margin-bottom: 15px; color: inherit; opacity: 0.8;'>Aplicaciones<\/h3>\n<p style='color: inherit; font-size: 15px; margin-bottom: 15px;'>El micr\u00f3fono est\u00e1 dise\u00f1ado para uso en sistemas de sirena PA300&comma; proporcionando una reproducci\u00f3n de voz de alta calidad sin retroalimentaci\u00f3n. Es ideal para aplicaciones de emergencia donde se requiere comunicaci\u00f3n clara y control de sonido robusto.<\/p>\n<p style='color: inherit; font-size: 15px; margin-bottom: 15px;'>La sirena puede ser alimentada directamente desde la bater\u00eda del veh\u00edculo o a trav\u00e9s de centros de distribuci\u00f3n secundarios&comma; ofreciendo flexibilidad en la instalaci\u00f3n.<\/p>\n<\/p><\/div>\n<hr style='border: 0; border-top: 1px solid rgba(150&comma; 150&comma; 150&comma; 0.3); margin: 30px 0;'>\n<div style='margin-bottom: 30px;'>\n<h3 style='font-size: 22px; border-bottom: 2px solid currentColor; padding-bottom: 5px; margin-top: 0; margin-bottom: 15px; color: inherit; opacity: 0.8;'>Opciones de Personalizaci\u00f3n<\/h3>\n<p style='color: inherit; font-size: 15px; margin-bottom: 15px;'>El PA300 ofrece varias opciones de personalizaci\u00f3n:<\/p>\n<ul style='padding-left: 20px; font-size: 15px; color: inherit;'>\n<li style='margin-bottom: 5px;'>Modelo 690000: 12V&comma; 100W con micr\u00f3fono cableado<\/li>\n<li style='margin-bottom: 5px;'>Modelo 690010: Versi\u00f3n 12V&comma; 200W<\/li>\n<li style='margin-bottom: 5px;'>Modelo 690009: Versi\u00f3n 24V&comma; 200W<\/li>\n<li style='margin-bottom: 5px;'>Modelo 690002: Priority en lugar de Hi-Lo<\/li>\n<li style='margin-bottom: 5px;'>Opcional: Cable adaptador 761300 para reemplazar PA300 por modelo 690XXX<\/li>\n<\/ul><\/div>\n<\/p><\/div>\n","protected":false},"excerpt":{"rendered":"<p>Micr\u00f3fono de reemplazo para PA30012MSC<\/p>\n","protected":false},"featured_media":52165,"comment_status":"open","ping_status":"closed","template":"","meta":[],"product_brand":[],"product_cat":[1399],"product_tag":[1397,1360,1393],"class_list":{"0":"post-52166","1":"product","2":"type-product","3":"status-publish","4":"has-post-thumbnail","6":"product_cat-accesorios-refacciones-sirenas-bocinas-y-controladores-vehiculares","7":"product_tag-accesorios-refacciones-2","8":"product_tag-federal-signal","9":"product_tag-sirenas-bocinas-y-controladores-vehiculares","11":"first","12":"outofstock","13":"sale","14":"shipping-taxable","15":"purchasable","16":"product-type-simple"},"_links":{"self":[{"href":"https:\/\/soydeaqui.ddns.net\/pachuca\/index.php\/wp-json\/wp\/v2\/product\/52166","targetHints":{"allow":["GET"]}}],"collection":[{"href":"https:\/\/soydeaqui.ddns.net\/pachuca\/index.php\/wp-json\/wp\/v2\/product"}],"about":[{"href":"https:\/\/soydeaqui.ddns.net\/pachuca\/index.php\/wp-json\/wp\/v2\/types\/product"}],"replies":[{"embeddable":true,"href":"https:\/\/soydeaqui.ddns.net\/pachuca\/index.php\/wp-json\/wp\/v2\/comments?post=52166"}],"wp:featuredmedia":[{"embeddable":true,"href":"https:\/\/soydeaqui.ddns.net\/pachuca\/index.php\/wp-json\/wp\/v2\/media\/52165"}],"wp:attachment":[{"href":"https:\/\/soydeaqui.ddns.net\/pachuca\/index.php\/wp-json\/wp\/v2\/media?parent=52166"}],"wp:term":[{"taxonomy":"product_brand","embeddable":true,"href":"https:\/\/soydeaqui.ddns.net\/pachuca\/index.php\/wp-json\/wp\/v2\/product_brand?post=52166"},{"taxonomy":"product_cat","embeddable":true,"href":"https:\/\/soydeaqui.ddns.net\/pachuca\/index.php\/wp-json\/wp\/v2\/product_cat?post=52166"},{"taxonomy":"product_tag","embeddable":true,"href":"https:\/\/soydeaqui.ddns.net\/pachuca\/index.php\/wp-json\/wp\/v2\/product_tag?post=52166"}],"curies":[{"name":"wp","href":"https:\/\/api.w.org\/{rel}","templated":true}]}}