{"id":52096,"date":"2026-03-18T23:26:45","date_gmt":"2026-03-18T23:26:45","guid":{"rendered":"https:\/\/soydeaqui.ddns.net\/pachuca\/index.php\/producto\/luz-perimetral-de-18-leds-color-ambar\/"},"modified":"2026-03-18T23:26:46","modified_gmt":"2026-03-18T23:26:46","slug":"luz-perimetral-de-18-leds-color-ambar","status":"publish","type":"product","link":"https:\/\/soydeaqui.ddns.net\/pachuca\/index.php\/producto\/luz-perimetral-de-18-leds-color-ambar\/","title":{"rendered":"Luz perimetral de 18 LEDS color ambar"},"content":{"rendered":"<div style='width: 100%; max-width: 1200px; margin: 0 auto; font-family: sans-serif; line-height: 1.6; color: inherit; background-color: transparent;'> <!-- Secci\u00f3n de descripci\u00f3n --> <\/p>\n<div style='margin-bottom: 30px;'>\n<p style='margin: 0 0 15px 0; padding: 0; color: inherit; font-size: 15px; background: transparent;'> Los LED perimetrales ED3702 son luces de advertencia brillantes y vers\u00e1tiles que se adaptan a una amplia variedad de aplicaciones. Su ultra bajo perfil hace que sean f\u00e1ciles de instalar pr\u00e1cticamente en cualquier lugar en un veh\u00edculo. Ambos modelos ofrecen \u00f3pticas de \u00e1ngulos abiertos y m\u00faltiples patrones de flash&comma; incluida la sincronizaci\u00f3n con otras unidades para operaciones simult\u00e1neas o alternas. <\/p>\n<\/p><\/div>\n<p> <!-- Secci\u00f3n de modelos --> <\/p>\n<div style='margin-bottom: 30px;'>\n<p style='margin: 0 0 15px 0; padding: 0; color: inherit; font-size: 15px; background: transparent;'> El ED3702XX es una luz de doble color con 12 LED (6 de cada color) y est\u00e1 disponible en 7 configuraciones de color. <\/p>\n<p style='margin: 0 0 15px 0; padding: 0; color: inherit; font-size: 15px; background: transparent;'> Donde XX son los colores disponibles en AB&comma; AC&comma; AG&comma; AR&comma; BW&comma; RB&comma; RW <\/p>\n<p style='margin: 0 0 15px 0; padding: 0; color: inherit; font-size: 15px; background: transparent;'> El ED3702XXX es una luz tricolor con 18 LED (6 de cada color) y est\u00e1 disponible en 4 configuraciones de color. Cada color del LED se puede controlar de forma independiente. <\/p>\n<p style='margin: 0 0 15px 0; padding: 0; color: inherit; font-size: 15px; background: transparent;'> Donde XXX son los colores disponibles en BAW&comma; RAW&comma; RBA&comma; RBW&comma; AGW <\/p>\n<p style='margin: 0 0 15px 0; padding: 0; color: inherit; font-size: 15px; background: transparent;'> Donde el c\u00f3digo de colores es: <\/p>\n<p style='margin: 0 0 15px 0; padding: 0; color: inherit; font-size: 15px; background: transparent;'> A=\u00c1mbar&comma; B= Azul&comma; W= blanco&comma; G= Verde&comma; R= Rojo <\/p>\n<\/p><\/div>\n<p> <!-- Secci\u00f3n de caracter\u00edsticas --> <\/p>\n<div style='margin-bottom: 30px;'>\n<h3 style='font-size: 22px; border-bottom: 2px solid currentColor; padding-bottom: 5px; margin-top: 0; margin-bottom: 15px; color: inherit; opacity: 0.8;'>Caracter\u00edsticas<\/h3>\n<ul style='padding-left: 20px; font-size: 15px; color: inherit; list-style-type: disc;'>\n<li style='margin-bottom: 5px;'>18 Poderosos LEDs \u00faltima generaci\u00f3n Ultra Brillantes<\/li>\n<li style='margin-bottom: 5px;'>24 Patrones de destello<\/li>\n<li style='margin-bottom: 5px;'>Bisel negro<\/li>\n<li style='margin-bottom: 5px;'>Capacidad de sincronizar<\/li>\n<li style='margin-bottom: 5px;'>Mica transparente de policarbonato<\/li>\n<li style='margin-bottom: 5px;'>Cumplimiento SAE J595 Clase I<\/li>\n<li style='margin-bottom: 5px;'>Puede ser instalado tanto en exterior como en interior<\/li>\n<li style='margin-bottom: 5px;'>5 A\u00f1os de Garant\u00eda<\/li>\n<\/ul><\/div>\n<p> <!-- Secci\u00f3n de especificaciones --> <\/p>\n<div style='margin-bottom: 30px;'>\n<h3 style='font-size: 22px; border-bottom: 2px solid currentColor; padding-bottom: 5px; margin-top: 0; margin-bottom: 15px; color: inherit; opacity: 0.8;'>Especificaciones<\/h3>\n<ul style='padding-left: 20px; font-size: 15px; color: inherit; list-style-type: disc;'>\n<li style='margin-bottom: 5px;'>Voltaje: 12 &#8211; 24 Vcc<\/li>\n<li style='margin-bottom: 5px;'>Consumo: 1 Amp<\/li>\n<li style='margin-bottom: 5px;'>Dimensiones: 4.8&#8242; (121mm)x 1.3&#8242; (32 mm) x 0.6&#8242;(15 mm)<\/li>\n<\/ul><\/div>\n<\/p><\/div>\n","protected":false},"excerpt":{"rendered":"<p>Luz perimetral de 18 LEDS color ambar<\/p>\n","protected":false},"featured_media":52095,"comment_status":"open","ping_status":"closed","template":"","meta":[],"product_brand":[],"product_cat":[1378],"product_tag":[1237,1371,1359],"class_list":{"0":"post-52096","1":"product","2":"type-product","3":"status-publish","4":"has-post-thumbnail","6":"product_cat-rojo-azul-luces-auxiliares-vehiculares","7":"product_tag-epcom-industrial-signaling","8":"product_tag-luces-auxiliares-vehiculares","9":"product_tag-rojo-azul","11":"first","12":"outofstock","13":"sale","14":"shipping-taxable","15":"purchasable","16":"product-type-simple"},"_links":{"self":[{"href":"https:\/\/soydeaqui.ddns.net\/pachuca\/index.php\/wp-json\/wp\/v2\/product\/52096","targetHints":{"allow":["GET"]}}],"collection":[{"href":"https:\/\/soydeaqui.ddns.net\/pachuca\/index.php\/wp-json\/wp\/v2\/product"}],"about":[{"href":"https:\/\/soydeaqui.ddns.net\/pachuca\/index.php\/wp-json\/wp\/v2\/types\/product"}],"replies":[{"embeddable":true,"href":"https:\/\/soydeaqui.ddns.net\/pachuca\/index.php\/wp-json\/wp\/v2\/comments?post=52096"}],"wp:featuredmedia":[{"embeddable":true,"href":"https:\/\/soydeaqui.ddns.net\/pachuca\/index.php\/wp-json\/wp\/v2\/media\/52095"}],"wp:attachment":[{"href":"https:\/\/soydeaqui.ddns.net\/pachuca\/index.php\/wp-json\/wp\/v2\/media?parent=52096"}],"wp:term":[{"taxonomy":"product_brand","embeddable":true,"href":"https:\/\/soydeaqui.ddns.net\/pachuca\/index.php\/wp-json\/wp\/v2\/product_brand?post=52096"},{"taxonomy":"product_cat","embeddable":true,"href":"https:\/\/soydeaqui.ddns.net\/pachuca\/index.php\/wp-json\/wp\/v2\/product_cat?post=52096"},{"taxonomy":"product_tag","embeddable":true,"href":"https:\/\/soydeaqui.ddns.net\/pachuca\/index.php\/wp-json\/wp\/v2\/product_tag?post=52096"}],"curies":[{"name":"wp","href":"https:\/\/api.w.org\/{rel}","templated":true}]}}