{"id":52089,"date":"2026-03-18T23:26:34","date_gmt":"2026-03-18T23:26:34","guid":{"rendered":"https:\/\/soydeaqui.ddns.net\/pachuca\/index.php\/producto\/luz-de-trabajo-ultra-brillante-6-led-2200-lumenes-30-watts-12-24-vcc\/"},"modified":"2026-03-18T23:26:41","modified_gmt":"2026-03-18T23:26:41","slug":"luz-de-trabajo-ultra-brillante-6-led-2200-lumenes-30-watts-12-24-vcc","status":"publish","type":"product","link":"https:\/\/soydeaqui.ddns.net\/pachuca\/index.php\/producto\/luz-de-trabajo-ultra-brillante-6-led-2200-lumenes-30-watts-12-24-vcc\/","title":{"rendered":"Luz de Trabajo Ultra brillante, 6 Led, 2200 Lumenes, 30 watts, 12-24 Vcc"},"content":{"rendered":"<div style='width: 100%; max-width: 1200px; margin: 0 auto; font-family: sans-serif; line-height: 1.6; color: inherit; background-color: transparent;'> <!-- Secci\u00f3n de descripci\u00f3n --> <\/p>\n<div style='margin-bottom: 30px;'>\n<h3 style='font-size: 22px; border-bottom: 2px solid currentColor; padding-bottom: 5px; margin-top: 0; color: inherit; opacity: 0.8;'>Caracter\u00edsticas<\/h3>\n<p style='font-size: 15px; color: inherit; margin-top: 0;'>Las luces de trabajo convierten la noche en d\u00eda y ayudan iluminar tareas importantes. Su dise\u00f1o compacto y robusto en conjunto con un precio competitivo&comma; la \u00fanica opci\u00f3n para iluminar el camino.<\/p>\n<\/p><\/div>\n<p> <!-- Secci\u00f3n de especificaciones --> <\/p>\n<div style='display: flex; flex-wrap: wrap; gap: 20px; margin-bottom: 30px;'>\n<div style='flex: 1 1 250px; border: 1px solid rgba(150&comma; 150&comma; 150&comma; 0.4); border-radius: 8px; overflow: hidden; display: flex; flex-direction: column;'>\n<div style='padding: 15px; border-bottom: 1px solid rgba(150&comma; 150&comma; 150&comma; 0.2); font-weight: bold; font-size: 18px; color: inherit;'>Especificaciones<\/div>\n<div style='padding: 15px; color: inherit;'>\n<ul style='padding-left: 20px; margin: 0; font-size: 14px; list-style-type: disc;'>\n<li style='margin-bottom: 5px;'><strong>Luz de trabajo:<\/strong> 6 LED Hexagonal<\/li>\n<li style='margin-bottom: 5px;'><strong>L\u00famenes:<\/strong> 2200<\/li>\n<li style='margin-bottom: 5px;'><strong>Tensi\u00f3n:<\/strong> 12-24 Vcc<\/li>\n<li style='margin-bottom: 5px;'><strong>Protecci\u00f3n:<\/strong> IP68<\/li>\n<li style='margin-bottom: 5px;'><strong>Dimensiones:<\/strong> 89.90mm x 29.21mm<\/li>\n<li style='margin-bottom: 5px;'><strong>Caja:<\/strong> Disipadora t\u00e9rmica de aluminio<\/li>\n<li style='margin-bottom: 5px;'><strong>Lente:<\/strong> Policarbonato<\/li>\n<li style='margin-bottom: 5px;'><strong>Dise\u00f1o:<\/strong> S\u00faper compacto<\/li>\n<li style='margin-bottom: 5px;'><strong>Soporte:<\/strong> Montaje de acero<\/li>\n<li style='margin-bottom: 5px;'><strong>Dimensiones:<\/strong> 129 x 114.2 x 51.9 mm<\/li>\n<li style='margin-bottom: 5px;'><strong>Vida \u00fatil:<\/strong> 50&comma;000 Hrs<\/li>\n<li style='margin-bottom: 5px;'><strong>Temperatura:<\/strong> -40 ~ 80 \u2103<\/li>\n<li style='margin-bottom: 5px;'><strong>Aplicaci\u00f3n:<\/strong> Veh\u00edculos todo terreno&comma; veh\u00edculos especiales&comma; SUV&comma; UTV&comma; cami\u00f3n&comma; etc.<\/li>\n<\/ul><\/div>\n<\/p><\/div>\n<\/p><\/div>\n<\/p><\/div>\n","protected":false},"excerpt":{"rendered":"<p>Luz de Trabajo Ultra brillante, 6 Led, 2200 Lumenes, 30 watts, 12-24 Vcc<\/p>\n","protected":false},"featured_media":52088,"comment_status":"open","ping_status":"closed","template":"","meta":[],"product_brand":[],"product_cat":[1386],"product_tag":[1387,1237,1371],"class_list":{"0":"post-52089","1":"product","2":"type-product","3":"status-publish","4":"has-post-thumbnail","6":"product_cat-claro","7":"product_tag-claro","8":"product_tag-epcom-industrial-signaling","9":"product_tag-luces-auxiliares-vehiculares","11":"first","12":"instock","13":"sale","14":"shipping-taxable","15":"purchasable","16":"product-type-simple"},"_links":{"self":[{"href":"https:\/\/soydeaqui.ddns.net\/pachuca\/index.php\/wp-json\/wp\/v2\/product\/52089","targetHints":{"allow":["GET"]}}],"collection":[{"href":"https:\/\/soydeaqui.ddns.net\/pachuca\/index.php\/wp-json\/wp\/v2\/product"}],"about":[{"href":"https:\/\/soydeaqui.ddns.net\/pachuca\/index.php\/wp-json\/wp\/v2\/types\/product"}],"replies":[{"embeddable":true,"href":"https:\/\/soydeaqui.ddns.net\/pachuca\/index.php\/wp-json\/wp\/v2\/comments?post=52089"}],"wp:featuredmedia":[{"embeddable":true,"href":"https:\/\/soydeaqui.ddns.net\/pachuca\/index.php\/wp-json\/wp\/v2\/media\/52088"}],"wp:attachment":[{"href":"https:\/\/soydeaqui.ddns.net\/pachuca\/index.php\/wp-json\/wp\/v2\/media?parent=52089"}],"wp:term":[{"taxonomy":"product_brand","embeddable":true,"href":"https:\/\/soydeaqui.ddns.net\/pachuca\/index.php\/wp-json\/wp\/v2\/product_brand?post=52089"},{"taxonomy":"product_cat","embeddable":true,"href":"https:\/\/soydeaqui.ddns.net\/pachuca\/index.php\/wp-json\/wp\/v2\/product_cat?post=52089"},{"taxonomy":"product_tag","embeddable":true,"href":"https:\/\/soydeaqui.ddns.net\/pachuca\/index.php\/wp-json\/wp\/v2\/product_tag?post=52089"}],"curies":[{"name":"wp","href":"https:\/\/api.w.org\/{rel}","templated":true}]}}