{"id":5205,"date":"2026-03-18T06:28:28","date_gmt":"2026-03-18T06:28:28","guid":{"rendered":"https:\/\/soydeaqui.ddns.net\/pachuca\/index.php\/producto\/gabinete-mediano-de-policarbonato-transparente-sper-resistente-con-sirena-estrobo-y-cerradura-manual\/"},"modified":"2026-03-18T06:28:28","modified_gmt":"2026-03-18T06:28:28","slug":"gabinete-mediano-de-policarbonato-transparente-sper-resistente-con-sirena-estrobo-y-cerradura-manual","status":"publish","type":"product","link":"https:\/\/soydeaqui.ddns.net\/pachuca\/index.php\/producto\/gabinete-mediano-de-policarbonato-transparente-sper-resistente-con-sirena-estrobo-y-cerradura-manual\/","title":{"rendered":"Gabinete Mediano de Policarbonato Transparente S?per Resistente con Sirena\/Estrobo y Cerradura Manual"},"content":{"rendered":"<div style='width: 100%; max-width: 1200px; margin: 0 auto; font-family: sans-serif; line-height: 1.6; color: inherit; background-color: transparent;'> <!-- Secci\u00f3n de caracter\u00edsticas principales --> <\/p>\n<div style='display: flex; flex-wrap: wrap; gap: 30px; margin-bottom: 30px;'>\n<div style='flex: 1 1 300px; min-width: 280px;'>\n<h3 style='font-size: 22px; border-bottom: 2px solid currentColor; padding-bottom: 5px; margin-top: 0; color: inherit; opacity: 0.8;'>Caracter\u00edsticas Generales<\/h3>\n<ul style='padding-left: 20px; font-size: 15px; color: inherit;'>\n<li style='margin-bottom: 5px;'>Cubierta de policarbonato transparente con estabilizaci\u00f3n UV<\/li>\n<li style='margin-bottom: 5px;'>Tres a\u00f1os de garant\u00eda contra rotura del policarbonato en uso normal<\/li>\n<li style='margin-bottom: 5px;'>Propiedades de trabajo del policarbonato: -40\u00b0 a 250\u00b0F (-40\u00b0 a 121\u00b0C)<\/li>\n<li style='margin-bottom: 5px;'>Certificaci\u00f3n Type 4X y UL Listed<\/li>\n<li style='margin-bottom: 5px;'>Montaje en pared con pesta\u00f1as externas<\/li>\n<li style='margin-bottom: 5px;'>Incluye hardware de montaje y junta<\/li>\n<li style='margin-bottom: 5px;'>Ojo de cerradura adicional para candado secundario o sello de seguridad<\/li>\n<\/ul><\/div>\n<div style='flex: 1 1 300px; min-width: 280px;'>\n<h3 style='font-size: 22px; border-bottom: 2px solid currentColor; padding-bottom: 5px; margin-top: 0; color: inherit; opacity: 0.8;'>Caracter\u00edsticas de Seguridad<\/h3>\n<ul style='padding-left: 20px; font-size: 15px; color: inherit;'>\n<li style='margin-bottom: 5px;'>Cerradura manual de tipo thumb lock<\/li>\n<li style='margin-bottom: 5px;'>Alarma sonora y visual (sirena\/estrobo) integrada<\/li>\n<li style='margin-bottom: 5px;'>32 tonos seleccionables por el usuario<\/li>\n<li style='margin-bottom: 5px;'>Ajuste de volumen de alarma: 85 \u00f3 100 dB<\/li>\n<li style='margin-bottom: 5px;'>Temporizador independiente de estrobo y sirena: 15&comma; 30&comma; 60 segundos o continuo<\/li>\n<li style='margin-bottom: 5px;'>Indicador de bater\u00eda baja<\/li>\n<li style='margin-bottom: 5px;'>Alimentaci\u00f3n: Bater\u00eda de 9VDC o 12-30VDC externos<\/li>\n<\/ul><\/div>\n<\/p><\/div>\n<p> <!-- Secci\u00f3n de especificaciones t\u00e9cnicas --> <\/p>\n<div style='display: flex; flex-wrap: wrap; gap: 20px; margin-bottom: 30px;'>\n<div style='flex: 1 1 250px; border: 1px solid rgba(150&comma; 150&comma; 150&comma; 0.4); border-radius: 8px; overflow: hidden; display: flex; flex-direction: column;'>\n<div style='padding: 15px; border-bottom: 1px solid rgba(150&comma; 150&comma; 150&comma; 0.2); font-weight: bold; font-size: 18px; color: inherit;'>Dimensiones<\/div>\n<div style='padding: 15px; color: inherit;'>\n<ul style='padding-left: 20px; margin: 0; font-size: 14px; list-style-type: disc;'>\n<li style='margin-bottom: 5px;'><strong>Ancho:<\/strong> 309 mm (12.2 in)<\/li>\n<li style='margin-bottom: 5px;'><strong>Alto:<\/strong> 360 mm (14.2 in)<\/li>\n<li style='margin-bottom: 5px;'><strong>Profundidad:<\/strong> 163 mm (6.44 in)<\/li>\n<\/ul><\/div>\n<\/p><\/div>\n<div style='flex: 1 1 250px; border: 1px solid rgba(150&comma; 150&comma; 150&comma; 0.4); border-radius: 8px; overflow: hidden; display: flex; flex-direction: column;'>\n<div style='padding: 15px; border-bottom: 1px solid rgba(150&comma; 150&comma; 150&comma; 0.2); font-weight: bold; font-size: 18px; color: inherit;'>Aprobaciones<\/div>\n<div style='padding: 15px; color: inherit;'>\n<ul style='padding-left: 20px; margin: 0; font-size: 14px; list-style-type: disc;'>\n<li style='margin-bottom: 5px;'>UL S7255<\/li>\n<li style='margin-bottom: 5px;'>Type 4X Certificado<\/li>\n<li style='margin-bottom: 5px;'>Pruebas UL38&comma; UL50 y UL2017<\/li>\n<\/ul><\/div>\n<\/p><\/div>\n<div style='flex: 1 1 250px; border: 1px solid rgba(150&comma; 150&comma; 150&comma; 0.4); border-radius: 8px; overflow: hidden; display: flex; flex-direction: column;'>\n<div style='padding: 15px; border-bottom: 1px solid rgba(150&comma; 150&comma; 150&comma; 0.2); font-weight: bold; font-size: 18px; color: inherit;'>Garant\u00eda<\/div>\n<div style='padding: 15px; color: inherit;'>\n<ul style='padding-left: 20px; margin: 0; font-size: 14px; list-style-type: disc;'>\n<li style='margin-bottom: 5px;'>3 a\u00f1os contra rotura del policarbonato en uso normal<\/li>\n<li style='margin-bottom: 5px;'>1 a\u00f1o en componentes electro-mec\u00e1nicos y electr\u00f3nicos<\/li>\n<\/ul><\/div>\n<\/p><\/div>\n<\/p><\/div>\n<p> <!-- Secci\u00f3n de aplicaciones --> <\/p>\n<div style='margin-bottom: 30px;'>\n<h3 style='font-size: 22px; border-bottom: 2px solid currentColor; padding-bottom: 5px; margin-top: 0; margin-bottom: 15px; color: inherit; opacity: 0.8;'>Aplicaciones<\/h3>\n<p style='font-size: 15px; color: inherit; margin-bottom: 15px;'>Dise\u00f1ado para protecci\u00f3n f\u00edsica y ambiental de equipos electr\u00f3nicos como:<\/p>\n<ul style='padding-left: 20px; font-size: 15px; color: inherit;'>\n<li style='margin-bottom: 5px;'>Anunciadores remotos<\/li>\n<li style='margin-bottom: 5px;'>Paneles de control de alarma contra incendios<\/li>\n<li style='margin-bottom: 5px;'>Otros equipos electr\u00f3nicos que requieran protecci\u00f3n<\/li>\n<\/ul><\/div>\n<p> <!-- Separador --> <\/p>\n<hr style='border: 0; border-top: 1px solid rgba(150&comma; 150&comma; 150&comma; 0.3); margin: 30px 0;'> <!-- Secci\u00f3n de accesorios --> <\/p>\n<div style='margin-bottom: 30px;'>\n<h3 style='font-size: 22px; border-bottom: 2px solid currentColor; padding-bottom: 5px; margin-top: 0; margin-bottom: 15px; color: inherit; opacity: 0.8;'>Accesorios Disponibles<\/h3>\n<ul style='padding-left: 20px; font-size: 15px; color: inherit;'>\n<li style='margin-bottom: 5px;'><strong>STI-6453:<\/strong> Alarma de sirena de reemplazo<\/li>\n<li style='margin-bottom: 5px;'><strong>E05000:<\/strong> Alarma de sirena\/estrobo de reemplazo<\/li>\n<li style='margin-bottom: 5px;'><strong>KIT-W07530:<\/strong> Estante de alambre para serie STI-7530<\/li>\n<li style='margin-bottom: 5px;'><strong>KIT-H18021:<\/strong> Tuerca de conducci\u00f3n Type 4X 3\/4&#8242; (no para serie STI-7530)<\/li>\n<li style='margin-bottom: 5px;'><strong>KIT-H18054:<\/strong> Llave adicional #CH751<\/li>\n<li style='margin-bottom: 5px;'><strong>KIT-H18075:<\/strong> Llave de repuesto para alarma sirena\/estrobo<\/li>\n<li style='margin-bottom: 5px;'><strong>KIT-H19032:<\/strong> Llave #2341 para alarma de sirena<\/li>\n<li style='margin-bottom: 5px;'><strong>KIT-82:<\/strong> Tornillos de acero inoxidable tipo &#8216;serpiente&#8217; #8 x 1.5&#8242; (4 unidades)<\/li>\n<\/ul><\/div>\n<\/p><\/div>\n","protected":false},"excerpt":{"rendered":"<p>Gabinete Mediano de Policarbonato Transparente S?per Resistente con Sirena\/Estrobo y Cerradura Manual<\/p>\n","protected":false},"featured_media":5204,"comment_status":"open","ping_status":"closed","template":"","meta":[],"product_brand":[],"product_cat":[199],"product_tag":[201,200,169],"class_list":{"0":"post-5205","1":"product","2":"type-product","3":"status-publish","4":"has-post-thumbnail","6":"product_cat-carcasas","7":"product_tag-carcasas","8":"product_tag-gabinetes-y-carcasas","9":"product_tag-sti","11":"first","12":"outofstock","13":"sale","14":"shipping-taxable","15":"purchasable","16":"product-type-simple"},"_links":{"self":[{"href":"https:\/\/soydeaqui.ddns.net\/pachuca\/index.php\/wp-json\/wp\/v2\/product\/5205","targetHints":{"allow":["GET"]}}],"collection":[{"href":"https:\/\/soydeaqui.ddns.net\/pachuca\/index.php\/wp-json\/wp\/v2\/product"}],"about":[{"href":"https:\/\/soydeaqui.ddns.net\/pachuca\/index.php\/wp-json\/wp\/v2\/types\/product"}],"replies":[{"embeddable":true,"href":"https:\/\/soydeaqui.ddns.net\/pachuca\/index.php\/wp-json\/wp\/v2\/comments?post=5205"}],"wp:featuredmedia":[{"embeddable":true,"href":"https:\/\/soydeaqui.ddns.net\/pachuca\/index.php\/wp-json\/wp\/v2\/media\/5204"}],"wp:attachment":[{"href":"https:\/\/soydeaqui.ddns.net\/pachuca\/index.php\/wp-json\/wp\/v2\/media?parent=5205"}],"wp:term":[{"taxonomy":"product_brand","embeddable":true,"href":"https:\/\/soydeaqui.ddns.net\/pachuca\/index.php\/wp-json\/wp\/v2\/product_brand?post=5205"},{"taxonomy":"product_cat","embeddable":true,"href":"https:\/\/soydeaqui.ddns.net\/pachuca\/index.php\/wp-json\/wp\/v2\/product_cat?post=5205"},{"taxonomy":"product_tag","embeddable":true,"href":"https:\/\/soydeaqui.ddns.net\/pachuca\/index.php\/wp-json\/wp\/v2\/product_tag?post=5205"}],"curies":[{"name":"wp","href":"https:\/\/api.w.org\/{rel}","templated":true}]}}