{"id":52020,"date":"2026-03-18T23:24:25","date_gmt":"2026-03-18T23:24:25","guid":{"rendered":"https:\/\/soydeaqui.ddns.net\/pachuca\/index.php\/producto\/barra-led-color-claro-de-una-fila-12-24-vcc-9-pulgadas-de-largo-2175-lumenes-montaje-permanente\/"},"modified":"2026-03-18T23:24:33","modified_gmt":"2026-03-18T23:24:33","slug":"barra-led-color-claro-de-una-fila-12-24-vcc-9-pulgadas-de-largo-2175-lumenes-montaje-permanente","status":"publish","type":"product","link":"https:\/\/soydeaqui.ddns.net\/pachuca\/index.php\/producto\/barra-led-color-claro-de-una-fila-12-24-vcc-9-pulgadas-de-largo-2175-lumenes-montaje-permanente\/","title":{"rendered":"Barra LED color claro de una fila, 12-24 Vcc, 9 pulgadas de largo, 2175 l\u00famenes, Montaje Permanente"},"content":{"rendered":"<div style='width: 100%; max-width: 1200px; margin: 0 auto; font-family: sans-serif; line-height: 1.6; color: inherit; background-color: transparent;'> <!-- Secci\u00f3n de t\u00edtulo --> <\/p>\n<div style='margin-bottom: 30px;'>\n<h1 style='margin: 0; padding: 0; font-size: 36px; font-family: EurostileLTPro-BoldEx2&comma; Arial Black&comma; sans-serif; text-transform: uppercase; color: #f7941d; letter-spacing: 0.35px; color: inherit;'>serie EW3100<\/h1>\n<h2 style='margin: 0; padding: 0; font-size: 22px; line-height: 26px; font-family: FrutigerLTPro-Bold&comma; Arial&comma; sans-serif; color: #002e5e; letter-spacing: 0.35px; color: inherit; opacity: 0.8;'>DE UNA FILA<\/h2>\n<\/p><\/div>\n<p> <!-- Secci\u00f3n de contenido con flex --> <\/p>\n<div style='display: flex; flex-wrap: wrap; gap: 30px; margin-bottom: 30px;'>\n<div style='flex: 1 1 300px; min-width: 280px;'>\n<h3 style='font-size: 22px; border-bottom: 2px solid currentColor; padding-bottom: 5px; margin-top: 0; color: inherit; opacity: 0.8;'>Descripci\u00f3n<\/h3>\n<p style='font-size: 15px; color: inherit; margin-top: 0; margin-bottom: 15px;'> Las barras utilitarias de una sola fila de ECCO ofrecen una vida \u00fatil prolongada y libre de mantenimiento&comma; un bajo consumo de amperaje y una salida de luz blanca extremadamente brillante. Disponible en tres longitudes&comma; cada una con una opci\u00f3n de dos opciones de montaje. Estas barras son una opci\u00f3n ideal tanto para aplicaciones comerciales como recreativas. Las caracter\u00edsticas incluyen operaci\u00f3n de 12-24 VCC&comma; LED de 5 vatios&comma; patrones de haz de inundaci\u00f3n o combinaci\u00f3n de inundaci\u00f3n\/punto&comma; carcasa resistente&comma; lente de policarbonato con recubrimiento resistente a los rayos UV y una garant\u00eda de 5 a\u00f1os. <\/p>\n<\/p><\/div>\n<\/p><\/div>\n<p> <!-- Secci\u00f3n de especificaciones --> <\/p>\n<div style='display: flex; flex-wrap: wrap; gap: 20px; margin-bottom: 30px;'>\n<div style='flex: 1 1 250px; border: 1px solid rgba(150&comma; 150&comma; 150&comma; 0.4); border-radius: 8px; overflow: hidden; display: flex; flex-direction: column;'>\n<div style='padding: 15px; border-bottom: 1px solid rgba(150&comma; 150&comma; 150&comma; 0.2); font-weight: bold; font-size: 18px; color: inherit;'>Especificaciones<\/div>\n<div style='padding: 15px; color: inherit;'>\n<ul style='padding-left: 20px; margin: 0; font-size: 14px; list-style-type: disc;'>\n<li style='margin-bottom: 5px;'><strong>AMPS:<\/strong> 1.8A<\/li>\n<li style='margin-bottom: 5px;'><strong>CERTIFICACIONES:<\/strong> CE&comma; IP67&comma; ROHS<\/li>\n<li style='margin-bottom: 5px;'><strong>PROFUNDIDAD:<\/strong> 2&#8242;<\/li>\n<li style='margin-bottom: 5px;'><strong>ALTURA:<\/strong> 2.1&#8242;<\/li>\n<li style='margin-bottom: 5px;'><strong>LUMENES:<\/strong> 2&comma;175 RAW<\/li>\n<li style='margin-bottom: 5px;'><strong>VOLTAJE:<\/strong> 12-24 V<\/li>\n<li style='margin-bottom: 5px;'><strong>GARANT\u00cdA:<\/strong> 5 a\u00f1os<\/li>\n<\/ul><\/div>\n<\/p><\/div>\n<\/p><\/div>\n<p> <!-- Separador --> <\/p>\n<hr style='border: 0; border-top: 1px solid rgba(150&comma; 150&comma; 150&comma; 0.3); margin: 30px 0;'> <\/div>\n","protected":false},"excerpt":{"rendered":"<p>Barra LED color claro de una fila, 12-24 Vcc, 9 pulgadas de largo, 2175 l\u00famenes, Montaje Permanente<\/p>\n","protected":false},"featured_media":52019,"comment_status":"open","ping_status":"closed","template":"","meta":[],"product_brand":[],"product_cat":[1358],"product_tag":[1356,502,1359],"class_list":{"0":"post-52020","1":"product","2":"type-product","3":"status-publish","4":"has-post-thumbnail","6":"product_cat-rojo-azul","7":"product_tag-barras-de-luz-torretas-vehiculares","8":"product_tag-ecco","9":"product_tag-rojo-azul","11":"first","12":"instock","13":"sale","14":"shipping-taxable","15":"purchasable","16":"product-type-simple"},"_links":{"self":[{"href":"https:\/\/soydeaqui.ddns.net\/pachuca\/index.php\/wp-json\/wp\/v2\/product\/52020","targetHints":{"allow":["GET"]}}],"collection":[{"href":"https:\/\/soydeaqui.ddns.net\/pachuca\/index.php\/wp-json\/wp\/v2\/product"}],"about":[{"href":"https:\/\/soydeaqui.ddns.net\/pachuca\/index.php\/wp-json\/wp\/v2\/types\/product"}],"replies":[{"embeddable":true,"href":"https:\/\/soydeaqui.ddns.net\/pachuca\/index.php\/wp-json\/wp\/v2\/comments?post=52020"}],"wp:featuredmedia":[{"embeddable":true,"href":"https:\/\/soydeaqui.ddns.net\/pachuca\/index.php\/wp-json\/wp\/v2\/media\/52019"}],"wp:attachment":[{"href":"https:\/\/soydeaqui.ddns.net\/pachuca\/index.php\/wp-json\/wp\/v2\/media?parent=52020"}],"wp:term":[{"taxonomy":"product_brand","embeddable":true,"href":"https:\/\/soydeaqui.ddns.net\/pachuca\/index.php\/wp-json\/wp\/v2\/product_brand?post=52020"},{"taxonomy":"product_cat","embeddable":true,"href":"https:\/\/soydeaqui.ddns.net\/pachuca\/index.php\/wp-json\/wp\/v2\/product_cat?post=52020"},{"taxonomy":"product_tag","embeddable":true,"href":"https:\/\/soydeaqui.ddns.net\/pachuca\/index.php\/wp-json\/wp\/v2\/product_tag?post=52020"}],"curies":[{"name":"wp","href":"https:\/\/api.w.org\/{rel}","templated":true}]}}