{"id":52018,"date":"2026-03-18T23:24:20","date_gmt":"2026-03-18T23:24:20","guid":{"rendered":"https:\/\/soydeaqui.ddns.net\/pachuca\/index.php\/producto\/alarma-de-reversa-inteligente-12-24-v-77-97-dba\/"},"modified":"2026-03-18T23:24:21","modified_gmt":"2026-03-18T23:24:21","slug":"alarma-de-reversa-inteligente-12-24-v-77-97-dba","status":"publish","type":"product","link":"https:\/\/soydeaqui.ddns.net\/pachuca\/index.php\/producto\/alarma-de-reversa-inteligente-12-24-v-77-97-dba\/","title":{"rendered":"Alarma de reversa inteligente 12-24 V, 77- 97 dBA"},"content":{"rendered":"<div style='width: 100%; max-width: 1200px; margin: 0 auto; font-family: sans-serif; line-height: 1.6; color: inherit; background-color: transparent;'> <!-- Descripci\u00f3n principal --> <\/p>\n<div style='margin-bottom: 30px; font-size: 15px;'>\n<p>La Smart Alarm\u00ae de ECCO fue la primera alarma de reversa autoajustable del mundo&comma; midiendo constantemente el ruido ambiental y ajustando su nivel de sonido&comma; creando un volumen seguro sin ser molesto o contribuyendo a la contaminaci\u00f3n ac\u00fastica.<\/p>\n<p>Las alarmas inteligentes eliminan la necesidad de un ajuste manual constante y ayudan a prevenir la desconexi\u00f3n intencional de las alarmas. El soporte de montaje universal y de tama\u00f1o compacto maximiza las opciones de ubicaci\u00f3n&comma; conexi\u00f3n autom\u00e1tica a tierra con conexiones de terminales de esp\u00e1rrago&comma; sellado en epoxi para protecci\u00f3n contra el polvo&comma; la humedad y la vibraci\u00f3n.<\/p>\n<\/p><\/div>\n<p> <!-- Secci\u00f3n de caracter\u00edsticas --> <\/p>\n<div style='display: flex; flex-wrap: wrap; gap: 30px; margin-bottom: 30px;'>\n<div style='flex: 1 1 300px; min-width: 280px;'>\n<h3 style='font-size: 22px; border-bottom: 2px solid currentColor; padding-bottom: 5px; margin-top: 0; color: inherit; opacity: 0.8;'>CARACTER\u00cdSTICAS PRINCIPALES DEL PRODUCTO<\/h3>\n<ul style='padding-left: 20px; font-size: 15px; color: inherit;'>\n<li style='margin-bottom: 5px;'>Garant\u00eda de por vida<\/li>\n<li style='margin-bottom: 5px;'>Cumplimiento UL&comma; R10&comma; CE&comma; IP64<\/li>\n<li style='margin-bottom: 5px;'>Resistente al agua<\/li>\n<li style='margin-bottom: 5px;'>Carcaza policarbonato y carcasa a prueba de agua<\/li>\n<li style='margin-bottom: 5px;'>12-24 Vcd&comma; 0.3 Amp<\/li>\n<\/ul><\/div>\n<\/p><\/div>\n<p> <!-- Separador --> <\/p>\n<hr style='border: 0; border-top: 1px solid rgba(150&comma; 150&comma; 150&comma; 0.3); margin: 30px 0;'> <\/div>\n","protected":false},"excerpt":{"rendered":"<p>Alarma de reversa inteligente 12-24 V, 77- 97 dBA<\/p>\n","protected":false},"featured_media":52017,"comment_status":"open","ping_status":"closed","template":"","meta":[],"product_brand":[],"product_cat":[1395],"product_tag":[479,502,1393],"class_list":{"0":"post-52018","1":"product","2":"type-product","3":"status-publish","4":"has-post-thumbnail","6":"product_cat-bocinas-sirenas-bocinas-y-controladores-vehiculares","7":"product_tag-bocinas","8":"product_tag-ecco","9":"product_tag-sirenas-bocinas-y-controladores-vehiculares","11":"first","12":"outofstock","13":"sale","14":"shipping-taxable","15":"purchasable","16":"product-type-simple"},"_links":{"self":[{"href":"https:\/\/soydeaqui.ddns.net\/pachuca\/index.php\/wp-json\/wp\/v2\/product\/52018","targetHints":{"allow":["GET"]}}],"collection":[{"href":"https:\/\/soydeaqui.ddns.net\/pachuca\/index.php\/wp-json\/wp\/v2\/product"}],"about":[{"href":"https:\/\/soydeaqui.ddns.net\/pachuca\/index.php\/wp-json\/wp\/v2\/types\/product"}],"replies":[{"embeddable":true,"href":"https:\/\/soydeaqui.ddns.net\/pachuca\/index.php\/wp-json\/wp\/v2\/comments?post=52018"}],"wp:featuredmedia":[{"embeddable":true,"href":"https:\/\/soydeaqui.ddns.net\/pachuca\/index.php\/wp-json\/wp\/v2\/media\/52017"}],"wp:attachment":[{"href":"https:\/\/soydeaqui.ddns.net\/pachuca\/index.php\/wp-json\/wp\/v2\/media?parent=52018"}],"wp:term":[{"taxonomy":"product_brand","embeddable":true,"href":"https:\/\/soydeaqui.ddns.net\/pachuca\/index.php\/wp-json\/wp\/v2\/product_brand?post=52018"},{"taxonomy":"product_cat","embeddable":true,"href":"https:\/\/soydeaqui.ddns.net\/pachuca\/index.php\/wp-json\/wp\/v2\/product_cat?post=52018"},{"taxonomy":"product_tag","embeddable":true,"href":"https:\/\/soydeaqui.ddns.net\/pachuca\/index.php\/wp-json\/wp\/v2\/product_tag?post=52018"}],"curies":[{"name":"wp","href":"https:\/\/api.w.org\/{rel}","templated":true}]}}