{"id":52012,"date":"2026-03-18T23:24:10","date_gmt":"2026-03-18T23:24:10","guid":{"rendered":"https:\/\/soydeaqui.ddns.net\/pachuca\/index.php\/producto\/bocina-compacta-de-uso-rudo-100-watts-de-potencia-ideal-para-vehiculos-de-encubierto-con-soporte-universal-11-ohms-de-impedancia\/"},"modified":"2026-03-18T23:24:18","modified_gmt":"2026-03-18T23:24:18","slug":"bocina-compacta-de-uso-rudo-100-watts-de-potencia-ideal-para-vehiculos-de-encubierto-con-soporte-universal-11-ohms-de-impedancia","status":"publish","type":"product","link":"https:\/\/soydeaqui.ddns.net\/pachuca\/index.php\/producto\/bocina-compacta-de-uso-rudo-100-watts-de-potencia-ideal-para-vehiculos-de-encubierto-con-soporte-universal-11-ohms-de-impedancia\/","title":{"rendered":"Bocina Compacta de Uso Rudo, 100 Watts de Potencia, Ideal Para Veh\u00edculos de Encubierto, Con Soporte Universal, 11 Ohms de Impedancia"},"content":{"rendered":"<div style='width: 100%; max-width: 1200px; margin: 0 auto; font-family: sans-serif; line-height: 1.6; color: inherit; background-color: transparent;'> <!-- Secci\u00f3n de t\u00edtulo --> <\/p>\n<div style='margin-bottom: 30px;'>\n<h1 style='margin: 0; font-size: 32px; color: #e91c24; font-family: EurostileLTPro-BoldEx2&comma; Arial Black&comma; sans-serif; text-transform: uppercase; letter-spacing: 0.35px;'> <span style='color: #2880b9;'>serie C3100\u2122<\/span> <\/h1>\n<h2 style='margin: 10px 0 20px; font-size: 22px; line-height: 26px; font-family: FrutigerLTPro-Bold&comma; Arial&comma; sans-serif; text-transform: uppercase; letter-spacing: 0.35px; color: inherit;'> ALTAVOZ LIGERO Y RESISTENTE AL CLIMA <\/h2>\n<\/p><\/div>\n<p> <!-- Secci\u00f3n de descripci\u00f3n --> <\/p>\n<div style='margin-bottom: 30px;'>\n<p style='margin: 0 0 20px; font-size: 15px; color: inherit; background-color: #f8f9fa; padding: 10px; border-left: 4px solid rgba(150&comma;150&comma;150&comma;0.3);'> El dise\u00f1o de bajo perfil de la serie C3100 \u2122 funciona con todas las sirenas ECCO. Las caracter\u00edsticas incluyen alta eficiencia&comma; montaje de rejilla f\u00e1cil de instalar&comma; soportes de montaje universales y espec\u00edficos del veh\u00edculo&comma; y produce un tono de baja frecuencia con amplificador Banshee\u00ae. <\/p>\n<\/p><\/div>\n<p> <!-- Secci\u00f3n de especificaciones --> <\/p>\n<div style='margin-bottom: 30px;'>\n<h3 style='font-size: 20px; border-bottom: 2px solid currentColor; padding-bottom: 5px; margin: 0 0 20px; color: inherit; text-transform: uppercase; background-color: #000000; color: #ffffff; padding: 10px; text-align: center;'> especificaciones <\/h3>\n<div style='display: flex; flex-wrap: wrap; gap: 20px;'>\n<div style='flex: 1 1 250px; border: 1px solid rgba(150&comma; 150&comma; 150&comma; 0.4); border-radius: 8px; overflow: hidden; display: flex; flex-direction: column;'>\n<div style='padding: 15px; border-bottom: 1px solid rgba(150&comma; 150&comma; 150&comma; 0.2); font-weight: bold; font-size: 16px; color: inherit; background-color: #f8f9fa;'> Dimensiones y Potencia <\/div>\n<div style='padding: 15px; color: inherit;'>\n<ul style='padding-left: 20px; margin: 0; font-size: 14px; list-style-type: disc;'>\n<li style='margin-bottom: 8px;'><strong>Altura:<\/strong> 6.3\u00a8<\/li>\n<li style='margin-bottom: 8px;'><strong>Profundidad:<\/strong> 3.3\u00a8<\/li>\n<li style='margin-bottom: 8px;'><strong>Anchura:<\/strong> 6.3\u00a8<\/li>\n<li style='margin-bottom: 8px;'><strong>Potencia:<\/strong> 100 Watts<\/li>\n<\/ul><\/div>\n<\/p><\/div>\n<div style='flex: 1 1 250px; border: 1px solid rgba(150&comma; 150&comma; 150&comma; 0.4); border-radius: 8px; overflow: hidden; display: flex; flex-direction: column;'>\n<div style='padding: 15px; border-bottom: 1px solid rgba(150&comma; 150&comma; 150&comma; 0.2); font-weight: bold; font-size: 16px; color: inherit; background-color: #f8f9fa;'> Certificaciones y Garant\u00eda <\/div>\n<div style='padding: 15px; color: inherit;'>\n<ul style='padding-left: 20px; margin: 0; font-size: 14px; list-style-type: disc;'>\n<li style='margin-bottom: 8px;'><strong>Certificaciones:<\/strong> SAE J1849&comma; CALIFORNIA TITLE 13<\/li>\n<li><strong>Garant\u00eda:<\/strong> 5 a\u00f1os<\/li>\n<\/ul><\/div>\n<\/p><\/div>\n<\/p><\/div>\n<\/p><\/div>\n<\/p><\/div>\n","protected":false},"excerpt":{"rendered":"<p>Bocina Compacta de Uso Rudo, 100 Watts de Potencia, Ideal Para Veh\u00edculos de Encubierto, Con Soporte Universal, 11 Ohms de Impedancia<\/p>\n","protected":false},"featured_media":52011,"comment_status":"open","ping_status":"closed","template":"","meta":[],"product_brand":[],"product_cat":[1395],"product_tag":[479,502,1393],"class_list":{"0":"post-52012","1":"product","2":"type-product","3":"status-publish","4":"has-post-thumbnail","6":"product_cat-bocinas-sirenas-bocinas-y-controladores-vehiculares","7":"product_tag-bocinas","8":"product_tag-ecco","9":"product_tag-sirenas-bocinas-y-controladores-vehiculares","11":"first","12":"instock","13":"sale","14":"shipping-taxable","15":"purchasable","16":"product-type-simple"},"_links":{"self":[{"href":"https:\/\/soydeaqui.ddns.net\/pachuca\/index.php\/wp-json\/wp\/v2\/product\/52012","targetHints":{"allow":["GET"]}}],"collection":[{"href":"https:\/\/soydeaqui.ddns.net\/pachuca\/index.php\/wp-json\/wp\/v2\/product"}],"about":[{"href":"https:\/\/soydeaqui.ddns.net\/pachuca\/index.php\/wp-json\/wp\/v2\/types\/product"}],"replies":[{"embeddable":true,"href":"https:\/\/soydeaqui.ddns.net\/pachuca\/index.php\/wp-json\/wp\/v2\/comments?post=52012"}],"wp:featuredmedia":[{"embeddable":true,"href":"https:\/\/soydeaqui.ddns.net\/pachuca\/index.php\/wp-json\/wp\/v2\/media\/52011"}],"wp:attachment":[{"href":"https:\/\/soydeaqui.ddns.net\/pachuca\/index.php\/wp-json\/wp\/v2\/media?parent=52012"}],"wp:term":[{"taxonomy":"product_brand","embeddable":true,"href":"https:\/\/soydeaqui.ddns.net\/pachuca\/index.php\/wp-json\/wp\/v2\/product_brand?post=52012"},{"taxonomy":"product_cat","embeddable":true,"href":"https:\/\/soydeaqui.ddns.net\/pachuca\/index.php\/wp-json\/wp\/v2\/product_cat?post=52012"},{"taxonomy":"product_tag","embeddable":true,"href":"https:\/\/soydeaqui.ddns.net\/pachuca\/index.php\/wp-json\/wp\/v2\/product_tag?post=52012"}],"curies":[{"name":"wp","href":"https:\/\/api.w.org\/{rel}","templated":true}]}}