{"id":520,"date":"2026-03-18T05:40:25","date_gmt":"2026-03-18T05:40:25","guid":{"rendered":"https:\/\/soydeaqui.ddns.net\/pachuca\/index.php\/producto\/altavoz-portatil-de-alta-fidelidad-hyperspike-serie-hs-10-con-aislante-de-ruido-color-gris-con-negro\/"},"modified":"2026-03-18T05:40:25","modified_gmt":"2026-03-18T05:40:25","slug":"altavoz-portatil-de-alta-fidelidad-hyperspike-serie-hs-10-con-aislante-de-ruido-color-gris-con-negro","status":"publish","type":"product","link":"https:\/\/soydeaqui.ddns.net\/pachuca\/index.php\/producto\/altavoz-portatil-de-alta-fidelidad-hyperspike-serie-hs-10-con-aislante-de-ruido-color-gris-con-negro\/","title":{"rendered":"Altavoz Port\u00e1til De Alta Fidelidad HyperSpike\u00ae Serie HS-10, Con Aislante De Ruido, Color Gris Con Negro"},"content":{"rendered":"<div style='width: 100%; max-width: 1200px; margin: 0 auto; font-family: sans-serif; line-height: 1.6; color: inherit; background-color: transparent;'>\n<div style='display: flex; flex-wrap: wrap; gap: 30px; margin-bottom: 30px;'>\n<div style='flex: 1 1 300px; min-width: 280px;'>\n<h3 style='font-size: 22px; border-bottom: 2px solid currentColor; padding-bottom: 5px; margin-top: 0; color: inherit; opacity: 0.8;'>Descripci\u00f3n General<\/h3>\n<p style='font-size: 15px; color: inherit; text-align: justify;'>El HyperSpike\u00ae HS-10 es un revolucionario dispositivo de llamada ac\u00fastico port\u00e1til y aut\u00f3nomo. De f\u00e1cil acceso&comma; el tono de alerta de alta frecuencia incorporado penetra en entornos con mucho ruido de fondo y se activa f\u00e1cilmente con solo presionar un bot\u00f3n. Superando los meg\u00e1fonos tradicionales y los dispositivos de llamada comunes&comma; el HS-10 ofrece comandos claros&comma; inteligibles y autorizados que se escuchan y comprenden.<\/p>\n<\/p><\/div>\n<\/p><\/div>\n<div style='display: flex; flex-wrap: wrap; gap: 20px; margin-bottom: 30px;'>\n<div style='flex: 1 1 250px; border: 1px solid rgba(150&comma; 150&comma; 150&comma; 0.4); border-radius: 8px; overflow: hidden; display: flex; flex-direction: column;'>\n<div style='padding: 15px; border-bottom: 1px solid rgba(150&comma; 150&comma; 150&comma; 0.2); font-weight: bold; font-size: 18px; color: inherit;'>Caracter\u00edsticas Generales<\/div>\n<div style='padding: 15px; color: inherit;'>\n<ul style='padding-left: 20px; margin: 0; font-size: 14px; list-style-type: disc;'>\n<li style='margin-bottom: 5px;'><strong>Salida ac\u00fastica:<\/strong> 144 dB SPL m\u00e1xima<\/li>\n<li style='margin-bottom: 5px;'><strong>Alcance:<\/strong> 750+ metros<\/li>\n<li style='margin-bottom: 5px;'><strong>Inteligibilidad:<\/strong> STI de 0.85 de 1.0<\/li>\n<li style='margin-bottom: 5px;'><strong>Peso:<\/strong> 15 libras<\/li>\n<li style='margin-bottom: 5px;'><strong>Construcci\u00f3n:<\/strong> Compuesta resistente<\/li>\n<li style='margin-bottom: 5px;'><strong>Funcionalidad:<\/strong> Integrada de grabaci\u00f3n\/reproducci\u00f3n<\/li>\n<li style='margin-bottom: 5px;'><strong>Controles:<\/strong> Ergon\u00f3micos<\/li>\n<li style='margin-bottom: 5px;'><strong>Haz ac\u00fastico:<\/strong> Estrecho de \u00b1 15 grados<\/li>\n<li style='margin-bottom: 5px;'><strong>Transductores:<\/strong> Disponible con uno o dos<\/li>\n<li style='margin-bottom: 5px;'><strong>Opciones de color:<\/strong> Negro&comma; gris&comma; rojo y blanco<\/li>\n<li style='margin-bottom: 5px;'><strong>Personalizaci\u00f3n:<\/strong> Colores y tratamientos disponibles<\/li>\n<\/ul><\/div>\n<\/p><\/div>\n<div style='flex: 1 1 250px; border: 1px solid rgba(150&comma; 150&comma; 150&comma; 0.4); border-radius: 8px; overflow: hidden; display: flex; flex-direction: column;'>\n<div style='padding: 15px; border-bottom: 1px solid rgba(150&comma; 150&comma; 150&comma; 0.2); font-weight: bold; font-size: 18px; color: inherit;'>Aplicaciones<\/div>\n<div style='padding: 15px; color: inherit;'>\n<ul style='padding-left: 20px; margin: 0; font-size: 14px; list-style-type: disc;'>\n<li style='margin-bottom: 5px;'>Control de la multitud<\/li>\n<li style='margin-bottom: 5px;'>B\u00fasqueda y rescate<\/li>\n<li style='margin-bottom: 5px;'>Primeros respondedores<\/li>\n<li style='margin-bottom: 5px;'>Cumplimiento de la ley<\/li>\n<li style='margin-bottom: 5px;'>Campus y seguridad p\u00fablica<\/li>\n<li style='margin-bottom: 5px;'>Control de emergencias y eventos<\/li>\n<li style='margin-bottom: 5px;'>Comunicaciones mar\u00edtimas<\/li>\n<li style='margin-bottom: 5px;'>Protecci\u00f3n de fronteras y puertos<\/li>\n<li style='margin-bottom: 5px;'>Control de aves<\/li>\n<\/ul><\/div>\n<\/p><\/div>\n<div style='flex: 1 1 250px; border: 1px solid rgba(150&comma; 150&comma; 150&comma; 0.4); border-radius: 8px; overflow: hidden; display: flex; flex-direction: column;'>\n<div style='padding: 15px; border-bottom: 1px solid rgba(150&comma; 150&comma; 150&comma; 0.2); font-weight: bold; font-size: 18px; color: inherit;'>Accesorios Incluidos<\/div>\n<div style='padding: 15px; color: inherit;'>\n<ul style='padding-left: 20px; margin: 0; font-size: 14px; list-style-type: disc;'>\n<li style='margin-bottom: 5px;'>Cargador de bater\u00edas<\/li>\n<li style='margin-bottom: 5px;'>Micr\u00f3fono al\u00e1mbrico<\/li>\n<li style='margin-bottom: 5px;'>Cable de entrada de l\u00ednea<\/li>\n<li style='margin-bottom: 5px;'>Aplicaci\u00f3n m\u00f3vil HyperSpike\u00ae<\/li>\n<li style='margin-bottom: 5px;'>Correa para el hombro (solo modelo R)<\/li>\n<li style='margin-bottom: 5px;'>Bolsa de accesorios (solo modelo R)<\/li>\n<\/ul><\/div>\n<\/p><\/div>\n<\/p><\/div>\n<hr style='border: 0; border-top: 1px solid rgba(150&comma; 150&comma; 150&comma; 0.3); margin: 30px 0;'>\n<div style='display: flex; flex-wrap: wrap; gap: 30px; margin-bottom: 30px; justify-content: center;'>\n<div style='flex: 1 1 300px; min-width: 280px; text-align: center;'>\n<h3 style='font-size: 22px; border-bottom: 2px solid currentColor; padding-bottom: 5px; margin-top: 0; color: inherit; opacity: 0.8;'>Comparativa<\/h3>\n<p style='font-size: 16px; font-weight: bold; color: inherit; margin: 5px 0;'>Altavoz Meg\u00e1fono Alta Fidelidad HyperSpike\u00ae Serie HS-10<\/p>\n<p style='font-size: 16px; font-weight: bold; color: inherit; margin: 5px 0;'>vs<\/p>\n<p style='font-size: 16px; font-weight: bold; color: inherit; margin: 5px 0;'>Meg\u00e1fono M\u00e1s Ruidoso Del Mundo<\/p>\n<\/p><\/div>\n<\/p><\/div>\n<div style='position: relative; padding-bottom: 56.25%; height: 0; overflow: hidden; margin-bottom: 30px;'>   <\/div>\n<\/p><\/div>\n","protected":false},"excerpt":{"rendered":"<p>Altavoz Port\u00e1til De Alta Fidelidad HyperSpike\u00ae Serie HS-10, Con Aislante De Ruido, Color Gris Con Negro<\/p>\n","protected":false},"featured_media":519,"comment_status":"open","ping_status":"closed","template":"","meta":[],"product_brand":[],"product_cat":[208],"product_tag":[209,197,109],"class_list":{"0":"post-520","1":"product","2":"type-product","3":"status-publish","4":"has-post-thumbnail","6":"product_cat-honeywell","7":"product_tag-honeywell","8":"product_tag-hyperspike","9":"product_tag-megafonia-y-audioevacuacion","11":"first","12":"outofstock","13":"sale","14":"shipping-taxable","15":"purchasable","16":"product-type-simple"},"_links":{"self":[{"href":"https:\/\/soydeaqui.ddns.net\/pachuca\/index.php\/wp-json\/wp\/v2\/product\/520","targetHints":{"allow":["GET"]}}],"collection":[{"href":"https:\/\/soydeaqui.ddns.net\/pachuca\/index.php\/wp-json\/wp\/v2\/product"}],"about":[{"href":"https:\/\/soydeaqui.ddns.net\/pachuca\/index.php\/wp-json\/wp\/v2\/types\/product"}],"replies":[{"embeddable":true,"href":"https:\/\/soydeaqui.ddns.net\/pachuca\/index.php\/wp-json\/wp\/v2\/comments?post=520"}],"wp:featuredmedia":[{"embeddable":true,"href":"https:\/\/soydeaqui.ddns.net\/pachuca\/index.php\/wp-json\/wp\/v2\/media\/519"}],"wp:attachment":[{"href":"https:\/\/soydeaqui.ddns.net\/pachuca\/index.php\/wp-json\/wp\/v2\/media?parent=520"}],"wp:term":[{"taxonomy":"product_brand","embeddable":true,"href":"https:\/\/soydeaqui.ddns.net\/pachuca\/index.php\/wp-json\/wp\/v2\/product_brand?post=520"},{"taxonomy":"product_cat","embeddable":true,"href":"https:\/\/soydeaqui.ddns.net\/pachuca\/index.php\/wp-json\/wp\/v2\/product_cat?post=520"},{"taxonomy":"product_tag","embeddable":true,"href":"https:\/\/soydeaqui.ddns.net\/pachuca\/index.php\/wp-json\/wp\/v2\/product_tag?post=520"}],"curies":[{"name":"wp","href":"https:\/\/api.w.org\/{rel}","templated":true}]}}