{"id":51984,"date":"2026-03-18T23:23:18","date_gmt":"2026-03-18T23:23:18","guid":{"rendered":"https:\/\/soydeaqui.ddns.net\/pachuca\/index.php\/producto\/bocina-ultradelgada-de-uso-rudo-100-watts-de-potencia-ideal-para-vehiculos-de-encubierto-soporte-en-u-11-ohms-de-impedancia\/"},"modified":"2026-03-18T23:23:25","modified_gmt":"2026-03-18T23:23:25","slug":"bocina-ultradelgada-de-uso-rudo-100-watts-de-potencia-ideal-para-vehiculos-de-encubierto-soporte-en-u-11-ohms-de-impedancia","status":"publish","type":"product","link":"https:\/\/soydeaqui.ddns.net\/pachuca\/index.php\/producto\/bocina-ultradelgada-de-uso-rudo-100-watts-de-potencia-ideal-para-vehiculos-de-encubierto-soporte-en-u-11-ohms-de-impedancia\/","title":{"rendered":"Bocina Ultradelgada de Uso Rudo, 100 Watts de Potencia, Ideal Para Veh\u00edculos de Encubierto, Soporte en U, 11 Ohms de Impedancia"},"content":{"rendered":"<div style='width: 100%; max-width: 1200px; margin: 0 auto; font-family: sans-serif; line-height: 1.6; color: inherit; background-color: transparent;'>\n<div style='display: flex; flex-wrap: wrap; gap: 30px; margin-bottom: 30px;'>\n<div style='flex: 1 1 300px; min-width: 280px;'>\n<h3 style='font-size: 22px; border-bottom: 2px solid currentColor; padding-bottom: 5px; margin-top: 0; color: inherit; opacity: 0.8;'>Descripci\u00f3n<\/h3>\n<p style='font-size: 15px; color: inherit; line-height: 1.5;'> El altavoz de la serie C3900 ofrece tecnolog\u00eda l\u00edder en la industria en un dise\u00f1o de bajo perfil. Con una disminuci\u00f3n del 40% en la profundidad en comparaci\u00f3n con los principales competidores&comma; el C3900 permite al usuario montar en m\u00faltiples ubicaciones de veh\u00edculos sin comprometer los niveles de dB. Este altavoz ofrece una durabilidad sin compromisos junto con la presi\u00f3n de sonido m\u00e1s alta del mercado cuando se combina con cualquier sirena. El C3900 est\u00e1 dise\u00f1ado para caber f\u00e1cilmente detr\u00e1s de la rejilla de veh\u00edculos policiales bajo cubierta. <\/p>\n<\/p><\/div>\n<\/p><\/div>\n<div style='display: flex; flex-wrap: wrap; gap: 20px; margin-bottom: 30px;'>\n<div style='flex: 1 1 250px; border: 1px solid rgba(150&comma; 150&comma; 150&comma; 0.4); border-radius: 8px; overflow: hidden; display: flex; flex-direction: column;'>\n<div style='padding: 15px; border-bottom: 1px solid rgba(150&comma; 150&comma; 150&comma; 0.2); font-weight: bold; font-size: 18px; color: inherit; background-color: #e91c24; color: #ffffff; text-transform: uppercase;'>Especificaciones<\/div>\n<div style='padding: 15px; color: inherit;'>\n<ul style='padding-left: 20px; margin: 0; font-size: 14px; list-style-type: disc;'>\n<li style='margin-bottom: 5px;'><strong>Certificaciones:<\/strong> SAE J1849&comma; CA TITLE 13<\/li>\n<li style='margin-bottom: 5px;'><strong>Profundidad:<\/strong> 1.6&#8242;<\/li>\n<li style='margin-bottom: 5px;'><strong>Altura:<\/strong> 6&#8242;<\/li>\n<li style='margin-bottom: 5px;'><strong>Montaje:<\/strong> U BAIL BRACKET<\/li>\n<li style='margin-bottom: 5px;'><strong>Garant\u00eda:<\/strong> 5 A\u00d1OS<\/li>\n<li style='margin-bottom: 5px;'><strong>Watts:<\/strong> 100<\/li>\n<li style='margin-bottom: 5px;'><strong>Anchura:<\/strong> 5.6&#8242;<\/li>\n<\/ul><\/div>\n<\/p><\/div>\n<\/p><\/div>\n<hr style='border: 0; border-top: 1px solid rgba(150&comma; 150&comma; 150&comma; 0.3); margin: 30px 0;'> <\/div>\n","protected":false},"excerpt":{"rendered":"<p>Bocina Ultradelgada de Uso Rudo, 100 Watts de Potencia, Ideal Para Veh\u00edculos de Encubierto, Soporte en U, 11 Ohms de Impedancia<\/p>\n","protected":false},"featured_media":51983,"comment_status":"open","ping_status":"closed","template":"","meta":[],"product_brand":[],"product_cat":[1392],"product_tag":[502,1394,1393],"class_list":{"0":"post-51984","1":"product","2":"type-product","3":"status-publish","4":"has-post-thumbnail","6":"product_cat-sirenas","7":"product_tag-ecco","8":"product_tag-sirenas","9":"product_tag-sirenas-bocinas-y-controladores-vehiculares","11":"first","12":"instock","13":"sale","14":"shipping-taxable","15":"purchasable","16":"product-type-simple"},"_links":{"self":[{"href":"https:\/\/soydeaqui.ddns.net\/pachuca\/index.php\/wp-json\/wp\/v2\/product\/51984","targetHints":{"allow":["GET"]}}],"collection":[{"href":"https:\/\/soydeaqui.ddns.net\/pachuca\/index.php\/wp-json\/wp\/v2\/product"}],"about":[{"href":"https:\/\/soydeaqui.ddns.net\/pachuca\/index.php\/wp-json\/wp\/v2\/types\/product"}],"replies":[{"embeddable":true,"href":"https:\/\/soydeaqui.ddns.net\/pachuca\/index.php\/wp-json\/wp\/v2\/comments?post=51984"}],"wp:featuredmedia":[{"embeddable":true,"href":"https:\/\/soydeaqui.ddns.net\/pachuca\/index.php\/wp-json\/wp\/v2\/media\/51983"}],"wp:attachment":[{"href":"https:\/\/soydeaqui.ddns.net\/pachuca\/index.php\/wp-json\/wp\/v2\/media?parent=51984"}],"wp:term":[{"taxonomy":"product_brand","embeddable":true,"href":"https:\/\/soydeaqui.ddns.net\/pachuca\/index.php\/wp-json\/wp\/v2\/product_brand?post=51984"},{"taxonomy":"product_cat","embeddable":true,"href":"https:\/\/soydeaqui.ddns.net\/pachuca\/index.php\/wp-json\/wp\/v2\/product_cat?post=51984"},{"taxonomy":"product_tag","embeddable":true,"href":"https:\/\/soydeaqui.ddns.net\/pachuca\/index.php\/wp-json\/wp\/v2\/product_tag?post=51984"}],"curies":[{"name":"wp","href":"https:\/\/api.w.org\/{rel}","templated":true}]}}