{"id":51952,"date":"2026-03-18T23:22:19","date_gmt":"2026-03-18T23:22:19","guid":{"rendered":"https:\/\/soydeaqui.ddns.net\/pachuca\/index.php\/producto\/luz-led-de-trabajo-dot-12-24-v-con-arnes-de-10\/"},"modified":"2026-03-18T23:22:30","modified_gmt":"2026-03-18T23:22:30","slug":"luz-led-de-trabajo-dot-12-24-v-con-arnes-de-10","status":"publish","type":"product","link":"https:\/\/soydeaqui.ddns.net\/pachuca\/index.php\/producto\/luz-led-de-trabajo-dot-12-24-v-con-arnes-de-10\/","title":{"rendered":"Luz LED de trabajo DOT, 12-24 V, con arn\u00e9s de 10&#8242;"},"content":{"rendered":"<div style='width: 100%; max-width: 1200px; margin: 0 auto; font-family: sans-serif; line-height: 1.6; color: inherit;'>\n<div style='display: flex; flex-direction: column; gap: 15px;'>\n<div style='flex: 1 1 100%;'>\n<h3 style='font-size: 22px; border-bottom: 2px solid currentColor; padding-bottom: 5px; margin-top: 0; color: inherit; opacity: 0.8;'>Descripci\u00f3n<\/h3>\n<p style='font-size: 15px; color: inherit; margin: 15px 0 0 0;'>La luz de trabajo de la serie EW4008 ofrece la \u00faltima tecnolog\u00eda y la luz blanca m\u00e1s brillante para su aplicaci\u00f3n. Dise\u00f1ado para el reemplazo de faros&comma; este modelo LED ofrece m\u00e1s de 60 000 horas de vida \u00fatil sin mantenimiento junto con un bajo consumo de amperaje. La salida de luz de alta intensidad y la clasificaci\u00f3n CE hacen de esta la opci\u00f3n ideal para una amplia variedad de aplicaciones DOT. Las caracter\u00edsticas adicionales incluyen operaci\u00f3n de 12-24 VDC&comma; montaje resistente a golpes&comma; respiradero a prueba de agua IP67 y un arn\u00e9s de 10&#8242;.<\/p>\n<\/p><\/div>\n<div style='flex: 1 1 100%;'>\n<h3 style='font-size: 22px; border-bottom: 2px solid currentColor; padding-bottom: 5px; margin-top: 0; color: inherit; opacity: 0.8;'>Especificaciones<\/h3>\n<div style='display: flex; flex-wrap: wrap; gap: 20px; margin-top: 15px;'>\n<div style='flex: 1 1 250px; border: 1px solid rgba(150&comma; 150&comma; 150&comma; 0.4); border-radius: 8px; overflow: hidden; display: flex; flex-direction: column;'>\n<div style='padding: 15px; border-bottom: 1px solid rgba(150&comma; 150&comma; 150&comma; 0.2); font-weight: bold; font-size: 18px; color: inherit;'>Caracter\u00edsticas<\/div>\n<div style='padding: 15px; color: inherit;'>\n<ul style='padding-left: 20px; margin: 0; font-size: 14px; list-style-type: disc;'>\n<li style='margin-bottom: 5px;'><strong>Amperaje:<\/strong> 1.7 A<\/li>\n<li style='margin-bottom: 5px;'><strong>Certificaciones:<\/strong> DOT CERTIFIED&comma; IP67&comma; ROHS<\/li>\n<li style='margin-bottom: 5px;'><strong>Profundidad:<\/strong> 3.4&#8242;<\/li>\n<li style='margin-bottom: 5px;'><strong>Altura:<\/strong> 3&#8242;<\/li>\n<li style='margin-bottom: 5px;'><strong>L\u00famenes:<\/strong> 1600 (LUZ BAJA) \/ 2400 (LUZ ALTA)<\/li>\n<li style='margin-bottom: 5px;'><strong>Montaje:<\/strong> KIT DE MONTAJE<\/li>\n<li style='margin-bottom: 5px;'><strong>Voltaje:<\/strong> 12-24 V<\/li>\n<li style='margin-bottom: 5px;'><strong>Garant\u00eda:<\/strong> 5 A\u00d1OS<\/li>\n<\/ul><\/div>\n<\/p><\/div>\n<\/p><\/div>\n<\/p><\/div>\n<\/p><\/div>\n<\/p><\/div>\n","protected":false},"excerpt":{"rendered":"<p>Luz LED de trabajo DOT, 12-24 V, con arn\u00e9s de 10&#8242;<\/p>\n","protected":false},"featured_media":51951,"comment_status":"open","ping_status":"closed","template":"","meta":[],"product_brand":[],"product_cat":[1386],"product_tag":[1387,502,1371],"class_list":{"0":"post-51952","1":"product","2":"type-product","3":"status-publish","4":"has-post-thumbnail","6":"product_cat-claro","7":"product_tag-claro","8":"product_tag-ecco","9":"product_tag-luces-auxiliares-vehiculares","11":"first","12":"instock","13":"sale","14":"shipping-taxable","15":"purchasable","16":"product-type-simple"},"_links":{"self":[{"href":"https:\/\/soydeaqui.ddns.net\/pachuca\/index.php\/wp-json\/wp\/v2\/product\/51952","targetHints":{"allow":["GET"]}}],"collection":[{"href":"https:\/\/soydeaqui.ddns.net\/pachuca\/index.php\/wp-json\/wp\/v2\/product"}],"about":[{"href":"https:\/\/soydeaqui.ddns.net\/pachuca\/index.php\/wp-json\/wp\/v2\/types\/product"}],"replies":[{"embeddable":true,"href":"https:\/\/soydeaqui.ddns.net\/pachuca\/index.php\/wp-json\/wp\/v2\/comments?post=51952"}],"wp:featuredmedia":[{"embeddable":true,"href":"https:\/\/soydeaqui.ddns.net\/pachuca\/index.php\/wp-json\/wp\/v2\/media\/51951"}],"wp:attachment":[{"href":"https:\/\/soydeaqui.ddns.net\/pachuca\/index.php\/wp-json\/wp\/v2\/media?parent=51952"}],"wp:term":[{"taxonomy":"product_brand","embeddable":true,"href":"https:\/\/soydeaqui.ddns.net\/pachuca\/index.php\/wp-json\/wp\/v2\/product_brand?post=51952"},{"taxonomy":"product_cat","embeddable":true,"href":"https:\/\/soydeaqui.ddns.net\/pachuca\/index.php\/wp-json\/wp\/v2\/product_cat?post=51952"},{"taxonomy":"product_tag","embeddable":true,"href":"https:\/\/soydeaqui.ddns.net\/pachuca\/index.php\/wp-json\/wp\/v2\/product_tag?post=51952"}],"curies":[{"name":"wp","href":"https:\/\/api.w.org\/{rel}","templated":true}]}}