{"id":51948,"date":"2026-03-18T23:22:11","date_gmt":"2026-03-18T23:22:11","guid":{"rendered":"https:\/\/soydeaqui.ddns.net\/pachuca\/index.php\/producto\/lampara-oculta-de-led-de-bajo-perfil-color-dual-rojo-azul\/"},"modified":"2026-03-18T23:22:12","modified_gmt":"2026-03-18T23:22:12","slug":"lampara-oculta-de-led-de-bajo-perfil-color-dual-rojo-azul","status":"publish","type":"product","link":"https:\/\/soydeaqui.ddns.net\/pachuca\/index.php\/producto\/lampara-oculta-de-led-de-bajo-perfil-color-dual-rojo-azul\/","title":{"rendered":"L\u00e1mpara Oculta de LED de bajo perfil color dual rojo azul"},"content":{"rendered":"<div style='width: 100%; max-width: 1200px; margin: 0 auto; font-family: sans-serif; line-height: 1.6; color: inherit; background-color: transparent;'>\n<div style='display: flex; flex-wrap: wrap; gap: 30px; margin-bottom: 30px;'>\n<div style='flex: 1 1 300px; min-width: 280px;'>\n<h3 style='font-size: 22px; border-bottom: 2px solid currentColor; padding-bottom: 5px; margin-top: 0; color: inherit; opacity: 0.8;'>Descripci\u00f3n<\/h3>\n<p style='font-size: 15px; color: inherit; margin-top: 0;'>La serie micropack Hide-A-Blast ofrece la funcionalidad de una luz de advertencia en un dise\u00f1o de bajo perfil&comma; lo que permite la llegada segura del veh\u00edculo a la escena. La clase SAE&comma; la salida de luz I&comma; la capacidad de sincronizaci\u00f3n y la elecci\u00f3n de 29 patrones de flash para un solo color y 69 patrones de flash para dos colores permiten la creaci\u00f3n de un sistema de advertencia multicolor y llamativo con la mitad del n\u00famero de luces t\u00edpicamente necesario. El Micropak ofrece flexibilidad con m\u00faltiples aplicaciones de montaje empotrado en pr\u00e1cticamente cualquier superficie&comma; incluidos los parachoques y los costados de cualquier veh\u00edculo.<\/p>\n<\/p><\/div>\n<\/p><\/div>\n<div style='display: flex; flex-wrap: wrap; gap: 20px; margin-bottom: 30px;'>\n<div style='flex: 1 1 250px; border: 1px solid rgba(150&comma; 150&comma; 150&comma; 0.4); border-radius: 8px; overflow: hidden; display: flex; flex-direction: column;'>\n<div style='padding: 15px; border-bottom: 1px solid rgba(150&comma; 150&comma; 150&comma; 0.2); font-weight: bold; font-size: 18px; color: inherit;'>Especificaciones<\/div>\n<div style='padding: 15px; color: inherit;'>\n<ul style='padding-left: 20px; margin: 0; font-size: 14px; list-style-type: disc;'>\n<li style='margin-bottom: 5px;'><strong>Voltaje:<\/strong> 12-24 VDC<\/li>\n<li style='margin-bottom: 5px;'><strong>Corriente:<\/strong> 0.6 Amp<\/li>\n<li style='margin-bottom: 5px;'><strong>Rango de temperatura:<\/strong> -22\u00baF a + 122\u00baF (-30\u00baC a + 50\u00baC)<\/li>\n<li style='margin-bottom: 5px;'><strong>Protecci\u00f3n:<\/strong> IP67<\/li>\n<li style='margin-bottom: 5px;'><strong>Garant\u00eda:<\/strong> 5 a\u00f1os<\/li>\n<\/ul><\/div>\n<\/p><\/div>\n<div style='flex: 1 1 250px; border: 1px solid rgba(150&comma; 150&comma; 150&comma; 0.4); border-radius: 8px; overflow: hidden; display: flex; flex-direction: column;'>\n<div style='padding: 15px; border-bottom: 1px solid rgba(150&comma; 150&comma; 150&comma; 0.2); font-weight: bold; font-size: 18px; color: inherit;'>Caracter\u00edsticas<\/div>\n<div style='padding: 15px; color: inherit;'>\n<ul style='padding-left: 20px; margin: 0; font-size: 14px; list-style-type: disc;'>\n<li style='margin-bottom: 5px;'>29 Patrones de flash<\/li>\n<li style='margin-bottom: 5px;'>6 LED potentes Claro ultrabrillante de \u00faltima generaci\u00f3n<\/li>\n<li style='margin-bottom: 5px;'>Habilidad para sincronizar<\/li>\n<li style='margin-bottom: 5px;'>Larga vida \u00fatil<\/li>\n<li style='margin-bottom: 5px;'>Bajo consumo<\/li>\n<li style='margin-bottom: 5px;'>Asamblea permanente<\/li>\n<\/ul><\/div>\n<\/p><\/div>\n<div style='flex: 1 1 250px; border: 1px solid rgba(150&comma; 150&comma; 150&comma; 0.4); border-radius: 8px; overflow: hidden; display: flex; flex-direction: column;'>\n<div style='padding: 15px; border-bottom: 1px solid rgba(150&comma; 150&comma; 150&comma; 0.2); font-weight: bold; font-size: 18px; color: inherit;'>Detalles t\u00e9cnicos<\/div>\n<div style='padding: 15px; color: inherit;'>\n<ul style='padding-left: 20px; margin: 0; font-size: 14px; list-style-type: disc;'>\n<li style='margin-bottom: 5px;'>Dise\u00f1o delgado de bajo perfil con 6 LED potentes para una luz de advertencia brillante<\/li>\n<li style='margin-bottom: 5px;'>M\u00f3dulo todo en uno: todos los controles incrustados en el faro&comma; evitando un controlador de flash LED<\/li>\n<li style='margin-bottom: 5px;'>Lente y \u00f3ptica optimizados&comma; el haz de luz maximizador en m\u00faltiples variaciones de colores simples o duales<\/li>\n<li style='margin-bottom: 5px;'>Montaje empotrado discreto&comma; pr\u00e1cticamente aplicable en cualquier superficie del veh\u00edculo &#8211; insertable en un orificio de 1&#8217;&comma; con cable flexible de 10&#8242;<\/li>\n<li style='margin-bottom: 5px;'>Anulaci\u00f3n de quemado constante para la funcionalidad de la luz de trabajo<\/li>\n<li style='margin-bottom: 5px;'>Sincronizable con direccionales compatibles del C\u00f3digo 3: Chase\u2122&comma; MR6&comma; Mega Thin\u2122&comma; XTP y M180\u2122 Series<\/li>\n<\/ul><\/div>\n<\/p><\/div>\n<\/p><\/div>\n<hr style='border: 0; border-top: 1px solid rgba(150&comma; 150&comma; 150&comma; 0.3); margin: 30px 0;'> <\/div>\n","protected":false},"excerpt":{"rendered":"<p>L\u00e1mpara Oculta de LED de bajo perfil color dual rojo azul<\/p>\n","protected":false},"featured_media":51947,"comment_status":"open","ping_status":"closed","template":"","meta":[],"product_brand":[],"product_cat":[1376],"product_tag":[502,500,1377],"class_list":{"0":"post-51948","1":"product","2":"type-product","3":"status-publish","4":"has-post-thumbnail","6":"product_cat-estrobos-ocultos","7":"product_tag-ecco","8":"product_tag-estrobos-burbujas-vehiculares","9":"product_tag-estrobos-ocultos","11":"first","12":"outofstock","13":"sale","14":"shipping-taxable","15":"purchasable","16":"product-type-simple"},"_links":{"self":[{"href":"https:\/\/soydeaqui.ddns.net\/pachuca\/index.php\/wp-json\/wp\/v2\/product\/51948","targetHints":{"allow":["GET"]}}],"collection":[{"href":"https:\/\/soydeaqui.ddns.net\/pachuca\/index.php\/wp-json\/wp\/v2\/product"}],"about":[{"href":"https:\/\/soydeaqui.ddns.net\/pachuca\/index.php\/wp-json\/wp\/v2\/types\/product"}],"replies":[{"embeddable":true,"href":"https:\/\/soydeaqui.ddns.net\/pachuca\/index.php\/wp-json\/wp\/v2\/comments?post=51948"}],"wp:featuredmedia":[{"embeddable":true,"href":"https:\/\/soydeaqui.ddns.net\/pachuca\/index.php\/wp-json\/wp\/v2\/media\/51947"}],"wp:attachment":[{"href":"https:\/\/soydeaqui.ddns.net\/pachuca\/index.php\/wp-json\/wp\/v2\/media?parent=51948"}],"wp:term":[{"taxonomy":"product_brand","embeddable":true,"href":"https:\/\/soydeaqui.ddns.net\/pachuca\/index.php\/wp-json\/wp\/v2\/product_brand?post=51948"},{"taxonomy":"product_cat","embeddable":true,"href":"https:\/\/soydeaqui.ddns.net\/pachuca\/index.php\/wp-json\/wp\/v2\/product_cat?post=51948"},{"taxonomy":"product_tag","embeddable":true,"href":"https:\/\/soydeaqui.ddns.net\/pachuca\/index.php\/wp-json\/wp\/v2\/product_tag?post=51948"}],"curies":[{"name":"wp","href":"https:\/\/api.w.org\/{rel}","templated":true}]}}