{"id":51939,"date":"2026-03-18T23:21:57","date_gmt":"2026-03-18T23:21:57","guid":{"rendered":"https:\/\/soydeaqui.ddns.net\/pachuca\/index.php\/producto\/poderoso-rastreador-satelital-vehicular-con-conexion-a-iridium\/"},"modified":"2026-03-18T23:21:58","modified_gmt":"2026-03-18T23:21:58","slug":"poderoso-rastreador-satelital-vehicular-con-conexion-a-iridium","status":"publish","type":"product","link":"https:\/\/soydeaqui.ddns.net\/pachuca\/index.php\/producto\/poderoso-rastreador-satelital-vehicular-con-conexion-a-iridium\/","title":{"rendered":"Poderoso Rastreador Satelital Vehicular Con Conexi\u00f3n a Iridium"},"content":{"rendered":"<div style='width: 100%; max-width: 1200px; margin: 0 auto; font-family: sans-serif; line-height: 1.6; color: inherit; background-color: transparent;'>\n<div style='display: flex; flex-wrap: wrap; gap: 30px; margin-bottom: 30px;'>\n<div style='flex: 1 1 300px; min-width: 280px;'> <img style='width: 100%; height: auto; border: 1px solid rgba(150&comma;150&comma;150&comma;0.3); border-radius: 8px;' src='https:\/\/ftp3.syscom.mx\/usuarios\/fotos\/T622GF9\/186509-imgen002.png' alt=''> <\/div>\n<\/p><\/div>\n<div style='display: flex; flex-wrap: wrap; gap: 30px; margin-bottom: 30px;'>\n<div style='flex: 1 1 300px; min-width: 280px;'>\n<h3 style='font-size: 22px; border-bottom: 2px solid currentColor; padding-bottom: 5px; margin-top: 0; color: inherit; opacity: 0.8;'>Descripci\u00f3n<\/h3>\n<p style='font-size: 15px; color: inherit; text-align: justify;'>El T622L-F9 4G es un rastreador GPS para veh\u00edculos de alta gama completamente nuevo con una calidad comprobada en el mercado y un posicionamiento preciso. Adem\u00e1s del rastreo en tiempo real&comma; admite el modo de comunicaci\u00f3n Iridium y puede ser compatible con varios perif\u00e9ricos. Incluso en algunas \u00e1reas con se\u00f1ales GSM deficientes&comma; puede funcionar correctamente.<\/p>\n<\/p><\/div>\n<\/p><\/div>\n<div style='display: flex; flex-wrap: wrap; gap: 20px; margin-bottom: 30px;'>\n<div style='flex: 1 1 250px; border: 1px solid rgba(150&comma; 150&comma; 150&comma; 0.4); border-radius: 8px; overflow: hidden; display: flex; flex-direction: column;'>\n<div style='padding: 15px; border-bottom: 1px solid rgba(150&comma; 150&comma; 150&comma; 0.2); font-weight: bold; font-size: 18px; color: inherit;'>Comunicaci\u00f3n y posicionamiento<\/div>\n<div style='padding: 15px; color: inherit;'>\n<ul style='padding-left: 20px; margin: 0; font-size: 14px; list-style-type: disc;'>\n<li style='margin-bottom: 5px;'><strong>GSM:<\/strong> 4G (LTE CAT M1\/NB1)&comma; 3G&comma; 2G<\/li>\n<li style='margin-bottom: 5px;'><strong>Antena GNSS:<\/strong> GPS<\/li>\n<li style='margin-bottom: 5px;'><strong>Iridio SBD:<\/strong> \u2713<\/li>\n<li style='margin-bottom: 5px;'><strong>Wifi:<\/strong> \u2713<\/li>\n<li style='margin-bottom: 5px;'><strong>Precisi\u00f3n de posicionamiento:<\/strong> 2&comma;5 m<\/li>\n<li style='margin-bottom: 5px;'><strong>Sensibilidad:<\/strong> -161 dB<\/li>\n<\/ul><\/div>\n<\/p><\/div>\n<div style='flex: 1 1 250px; border: 1px solid rgba(150&comma; 150&comma; 150&comma; 0.4); border-radius: 8px; overflow: hidden; display: flex; flex-direction: column;'>\n<div style='padding: 15px; border-bottom: 1px solid rgba(150&comma; 150&comma; 150&comma; 0.2); font-weight: bold; font-size: 18px; color: inherit;'>Fuerza<\/div>\n<div style='padding: 15px; color: inherit;'>\n<ul style='padding-left: 20px; margin: 0; font-size: 14px; list-style-type: disc;'>\n<li style='margin-bottom: 5px;'><strong>Fuente de alimentaci\u00f3n:<\/strong> CC 11&comma;4\u201336 V\/1&comma;5 A<\/li>\n<li style='margin-bottom: 5px;'><strong>Bater\u00eda de respaldo:<\/strong> 400 mAh\/3&comma;7 V<\/li>\n<li style='margin-bottom: 5px;'><strong>Consumo de energ\u00eda:<\/strong> Corriente en modo de suspensi\u00f3n: 11 mA<\/li>\n<li style='margin-bottom: 5px;'><strong>Horas de trabajo:<\/strong> 45 horas en modo de ahorro de energ\u00eda; 4 horas en modo normal<\/li>\n<\/ul><\/div>\n<\/p><\/div>\n<div style='flex: 1 1 250px; border: 1px solid rgba(150&comma; 150&comma; 150&comma; 0.4); border-radius: 8px; overflow: hidden; display: flex; flex-direction: column;'>\n<div style='padding: 15px; border-bottom: 1px solid rgba(150&comma; 150&comma; 150&comma; 0.2); font-weight: bold; font-size: 18px; color: inherit;'>Especificaciones f\u00edsicas<\/div>\n<div style='padding: 15px; color: inherit;'>\n<ul style='padding-left: 20px; margin: 0; font-size: 14px; list-style-type: disc;'>\n<li style='margin-bottom: 5px;'><strong>Dimensiones:<\/strong> 105 x 65 x 26 mm<\/li>\n<li style='margin-bottom: 5px;'><strong>Peso:<\/strong> 190 gramos<\/li>\n<\/ul><\/div>\n<\/p><\/div>\n<div style='flex: 1 1 250px; border: 1px solid rgba(150&comma; 150&comma; 150&comma; 0.4); border-radius: 8px; overflow: hidden; display: flex; flex-direction: column;'>\n<div style='padding: 15px; border-bottom: 1px solid rgba(150&comma; 150&comma; 150&comma; 0.2); font-weight: bold; font-size: 18px; color: inherit;'>Entorno operativo<\/div>\n<div style='padding: 15px; color: inherit;'>\n<ul style='padding-left: 20px; margin: 0; font-size: 14px; list-style-type: disc;'>\n<li style='margin-bottom: 5px;'><strong>Temperatura de funcionamiento:<\/strong> -10\u00b0C a 55\u00b0C<\/li>\n<li style='margin-bottom: 5px;'><strong>Humedad de funcionamiento:<\/strong> 5% a 95%<\/li>\n<\/ul><\/div>\n<\/p><\/div>\n<div style='flex: 1 1 250px; border: 1px solid rgba(150&comma; 150&comma; 150&comma; 0.4); border-radius: 8px; overflow: hidden; display: flex; flex-direction: column;'>\n<div style='padding: 15px; border-bottom: 1px solid rgba(150&comma; 150&comma; 150&comma; 0.2); font-weight: bold; font-size: 18px; color: inherit;'>Funciones<\/div>\n<div style='padding: 15px; color: inherit;'>\n<ul style='padding-left: 20px; margin: 0; font-size: 14px; list-style-type: disc;'>\n<li style='margin-bottom: 5px;'><strong>Memoria:<\/strong> 8 MB<\/li>\n<\/ul><\/div>\n<\/p><\/div>\n<div style='flex: 1 1 250px; border: 1px solid rgba(150&comma; 150&comma; 150&comma; 0.4); border-radius: 8px; overflow: hidden; display: flex; flex-direction: column;'>\n<div style='padding: 15px; border-bottom: 1px solid rgba(150&comma; 150&comma; 150&comma; 0.2); font-weight: bold; font-size: 18px; color: inherit;'>Bandas de frecuencia<\/div>\n<div style='padding: 15px; color: inherit;'>\n<ul style='padding-left: 20px; margin: 0; font-size: 14px; list-style-type: disc;'>\n<li style='margin-bottom: 5px;'><strong>Global:<\/strong> T622G-F9<\/li>\n<li style='margin-bottom: 5px;'><strong>GSM\/GPRS:<\/strong> 850\/900\/1800\/1900 MHz<\/li>\n<li style='margin-bottom: 5px;'><strong>UMTS\/HSDPA:<\/strong> 800\/850\/900\/1900\/2100 MHz<\/li>\n<\/ul><\/div>\n<\/p><\/div>\n<div style='flex: 1 1 250px; border: 1px solid rgba(150&comma; 150&comma; 150&comma; 0.4); border-radius: 8px; overflow: hidden; display: flex; flex-direction: column;'>\n<div style='padding: 15px; border-bottom: 1px solid rgba(150&comma; 150&comma; 150&comma; 0.2); font-weight: bold; font-size: 18px; color: inherit;'>Otros<\/div>\n<div style='padding: 15px; color: inherit;'>\n<ul style='padding-left: 20px; margin: 0; font-size: 14px; list-style-type: disc;'>\n<li style='margin-bottom: 5px;'><strong>OTA\/FOTA:<\/strong> OTA<\/li>\n<li style='margin-bottom: 5px;'><strong>Proceso de dar un t\u00edtulo:<\/strong> CE (T622G-F9)&comma; TELEC (T622G-F9)<\/li>\n<\/ul><\/div>\n<\/p><\/div>\n<div style='flex: 1 1 250px; border: 1px solid rgba(150&comma; 150&comma; 150&comma; 0.4); border-radius: 8px; overflow: hidden; display: flex; flex-direction: column;'>\n<div style='padding: 15px; border-bottom: 1px solid rgba(150&comma; 150&comma; 150&comma; 0.2); font-weight: bold; font-size: 18px; color: inherit;'>Perif\u00e9ricos compatibles<\/div>\n<div style='padding: 15px; color: inherit;'>\n<ul style='padding-left: 20px; margin: 0; font-size: 14px; list-style-type: disc;'>\n<li style='margin-bottom: 5px;'><strong>RFID:<\/strong> \u2713<\/li>\n<li style='margin-bottom: 5px;'><strong>Rel\u00e9 (12 V\/24 V):<\/strong> \u2713<\/li>\n<li style='margin-bottom: 5px;'><strong>Sensor de nivel de combustible ultras\u00f3nico:<\/strong> \u2713<\/li>\n<li style='margin-bottom: 5px;'><strong>C\u00e1mara:<\/strong> \u2713<\/li>\n<\/ul><\/div>\n<\/p><\/div>\n<\/p><\/div>\n<div style='display: flex; flex-wrap: wrap; gap: 30px; margin-bottom: 30px;'>\n<div style='flex: 1 1 300px; min-width: 280px;'>\n<h3 style='font-size: 22px; border-bottom: 2px solid currentColor; padding-bottom: 5px; margin-top: 0; color: inherit; opacity: 0.8;'>Accesorios incluidos<\/h3>\n<ul style='padding-left: 20px; font-size: 15px; color: inherit;'>\n<li style='margin-bottom: 5px;'>Antena 4G externa<\/li>\n<li style='margin-bottom: 5px;'>Antena externa de iridio<\/li>\n<li style='margin-bottom: 5px;'>Antena GPS externa<\/li>\n<li style='margin-bottom: 5px;'>Cable USB232<\/li>\n<li style='margin-bottom: 5px;'>Cable de E\/S (incluye bot\u00f3n SOS; 1 metro)<\/li>\n<\/ul><\/div>\n<\/p><\/div>\n<div style='display: flex; flex-wrap: wrap; gap: 30px; margin-bottom: 30px;'>\n<div style='flex: 1 1 300px; min-width: 280px;'>\n<h3 style='font-size: 22px; border-bottom: 2px solid currentColor; padding-bottom: 5px; margin-top: 0; color: inherit; opacity: 0.8;'>Compatibilidad<\/h3>\n<p style='font-size: 15px; color: inherit; margin-bottom: 10px;'><strong>Compatible con la plataforma:<\/strong> EpcomGPS<\/p>\n<p style='font-size: 15px; color: inherit; margin-bottom: 10px;'><strong>Sim compatible:<\/strong> SIM25GPS&comma; SIM30M2M&comma; SIM500MB2Y<\/p>\n<p style='font-size: 15px; color: inherit;'><strong>Licenciamiento de sat\u00e9lites:<\/strong> Para el licenciamiento de los sat\u00e9lites&comma; comunicarse a departamento de ingenier\u00eda.<\/p>\n<\/p><\/div>\n<\/p><\/div>\n<hr style='border: 0; border-top: 1px solid rgba(150&comma; 150&comma; 150&comma; 0.3); margin: 30px 0;'> <\/div>\n","protected":false},"excerpt":{"rendered":"<p>Poderoso Rastreador Satelital Vehicular Con Conexi\u00f3n a Iridium<\/p>\n","protected":false},"featured_media":51938,"comment_status":"open","ping_status":"closed","template":"","meta":[],"product_brand":[],"product_cat":[1346,1388],"product_tag":[1350,1349,1390,1389],"class_list":{"0":"post-51939","1":"product","2":"type-product","3":"status-publish","4":"has-post-thumbnail","6":"product_cat-iot","7":"product_cat-trackers-gps","8":"product_tag-gps-y-telematica","9":"product_tag-iot","10":"product_tag-meitrack","11":"product_tag-trackers-gps","13":"first","14":"outofstock","15":"sale","16":"shipping-taxable","17":"purchasable","18":"product-type-simple"},"_links":{"self":[{"href":"https:\/\/soydeaqui.ddns.net\/pachuca\/index.php\/wp-json\/wp\/v2\/product\/51939","targetHints":{"allow":["GET"]}}],"collection":[{"href":"https:\/\/soydeaqui.ddns.net\/pachuca\/index.php\/wp-json\/wp\/v2\/product"}],"about":[{"href":"https:\/\/soydeaqui.ddns.net\/pachuca\/index.php\/wp-json\/wp\/v2\/types\/product"}],"replies":[{"embeddable":true,"href":"https:\/\/soydeaqui.ddns.net\/pachuca\/index.php\/wp-json\/wp\/v2\/comments?post=51939"}],"wp:featuredmedia":[{"embeddable":true,"href":"https:\/\/soydeaqui.ddns.net\/pachuca\/index.php\/wp-json\/wp\/v2\/media\/51938"}],"wp:attachment":[{"href":"https:\/\/soydeaqui.ddns.net\/pachuca\/index.php\/wp-json\/wp\/v2\/media?parent=51939"}],"wp:term":[{"taxonomy":"product_brand","embeddable":true,"href":"https:\/\/soydeaqui.ddns.net\/pachuca\/index.php\/wp-json\/wp\/v2\/product_brand?post=51939"},{"taxonomy":"product_cat","embeddable":true,"href":"https:\/\/soydeaqui.ddns.net\/pachuca\/index.php\/wp-json\/wp\/v2\/product_cat?post=51939"},{"taxonomy":"product_tag","embeddable":true,"href":"https:\/\/soydeaqui.ddns.net\/pachuca\/index.php\/wp-json\/wp\/v2\/product_tag?post=51939"}],"curies":[{"name":"wp","href":"https:\/\/api.w.org\/{rel}","templated":true}]}}