{"id":51937,"date":"2026-03-18T23:21:54","date_gmt":"2026-03-18T23:21:54","guid":{"rendered":"https:\/\/soydeaqui.ddns.net\/pachuca\/index.php\/producto\/sirena-electronica-de-alta-potencia-a-prueba-de-explosiones\/"},"modified":"2026-03-18T23:21:55","modified_gmt":"2026-03-18T23:21:55","slug":"sirena-electronica-de-alta-potencia-a-prueba-de-explosiones","status":"publish","type":"product","link":"https:\/\/soydeaqui.ddns.net\/pachuca\/index.php\/producto\/sirena-electronica-de-alta-potencia-a-prueba-de-explosiones\/","title":{"rendered":"Sirena electr\u00f3nica de alta potencia a prueba de explosiones"},"content":{"rendered":"<div style='width: 100%; max-width: 1200px; margin: 0 auto; font-family: sans-serif; line-height: 1.6; color: inherit; background-color: transparent;'> <!-- Secci\u00f3n de caracter\u00edsticas --> <\/p>\n<div style='display: flex; flex-wrap: wrap; gap: 30px; margin-bottom: 30px;'>\n<div style='flex: 1 1 300px; min-width: 280px;'>\n<h3 style='font-size: 22px; border-bottom: 2px solid currentColor; padding-bottom: 5px; margin-top: 0; color: inherit; opacity: 0.8;'>Caracter\u00edsticas<\/h3>\n<ul style='padding-left: 20px; font-size: 15px; color: inherit;'>\n<li style='margin-bottom: 5px;'>Sirena electr\u00f3nica a prueba de explosi\u00f3n capaz de producir tres tonos de decibelios altos desde la misma unidad<\/li>\n<li style='margin-bottom: 5px;'>Circuito integrado contenido en una resistente carcasa de aluminio fundido a presi\u00f3n<\/li>\n<li style='margin-bottom: 5px;'>Cubierta de acceso posterior roscada que elimina los patrones de atornillado tradicionales<\/li>\n<li style='margin-bottom: 5px;'>Cubierta de acceso equipada con un cord\u00f3n de cable trenzado que la asegura a la carcasa durante la instalaci\u00f3n o mantenimiento<\/li>\n<li style='margin-bottom: 5px;'>Puede usarse como dispositivo de advertencia audible independiente de salida completa en entornos a prueba de explosi\u00f3n donde se necesitan m\u00faltiples tonos pero no se requiere paginaci\u00f3n por voz<\/li>\n<li style='margin-bottom: 5px;'>Usos t\u00edpicos: advertencia de emergencia&comma; inicio y salida&comma; alarma general y evacuaci\u00f3n<\/li>\n<\/ul><\/div>\n<\/p><\/div>\n<p> <!-- Separador --> <\/p>\n<hr style='border: 0; border-top: 1px solid rgba(150&comma; 150&comma; 150&comma; 0.3); margin: 30px 0;'> <!-- Secci\u00f3n de especificaciones --> <\/p>\n<div style='display: flex; flex-wrap: wrap; gap: 20px; margin-bottom: 30px;'>\n<div style='flex: 1 1 250px; border: 1px solid rgba(150&comma; 150&comma; 150&comma; 0.4); border-radius: 8px; overflow: hidden; display: flex; flex-direction: column;'>\n<div style='padding: 15px; border-bottom: 1px solid rgba(150&comma; 150&comma; 150&comma; 0.2); font-weight: bold; font-size: 18px; color: inherit;'>Especificaciones<\/div>\n<div style='padding: 15px; color: inherit;'>\n<ul style='padding-left: 20px; margin: 0; font-size: 14px; list-style-type: disc;'>\n<li style='margin-bottom: 5px;'><strong>Voltajes de operaci\u00f3n:<\/strong> 24 Vcc&comma; 120 Vca&comma; 240 Vca<\/li>\n<li style='margin-bottom: 5px;'><strong>Corriente de operaci\u00f3n:<\/strong> 600 mA en 24 Vcc&comma; 210 mA en 120 Vca&comma; 120 mA en 240 Vca<\/li>\n<li style='margin-bottom: 5px;'><strong>Temperatura de operaci\u00f3n:<\/strong> -35 \u00b0C a 66 \u00b0C<\/li>\n<li style='margin-bottom: 5px;'><strong>Tonos:<\/strong> Wail&comma; Yelp y Horn<\/li>\n<li style='margin-bottom: 5px;'><strong>Decibeles de salida:<\/strong><\/li>\n<ul style='padding-left: 30px; margin-top: 5px; margin-bottom: 5px; font-size: 14px; list-style-type: circle;'>\n<li style='margin-bottom: 5px;'>Wail \u2013 108 dB en 3m&comma; 118 dB en 1m<\/li>\n<li style='margin-bottom: 5px;'>Yelp \u2013 108 dB en 3m&comma; 118 dB en 1m<\/li>\n<li style='margin-bottom: 5px;'>Horn \u2013 101 dB en 3m&comma; 111 dB en 1m<\/li>\n<\/ul>\n<li style='margin-bottom: 5px;'><strong>Grado de protecci\u00f3n:<\/strong> Tipo 4X&comma; resistente a la intemperie<\/li>\n<li style='margin-bottom: 5px;'><strong>Dimensiones:<\/strong><\/li>\n<ul style='padding-left: 30px; margin-top: 5px; margin-bottom: 5px; font-size: 14px; list-style-type: circle;'>\n<li style='margin-bottom: 5px;'>Altura: 431.8 mm<\/li>\n<li style='margin-bottom: 5px;'>Ancho: 332.7 mm<\/li>\n<li style='margin-bottom: 5px;'>Profundidad: 414.0 mm<\/li>\n<\/ul>\n<li style='margin-bottom: 5px;'><strong>Peso:<\/strong> 10.3 Kg<\/li>\n<\/ul><\/div>\n<\/p><\/div>\n<\/p><\/div>\n<\/p><\/div>\n","protected":false},"excerpt":{"rendered":"<p>Sirena electr\u00f3nica de alta potencia a prueba de explosiones<\/p>\n","protected":false},"featured_media":51936,"comment_status":"open","ping_status":"closed","template":"","meta":[],"product_brand":[],"product_cat":[1392],"product_tag":[552,1394,1393],"class_list":{"0":"post-51937","1":"product","2":"type-product","3":"status-publish","4":"has-post-thumbnail","6":"product_cat-sirenas","7":"product_tag-federal-signal-industrial","8":"product_tag-sirenas","9":"product_tag-sirenas-bocinas-y-controladores-vehiculares","11":"first","12":"outofstock","13":"sale","14":"shipping-taxable","15":"purchasable","16":"product-type-simple"},"_links":{"self":[{"href":"https:\/\/soydeaqui.ddns.net\/pachuca\/index.php\/wp-json\/wp\/v2\/product\/51937","targetHints":{"allow":["GET"]}}],"collection":[{"href":"https:\/\/soydeaqui.ddns.net\/pachuca\/index.php\/wp-json\/wp\/v2\/product"}],"about":[{"href":"https:\/\/soydeaqui.ddns.net\/pachuca\/index.php\/wp-json\/wp\/v2\/types\/product"}],"replies":[{"embeddable":true,"href":"https:\/\/soydeaqui.ddns.net\/pachuca\/index.php\/wp-json\/wp\/v2\/comments?post=51937"}],"wp:featuredmedia":[{"embeddable":true,"href":"https:\/\/soydeaqui.ddns.net\/pachuca\/index.php\/wp-json\/wp\/v2\/media\/51936"}],"wp:attachment":[{"href":"https:\/\/soydeaqui.ddns.net\/pachuca\/index.php\/wp-json\/wp\/v2\/media?parent=51937"}],"wp:term":[{"taxonomy":"product_brand","embeddable":true,"href":"https:\/\/soydeaqui.ddns.net\/pachuca\/index.php\/wp-json\/wp\/v2\/product_brand?post=51937"},{"taxonomy":"product_cat","embeddable":true,"href":"https:\/\/soydeaqui.ddns.net\/pachuca\/index.php\/wp-json\/wp\/v2\/product_cat?post=51937"},{"taxonomy":"product_tag","embeddable":true,"href":"https:\/\/soydeaqui.ddns.net\/pachuca\/index.php\/wp-json\/wp\/v2\/product_tag?post=51937"}],"curies":[{"name":"wp","href":"https:\/\/api.w.org\/{rel}","templated":true}]}}