{"id":51919,"date":"2026-03-18T23:21:25","date_gmt":"2026-03-18T23:21:25","guid":{"rendered":"https:\/\/soydeaqui.ddns.net\/pachuca\/index.php\/producto\/luz-estroboscopica-a-prueba-de-explosiones-ul-y-cul-para-clase-i-division-1-grupo-c-y-d-clase-i-division-2-grupos-a-y-b-clase-ii-division-1-grupos-e-f-y-g-clase-iii-24-vcd-color-ambar-m\/"},"modified":"2026-03-18T23:21:26","modified_gmt":"2026-03-18T23:21:26","slug":"luz-estroboscopica-a-prueba-de-explosiones-ul-y-cul-para-clase-i-division-1-grupo-c-y-d-clase-i-division-2-grupos-a-y-b-clase-ii-division-1-grupos-e-f-y-g-clase-iii-24-vcd-color-ambar-m","status":"publish","type":"product","link":"https:\/\/soydeaqui.ddns.net\/pachuca\/index.php\/producto\/luz-estroboscopica-a-prueba-de-explosiones-ul-y-cul-para-clase-i-division-1-grupo-c-y-d-clase-i-division-2-grupos-a-y-b-clase-ii-division-1-grupos-e-f-y-g-clase-iii-24-vcd-color-ambar-m\/","title":{"rendered":"Luz estroboscopica a prueba de explosiones UL y cUL para Clase I, Divisi\u00f3n 1, Grupo C y D; Clase I, Divisi\u00f3n 2, Grupos A y B; Clase II, Divisi\u00f3n 1, Grupos E, F y G; Clase III  , 24 Vcd, color \u00c1mbar, montaje no incluido"},"content":{"rendered":"<div style='width: 100%; max-width: 1200px; margin: 0 auto; font-family: sans-serif; line-height: 1.6; color: inherit; background-color: transparent;'> <!-- Secci\u00f3n de caracter\u00edsticas --> <\/p>\n<div style='display: flex; flex-wrap: wrap; gap: 30px; margin-bottom: 30px;'>\n<div style='flex: 1 1 300px; min-width: 280px;'>\n<h3 style='font-size: 22px; border-bottom: 2px solid currentColor; padding-bottom: 5px; margin-top: 0; color: inherit; opacity: 0.8;'>Caracter\u00edsticas<\/h3>\n<ul style='padding-left: 20px; font-size: 15px; color: inherit;'>\n<li style='margin-bottom: 5px;'>La luz LED a prueba de explosiones modelo 27XL es \u00fanica en el mercado porque cubre una gama completa de posibles configuraciones de montaje&comma; incluido el domo.<\/li>\n<li style='margin-bottom: 5px;'>Configurable en modo de encendido constante o intermitente&comma; 27XL proporciona un rendimiento mejorado con respecto a los LED est\u00e1ndar y una mayor versatilidad al tiempo que mantiene el bajo consumo de energ\u00eda y la resistencia a las vibraciones que se esperan de los dispositivos LED.<\/li>\n<li style='margin-bottom: 5px;'>El 27XL presenta un dise\u00f1o de circuito est\u00e1ndar de baja irrupci\u00f3n que brinda mayor compatibilidad con los sistemas de control de automatizaci\u00f3n de f\u00e1brica y menos interferencia el\u00e9ctrica con dispositivos sensibles a la irrupci\u00f3n. La resistencia a la corrosi\u00f3n se logra con un acabado de pintura en polvo aplicado sobre la carcasa de aluminio sin cobre.<\/li>\n<li style='margin-bottom: 5px;'>Debido a que es f\u00e1cil de instalar y requiere muy poco mantenimiento&comma; es ideal para su uso en \u00e1reas como plataformas petrol\u00edferas&comma; minas&comma; refiner\u00edas y plantas qu\u00edmicas.<\/li>\n<\/ul>\n<ul style='padding-left: 20px; font-size: 15px; color: inherit;'>\n<li style='margin-bottom: 5px;'>Aprobado para montaje de cualquier forma&comma; incluso en forma de domo.<\/li>\n<li style='margin-bottom: 5px;'>Disponible en 24 VCA\/CC y 120-240 VCA<\/li>\n<li style='margin-bottom: 5px;'>LED de 50.000 horas<\/li>\n<li style='margin-bottom: 5px;'>Seis colores de l\u00e1mpara\/lente: \u00e1mbar&comma; azul&comma; transparente&comma; verde&comma; magenta y rojo<\/li>\n<li style='margin-bottom: 5px;'>Opciones de montaje en pared&comma; techo o colgante NPT de 3\/4&#8242; disponibles. Se vende por separado (requerido)<\/li>\n<li style='margin-bottom: 5px;'>Modo intermitente o de combusti\u00f3n constante<\/li>\n<li style='margin-bottom: 5px;'>Protector de domo opcional<\/li>\n<li style='margin-bottom: 5px;'>Tipo 4X&comma; carcasa IP66<\/li>\n<li style='margin-bottom: 5px;'>Cumple con IP69K<\/li>\n<li style='margin-bottom: 5px;'>Marino clasificado<\/li>\n<li style='margin-bottom: 5px;'>UL y cUL para Clase I&comma; Divisi\u00f3n 1&comma; Grupo C y D; Clase I&comma; Divisi\u00f3n 2&comma; Grupos A y B; Clase II&comma; Divisi\u00f3n 1&comma; Grupos E&comma; F y G; Clase III<\/li>\n<\/ul>\n<div style='margin: 20px 0;'> <img style='width: 100px; height: auto; border: 1px solid rgba(150&comma;150&comma;150&comma;0.3); border-radius: 8px;' src='https:\/\/files.plytix.com\/api\/v1.1\/file\/public_files\/pim\/assets\/f0\/e4\/79\/60\/6079e4f0302a91ac42e7f633\/images\/26\/f1\/54\/65\/6554f126c5ebfe508f2e258c\/FSS_C-UL-US-100-dpi.-CertLogo.png' alt='Certificaci\u00f3n UL y cUL'> <\/div>\n<\/p><\/div>\n<\/p><\/div>\n<p> <!-- Secci\u00f3n de especificaciones --> <\/p>\n<div style='display: flex; flex-wrap: wrap; gap: 20px; margin-bottom: 30px;'>\n<div style='flex: 1 1 250px; border: 1px solid rgba(150&comma; 150&comma; 150&comma; 0.4); border-radius: 8px; overflow: hidden; display: flex; flex-direction: column;'>\n<div style='padding: 15px; border-bottom: 1px solid rgba(150&comma; 150&comma; 150&comma; 0.2); font-weight: bold; font-size: 18px; color: inherit;'>Especificaciones<\/div>\n<div style='padding: 15px; color: inherit;'>\n<ul style='padding-left: 20px; margin: 0; font-size: 14px; list-style-type: disc;'>\n<li style='margin-bottom: 5px;'><strong>Grado de protecci\u00f3n:<\/strong> Tipo 4X&comma; IP66&comma; IP69K<\/li>\n<li style='margin-bottom: 5px;'><strong>Calificaci\u00f3n ambiental:<\/strong> A prueba de explosiones<\/li>\n<li style='margin-bottom: 5px;'><strong>Horas de vida \u00fatil de la l\u00e1mpara:<\/strong> 10000<\/li>\n<li style='margin-bottom: 5px;'><strong>Fuente de luz:<\/strong> LED<\/li>\n<\/ul><\/div>\n<\/p><\/div>\n<\/p><\/div>\n<p> <!-- Separador --> <\/p>\n<hr style='border: 0; border-top: 1px solid rgba(150&comma; 150&comma; 150&comma; 0.3); margin: 30px 0;'> <\/div>\n","protected":false},"excerpt":{"rendered":"<p>Luz estroboscopica a prueba de explosiones UL y cUL para Clase I, Divisi\u00f3n 1, Grupo C y D; Clase I, Divisi\u00f3n 2, Grupos A y B; Clase II, Divisi\u00f3n 1, Grupos E, F y G; Clase III  , 24 Vcd, color \u00c1mbar, montaje no incluido<\/p>\n","protected":false},"featured_media":51918,"comment_status":"open","ping_status":"closed","template":"","meta":[],"product_brand":[],"product_cat":[1416],"product_tag":[552,1414,1417],"class_list":{"0":"post-51919","1":"product","2":"type-product","3":"status-publish","4":"has-post-thumbnail","6":"product_cat-luces-para-la-industria-y-edificios","7":"product_tag-federal-signal-industrial","8":"product_tag-luces-bocinas-para-la-industria-y-edificios","9":"product_tag-luces-para-la-industria-y-edificios","11":"first","12":"outofstock","13":"sale","14":"shipping-taxable","15":"purchasable","16":"product-type-simple"},"_links":{"self":[{"href":"https:\/\/soydeaqui.ddns.net\/pachuca\/index.php\/wp-json\/wp\/v2\/product\/51919","targetHints":{"allow":["GET"]}}],"collection":[{"href":"https:\/\/soydeaqui.ddns.net\/pachuca\/index.php\/wp-json\/wp\/v2\/product"}],"about":[{"href":"https:\/\/soydeaqui.ddns.net\/pachuca\/index.php\/wp-json\/wp\/v2\/types\/product"}],"replies":[{"embeddable":true,"href":"https:\/\/soydeaqui.ddns.net\/pachuca\/index.php\/wp-json\/wp\/v2\/comments?post=51919"}],"wp:featuredmedia":[{"embeddable":true,"href":"https:\/\/soydeaqui.ddns.net\/pachuca\/index.php\/wp-json\/wp\/v2\/media\/51918"}],"wp:attachment":[{"href":"https:\/\/soydeaqui.ddns.net\/pachuca\/index.php\/wp-json\/wp\/v2\/media?parent=51919"}],"wp:term":[{"taxonomy":"product_brand","embeddable":true,"href":"https:\/\/soydeaqui.ddns.net\/pachuca\/index.php\/wp-json\/wp\/v2\/product_brand?post=51919"},{"taxonomy":"product_cat","embeddable":true,"href":"https:\/\/soydeaqui.ddns.net\/pachuca\/index.php\/wp-json\/wp\/v2\/product_cat?post=51919"},{"taxonomy":"product_tag","embeddable":true,"href":"https:\/\/soydeaqui.ddns.net\/pachuca\/index.php\/wp-json\/wp\/v2\/product_tag?post=51919"}],"curies":[{"name":"wp","href":"https:\/\/api.w.org\/{rel}","templated":true}]}}