{"id":51915,"date":"2026-03-18T23:21:19","date_gmt":"2026-03-18T23:21:19","guid":{"rendered":"https:\/\/soydeaqui.ddns.net\/pachuca\/index.php\/producto\/luz-estroboscopica-a-prueba-de-explosiones-ul-y-cul-para-clase-i-division-1-grupo-c-y-d-clase-i-division-2-grupos-a-y-b-clase-ii-division-1-grupos-e-f-y-g-clase-iii-24-vcd-color-rojo-mon\/"},"modified":"2026-03-18T23:21:20","modified_gmt":"2026-03-18T23:21:20","slug":"luz-estroboscopica-a-prueba-de-explosiones-ul-y-cul-para-clase-i-division-1-grupo-c-y-d-clase-i-division-2-grupos-a-y-b-clase-ii-division-1-grupos-e-f-y-g-clase-iii-24-vcd-color-rojo-mon","status":"publish","type":"product","link":"https:\/\/soydeaqui.ddns.net\/pachuca\/index.php\/producto\/luz-estroboscopica-a-prueba-de-explosiones-ul-y-cul-para-clase-i-division-1-grupo-c-y-d-clase-i-division-2-grupos-a-y-b-clase-ii-division-1-grupos-e-f-y-g-clase-iii-24-vcd-color-rojo-mon\/","title":{"rendered":"Luz estroboscopica a prueba de explosiones UL y cUL para Clase I, Divisi\u00f3n 1, Grupo C y D; Clase I, Divisi\u00f3n 2, Grupos A y B; Clase II, Divisi\u00f3n 1, Grupos E, F y G; Clase III , 24 Vcd, color Rojo, montaje no incluido"},"content":{"rendered":"<div style='width: 100%; max-width: 1200px; margin: 0 auto; font-family: sans-serif; line-height: 1.6; color: inherit; background-color: transparent;'>\n<div style='display: flex; flex-wrap: wrap; gap: 30px; margin-bottom: 30px;'>\n<div style='flex: 1 1 300px; min-width: 280px;'>\n<h3 style='font-size: 22px; border-bottom: 2px solid currentColor; padding-bottom: 5px; margin-top: 0; color: inherit; opacity: 0.8;'>Caracter\u00edsticas<\/h3>\n<p style='font-size: 15px; color: inherit; margin-bottom: 15px;'>La luz estrobosc\u00f3pica a prueba de explosiones Modelo 27XST de Federal Signal presenta un dise\u00f1o de PCB de limitaci\u00f3n de voltaje que proporciona una mayor compatibilidad con los sistemas de control de automatizaci\u00f3n de f\u00e1brica y menos interferencia el\u00e9ctrica con dispositivos sensibles a los impulsos.<\/p>\n<p style='font-size: 15px; color: inherit; margin-bottom: 15px;'>El Modelo 27XST de Federal Signal tiene una candela efectiva (ECP) de 850 y una candela pico de dos millones. Hay tres opciones de montaje disponibles: colgante&comma; techo o montaje en pared de 90\u00b0. Para una f\u00e1cil instalaci\u00f3n&comma; primero se instala la caja de montaje y luego el accesorio se enrosca en la caja de montaje&comma; haciendo la conexi\u00f3n el\u00e9ctrica. Preinstale el soporte de montaje&comma; la continuidad el\u00e9ctrica se realiza cuando se conectan cinco hilos.<\/p>\n<p style='font-size: 15px; color: inherit; margin-bottom: 15px;'>El modelo 27XST de Federal Signal est\u00e1 espec\u00edficamente dise\u00f1ado para atm\u00f3sferas a prueba de explosi\u00f3n y\/o ambientes corrosivos. Debido a que es f\u00e1cil de instalar y requiere muy poco mantenimiento&comma; es ideal para su uso en \u00e1reas como plataformas petroleras&comma; minas&comma; refiner\u00edas y plantas qu\u00edmicas.<\/p>\n<\/p><\/div>\n<\/p><\/div>\n<hr style='border: 0; border-top: 1px solid rgba(150&comma; 150&comma; 150&comma; 0.3); margin: 30px 0;'>\n<div style='display: flex; flex-wrap: wrap; gap: 20px; margin-bottom: 30px;'>\n<div style='flex: 1 1 250px; border: 1px solid rgba(150&comma; 150&comma; 150&comma; 0.4); border-radius: 8px; overflow: hidden; display: flex; flex-direction: column;'>\n<div style='padding: 15px; border-bottom: 1px solid rgba(150&comma; 150&comma; 150&comma; 0.2); font-weight: bold; font-size: 18px; color: inherit;'>Especificaciones<\/div>\n<div style='padding: 15px; color: inherit;'>\n<ul style='padding-left: 20px; margin: 0; font-size: 14px; list-style-type: disc;'>\n<li style='margin-bottom: 5px;'><strong>Resistencias de monitoreo:<\/strong> Kit de montaje colgante opcional 3\/4&#8242;<\/li>\n<li style='margin-bottom: 5px;'><strong>Voltaje:<\/strong> 24 VCC<\/li>\n<li style='margin-bottom: 5px;'><strong>Corriente de operaci\u00f3n:<\/strong> 24VDC: 1.90 Amps (3.0 Amperes de entrada)<\/li>\n<li style='margin-bottom: 5px;'><strong>Fuente de luz\/estilo de l\u00e1mpara:<\/strong> Tubo estrobosc\u00f3pico<\/li>\n<li style='margin-bottom: 5px;'><strong>Vida de la l\u00e1mpara:<\/strong> 10&comma;000 Horas<\/li>\n<li style='margin-bottom: 5px;'><strong>Velocidad destello\/minuto:<\/strong> 80<\/li>\n<li style='margin-bottom: 5px;'><strong>Pico Candela:<\/strong> 2000000<\/li>\n<li style='margin-bottom: 5px;'><strong>Candela efectiva:<\/strong> 850<\/li>\n<li style='margin-bottom: 5px;'><strong>Rango de temperatura de funcionamiento:<\/strong> -55\u00b0C hasta 65\u00b0C<\/li>\n<li style='margin-bottom: 5px;'><strong>Grado de protecci\u00f3n del gabinete:<\/strong> Tipo 4X IP66<\/li>\n<li style='margin-bottom: 5px;'><strong>Protecci\u00f3n (IP) del equipo:<\/strong> IP69K<\/li>\n<li style='margin-bottom: 5px;'><strong>Guardia de la c\u00fapula:<\/strong> Se vende por separado<\/li>\n<li style='margin-bottom: 5px;'><strong>Colores de la c\u00fapula:<\/strong> \u00c1mbar&comma; Azul&comma; Claro&comma; Verde&comma; Rojo&comma; Magenta<\/li>\n<li style='margin-bottom: 5px;'><strong>Peso del producto neto:<\/strong> 6.5 Kg (se\u00f1al sin montaje)&comma; 2.0 Kg (montaje en techo)&comma; 1.0 Kg (montaje colgante)&comma; 2.7 Kg (montaje en pared)<\/li>\n<li style='margin-bottom: 5px;'><strong>Medidas:<\/strong> 290 mm (alto)&comma; 230 mm (largo)<\/li>\n<\/ul><\/div>\n<\/p><\/div>\n<\/p><\/div>\n<\/p><\/div>\n","protected":false},"excerpt":{"rendered":"<p>Luz estroboscopica a prueba de explosiones UL y cUL para Clase I, Divisi\u00f3n 1, Grupo C y D; Clase I, Divisi\u00f3n 2, Grupos A y B; Clase II, Divisi\u00f3n 1, Grupos E, F y G; Clase III , 24 Vcd, color Rojo, montaje no incluido<\/p>\n","protected":false},"featured_media":51914,"comment_status":"open","ping_status":"closed","template":"","meta":[],"product_brand":[],"product_cat":[1416],"product_tag":[552,1414,1417],"class_list":{"0":"post-51915","1":"product","2":"type-product","3":"status-publish","4":"has-post-thumbnail","6":"product_cat-luces-para-la-industria-y-edificios","7":"product_tag-federal-signal-industrial","8":"product_tag-luces-bocinas-para-la-industria-y-edificios","9":"product_tag-luces-para-la-industria-y-edificios","11":"first","12":"outofstock","13":"sale","14":"shipping-taxable","15":"purchasable","16":"product-type-simple"},"_links":{"self":[{"href":"https:\/\/soydeaqui.ddns.net\/pachuca\/index.php\/wp-json\/wp\/v2\/product\/51915","targetHints":{"allow":["GET"]}}],"collection":[{"href":"https:\/\/soydeaqui.ddns.net\/pachuca\/index.php\/wp-json\/wp\/v2\/product"}],"about":[{"href":"https:\/\/soydeaqui.ddns.net\/pachuca\/index.php\/wp-json\/wp\/v2\/types\/product"}],"replies":[{"embeddable":true,"href":"https:\/\/soydeaqui.ddns.net\/pachuca\/index.php\/wp-json\/wp\/v2\/comments?post=51915"}],"wp:featuredmedia":[{"embeddable":true,"href":"https:\/\/soydeaqui.ddns.net\/pachuca\/index.php\/wp-json\/wp\/v2\/media\/51914"}],"wp:attachment":[{"href":"https:\/\/soydeaqui.ddns.net\/pachuca\/index.php\/wp-json\/wp\/v2\/media?parent=51915"}],"wp:term":[{"taxonomy":"product_brand","embeddable":true,"href":"https:\/\/soydeaqui.ddns.net\/pachuca\/index.php\/wp-json\/wp\/v2\/product_brand?post=51915"},{"taxonomy":"product_cat","embeddable":true,"href":"https:\/\/soydeaqui.ddns.net\/pachuca\/index.php\/wp-json\/wp\/v2\/product_cat?post=51915"},{"taxonomy":"product_tag","embeddable":true,"href":"https:\/\/soydeaqui.ddns.net\/pachuca\/index.php\/wp-json\/wp\/v2\/product_tag?post=51915"}],"curies":[{"name":"wp","href":"https:\/\/api.w.org\/{rel}","templated":true}]}}