{"id":51896,"date":"2026-03-18T23:20:48","date_gmt":"2026-03-18T23:20:48","guid":{"rendered":"https:\/\/soydeaqui.ddns.net\/pachuca\/index.php\/producto\/gps-telematica-y-iot-certificacion-express-syscom\/"},"modified":"2026-03-18T23:20:49","modified_gmt":"2026-03-18T23:20:49","slug":"gps-telematica-y-iot-certificacion-express-syscom","status":"publish","type":"product","link":"https:\/\/soydeaqui.ddns.net\/pachuca\/index.php\/producto\/gps-telematica-y-iot-certificacion-express-syscom\/","title":{"rendered":"GPS, Telem\u00e1tica y IoT &#8211; Certificaci\u00f3n Express SYSCOM"},"content":{"rendered":"<div style='width: 100%; max-width: 1200px; margin: 0 auto; font-family: sans-serif; line-height: 1.6; color: inherit; background-color: transparent;'> <!-- Secci\u00f3n de Requisitos --> <\/p>\n<div style='margin-bottom: 30px;'>\n<h3 style='font-size: 22px; border-bottom: 2px solid currentColor; padding-bottom: 5px; margin-top: 0; color: inherit; opacity: 0.8;'>Requisitos<\/h3>\n<ul style='padding-left: 20px; font-size: 15px; color: inherit;'>\n<li style='margin-bottom: 5px;'>Ser Distribuidor Autorizado SYSCOM<\/li>\n<li style='margin-bottom: 5px;'>Llevar Laptop con sistema operativo Windows<\/li>\n<li style='margin-bottom: 5px;'>Libreta para apuntes<\/li>\n<li style='margin-bottom: 5px;'>Aud\u00edfonos para mejor aprendizaje<\/li>\n<li style='margin-bottom: 5px;'>Computadora con Windows 10<\/li>\n<li style='margin-bottom: 5px;'>Descargar el software de programaci\u00f3n: <a href='https:\/\/drive.google.com\/open?id=1vPVCHZhZf-PbS88tovvY_9a0E0l3ni1T' style='color: inherit; text-decoration: underline;'>https:\/\/drive.google.com\/open?id=1vPVCHZhZf-PbS88tovvY_9a0E0l3ni1T<\/a><\/li>\n<li style='margin-bottom: 5px;'>Instalar drivers: <a href='http:\/\/ftp3.syscom.mx\/usuarios\/ftp\/2016\/12\/29\/8d9f6\/Drivers_Win7_Win10.zip' style='color: inherit; text-decoration: underline;'>http:\/\/ftp3.syscom.mx\/usuarios\/ftp\/2016\/12\/29\/8d9f6\/Drivers_Win7_Win10.zip<\/a><\/li>\n<li style='margin-bottom: 5px;'>Generar cuenta de EpcomGPS en: <a href='https:\/\/syscom.mx\/panel\/servicios' style='color: inherit; text-decoration: underline;'>syscom.mx\/panel\/servicios<\/a> (Para generar la cuenta debe al menos tener facturada una licencia)<\/li>\n<\/ul><\/div>\n<p> <!-- Secci\u00f3n A qui\u00e9n est\u00e1 dirigido --> <\/p>\n<div style='margin-bottom: 30px;'>\n<h3 style='font-size: 22px; border-bottom: 2px solid currentColor; padding-bottom: 5px; margin-top: 0; color: inherit; opacity: 0.8;'>A qui\u00e9n est\u00e1 dirigido<\/h3>\n<p style='color: inherit; font-size: 15px; margin: 0;'>A los propietarios&comma; directivos&comma; t\u00e9cnicos y en general&comma; a todos los involucrados e interesados en implementar un Sistema de Localizaci\u00f3n Personal y Control de Flotillas Vehiculares.<\/p>\n<\/p><\/div>\n<p> <!-- Secci\u00f3n Objetivos --> <\/p>\n<div style='margin-bottom: 30px;'>\n<h3 style='font-size: 22px; border-bottom: 2px solid currentColor; padding-bottom: 5px; margin-top: 0; color: inherit; opacity: 0.8;'>Objetivos<\/h3>\n<p style='color: inherit; font-size: 15px; margin: 0;'>El asistente obtenga informaci\u00f3n valiosa que pueda implementar d\u00eda a d\u00eda en el crecimiento de su negocio&comma; que se obtenga el conocimiento de programaci\u00f3n de las diferentes marcas ofrecidas en Syscom.<\/p>\n<\/p><\/div>\n<p> <!-- Secci\u00f3n Temario --> <\/p>\n<div style='margin-bottom: 30px;'>\n<h3 style='font-size: 22px; border-bottom: 2px solid currentColor; padding-bottom: 5px; margin-top: 0; color: inherit; opacity: 0.8;'>Temario<\/h3>\n<div style='margin-bottom: 20px;'>\n<h4 style='font-size: 18px; color: inherit; margin-top: 0; margin-bottom: 10px;'>Conceptos B\u00e1sicos<\/h4>\n<ul style='padding-left: 25px; font-size: 15px; color: inherit; list-style-type: disc;'>\n<li style='margin-bottom: 5px;'>Definici\u00f3n de conceptos<\/li>\n<li style='margin-bottom: 5px;'>Recomendaci\u00f3n de marcas y modelos<\/li>\n<li style='margin-bottom: 5px;'>Segmentaci\u00f3n de mercado \u00bfA qui\u00e9n puedo ofrecer el servicio?<\/li>\n<li style='margin-bottom: 5px;'>Requisitos b\u00e1sicos para ofrecer soluci\u00f3n GPS<\/li>\n<li style='margin-bottom: 5px;'>Requisitos b\u00e1sicos para ofrecer soluci\u00f3n telem\u00e1tica<\/li>\n<\/ul><\/div>\n<div style='margin-bottom: 20px;'>\n<h4 style='font-size: 18px; color: inherit; margin-top: 0; margin-bottom: 10px;'>Equipos Ruptela<\/h4>\n<ul style='padding-left: 25px; font-size: 15px; color: inherit; list-style-type: disc;'>\n<li style='margin-bottom: 5px;'>Modelos<\/li>\n<li style='margin-bottom: 5px;'>Accesorios<\/li>\n<li style='margin-bottom: 5px;'>Software de programaci\u00f3n<\/li>\n<li style='margin-bottom: 5px;'>Programaci\u00f3n b\u00e1sica<\/li>\n<li style='margin-bottom: 5px;'>Par\u00e1metros Avanzados<\/li>\n<\/ul><\/div>\n<div style='margin-bottom: 20px;'>\n<h4 style='font-size: 18px; color: inherit; margin-top: 0; margin-bottom: 10px;'>Equipos Concox<\/h4>\n<ul style='padding-left: 25px; font-size: 15px; color: inherit; list-style-type: disc;'>\n<li style='margin-bottom: 5px;'>Modelos<\/li>\n<li style='margin-bottom: 5px;'>Accesorios<\/li>\n<li style='margin-bottom: 5px;'>Software de programaci\u00f3n<\/li>\n<li style='margin-bottom: 5px;'>Programaci\u00f3n b\u00e1sica<\/li>\n<\/ul><\/div>\n<div style='margin-bottom: 20px;'>\n<h4 style='font-size: 18px; color: inherit; margin-top: 0; margin-bottom: 10px;'>Equipos Meitrack<\/h4>\n<ul style='padding-left: 25px; font-size: 15px; color: inherit; list-style-type: disc;'>\n<li style='margin-bottom: 5px;'>Modelos<\/li>\n<li style='margin-bottom: 5px;'>Accesorios<\/li>\n<li style='margin-bottom: 5px;'>Software de Programaci\u00f3n<\/li>\n<li style='margin-bottom: 5px;'>Programaci\u00f3n b\u00e1sica<\/li>\n<\/ul><\/div>\n<div style='margin-bottom: 20px;'>\n<h4 style='font-size: 18px; color: inherit; margin-top: 0; margin-bottom: 10px;'>Introducci\u00f3n EpcomGPS Plataforma de Rastreo Avanzada<\/h4>\n<ul style='padding-left: 25px; font-size: 15px; color: inherit; list-style-type: disc;'>\n<li style='margin-bottom: 5px;'>Crear cuenta EpcomGPS<\/li>\n<li style='margin-bottom: 5px;'>Diferencia entre cuenta seguimiento y cuenta de administraci\u00f3n<\/li>\n<li style='margin-bottom: 5px;'>Cuentas de usuario<\/li>\n<li style='margin-bottom: 5px;'>Alta de unidades<\/li>\n<li style='margin-bottom: 5px;'>Comandos<\/li>\n<li style='margin-bottom: 5px;'>Notificaciones<\/li>\n<li style='margin-bottom: 5px;'>Informes<\/li>\n<li style='margin-bottom: 5px;'>Tareas<\/li>\n<li style='margin-bottom: 5px;'>Ejemplo<\/li>\n<\/ul><\/div>\n<\/p><\/div>\n<\/p><\/div>\n","protected":false},"excerpt":{"rendered":"<p>GPS, Telem\u00e1tica y IoT &#8211; Certificaci\u00f3n Express SYSCOM<\/p>\n","protected":false},"featured_media":51895,"comment_status":"open","ping_status":"closed","template":"","meta":[],"product_brand":[],"product_cat":[1346,1388],"product_tag":[1350,1349,63,1389],"class_list":{"0":"post-51896","1":"product","2":"type-product","3":"status-publish","4":"has-post-thumbnail","6":"product_cat-iot","7":"product_cat-trackers-gps","8":"product_tag-gps-y-telematica","9":"product_tag-iot","10":"product_tag-syscom","11":"product_tag-trackers-gps","13":"first","14":"outofstock","15":"sale","16":"shipping-taxable","17":"purchasable","18":"product-type-simple"},"_links":{"self":[{"href":"https:\/\/soydeaqui.ddns.net\/pachuca\/index.php\/wp-json\/wp\/v2\/product\/51896","targetHints":{"allow":["GET"]}}],"collection":[{"href":"https:\/\/soydeaqui.ddns.net\/pachuca\/index.php\/wp-json\/wp\/v2\/product"}],"about":[{"href":"https:\/\/soydeaqui.ddns.net\/pachuca\/index.php\/wp-json\/wp\/v2\/types\/product"}],"replies":[{"embeddable":true,"href":"https:\/\/soydeaqui.ddns.net\/pachuca\/index.php\/wp-json\/wp\/v2\/comments?post=51896"}],"wp:featuredmedia":[{"embeddable":true,"href":"https:\/\/soydeaqui.ddns.net\/pachuca\/index.php\/wp-json\/wp\/v2\/media\/51895"}],"wp:attachment":[{"href":"https:\/\/soydeaqui.ddns.net\/pachuca\/index.php\/wp-json\/wp\/v2\/media?parent=51896"}],"wp:term":[{"taxonomy":"product_brand","embeddable":true,"href":"https:\/\/soydeaqui.ddns.net\/pachuca\/index.php\/wp-json\/wp\/v2\/product_brand?post=51896"},{"taxonomy":"product_cat","embeddable":true,"href":"https:\/\/soydeaqui.ddns.net\/pachuca\/index.php\/wp-json\/wp\/v2\/product_cat?post=51896"},{"taxonomy":"product_tag","embeddable":true,"href":"https:\/\/soydeaqui.ddns.net\/pachuca\/index.php\/wp-json\/wp\/v2\/product_tag?post=51896"}],"curies":[{"name":"wp","href":"https:\/\/api.w.org\/{rel}","templated":true}]}}