{"id":51834,"date":"2026-03-18T23:18:56","date_gmt":"2026-03-18T23:18:56","guid":{"rendered":"https:\/\/soydeaqui.ddns.net\/pachuca\/index.php\/producto\/mini-barra-con-24-led-color-ambar-con-montaje-magnetico-y-de-succion\/"},"modified":"2026-03-18T23:19:10","modified_gmt":"2026-03-18T23:19:10","slug":"mini-barra-con-24-led-color-ambar-con-montaje-magnetico-y-de-succion","status":"publish","type":"product","link":"https:\/\/soydeaqui.ddns.net\/pachuca\/index.php\/producto\/mini-barra-con-24-led-color-ambar-con-montaje-magnetico-y-de-succion\/","title":{"rendered":"Mini Barra con 24 LED, Color \u00c1mbar Con Montaje Magn\u00e9tico y de Succi\u00f3n"},"content":{"rendered":"<div style='width: 100%; max-width: 1200px; margin: 0 auto; font-family: sans-serif; line-height: 1.6; color: inherit; background-color: transparent;'> <!-- Secci\u00f3n de t\u00edtulo --> <\/p>\n<div style='margin-bottom: 30px;'>\n<h2 style='font-size: 24px; color: inherit; margin-top: 0; margin-bottom: 15px;'>Mini Barra con 24 LED&comma; Color \u00c1mbar Con Montaje Magn\u00e9tico y de Succi\u00f3n<\/h2>\n<p style='font-size: 16px; color: inherit; margin: 0 0 20px 0;'><strong>EPCOM INDUSTRIAL SIGNALING &#8211; Modelo: X605A<\/strong><\/p>\n<\/p><\/div>\n<p> <!-- Secci\u00f3n de contenido con flex\/grid --> <\/p>\n<div style='display: flex; flex-wrap: wrap; gap: 30px; margin-bottom: 30px;'>\n<div style='flex: 1 1 300px; min-width: 280px;'>\n<h3 style='font-size: 22px; border-bottom: 2px solid currentColor; padding-bottom: 5px; margin-top: 0; color: inherit; opacity: 0.8;'>Caracter\u00edsticas<\/h3>\n<ul style='padding-left: 20px; font-size: 15px; color: inherit;'>\n<li style='margin-bottom: 5px;'><strong>8 M\u00f3dulos de 3 LED Gen III<\/strong> con la novedosa tecnolog\u00eda <strong>HyperLUX<\/strong><\/li>\n<li style='margin-bottom: 5px;'>Alta Luminosidad<\/li>\n<li style='margin-bottom: 5px;'>2 a\u00f1os de garant\u00eda<\/li>\n<li style='margin-bottom: 5px;'>Larga Vida \u00datil<\/li>\n<li style='margin-bottom: 5px;'>25 Patrones de Destello<\/li>\n<li style='margin-bottom: 5px;'>Domo de Policarbonato<\/li>\n<li style='margin-bottom: 5px;'>F\u00e1cil Operaci\u00f3n e Instalaci\u00f3n<\/li>\n<li style='margin-bottom: 5px;'>Montaje Magn\u00e9tico y de Succi\u00f3n con Adaptador para Encendedor Vehicular<\/li>\n<\/ul><\/div>\n<\/p><\/div>\n<p> <!-- Secci\u00f3n de especificaciones --> <\/p>\n<div style='display: flex; flex-wrap: wrap; gap: 30px; margin-bottom: 30px;'>\n<div style='flex: 1 1 300px; min-width: 280px;'>\n<h3 style='font-size: 22px; border-bottom: 2px solid currentColor; padding-bottom: 5px; margin-top: 0; color: inherit; opacity: 0.8;'>Especificaciones T\u00e9cnicas<\/h3>\n<ul style='padding-left: 20px; font-size: 15px; color: inherit;'>\n<li style='margin-bottom: 5px;'><strong>Voltaje:<\/strong> 12 Vcc<\/li>\n<li style='margin-bottom: 5px;'><strong>Consumo:<\/strong> 4 A m\u00e1x<\/li>\n<li style='margin-bottom: 5px;'><strong>Temperatura de Operaci\u00f3n:<\/strong> -40\u00b0C a 55 \u00b0C<\/li>\n<li style='margin-bottom: 5px;'><strong>Dimensiones:<\/strong> 40 X 20 X 6.3 cm<\/li>\n<\/ul><\/div>\n<\/p><\/div>\n<p> <!-- Secci\u00f3n de multimedia --> <\/p>\n<div style='margin-bottom: 30px;'>\n<h3 style='font-size: 22px; border-bottom: 2px solid currentColor; padding-bottom: 5px; margin-top: 0; color: inherit; opacity: 0.8;'>Multimedia<\/h3>\n<div style='position: relative; padding-bottom: 56.25%; height: 0; overflow: hidden; margin-bottom: 30px;'>   <\/div>\n<p> <!-- Galer\u00eda de im\u00e1genes --> <\/p>\n<div style='display: flex; flex-wrap: wrap; gap: 15px;'> <img style='width: 100%; max-width: 300px; height: auto; border: 1px solid rgba(150&comma;150&comma;150&comma;0.3); border-radius: 8px;' src='http:\/\/ftp3.syscom.mx\/usuarios\/fotos\/X605A\/X605A_1_1.png' alt=''> <img style='width: 100%; max-width: 300px; height: auto; border: 1px solid rgba(150&comma;150&comma;150&comma;0.3); border-radius: 8px;' src='http:\/\/ftp3.syscom.mx\/usuarios\/fotos\/X605A\/X605A_1.png' alt=''> <img style='width: 100%; max-width: 300px; height: auto; border: 1px solid rgba(150&comma;150&comma;150&comma;0.3); border-radius: 8px;' src='http:\/\/ftp3.syscom.mx\/usuarios\/fotos\/X605A\/X605A_2_2.png' alt=''> <img style='width: 100%; max-width: 300px; height: auto; border: 1px solid rgba(150&comma;150&comma;150&comma;0.3); border-radius: 8px;' src='http:\/\/ftp3.syscom.mx\/usuarios\/fotos\/X605A\/X605A_3.png' alt=''> <\/div>\n<\/p><\/div>\n<p> <!-- Separador --> <\/p>\n<hr style='border: 0; border-top: 1px solid rgba(150&comma; 150&comma; 150&comma; 0.3); margin: 30px 0;'> <\/div>\n","protected":false},"excerpt":{"rendered":"<p>Mini Barra con 24 LED, Color \u00c1mbar Con Montaje Magn\u00e9tico y de Succi\u00f3n<\/p>\n","protected":false},"featured_media":51833,"comment_status":"open","ping_status":"closed","template":"","meta":[],"product_brand":[],"product_cat":[1362],"product_tag":[950,1237,1363],"class_list":{"0":"post-51834","1":"product","2":"type-product","3":"status-publish","4":"has-post-thumbnail","6":"product_cat-ambar-mini-barras-vehiculares","7":"product_tag-ambar","8":"product_tag-epcom-industrial-signaling","9":"product_tag-mini-barras-vehiculares","11":"first","12":"instock","13":"sale","14":"shipping-taxable","15":"purchasable","16":"product-type-simple"},"_links":{"self":[{"href":"https:\/\/soydeaqui.ddns.net\/pachuca\/index.php\/wp-json\/wp\/v2\/product\/51834","targetHints":{"allow":["GET"]}}],"collection":[{"href":"https:\/\/soydeaqui.ddns.net\/pachuca\/index.php\/wp-json\/wp\/v2\/product"}],"about":[{"href":"https:\/\/soydeaqui.ddns.net\/pachuca\/index.php\/wp-json\/wp\/v2\/types\/product"}],"replies":[{"embeddable":true,"href":"https:\/\/soydeaqui.ddns.net\/pachuca\/index.php\/wp-json\/wp\/v2\/comments?post=51834"}],"wp:featuredmedia":[{"embeddable":true,"href":"https:\/\/soydeaqui.ddns.net\/pachuca\/index.php\/wp-json\/wp\/v2\/media\/51833"}],"wp:attachment":[{"href":"https:\/\/soydeaqui.ddns.net\/pachuca\/index.php\/wp-json\/wp\/v2\/media?parent=51834"}],"wp:term":[{"taxonomy":"product_brand","embeddable":true,"href":"https:\/\/soydeaqui.ddns.net\/pachuca\/index.php\/wp-json\/wp\/v2\/product_brand?post=51834"},{"taxonomy":"product_cat","embeddable":true,"href":"https:\/\/soydeaqui.ddns.net\/pachuca\/index.php\/wp-json\/wp\/v2\/product_cat?post=51834"},{"taxonomy":"product_tag","embeddable":true,"href":"https:\/\/soydeaqui.ddns.net\/pachuca\/index.php\/wp-json\/wp\/v2\/product_tag?post=51834"}],"curies":[{"name":"wp","href":"https:\/\/api.w.org\/{rel}","templated":true}]}}