{"id":51813,"date":"2026-03-18T23:18:21","date_gmt":"2026-03-18T23:18:21","guid":{"rendered":"https:\/\/soydeaqui.ddns.net\/pachuca\/index.php\/producto\/mini-barra-de-luces-serie-x606-con-18-led-color-rojo-montaje-permanente\/"},"modified":"2026-03-18T23:18:27","modified_gmt":"2026-03-18T23:18:27","slug":"mini-barra-de-luces-serie-x606-con-18-led-color-rojo-montaje-permanente","status":"publish","type":"product","link":"https:\/\/soydeaqui.ddns.net\/pachuca\/index.php\/producto\/mini-barra-de-luces-serie-x606-con-18-led-color-rojo-montaje-permanente\/","title":{"rendered":"Mini Barra de Luces Serie X606, con 18 LED, Color Rojo, Montaje Permanente"},"content":{"rendered":"<div style='width: 100%; max-width: 1200px; margin: 0 auto; font-family: sans-serif; line-height: 1.6; color: inherit; background-color: transparent;'>\n<div style='display: flex; flex-wrap: wrap; gap: 30px; margin-bottom: 30px;'>\n<div style='flex: 1 1 300px; min-width: 280px;'>\n<h3 style='font-size: 22px; border-bottom: 2px solid currentColor; padding-bottom: 5px; margin-top: 0; color: inherit; opacity: 0.8;'>Descripci\u00f3n<\/h3>\n<p style='font-size: 15px; color: inherit; margin-bottom: 15px;'> La mini barra de luces <em>X606R<\/em>&comma; adopta la alta potencia de <strong>18 Leds Gen III<\/strong> (Generaci\u00f3n III) como fuente de luz&comma; con aspecto \u00fanico&comma; estructura compacta&comma; f\u00e1cil operaci\u00f3n y patrones de destellos diversificados. <\/p>\n<p style='font-size: 15px; color: inherit; margin-bottom: 15px;'> Sus caracter\u00edsticas son de alta luminosidad&comma; f\u00e1cil instalaci\u00f3n y tiempo de servicio largo. <\/p>\n<p style='font-size: 15px; color: inherit; margin-bottom: 0;'> El equipo est\u00e1 dise\u00f1ado para instalarse en el exterior del veh\u00edculo. <\/p>\n<\/p><\/div>\n<\/p><\/div>\n<div style='display: flex; flex-wrap: wrap; gap: 20px; margin-bottom: 30px;'>\n<div style='flex: 1 1 250px; border: 1px solid rgba(150&comma; 150&comma; 150&comma; 0.4); border-radius: 8px; overflow: hidden; display: flex; flex-direction: column;'>\n<div style='padding: 15px; border-bottom: 1px solid rgba(150&comma; 150&comma; 150&comma; 0.2); font-weight: bold; font-size: 18px; color: inherit;'>Caracter\u00edsticas<\/div>\n<div style='padding: 15px; color: inherit;'>\n<ul style='padding-left: 20px; margin: 0; font-size: 14px; list-style-type: disc;'>\n<li style='margin-bottom: 5px;'><strong>Voltaje:<\/strong> 12 Vcc &#8211; 24 Vcc<\/li>\n<li style='margin-bottom: 5px;'><strong>Consumo:<\/strong> 3A m\u00e1x<\/li>\n<li style='margin-bottom: 5px;'><strong>Potencia:<\/strong> 36W<\/li>\n<li style='margin-bottom: 5px;'><strong>Patrones de destello:<\/strong> S\u00ed<\/li>\n<li style='margin-bottom: 5px;'><strong>Montaje:<\/strong> Permanente<\/li>\n<li style='margin-bottom: 0;'><strong>Dimensiones:<\/strong> 40cm X 20cm X 6.3cm<\/li>\n<\/ul><\/div>\n<\/p><\/div>\n<\/p><\/div>\n<div style='margin-top: 30px; font-size: 14px; color: inherit;'> <strong>**Pregunte por tiempo de entrega<\/strong> <\/div>\n<hr style='border: 0; border-top: 1px solid rgba(150&comma; 150&comma; 150&comma; 0.3); margin: 30px 0;'> <\/div>\n","protected":false},"excerpt":{"rendered":"<p>Mini Barra de Luces Serie X606, con 18 LED, Color Rojo, Montaje Permanente<\/p>\n","protected":false},"featured_media":51812,"comment_status":"open","ping_status":"closed","template":"","meta":[],"product_brand":[],"product_cat":[1368],"product_tag":[1237,1363,1359],"class_list":{"0":"post-51813","1":"product","2":"type-product","3":"status-publish","4":"has-post-thumbnail","6":"product_cat-rojo-azul-mini-barras-vehiculares","7":"product_tag-epcom-industrial-signaling","8":"product_tag-mini-barras-vehiculares","9":"product_tag-rojo-azul","11":"first","12":"instock","13":"sale","14":"shipping-taxable","15":"purchasable","16":"product-type-simple"},"_links":{"self":[{"href":"https:\/\/soydeaqui.ddns.net\/pachuca\/index.php\/wp-json\/wp\/v2\/product\/51813","targetHints":{"allow":["GET"]}}],"collection":[{"href":"https:\/\/soydeaqui.ddns.net\/pachuca\/index.php\/wp-json\/wp\/v2\/product"}],"about":[{"href":"https:\/\/soydeaqui.ddns.net\/pachuca\/index.php\/wp-json\/wp\/v2\/types\/product"}],"replies":[{"embeddable":true,"href":"https:\/\/soydeaqui.ddns.net\/pachuca\/index.php\/wp-json\/wp\/v2\/comments?post=51813"}],"wp:featuredmedia":[{"embeddable":true,"href":"https:\/\/soydeaqui.ddns.net\/pachuca\/index.php\/wp-json\/wp\/v2\/media\/51812"}],"wp:attachment":[{"href":"https:\/\/soydeaqui.ddns.net\/pachuca\/index.php\/wp-json\/wp\/v2\/media?parent=51813"}],"wp:term":[{"taxonomy":"product_brand","embeddable":true,"href":"https:\/\/soydeaqui.ddns.net\/pachuca\/index.php\/wp-json\/wp\/v2\/product_brand?post=51813"},{"taxonomy":"product_cat","embeddable":true,"href":"https:\/\/soydeaqui.ddns.net\/pachuca\/index.php\/wp-json\/wp\/v2\/product_cat?post=51813"},{"taxonomy":"product_tag","embeddable":true,"href":"https:\/\/soydeaqui.ddns.net\/pachuca\/index.php\/wp-json\/wp\/v2\/product_tag?post=51813"}],"curies":[{"name":"wp","href":"https:\/\/api.w.org\/{rel}","templated":true}]}}