{"id":51807,"date":"2026-03-18T23:18:13","date_gmt":"2026-03-18T23:18:13","guid":{"rendered":"https:\/\/soydeaqui.ddns.net\/pachuca\/index.php\/producto\/luz-auxiliar-ultra-brillante-x13-de-4-leds-color-ambar-con-mica-transparente\/"},"modified":"2026-03-18T23:18:17","modified_gmt":"2026-03-18T23:18:17","slug":"luz-auxiliar-ultra-brillante-x13-de-4-leds-color-ambar-con-mica-transparente","status":"publish","type":"product","link":"https:\/\/soydeaqui.ddns.net\/pachuca\/index.php\/producto\/luz-auxiliar-ultra-brillante-x13-de-4-leds-color-ambar-con-mica-transparente\/","title":{"rendered":"Luz Auxiliar Ultra Brillante X13 de 4 LEDs, color \u00c1mbar, con mica transparente."},"content":{"rendered":"<div style='width: 100%; max-width: 1200px; margin: 0 auto; font-family: sans-serif; line-height: 1.6; color: inherit; background-color: transparent;'>\n<div style='display: flex; flex-wrap: wrap; gap: 30px; margin-bottom: 30px;'>\n<div style='flex: 1 1 300px; min-width: 280px;'>\n<h3 style='font-size: 22px; border-bottom: 2px solid currentColor; padding-bottom: 5px; margin-top: 0; color: inherit; opacity: 0.8;'>Descripci\u00f3n<\/h3>\n<p style='font-size: 15px; color: inherit; margin-top: 0;'> La luz de advertencia Serie X13 ofrece LED de Alta Potencia Gen III como fuentes de luz&comma; una estructura compacta&comma; operaci\u00f3n conveniente y varios patrones de destello. <\/p>\n<p style='font-size: 15px; color: inherit;'> Con su novedoso dise\u00f1o&comma; sus caracter\u00edsticas son de alta luminosidad&comma; bajo consumo de corriente&comma; f\u00e1cil instalaci\u00f3n y tiempo de servicio largo. <\/p>\n<p style='font-size: 15px; color: inherit;'> El equipo est\u00e1 especialmente dise\u00f1ado para instalarse en cualquier tipo de veh\u00edculo de emergencia. Los usuarios pueden de manera f\u00e1cil definir el modo de destello. <\/p>\n<\/p><\/div>\n<\/p><\/div>\n<div style='display: flex; flex-wrap: wrap; gap: 20px; margin-bottom: 30px;'>\n<div style='flex: 1 1 250px; border: 1px solid rgba(150&comma; 150&comma; 150&comma; 0.4); border-radius: 8px; overflow: hidden; display: flex; flex-direction: column;'>\n<div style='padding: 15px; border-bottom: 1px solid rgba(150&comma; 150&comma; 150&comma; 0.2); font-weight: bold; font-size: 18px; color: inherit;'>Caracter\u00edsticas<\/div>\n<div style='padding: 15px; color: inherit;'>\n<ul style='padding-left: 20px; margin: 0; font-size: 14px; list-style-type: disc;'>\n<li style='margin-bottom: 5px;'>4 LED Ultra Brillantes<\/li>\n<li style='margin-bottom: 5px;'><strong>Bezel:<\/strong> Negro<\/li>\n<li style='margin-bottom: 5px;'><strong>Consumo:<\/strong> 1A m\u00e1x.<\/li>\n<li style='margin-bottom: 5px;'><strong>Montaje:<\/strong> Permanente<\/li>\n<li style='margin-bottom: 5px;'><strong>Voltaje:<\/strong> 10 Vcc &#8211; 30 Vdc<\/li>\n<li style='margin-bottom: 5px;'><strong>Patrones de destello:<\/strong> 23<\/li>\n<li style='margin-bottom: 5px;'><strong>Dimensiones:<\/strong> 9.85 x 3.37 x 2.5 cm<\/li>\n<\/ul><\/div>\n<\/p><\/div>\n<\/p><\/div>\n<div style='display: flex; flex-wrap: wrap; gap: 30px; margin-bottom: 30px;'>\n<div style='flex: 1 1 300px; min-width: 280px;'>\n<h3 style='font-size: 22px; border-bottom: 2px solid currentColor; padding-bottom: 5px; margin-top: 0; color: inherit; opacity: 0.8;'>Funciones<\/h3>\n<p style='font-size: 15px; color: inherit; margin-top: 0;'> <strong>Incluye funcion WIG WAG<\/strong> (Vea en Recursos Instructivo de configuracion) <\/p>\n<\/p><\/div>\n<\/p><\/div>\n<hr style='border: 0; border-top: 1px solid rgba(150&comma; 150&comma; 150&comma; 0.3); margin: 30px 0;'> <\/div>\n","protected":false},"excerpt":{"rendered":"<p>Luz Auxiliar Ultra Brillante X13 de 4 LEDs, color \u00c1mbar, con mica transparente.<\/p>\n","protected":false},"featured_media":51806,"comment_status":"open","ping_status":"closed","template":"","meta":[],"product_brand":[],"product_cat":[1370],"product_tag":[950,1237,1371],"class_list":{"0":"post-51807","1":"product","2":"type-product","3":"status-publish","4":"has-post-thumbnail","6":"product_cat-ambar-luces-auxiliares-vehiculares","7":"product_tag-ambar","8":"product_tag-epcom-industrial-signaling","9":"product_tag-luces-auxiliares-vehiculares","11":"first","12":"instock","13":"sale","14":"shipping-taxable","15":"purchasable","16":"product-type-simple"},"_links":{"self":[{"href":"https:\/\/soydeaqui.ddns.net\/pachuca\/index.php\/wp-json\/wp\/v2\/product\/51807","targetHints":{"allow":["GET"]}}],"collection":[{"href":"https:\/\/soydeaqui.ddns.net\/pachuca\/index.php\/wp-json\/wp\/v2\/product"}],"about":[{"href":"https:\/\/soydeaqui.ddns.net\/pachuca\/index.php\/wp-json\/wp\/v2\/types\/product"}],"replies":[{"embeddable":true,"href":"https:\/\/soydeaqui.ddns.net\/pachuca\/index.php\/wp-json\/wp\/v2\/comments?post=51807"}],"wp:featuredmedia":[{"embeddable":true,"href":"https:\/\/soydeaqui.ddns.net\/pachuca\/index.php\/wp-json\/wp\/v2\/media\/51806"}],"wp:attachment":[{"href":"https:\/\/soydeaqui.ddns.net\/pachuca\/index.php\/wp-json\/wp\/v2\/media?parent=51807"}],"wp:term":[{"taxonomy":"product_brand","embeddable":true,"href":"https:\/\/soydeaqui.ddns.net\/pachuca\/index.php\/wp-json\/wp\/v2\/product_brand?post=51807"},{"taxonomy":"product_cat","embeddable":true,"href":"https:\/\/soydeaqui.ddns.net\/pachuca\/index.php\/wp-json\/wp\/v2\/product_cat?post=51807"},{"taxonomy":"product_tag","embeddable":true,"href":"https:\/\/soydeaqui.ddns.net\/pachuca\/index.php\/wp-json\/wp\/v2\/product_tag?post=51807"}],"curies":[{"name":"wp","href":"https:\/\/api.w.org\/{rel}","templated":true}]}}