{"id":51585,"date":"2026-03-18T23:11:16","date_gmt":"2026-03-18T23:11:16","guid":{"rendered":"https:\/\/soydeaqui.ddns.net\/pachuca\/index.php\/producto\/barra-de-luces-de-47-rojo-azul-88-led-con-control-de-trafico-en-color-ambar-ideal-para-equipar-unidades-de-seguridad-publica\/"},"modified":"2026-03-18T23:11:16","modified_gmt":"2026-03-18T23:11:16","slug":"barra-de-luces-de-47-rojo-azul-88-led-con-control-de-trafico-en-color-ambar-ideal-para-equipar-unidades-de-seguridad-publica","status":"publish","type":"product","link":"https:\/\/soydeaqui.ddns.net\/pachuca\/index.php\/producto\/barra-de-luces-de-47-rojo-azul-88-led-con-control-de-trafico-en-color-ambar-ideal-para-equipar-unidades-de-seguridad-publica\/","title":{"rendered":"Barra de luces de 47&#8243; rojo\/azul, 88 LED, con control de tr\u00e1fico en color \u00e1mbar, ideal para equipar unidades de seguridad publica"},"content":{"rendered":"<div style='width: 100%; max-width: 1200px; margin: 0 auto; font-family: sans-serif; line-height: 1.6; color: inherit; background-color: transparent;'> <!-- Secci\u00f3n de descripci\u00f3n principal --> <\/p>\n<div style='margin-bottom: 30px;'>\n<h3 style='font-size: 22px; border-bottom: 2px solid currentColor; padding-bottom: 5px; margin-top: 0; color: inherit; opacity: 0.8;'>Barra de Luces Brillante con tecnolog\u00eda HyperLUX<\/h3>\n<p style='color: inherit; font-size: 15px; margin-top: 15px; margin-bottom: 15px;'>La barra de luces brillantes Serie X67&comma; cuenta con la tecnolog\u00eda HyperLUX la cual es empleada para la emisi\u00f3n de luz y proporciona gran destello.<\/p>\n<\/p><\/div>\n<p> <!-- Secci\u00f3n de configuraci\u00f3n --> <\/p>\n<div style='margin-bottom: 30px;'>\n<h3 style='font-size: 22px; border-bottom: 2px solid currentColor; padding-bottom: 5px; margin-top: 0; color: inherit; opacity: 0.8;'>Configuraci\u00f3n<\/h3>\n<p style='color: inherit; font-size: 15px; margin-top: 15px; margin-bottom: 15px;'>Cuenta con 3 m\u00f3dulos de 4 LED en la parte frontal&comma; 3 m\u00f3dulos de 4 LED azules en la parte frontal&comma; 2 m\u00f3dulos de esquina de 4 LED rojos&comma; 2 m\u00f3dulos de esquina de 4 LED azules&comma; 8 m\u00f3dulos de 4 LED \u00e1mbar en la parte trasera&comma; 2 m\u00f3dulos de luz de penetraci\u00f3n de 4 LED en blanco color&comma; 2 m\u00f3dulos de callej\u00f3n de 4 leds en color blanco.<\/p>\n<\/p><\/div>\n<p> <!-- Galer\u00eda de im\u00e1genes --> <\/p>\n<div style='display: flex; flex-wrap: wrap; gap: 15px; margin-bottom: 30px; justify-content: center;'> <img style='width: 100%; max-width: 420px; height: auto; border: 1px solid rgba(150&comma;150&comma;150&comma;0.3); border-radius: 8px;' src='https:\/\/ftp3.syscom.mx\/usuarios\/ftp\/web_img\/rojo_azul_ambar.jpg' alt=''> <img style='width: 100%; max-width: 487px; height: auto; border: 1px solid rgba(150&comma;150&comma;150&comma;0.3); border-radius: 8px;' src='http:\/\/ftp3.syscom.mx\/usuarios\/abelg\/EPCOM%20INDUSTRIAL\/x67rba%20draw.JPG' alt=''> <\/div>\n<p> <!-- Secci\u00f3n de caracter\u00edsticas --> <\/p>\n<div style='margin-bottom: 30px;'>\n<h3 style='font-size: 22px; border-bottom: 2px solid currentColor; padding-bottom: 5px; margin-top: 0; color: inherit; opacity: 0.8;'>Caracter\u00edsticas<\/h3>\n<ul style='padding-left: 20px; margin-top: 15px; margin-bottom: 15px; color: inherit; font-size: 15px; list-style-type: disc;'>\n<li style='margin-bottom: 5px;'><strong style='color: inherit;'>22 m\u00f3dulos<\/strong> Ultra Brillantes<\/li>\n<li style='margin-bottom: 5px;'><strong style='color: inherit;'>88 Leds<\/strong> con la \u00faltima tecnolog\u00eda en iluminaci\u00f3n <strong style='color: inherit;'>HyperLUX<\/strong><\/li>\n<li style='margin-bottom: 5px;'>Alto Brillo<\/li>\n<li style='margin-bottom: 5px;'>Bajo Perfil<\/li>\n<li style='margin-bottom: 5px;'><strong style='color: inherit;'>Longitud de 47&#8242;<\/strong><\/li>\n<li style='margin-bottom: 5px;'>Montaje de Gancho<\/li>\n<li style='margin-bottom: 5px;'>Bajo Consumo de Corriente<\/li>\n<li style='margin-bottom: 5px;'>F\u00e1cil instalaci\u00f3n<\/li>\n<li style='margin-bottom: 5px;'>Larga Vida \u00datil<\/li>\n<li style='margin-bottom: 5px;'>Luces Callejoneras (Color Claro)<\/li>\n<li style='margin-bottom: 5px;'>Luces de Penetraci\u00f3n (Color Claro)<\/li>\n<li style='margin-bottom: 5px;'><strong style='color: inherit;'>Incluye Controlador<\/strong><\/li>\n<li style='margin-bottom: 5px;'><strong style='color: inherit;'>45 Patrones de destello<\/strong><\/li>\n<li style='margin-bottom: 5px;'><strong style='color: inherit;'>Funci\u00f3n de Control de Tr\u00e1fico (Color \u00c1mbar)<\/strong><\/li>\n<li style='margin-bottom: 5px;'><strong style='color: inherit;'>Dimensiones: 118cm X 34cm X 12 cm (largo x ancho x alto)<\/strong><\/li>\n<li style='margin-bottom: 5px;'><strong style='color: inherit;'>IP65<\/strong> (Encuentre certificacion adjunta en Descargas)<\/li>\n<li style='margin-bottom: 5px;'><strong style='color: inherit;'>Certificacion SAE<\/strong> (Encuentre certificacion adjunta en Descargas)<\/li>\n<\/ul><\/div>\n<p> <!-- Secci\u00f3n de especificaciones t\u00e9cnicas --> <\/p>\n<div style='margin-bottom: 30px;'>\n<h3 style='font-size: 22px; border-bottom: 2px solid currentColor; padding-bottom: 5px; margin-top: 0; color: inherit; opacity: 0.8;'>Especificaciones T\u00e9cnicas<\/h3>\n<ul style='padding-left: 20px; margin-top: 15px; margin-bottom: 15px; color: inherit; font-size: 15px; list-style-type: disc;'>\n<li style='margin-bottom: 5px;'>Voltaje de Alimentaci\u00f3n: 10 &#8211; 14.8 Vcd<\/li>\n<li style='margin-bottom: 5px;'>Consumo: 12 A m\u00e1x.<\/li>\n<\/ul><\/div>\n<p> <!-- Separador final --> <\/p>\n<hr style='border: 0; border-top: 1px solid rgba(150&comma; 150&comma; 150&comma; 0.3); margin: 30px 0;'> <\/div>\n","protected":false},"excerpt":{"rendered":"<p>Barra de luces de 47&#8243; rojo\/azul, 88 LED, con control de tr\u00e1fico en color \u00e1mbar, ideal para equipar unidades de seguridad publica<\/p>\n","protected":false},"featured_media":51584,"comment_status":"open","ping_status":"closed","template":"","meta":[],"product_brand":[],"product_cat":[1358],"product_tag":[1356,1237,1359],"class_list":{"0":"post-51585","1":"product","2":"type-product","3":"status-publish","4":"has-post-thumbnail","6":"product_cat-rojo-azul","7":"product_tag-barras-de-luz-torretas-vehiculares","8":"product_tag-epcom-industrial-signaling","9":"product_tag-rojo-azul","11":"first","12":"instock","13":"sale","14":"shipping-taxable","15":"purchasable","16":"product-type-simple"},"_links":{"self":[{"href":"https:\/\/soydeaqui.ddns.net\/pachuca\/index.php\/wp-json\/wp\/v2\/product\/51585","targetHints":{"allow":["GET"]}}],"collection":[{"href":"https:\/\/soydeaqui.ddns.net\/pachuca\/index.php\/wp-json\/wp\/v2\/product"}],"about":[{"href":"https:\/\/soydeaqui.ddns.net\/pachuca\/index.php\/wp-json\/wp\/v2\/types\/product"}],"replies":[{"embeddable":true,"href":"https:\/\/soydeaqui.ddns.net\/pachuca\/index.php\/wp-json\/wp\/v2\/comments?post=51585"}],"wp:featuredmedia":[{"embeddable":true,"href":"https:\/\/soydeaqui.ddns.net\/pachuca\/index.php\/wp-json\/wp\/v2\/media\/51584"}],"wp:attachment":[{"href":"https:\/\/soydeaqui.ddns.net\/pachuca\/index.php\/wp-json\/wp\/v2\/media?parent=51585"}],"wp:term":[{"taxonomy":"product_brand","embeddable":true,"href":"https:\/\/soydeaqui.ddns.net\/pachuca\/index.php\/wp-json\/wp\/v2\/product_brand?post=51585"},{"taxonomy":"product_cat","embeddable":true,"href":"https:\/\/soydeaqui.ddns.net\/pachuca\/index.php\/wp-json\/wp\/v2\/product_cat?post=51585"},{"taxonomy":"product_tag","embeddable":true,"href":"https:\/\/soydeaqui.ddns.net\/pachuca\/index.php\/wp-json\/wp\/v2\/product_tag?post=51585"}],"curies":[{"name":"wp","href":"https:\/\/api.w.org\/{rel}","templated":true}]}}