{"id":51557,"date":"2026-03-18T23:10:24","date_gmt":"2026-03-18T23:10:24","guid":{"rendered":"https:\/\/soydeaqui.ddns.net\/pachuca\/index.php\/producto\/robusto-y-confiable-localizador-vehicular-3g-con-antenas-externas-multiples-entradas-y-salidas-opcion-para-audio-bidireccional-y-camara-fotografica-carcasa-de-aluminio-para-lugares-con-altas-tempe\/"},"modified":"2026-03-18T23:10:33","modified_gmt":"2026-03-18T23:10:33","slug":"robusto-y-confiable-localizador-vehicular-3g-con-antenas-externas-multiples-entradas-y-salidas-opcion-para-audio-bidireccional-y-camara-fotografica-carcasa-de-aluminio-para-lugares-con-altas-tempe","status":"publish","type":"product","link":"https:\/\/soydeaqui.ddns.net\/pachuca\/index.php\/producto\/robusto-y-confiable-localizador-vehicular-3g-con-antenas-externas-multiples-entradas-y-salidas-opcion-para-audio-bidireccional-y-camara-fotografica-carcasa-de-aluminio-para-lugares-con-altas-tempe\/","title":{"rendered":"Robusto y Confiable Localizador Vehicular 3G Con Antenas Externas, m\u00faltiples entradas y salidas (opci\u00f3n para audio bidireccional y c\u00e1mara fotogr\u00e1fica), Carcasa de Aluminio para Lugares Con Altas Temperaturas."},"content":{"rendered":"<div style='width: 100%; max-width: 1200px; margin: 0 auto; font-family: sans-serif; line-height: 1.6; color: inherit; background-color: transparent;'> <!-- Imagen principal --> <\/p>\n<div style='width: 100%; margin-bottom: 30px;'> <img style='width: 100%; height: auto; border: 1px solid rgba(150&comma;150&comma;150&comma;0.3); border-radius: 8px;' src='https:\/\/ftp3.syscom.mx\/usuarios\/fotos\/T333\/94497-encabezado_t333_2.png' alt='Robusto y Confiable Localizador Vehicular 3G'> <\/div>\n<p> <!-- Secci\u00f3n de descripci\u00f3n --> <\/p>\n<div style='display: flex; flex-direction: column; gap: 20px; margin-bottom: 30px;'>\n<h2 style='font-size: 28px; font-weight: bold; text-align: center; margin: 0 0 20px 0; color: inherit;'> <span style='color: #55ca23;'>Dise\u00f1ado para soportar altas temperaturas.<\/span> <\/h2>\n<p style='text-align: justify; margin: 0; color: inherit; font-size: 15px;'> Gracias a su robusta carcasa de aluminio el T333 se convierte en un equipo ideal para veh\u00edculos de trabajo pesado donde las temperaturas son muy altas&comma; sus antenas externas facilitan la instalaci\u00f3n en cualquier veh\u00edculo&comma; cuenta con diferentes entradas y salidas digitales para detectar ignici\u00f3n apertura o cierre de puertas&comma; adem\u00e1s de un puerto RS232 donde podr\u00e1 conectar sensores de combustible o temperatura as\u00ed como lectoras RFID o Ibutton y una c\u00e1mara fotogr\u00e1fica para tomar fotos en los eventos que usted defina&comma; adem\u00e1s cuenta con <strong>capacidad de audio en dos v\u00edas por medio de los accesorios A57MVT600 y A58MVT600.<\/strong> <\/p>\n<p style='text-align: justify; margin: 0; color: inherit; font-size: 15px;'> Es un rastreador (3G\/2G) s\u00faper sensible a la se\u00f1al GPS lo que le da un m\u00ednimo margen de error en el posicionamiento&comma; tambi\u00e9n cuenta con la capacidad de que se le pueda dar seguimiento LBS lo cual sirve de gran apoyo si es que el veh\u00edculo est\u00e1 dentro de alg\u00fan estacionamiento o lugar a donde no llega f\u00e1cilmente la se\u00f1al GPS. <\/p>\n<p style='margin: 0; color: inherit; font-size: 15px;'><strong>*Cable de programaci\u00f3n incluido<\/strong><\/p>\n<p style='margin: 0; color: inherit; font-size: 15px;'><strong>**El tiempo de respaldo de la bater\u00eda varia dependiendo de la programaci\u00f3n.<\/strong><\/p>\n<\/p><\/div>\n<p> <!-- Nota importante --> <\/p>\n<div style='background-color: #f29d12; border: 1px solid rgba(150&comma;150&comma;150&comma;0.3); border-radius: 8px; padding: 15px; margin-bottom: 30px;'>\n<p style='margin: 0; font-size: 14px; color: #1f1f1f;'> <strong>Nota importante:<\/strong> Se sugiere configurar tiempos de reporte de cada minuto cuando el motor est\u00e9 encendido o detecte movimiento&comma; y cada 20 minutos cuando el motor est\u00e9 apagado o detenido. <strong>\u201cEsto ayudar\u00e1 a mantener un consumo de datos moderado\u201d<\/strong> <\/p>\n<\/p><\/div>\n<p> <!-- Caracter\u00edsticas principales --> <\/p>\n<div style='display: flex; flex-wrap: wrap; gap: 20px; margin-bottom: 30px;'>\n<div style='flex: 1 1 300px; min-width: 280px;'>\n<h3 style='font-size: 22px; border-bottom: 2px solid currentColor; padding-bottom: 5px; margin-top: 0; color: inherit; opacity: 0.8;'>Caracter\u00edsticas principales<\/h3>\n<ul style='padding-left: 20px; font-size: 15px; color: inherit; list-style-type: disc;'>\n<li style='margin-bottom: 5px;'>Opci\u00f3n de audio en dos v\u00edas<\/li>\n<li style='margin-bottom: 5px;'>3 Entradas digitales<\/li>\n<li style='margin-bottom: 5px;'>2 salidas digitales<\/li>\n<li style='margin-bottom: 5px;'>2 entradas an\u00e1logas<\/li>\n<li style='margin-bottom: 5px;'>1 Puerto 1Wire<\/li>\n<li style='margin-bottom: 5px;'>Detecci\u00f3n de Jammer<\/li>\n<li style='margin-bottom: 5px;'>Geocercas internas<\/li>\n<li style='margin-bottom: 5px;'>Aceler\u00f3metro<\/li>\n<li style='margin-bottom: 5px;'>Seguimiento de ubicaci\u00f3n&comma; historial&comma; kilometraje y velocidad de veh\u00edculos<\/li>\n<li style='margin-bottom: 5px;'>Bloqueo de ignici\u00f3n a distancia<\/li>\n<li style='margin-bottom: 5px;'>Admite sensores adicionales<\/li>\n<\/ul><\/div>\n<div style='flex: 1 1 300px; min-width: 280px;'>\n<h3 style='font-size: 22px; border-bottom: 2px solid currentColor; padding-bottom: 5px; margin-top: 0; color: inherit; opacity: 0.8;'>Compatibilidad y funcionalidades<\/h3>\n<ul style='padding-left: 20px; font-size: 15px; color: inherit; list-style-type: disc;'>\n<li style='margin-bottom: 5px;'>Compatible con Novit y EpcomGPS.<\/li>\n<li style='margin-bottom: 5px;'>Sensores de combustible<\/li>\n<li style='margin-bottom: 5px;'>Sensores de temperatura<\/li>\n<li style='margin-bottom: 5px;'>Registro de conductores<\/li>\n<li style='margin-bottom: 5px;'>Reporte por tiempo&comma; distancia y giro<\/li>\n<li style='margin-bottom: 5px;'>Compatible con lector RFID<\/li>\n<li style='margin-bottom: 5px;'>Configuraci\u00f3n por SMS<\/li>\n<li style='margin-bottom: 5px;'>Bot\u00f3n de p\u00e1nico incluido<\/li>\n<li style='margin-bottom: 5px;'>Eventos personalizables<\/li>\n<li style='margin-bottom: 5px;'>Dimensiones 105 mm x 65 mm x 26 mm<\/li>\n<\/ul><\/div>\n<div style='flex: 1 1 300px; min-width: 280px;'>\n<h3 style='font-size: 22px; border-bottom: 2px solid currentColor; padding-bottom: 5px; margin-top: 0; color: inherit; opacity: 0.8;'>Especificaciones t\u00e9cnicas<\/h3>\n<ul style='padding-left: 20px; font-size: 15px; color: inherit; list-style-type: disc;'>\n<li style='margin-bottom: 5px;'><strong>Temperatura de operaci\u00f3n:<\/strong> -20 a +55 \u00b0C<\/li>\n<li style='margin-bottom: 5px;'><strong>Humedad relativa:<\/strong> 5 % a 95 % sin condensaci\u00f3n<\/li>\n<li style='margin-bottom: 5px;'><strong>Voltaje de alimentaci\u00f3n:<\/strong> 11 &#8211; 36 V DC 1.5 A<\/li>\n<li style='margin-bottom: 5px;'><strong>Bater\u00eda interna:<\/strong> 400 mAh<\/li>\n<li style='margin-bottom: 5px;'><strong>Consumo de energ\u00eda en modo reposo:<\/strong> 8 mA<\/li>\n<\/ul>\n<div style='margin-top: 20px; display: flex; justify-content: center;'> <img style='width: 160px; height: auto; border: 1px solid rgba(150&comma;150&comma;150&comma;0.3); border-radius: 8px; margin: 10px;' src='https:\/\/ftp3.syscom.mx\/usuarios\/fotos\/ECO4LIGHT3G\/94490-pngocean.com.png' alt='Logo'> <img style='width: 160px; height: auto; border: 1px solid rgba(150&comma;150&comma;150&comma;0.3); border-radius: 8px; margin: 10px;' src='https:\/\/ftp3.syscom.mx\/usuarios\/fotos\/ECO4LIGHT3G\/94490-pngocean.com(1).png' alt='Logo'> <img style='width: 160px; height: auto; border: 1px solid rgba(150&comma;150&comma;150&comma;0.3); border-radius: 8px; margin: 10px;' src='https:\/\/ftp3.syscom.mx\/usuarios\/fotos\/ECO4LIGHT3G\/94490-kisspng-computer-icons-symbol-palomita-5b12de2da12d70.2979251315279631816602.png' alt='Check'> <\/div>\n<\/p><\/div>\n<\/p><\/div>\n<p> <!-- Separador final --> <\/p>\n<hr style='border: 0; border-top: 1px solid rgba(150&comma;150&comma;150&comma;0.3); margin: 30px 0;'> <\/div>\n","protected":false},"excerpt":{"rendered":"<p>Robusto y Confiable Localizador Vehicular 3G Con Antenas Externas, m\u00faltiples entradas y salidas (opci\u00f3n para audio bidireccional y c\u00e1mara fotogr\u00e1fica), Carcasa de Aluminio para Lugares Con Altas Temperaturas.<\/p>\n","protected":false},"featured_media":51556,"comment_status":"open","ping_status":"closed","template":"","meta":[],"product_brand":[],"product_cat":[1346,1388],"product_tag":[1350,1349,1390,1389],"class_list":{"0":"post-51557","1":"product","2":"type-product","3":"status-publish","4":"has-post-thumbnail","6":"product_cat-iot","7":"product_cat-trackers-gps","8":"product_tag-gps-y-telematica","9":"product_tag-iot","10":"product_tag-meitrack","11":"product_tag-trackers-gps","13":"first","14":"outofstock","15":"sale","16":"shipping-taxable","17":"purchasable","18":"product-type-simple"},"_links":{"self":[{"href":"https:\/\/soydeaqui.ddns.net\/pachuca\/index.php\/wp-json\/wp\/v2\/product\/51557","targetHints":{"allow":["GET"]}}],"collection":[{"href":"https:\/\/soydeaqui.ddns.net\/pachuca\/index.php\/wp-json\/wp\/v2\/product"}],"about":[{"href":"https:\/\/soydeaqui.ddns.net\/pachuca\/index.php\/wp-json\/wp\/v2\/types\/product"}],"replies":[{"embeddable":true,"href":"https:\/\/soydeaqui.ddns.net\/pachuca\/index.php\/wp-json\/wp\/v2\/comments?post=51557"}],"wp:featuredmedia":[{"embeddable":true,"href":"https:\/\/soydeaqui.ddns.net\/pachuca\/index.php\/wp-json\/wp\/v2\/media\/51556"}],"wp:attachment":[{"href":"https:\/\/soydeaqui.ddns.net\/pachuca\/index.php\/wp-json\/wp\/v2\/media?parent=51557"}],"wp:term":[{"taxonomy":"product_brand","embeddable":true,"href":"https:\/\/soydeaqui.ddns.net\/pachuca\/index.php\/wp-json\/wp\/v2\/product_brand?post=51557"},{"taxonomy":"product_cat","embeddable":true,"href":"https:\/\/soydeaqui.ddns.net\/pachuca\/index.php\/wp-json\/wp\/v2\/product_cat?post=51557"},{"taxonomy":"product_tag","embeddable":true,"href":"https:\/\/soydeaqui.ddns.net\/pachuca\/index.php\/wp-json\/wp\/v2\/product_tag?post=51557"}],"curies":[{"name":"wp","href":"https:\/\/api.w.org\/{rel}","templated":true}]}}