{"id":51553,"date":"2026-03-18T23:10:17","date_gmt":"2026-03-18T23:10:17","guid":{"rendered":"https:\/\/soydeaqui.ddns.net\/pachuca\/index.php\/producto\/luz-auxiliar-micropulse-ultra-3-leds-ambar\/"},"modified":"2026-03-18T23:10:18","modified_gmt":"2026-03-18T23:10:18","slug":"luz-auxiliar-micropulse-ultra-3-leds-ambar","status":"publish","type":"product","link":"https:\/\/soydeaqui.ddns.net\/pachuca\/index.php\/producto\/luz-auxiliar-micropulse-ultra-3-leds-ambar\/","title":{"rendered":"Luz auxiliar MicroPulse Ultra, 3 LEDs \u00c1mbar"},"content":{"rendered":"<div style='width: 100%; max-width: 1200px; margin: 0 auto; font-family: sans-serif; line-height: 1.6; color: inherit; background-color: transparent;'> <!-- Secci\u00f3n de descripci\u00f3n --> <\/p>\n<div style='display: flex; flex-wrap: wrap; gap: 30px; margin-bottom: 30px;'>\n<div style='flex: 1 1 300px; min-width: 280px;'>\n<h3 style='font-size: 22px; border-bottom: 2px solid currentColor; padding-bottom: 5px; margin-top: 0; color: inherit; opacity: 0.8;'>Descripci\u00f3n<\/h3>\n<p style='font-size: 15px; color: inherit;'>Los modelos MicroPulse \u2122 Ultra tienen un dise\u00f1o de bajo perfil que ofrece una gama m\u00e1s amplia para varias aplicaciones. El avanzado LED de alta potencia se puede programar para funcionar como una sola unidad o en sincronizaci\u00f3n con m\u00faltiples puntos de luz MicroPulse.<\/p>\n<p style='font-size: 15px; color: inherit;'>MicroPulse Ultra est\u00e1 fabricado en policarbonato resistente a los rayos UV para proteger contra condiciones adversas.<\/p>\n<p style='font-size: 15px; color: inherit;'>Cuenta con una carcasa impermeable completamente encapsulada&comma; que proporciona una barrera contra la humedad y la condensaci\u00f3n.<\/p>\n<p style='font-size: 15px; color: inherit;'>Todas las luces perimetrales MicroPulse Ultra est\u00e1n respaldadas por la amplia garant\u00eda de tres a\u00f1os de Federal Signal.<\/p>\n<\/p><\/div>\n<\/p><\/div>\n<p> <!-- Secci\u00f3n de especificaciones --> <\/p>\n<div style='display: flex; flex-wrap: wrap; gap: 20px; margin-bottom: 30px;'>\n<div style='flex: 1 1 250px; border: 1px solid rgba(150&comma; 150&comma; 150&comma; 0.4); border-radius: 8px; overflow: hidden; display: flex; flex-direction: column;'>\n<div style='padding: 15px; border-bottom: 1px solid rgba(150&comma; 150&comma; 150&comma; 0.2); font-weight: bold; font-size: 18px; color: inherit;'>Especificaciones<\/div>\n<div style='padding: 15px; color: inherit;'>\n<ul style='padding-left: 20px; margin: 0; font-size: 14px; list-style-type: disc;'>\n<li style='margin-bottom: 5px;'><strong>Voltaje de Operaci\u00f3n:<\/strong> 12Vcc<\/li>\n<li style='margin-bottom: 5px;'><strong>Consumo:<\/strong> 0.2 Amp<\/li>\n<li style='margin-bottom: 5px;'><strong>Cantidad de Led:<\/strong> 3<\/li>\n<li style='margin-bottom: 5px;'><strong>Color de la mica:<\/strong> Transparente<\/li>\n<li style='margin-bottom: 5px;'><strong>Color de Led:<\/strong> \u00c1mbar<\/li>\n<li style='margin-bottom: 5px;'><strong>Cantidad de patrones:<\/strong> 18<\/li>\n<\/ul><\/div>\n<\/p><\/div>\n<div style='flex: 1 1 250px; border: 1px solid rgba(150&comma; 150&comma; 150&comma; 0.4); border-radius: 8px; overflow: hidden; display: flex; flex-direction: column;'>\n<div style='padding: 15px; border-bottom: 1px solid rgba(150&comma; 150&comma; 150&comma; 0.2); font-weight: bold; font-size: 18px; color: inherit;'>Certificaciones<\/div>\n<div style='padding: 15px; color: inherit;'>\n<ul style='padding-left: 20px; margin: 0; font-size: 14px; list-style-type: disc;'>\n<li style='margin-bottom: 5px;'>Cumplimiento SAE J845 Clase 1<\/li>\n<li style='margin-bottom: 5px;'>SAE J595 Clase 1<\/li>\n<\/ul><\/div>\n<\/p><\/div>\n<div style='flex: 1 1 250px; border: 1px solid rgba(150&comma; 150&comma; 150&comma; 0.4); border-radius: 8px; overflow: hidden; display: flex; flex-direction: column;'>\n<div style='padding: 15px; border-bottom: 1px solid rgba(150&comma; 150&comma; 150&comma; 0.2); font-weight: bold; font-size: 18px; color: inherit;'>Dimensiones<\/div>\n<div style='padding: 15px; color: inherit;'>\n<p style='margin: 0; font-size: 14px;'>8.6 cm X 2.7 cm x 1.09 cm<\/p>\n<\/p><\/div>\n<\/p><\/div>\n<\/p><\/div>\n<p> <!-- Separador --> <\/p>\n<hr style='border: 0; border-top: 1px solid rgba(150&comma; 150&comma; 150&comma; 0.3); margin: 30px 0;'> <!-- Secci\u00f3n de observaciones --> <\/p>\n<div style='margin-top: 30px;'>\n<p style='font-size: 14px; color: inherit; opacity: 0.8;'><strong>*Pregunte por disponibilidad.<\/strong><\/p>\n<\/p><\/div>\n<p> <!-- Separador --> <\/p>\n<hr style='border: 0; border-top: 1px solid rgba(150&comma; 150&comma; 150&comma; 0.3); margin: 30px 0;'> <!-- Video --> <\/p>\n<div style='position: relative; padding-bottom: 56.25%; height: 0; overflow: hidden; margin-bottom: 30px;'>   <\/div>\n<\/p><\/div>\n","protected":false},"excerpt":{"rendered":"<p>Luz auxiliar MicroPulse Ultra, 3 LEDs \u00c1mbar<\/p>\n","protected":false},"featured_media":51552,"comment_status":"open","ping_status":"closed","template":"","meta":[],"product_brand":[],"product_cat":[1370],"product_tag":[950,1360,1371],"class_list":{"0":"post-51553","1":"product","2":"type-product","3":"status-publish","4":"has-post-thumbnail","6":"product_cat-ambar-luces-auxiliares-vehiculares","7":"product_tag-ambar","8":"product_tag-federal-signal","9":"product_tag-luces-auxiliares-vehiculares","11":"first","12":"outofstock","13":"sale","14":"shipping-taxable","15":"purchasable","16":"product-type-simple"},"_links":{"self":[{"href":"https:\/\/soydeaqui.ddns.net\/pachuca\/index.php\/wp-json\/wp\/v2\/product\/51553","targetHints":{"allow":["GET"]}}],"collection":[{"href":"https:\/\/soydeaqui.ddns.net\/pachuca\/index.php\/wp-json\/wp\/v2\/product"}],"about":[{"href":"https:\/\/soydeaqui.ddns.net\/pachuca\/index.php\/wp-json\/wp\/v2\/types\/product"}],"replies":[{"embeddable":true,"href":"https:\/\/soydeaqui.ddns.net\/pachuca\/index.php\/wp-json\/wp\/v2\/comments?post=51553"}],"wp:featuredmedia":[{"embeddable":true,"href":"https:\/\/soydeaqui.ddns.net\/pachuca\/index.php\/wp-json\/wp\/v2\/media\/51552"}],"wp:attachment":[{"href":"https:\/\/soydeaqui.ddns.net\/pachuca\/index.php\/wp-json\/wp\/v2\/media?parent=51553"}],"wp:term":[{"taxonomy":"product_brand","embeddable":true,"href":"https:\/\/soydeaqui.ddns.net\/pachuca\/index.php\/wp-json\/wp\/v2\/product_brand?post=51553"},{"taxonomy":"product_cat","embeddable":true,"href":"https:\/\/soydeaqui.ddns.net\/pachuca\/index.php\/wp-json\/wp\/v2\/product_cat?post=51553"},{"taxonomy":"product_tag","embeddable":true,"href":"https:\/\/soydeaqui.ddns.net\/pachuca\/index.php\/wp-json\/wp\/v2\/product_tag?post=51553"}],"curies":[{"name":"wp","href":"https:\/\/api.w.org\/{rel}","templated":true}]}}