{"id":51538,"date":"2026-03-18T23:09:49","date_gmt":"2026-03-18T23:09:49","guid":{"rendered":"https:\/\/soydeaqui.ddns.net\/pachuca\/index.php\/producto\/luz-de-advertencia-quadraflare-led-mica-color-rojo-y-led-rojo-no-incluye-montaje\/"},"modified":"2026-03-18T23:09:49","modified_gmt":"2026-03-18T23:09:49","slug":"luz-de-advertencia-quadraflare-led-mica-color-rojo-y-led-rojo-no-incluye-montaje","status":"publish","type":"product","link":"https:\/\/soydeaqui.ddns.net\/pachuca\/index.php\/producto\/luz-de-advertencia-quadraflare-led-mica-color-rojo-y-led-rojo-no-incluye-montaje\/","title":{"rendered":"Luz de advertencia Quadraflare LED, Mica color Rojo y LED Rojo (no incluye montaje)"},"content":{"rendered":"<div style='width: 100%; max-width: 1200px; margin: 0 auto; font-family: sans-serif; line-height: 1.6; color: inherit; background-color: transparent;'> <!-- Secci\u00f3n de caracter\u00edsticas generales --> <\/p>\n<div style='display: flex; flex-wrap: wrap; gap: 30px; margin-bottom: 30px;'>\n<div style='flex: 1 1 300px; min-width: 280px;'>\n<h3 style='font-size: 22px; border-bottom: 2px solid currentColor; padding-bottom: 5px; margin-top: 0; color: inherit; opacity: 0.8;'>Caracter\u00edsticas Generales<\/h3>\n<ul style='padding-left: 20px; font-size: 15px; color: inherit;'>\n<li style='margin-bottom: 5px;'>Tecnolog\u00eda avanzada de iluminaci\u00f3n Solaris en un gabinete de 6 x 4&#8242;<\/li>\n<li style='margin-bottom: 5px;'>Cumple con especificaciones NFPA<\/li>\n<li style='margin-bottom: 5px;'>Disponible en rojo&comma; \u00e1mbar&comma; azul&comma; claro<\/li>\n<li style='margin-bottom: 5px;'>Bisel opcional en color negro o cromado<\/li>\n<li style='margin-bottom: 5px;'>Mica de color rojo<\/li>\n<li style='margin-bottom: 5px;'>16 LED en total en color rojo<\/li>\n<li style='margin-bottom: 5px;'>Dise\u00f1o de superficie montada&comma; sin necesidad de cortar agujeros en la carrocer\u00eda<\/li>\n<li style='margin-bottom: 5px;'>Sobrepasa los requisitos de las especificaciones NFPA y GSA K-spec<\/li>\n<\/ul><\/div>\n<p> <!-- Secci\u00f3n de especificaciones t\u00e9cnicas --> <\/p>\n<div style='flex: 1 1 300px; min-width: 280px;'>\n<h3 style='font-size: 22px; border-bottom: 2px solid currentColor; padding-bottom: 5px; margin-top: 0; color: inherit; opacity: 0.8;'>Especificaciones T\u00e9cnicas<\/h3>\n<ul style='padding-left: 20px; font-size: 15px; color: inherit;'>\n<li style='margin-bottom: 5px;'><strong>Alimentaci\u00f3n:<\/strong> 12.8 Vcc<\/li>\n<li style='margin-bottom: 5px;'><strong>Consumo:<\/strong> 2 A (encendido permanente)<\/li>\n<li style='margin-bottom: 5px;'><strong>Temperatura de operaci\u00f3n:<\/strong> -40 a +65 \u00baC<\/li>\n<li style='margin-bottom: 5px;'><strong>Dimensiones:<\/strong> 167 x 107 x 38 mm<\/li>\n<li style='margin-bottom: 5px;'><strong>Peso al embarcar:<\/strong> 1.8 libras (0.8 kg)<\/li>\n<li style='margin-bottom: 5px;'><strong>Tecnolog\u00eda:<\/strong> LED Solaris con reflector cu\u00e1druple<\/li>\n<li style='margin-bottom: 5px;'><strong>Patrones de destello:<\/strong> Cinco configuraciones en un solo modelo<\/li>\n<\/ul><\/div>\n<\/p><\/div>\n<p> <!-- Secci\u00f3n de patrones de destello --> <\/p>\n<div style='margin-bottom: 30px;'>\n<h3 style='font-size: 22px; border-bottom: 2px solid currentColor; padding-bottom: 5px; margin-top: 0; margin-bottom: 15px; color: inherit; opacity: 0.8;'>Patrones de Destello<\/h3>\n<ul style='padding-left: 20px; font-size: 15px; color: inherit;'>\n<li style='margin-bottom: 5px;'>&#8216;Encendido permanente&#8217; (puede usarse con destellador externo)<\/li>\n<li style='margin-bottom: 5px;'>Destello completo (todos los modelos)<\/li>\n<li style='margin-bottom: 5px;'>Patr\u00f3n vertical (modelos 6&#215;4 y 9&#215;7)<\/li>\n<li style='margin-bottom: 5px;'>Patr\u00f3n horizontal (modelos 7&#215;3 y 9&#215;7)<\/li>\n<li style='margin-bottom: 5px;'>Patr\u00f3n Quad-X exclusivo (solo modelo 9&#215;7)<\/li>\n<\/ul><\/div>\n<p> <!-- Secci\u00f3n de componentes internos --> <\/p>\n<div style='display: grid; grid-template-columns: repeat(auto-fill&comma; minmax(250px&comma; 1fr)); gap: 20px; margin-bottom: 30px;'>\n<div style='border: 1px solid rgba(150&comma; 150&comma; 150&comma; 0.4); border-radius: 8px; overflow: hidden; display: flex; flex-direction: column;'>\n<div style='padding: 15px; border-bottom: 1px solid rgba(150&comma; 150&comma; 150&comma; 0.2); font-weight: bold; font-size: 18px; color: inherit;'>Lente Fresnel<\/div>\n<div style='padding: 15px; color: inherit;'>\n<p style='margin: 0; font-size: 14px;'>Dise\u00f1o mejorado proporciona un rendimiento sobresaliente para cumplir con diversas especificaciones de iluminaci\u00f3n industrial.<\/p>\n<\/p><\/div>\n<\/p><\/div>\n<div style='border: 1px solid rgba(150&comma; 150&comma; 150&comma; 0.4); border-radius: 8px; overflow: hidden; display: flex; flex-direction: column;'>\n<div style='padding: 15px; border-bottom: 1px solid rgba(150&comma; 150&comma; 150&comma; 0.2); font-weight: bold; font-size: 18px; color: inherit;'>Reflector Solaris\u2122<\/div>\n<div style='padding: 15px; color: inherit;'>\n<p style='margin: 0; font-size: 14px;'>Dise\u00f1ado para capturar m\u00e1s luz con cuatro cuadrantes escalonados para patrones de destello personalizados.<\/p>\n<\/p><\/div>\n<\/p><\/div>\n<div style='border: 1px solid rgba(150&comma; 150&comma; 150&comma; 0.4); border-radius: 8px; overflow: hidden; display: flex; flex-direction: column;'>\n<div style='padding: 15px; border-bottom: 1px solid rgba(150&comma; 150&comma; 150&comma; 0.2); font-weight: bold; font-size: 18px; color: inherit;'>Dise\u00f1o de PCB<\/div>\n<div style='padding: 15px; color: inherit;'>\n<p style='margin: 0; font-size: 14px;'>Placas de circuito \u00fanicas que incorporan LED en la superficie con menos conexiones para mayor confiabilidad. Act\u00faa como disipador de calor para m\u00e1xima salida LED.<\/p>\n<\/p><\/div>\n<\/p><\/div>\n<div style='border: 1px solid rgba(150&comma; 150&comma; 150&comma; 0.4); border-radius: 8px; overflow: hidden; display: flex; flex-direction: column;'>\n<div style='padding: 15px; border-bottom: 1px solid rgba(150&comma; 150&comma; 150&comma; 0.2); font-weight: bold; font-size: 18px; color: inherit;'>Selector de patrones<\/div>\n<div style='padding: 15px; color: inherit;'>\n<p style='margin: 0; font-size: 14px;'>Bot\u00f3n de selecci\u00f3n de patrones f\u00e1cil de acceder ubicado directamente en la placa PCB.<\/p>\n<\/p><\/div>\n<\/p><\/div>\n<div style='border: 1px solid rgba(150&comma; 150&comma; 150&comma; 0.4); border-radius: 8px; overflow: hidden; display: flex; flex-direction: column;'>\n<div style='padding: 15px; border-bottom: 1px solid rgba(150&comma; 150&comma; 150&comma; 0.2); font-weight: bold; font-size: 18px; color: inherit;'>Empaque Gore-Tex<\/div>\n<div style='padding: 15px; color: inherit;'>\n<p style='margin: 0; font-size: 14px;'>Permite que la unidad respire&comma; eliminando condensaci\u00f3n y retenci\u00f3n de agua.<\/p>\n<\/p><\/div>\n<\/p><\/div>\n<\/p><\/div>\n<p> <!-- Secci\u00f3n de garant\u00eda y compatibilidad --> <\/p>\n<div style='display: flex; flex-wrap: wrap; gap: 30px;'>\n<div style='flex: 1 1 300px; min-width: 280px;'>\n<h3 style='font-size: 22px; border-bottom: 2px solid currentColor; padding-bottom: 5px; margin-top: 0; color: inherit; opacity: 0.8;'>Garant\u00eda<\/h3>\n<ul style='padding-left: 20px; font-size: 15px; color: inherit;'>\n<li style='margin-bottom: 5px;'>5 a\u00f1os de garant\u00eda en LED<\/li>\n<\/ul><\/div>\n<div style='flex: 1 1 300px; min-width: 280px;'>\n<h3 style='font-size: 22px; border-bottom: 2px solid currentColor; padding-bottom: 5px; margin-top: 0; color: inherit; opacity: 0.8;'>Compatibilidad<\/h3>\n<ul style='padding-left: 20px; font-size: 15px; color: inherit;'>\n<li style='margin-bottom: 5px;'>Compatible con sistemas multiplexados<\/li>\n<li style='margin-bottom: 5px;'>Puede usarse con destellador externo<\/li>\n<\/ul><\/div>\n<\/p><\/div>\n<p> <!-- Video de demostraci\u00f3n --> <\/p>\n<div style='position: relative; padding-bottom: 56.25%; height: 0; overflow: hidden; margin-top: 30px;'>   <\/div>\n<\/p><\/div>\n","protected":false},"excerpt":{"rendered":"<p>Luz de advertencia Quadraflare LED, Mica color Rojo y LED Rojo (no incluye montaje)<\/p>\n","protected":false},"featured_media":51537,"comment_status":"open","ping_status":"closed","template":"","meta":[],"product_brand":[],"product_cat":[1372],"product_tag":[1360,1371,1373],"class_list":{"0":"post-51538","1":"product","2":"type-product","3":"status-publish","4":"has-post-thumbnail","6":"product_cat-rojo","7":"product_tag-federal-signal","8":"product_tag-luces-auxiliares-vehiculares","9":"product_tag-rojo","11":"first","12":"outofstock","13":"sale","14":"shipping-taxable","15":"purchasable","16":"product-type-simple"},"_links":{"self":[{"href":"https:\/\/soydeaqui.ddns.net\/pachuca\/index.php\/wp-json\/wp\/v2\/product\/51538","targetHints":{"allow":["GET"]}}],"collection":[{"href":"https:\/\/soydeaqui.ddns.net\/pachuca\/index.php\/wp-json\/wp\/v2\/product"}],"about":[{"href":"https:\/\/soydeaqui.ddns.net\/pachuca\/index.php\/wp-json\/wp\/v2\/types\/product"}],"replies":[{"embeddable":true,"href":"https:\/\/soydeaqui.ddns.net\/pachuca\/index.php\/wp-json\/wp\/v2\/comments?post=51538"}],"wp:featuredmedia":[{"embeddable":true,"href":"https:\/\/soydeaqui.ddns.net\/pachuca\/index.php\/wp-json\/wp\/v2\/media\/51537"}],"wp:attachment":[{"href":"https:\/\/soydeaqui.ddns.net\/pachuca\/index.php\/wp-json\/wp\/v2\/media?parent=51538"}],"wp:term":[{"taxonomy":"product_brand","embeddable":true,"href":"https:\/\/soydeaqui.ddns.net\/pachuca\/index.php\/wp-json\/wp\/v2\/product_brand?post=51538"},{"taxonomy":"product_cat","embeddable":true,"href":"https:\/\/soydeaqui.ddns.net\/pachuca\/index.php\/wp-json\/wp\/v2\/product_cat?post=51538"},{"taxonomy":"product_tag","embeddable":true,"href":"https:\/\/soydeaqui.ddns.net\/pachuca\/index.php\/wp-json\/wp\/v2\/product_tag?post=51538"}],"curies":[{"name":"wp","href":"https:\/\/api.w.org\/{rel}","templated":true}]}}