{"id":51531,"date":"2026-03-18T23:09:36","date_gmt":"2026-03-18T23:09:36","guid":{"rendered":"https:\/\/soydeaqui.ddns.net\/pachuca\/index.php\/producto\/super-confiable-localizador-vehicular-3g-ip67-de-facil-y-rapida-programacion\/"},"modified":"2026-03-18T23:09:42","modified_gmt":"2026-03-18T23:09:42","slug":"super-confiable-localizador-vehicular-3g-ip67-de-facil-y-rapida-programacion","status":"publish","type":"product","link":"https:\/\/soydeaqui.ddns.net\/pachuca\/index.php\/producto\/super-confiable-localizador-vehicular-3g-ip67-de-facil-y-rapida-programacion\/","title":{"rendered":"Super Confiable Localizador Vehicular 3G IP67 de F\u00e1cil y R\u00e1pida Programaci\u00f3n."},"content":{"rendered":"<div style='width: 100%; max-width: 1200px; margin: 0 auto; font-family: sans-serif; line-height: 1.6; color: inherit;'>\n<div style='width: 100%; max-width: 1200px; margin: 0 auto;'> <img style='width: 100%; height: auto; border: 1px solid rgba(150&comma;150&comma;150&comma;0.3); border-radius: 8px;' src='https:\/\/ftp3.syscom.mx\/usuarios\/fotos\/T366G\/93710-encabezado_t366g.png' alt=''> <\/div>\n<div style='width: 100%; max-width: 1200px; margin: 0 auto; padding: 20px 0;'>\n<h2 style='color: #62a9f1; font-size: 35px; font-weight: bold; text-align: center; margin-top: 5%;'> <span style='color: #55ca23;'>Con Entradas y Salidas Completamente Personalizables&comma; de Tama\u00f1o Compacto y Dise\u00f1ado Para Ambientes Extremos.<\/span> <\/h2>\n<p style='font-size: 13.5pt; line-height: 107%; color: #5f5e5e;'>El T366G es un peque\u00f1o pero robusto y superconfiable rastreador GPS con protecci\u00f3n IP67 contra agua y polvo&comma; ideal para usarse en motocicletas&comma; veh\u00edculos todo terreno&comma; lanchas o motos acu\u00e1ticas&comma; maquinaria pesada o cualquier veh\u00edculo con cabina abierta&comma; <strong>cuenta con entradas y salidas completamente personalizables<\/strong>&comma; lo que lo convierte en un equipo muy vers\u00e1til y adaptable a sus necesidades.<\/p>\n<h3 style='font-size: 18px; color: #5f5e5e; font-weight: bold; text-align: center; margin: 30px 0 15px;'>\u00a1Recomendado para Motocicletas!<\/h3>\n<ul style='padding-left: 20px; font-size: 13.5pt; line-height: 107%; color: #5f5e5e;'>\n<li style='margin-bottom: 5px;'><strong>De f\u00e1cil&comma; r\u00e1pida e intuitiva configuraci\u00f3n&comma; v\u00eda SMS o software.<\/strong><\/li>\n<li style='margin-bottom: 5px;'><strong>Alta sensibilidad a la se\u00f1al GPS&comma; menor margen de error.<\/strong><\/li>\n<li style='margin-bottom: 5px;'><strong>*Cable de programaci\u00f3n incluido<\/strong><\/li>\n<li style='margin-bottom: 5px;'><strong>*Bater\u00eda de respaldo de larga duraci\u00f3n&comma; hasta 4 horas.<\/strong><\/li>\n<li style='margin-bottom: 5px;'><strong>*Requiere SIM tama\u00f1o micro.<\/strong><\/li>\n<li style='margin-bottom: 5px;'><strong>*Compatible con la MICROSIM30M2M y con el MICSIM25GPS<\/strong><\/li>\n<li style='margin-bottom: 5px;'><strong>*El tiempo de respaldo de la bater\u00eda varia dependiendo de la programaci\u00f3n.<\/strong><\/li>\n<\/ul>\n<div style='width: 100%; background-color: #f29d12; padding: 15px; margin: 30px 0; border-radius: 8px;'>\n<p style='font-size: 10.5pt; line-height: 107%; font-family: Arial&comma; sans-serif; color: #1f1f1f; margin: 0;'> <strong>Nota importante:<\/strong> Se sugiere configurar tiempos de reporte de cada minuto cuando el motor est\u00e9 encendido o detecte movimiento&comma; y cada 20 minutos cuando el motor est\u00e9 apagado o detenido. <strong>\u201cEsto ayudar\u00e1 a mantener un consumo de datos moderado\u201d<\/strong> <\/p>\n<\/p><\/div>\n<div style='display: grid; grid-template-columns: repeat(auto-fit&comma; minmax(280px&comma; 1fr)); gap: 30px; margin-top: 30px;'>\n<div style='border: 1px solid rgba(150&comma; 150&comma; 150&comma; 0.3); border-radius: 8px; padding: 15px;'> <img style='width: 160px; height: 160px; display: block; margin: 0 auto; border: 1px solid rgba(150&comma;150&comma;150&comma;0.3); border-radius: 8px;' src='https:\/\/ftp3.syscom.mx\/usuarios\/fotos\/ECO4LIGHT3G\/94490-pngocean.com.png' alt=''> <\/p>\n<ul style='padding-left: 20px; margin-top: 20px;'>\n<li style='color: #5f5e5e; font-size: 15px; margin-bottom: 8px;'>Protecci\u00f3n IP 67<\/li>\n<li style='color: #5f5e5e; font-size: 15px; margin-bottom: 8px;'>Antena GSM interna.<\/li>\n<li style='color: #5f5e5e; font-size: 15px; margin-bottom: 8px;'>Bot\u00f3n de p\u00e1nico<\/li>\n<li style='color: #5f5e5e; font-size: 15px; margin-bottom: 8px;'>Detecci\u00f3n de JAMMER<\/li>\n<li style='color: #5f5e5e; font-size: 15px; margin-bottom: 8px;'>Geocercas internas<\/li>\n<li style='color: #5f5e5e; font-size: 15px; margin-bottom: 8px;'>Acelerometro<\/li>\n<li style='color: #5f5e5e; font-size: 15px; margin-bottom: 8px;'>Seguimiento de ubicaci\u00f3n&comma; historial&comma; kilometraje y velocidad<\/li>\n<li style='color: #5f5e5e; font-size: 15px; margin-bottom: 8px;'>Sensores de combustible<\/li>\n<li style='color: #5f5e5e; font-size: 15px; margin-bottom: 8px;'>Sensores de Temperatura<\/li>\n<li style='color: #5f5e5e; font-size: 15px; margin-bottom: 8px;'>RFID \/ Ibutton<\/li>\n<li style='color: #5f5e5e; font-size: 15px; margin-bottom: 8px;'>Bloqueo de ignici\u00f3n remoto<\/li>\n<\/ul><\/div>\n<div style='border: 1px solid rgba(150&comma; 150&comma; 150&comma; 0.3); border-radius: 8px; padding: 15px;'> <img style='width: 160px; height: 160px; display: block; margin: 0 auto; border: 1px solid rgba(150&comma;150&comma;150&comma;0.3); border-radius: 8px;' src='https:\/\/ftp3.syscom.mx\/usuarios\/fotos\/ECO4LIGHT3G\/94490-pngocean.com(1).png' alt=''> <\/p>\n<ul style='padding-left: 20px; margin-top: 20px;'>\n<li style='color: #5f5e5e; font-size: 15px; margin-bottom: 8px;'>Compatible con Novit y EpcomGPS.<\/li>\n<li style='color: #5f5e5e; font-size: 15px; margin-bottom: 8px;'>Capacidad de rastreo LBS<\/li>\n<li style='color: #5f5e5e; font-size: 15px; margin-bottom: 8px;'><strong>Entradas y Salidas completamente personalizables<\/strong> (negativas&comma; positivas&comma; PWM&comma;)<\/li>\n<li style='color: #5f5e5e; font-size: 15px; margin-bottom: 8px;'>2 Entradas digitales<\/li>\n<li style='color: #5f5e5e; font-size: 15px; margin-bottom: 8px;'>1 Entrada analoga<\/li>\n<li style='color: #5f5e5e; font-size: 15px; margin-bottom: 8px;'>1 Salida digital<\/li>\n<li style='color: #5f5e5e; font-size: 15px; margin-bottom: 8px;'>1 Puerto 1Wire<\/li>\n<li style='color: #5f5e5e; font-size: 15px; margin-bottom: 8px;'>Bajo consumo de corriente<\/li>\n<li style='color: #5f5e5e; font-size: 15px; margin-bottom: 8px;'>Reporte por tiempo&comma; distancia y giro.<\/li>\n<li style='color: #5f5e5e; font-size: 15px; margin-bottom: 8px;'>Configuraci\u00f3n por SMS.<\/li>\n<li style='color: #5f5e5e; font-size: 15px; margin-bottom: 8px;'>Bot\u00f3n de p\u00e1nico.<\/li>\n<li style='color: #5f5e5e; font-size: 15px; margin-bottom: 8px;'>Eventos personalizables<\/li>\n<\/ul><\/div>\n<div style='border: 1px solid rgba(150&comma; 150&comma; 150&comma; 0.3); border-radius: 8px; padding: 15px;'> <img style='width: 160px; height: 160px; display: block; margin: 0 auto; border: 1px solid rgba(150&comma;150&comma;150&comma;0.3); border-radius: 8px;' src='https:\/\/ftp3.syscom.mx\/usuarios\/fotos\/ECO4LIGHT3G\/94490-kisspng-computer-icons-symbol-palomita-5b12de2da12d70.2979251315279631816602.png' alt=''> <\/p>\n<h4 style='color: #5f5e5e; font-size: 16px; font-weight: bold; margin-top: 20px; margin-bottom: 10px;'>Temperatura<\/h4>\n<ul style='padding-left: 20px;'>\n<li style='color: #5f5e5e; font-size: 15px; margin-bottom: 8px;'>Humedad relativa 5 % a 95 % sin condensaci\u00f3n<\/li>\n<\/ul>\n<h4 style='color: #5f5e5e; font-size: 16px; font-weight: bold; margin-top: 20px; margin-bottom: 10px;'>Especificaciones el\u00e9ctricas<\/h4>\n<ul style='padding-left: 20px;'>\n<li style='color: #5f5e5e; font-size: 15px; margin-bottom: 8px;'>Rango de alimentaci\u00f3n 11 \u00f7 36 Vcc<\/li>\n<li style='color: #5f5e5e; font-size: 15px; margin-bottom: 8px;'>Corriente m\u00e1xima 1.5 A<\/li>\n<\/ul>\n<h4 style='color: #5f5e5e; font-size: 16px; font-weight: bold; margin-top: 20px; margin-bottom: 10px;'>Consumo de energia<\/h4>\n<ul style='padding-left: 20px;'>\n<li style='color: #5f5e5e; font-size: 15px; margin-bottom: 8px;'>Modo reposo: 65 mA<\/li>\n<\/ul><\/div>\n<\/p><\/div>\n<\/p><\/div>\n<\/p><\/div>\n","protected":false},"excerpt":{"rendered":"<p>Super Confiable Localizador Vehicular 3G IP67 de F\u00e1cil y R\u00e1pida Programaci\u00f3n.<\/p>\n","protected":false},"featured_media":51530,"comment_status":"open","ping_status":"closed","template":"","meta":[],"product_brand":[],"product_cat":[1396],"product_tag":[1397,1382,1390],"class_list":{"0":"post-51531","1":"product","2":"type-product","3":"status-publish","4":"has-post-thumbnail","6":"product_cat-accesorios-refacciones-luces-auxiliares-para-motocicletas","7":"product_tag-accesorios-refacciones-2","8":"product_tag-luces-auxiliares-para-motocicletas","9":"product_tag-meitrack","11":"first","12":"outofstock","13":"sale","14":"shipping-taxable","15":"purchasable","16":"product-type-simple"},"_links":{"self":[{"href":"https:\/\/soydeaqui.ddns.net\/pachuca\/index.php\/wp-json\/wp\/v2\/product\/51531","targetHints":{"allow":["GET"]}}],"collection":[{"href":"https:\/\/soydeaqui.ddns.net\/pachuca\/index.php\/wp-json\/wp\/v2\/product"}],"about":[{"href":"https:\/\/soydeaqui.ddns.net\/pachuca\/index.php\/wp-json\/wp\/v2\/types\/product"}],"replies":[{"embeddable":true,"href":"https:\/\/soydeaqui.ddns.net\/pachuca\/index.php\/wp-json\/wp\/v2\/comments?post=51531"}],"wp:featuredmedia":[{"embeddable":true,"href":"https:\/\/soydeaqui.ddns.net\/pachuca\/index.php\/wp-json\/wp\/v2\/media\/51530"}],"wp:attachment":[{"href":"https:\/\/soydeaqui.ddns.net\/pachuca\/index.php\/wp-json\/wp\/v2\/media?parent=51531"}],"wp:term":[{"taxonomy":"product_brand","embeddable":true,"href":"https:\/\/soydeaqui.ddns.net\/pachuca\/index.php\/wp-json\/wp\/v2\/product_brand?post=51531"},{"taxonomy":"product_cat","embeddable":true,"href":"https:\/\/soydeaqui.ddns.net\/pachuca\/index.php\/wp-json\/wp\/v2\/product_cat?post=51531"},{"taxonomy":"product_tag","embeddable":true,"href":"https:\/\/soydeaqui.ddns.net\/pachuca\/index.php\/wp-json\/wp\/v2\/product_tag?post=51531"}],"curies":[{"name":"wp","href":"https:\/\/api.w.org\/{rel}","templated":true}]}}