{"id":51486,"date":"2026-03-18T23:08:20","date_gmt":"2026-03-18T23:08:20","guid":{"rendered":"https:\/\/soydeaqui.ddns.net\/pachuca\/index.php\/producto\/burbuja-led-giratoria-de-color-ambar-9-leds-montaje-permanente\/"},"modified":"2026-03-18T23:08:25","modified_gmt":"2026-03-18T23:08:25","slug":"burbuja-led-giratoria-de-color-ambar-9-leds-montaje-permanente","status":"publish","type":"product","link":"https:\/\/soydeaqui.ddns.net\/pachuca\/index.php\/producto\/burbuja-led-giratoria-de-color-ambar-9-leds-montaje-permanente\/","title":{"rendered":"Burbuja LED giratoria de color \u00e1mbar, 9 LEDs, montaje permanente"},"content":{"rendered":"<div style='width: 100%; max-width: 1200px; margin: 0 auto; font-family: sans-serif; line-height: 1.6; color: inherit; background-color: transparent;'>\n<div style='display: flex; flex-wrap: wrap; gap: 30px; margin-bottom: 30px;'>\n<div style='flex: 1 1 300px; min-width: 280px;'>\n<h3 style='font-size: 22px; border-bottom: 2px solid currentColor; padding-bottom: 5px; margin-top: 0; color: inherit; opacity: 0.8;'>Caracter\u00edsticas<\/h3>\n<ul style='padding-left: 20px; font-size: 15px; color: inherit;'>\n<li style='margin-bottom: 5px;'>Dise\u00f1o \u00f3ptico \u00fanico para proporcionar una luz enfocada mediante un reflector para un brillo superior<\/li>\n<li style='margin-bottom: 5px;'>Grado de protecci\u00f3n IP65<\/li>\n<li style='margin-bottom: 5px;'>F\u00e1cil instalaci\u00f3n<\/li>\n<li style='margin-bottom: 5px;'><strong>Montaje Permanente<\/strong><\/li>\n<li style='margin-bottom: 5px;'>2 patrones de destello (uno giratorio)<\/li>\n<\/ul><\/div>\n<div style='flex: 1 1 300px; min-width: 280px;'>\n<h3 style='font-size: 22px; border-bottom: 2px solid currentColor; padding-bottom: 5px; margin-top: 0; color: inherit; opacity: 0.8;'>Especificaciones T\u00e9cnicas<\/h3>\n<ul style='padding-left: 20px; font-size: 15px; color: inherit;'>\n<li style='margin-bottom: 5px;'>9 LED<\/li>\n<li style='margin-bottom: 5px;'>12 &#8211; 30 Vcc<\/li>\n<li style='margin-bottom: 5px;'>1 A M\u00e1x.<\/li>\n<\/ul><\/div>\n<\/p><\/div>\n<div style='margin-bottom: 30px;'>\n<p style='font-size: 15px; color: inherit; margin: 0 0 15px 0;'>Aplicaci\u00f3n para cualquier veh\u00edculo de emergencia&comma; construcci\u00f3n&comma; se\u00f1alizaci\u00f3n en zonas especiales&comma; entre otros.<\/p>\n<p style='font-size: 15px; color: inherit; margin: 0;'><strong>*Pregunte por Disponibilidad<\/strong><\/p>\n<\/p><\/div>\n<hr style='border: 0; border-top: 1px solid rgba(150&comma; 150&comma; 150&comma; 0.3); margin: 30px 0;'> <\/div>\n","protected":false},"excerpt":{"rendered":"<p>Burbuja LED giratoria de color \u00e1mbar, 9 LEDs, montaje permanente<\/p>\n","protected":false},"featured_media":51485,"comment_status":"open","ping_status":"closed","template":"","meta":[],"product_brand":[],"product_cat":[1379],"product_tag":[950,1237,500],"class_list":{"0":"post-51486","1":"product","2":"type-product","3":"status-publish","4":"has-post-thumbnail","6":"product_cat-ambar-estrobos-burbujas-vehiculares","7":"product_tag-ambar","8":"product_tag-epcom-industrial-signaling","9":"product_tag-estrobos-burbujas-vehiculares","11":"first","12":"instock","13":"sale","14":"shipping-taxable","15":"purchasable","16":"product-type-simple"},"_links":{"self":[{"href":"https:\/\/soydeaqui.ddns.net\/pachuca\/index.php\/wp-json\/wp\/v2\/product\/51486","targetHints":{"allow":["GET"]}}],"collection":[{"href":"https:\/\/soydeaqui.ddns.net\/pachuca\/index.php\/wp-json\/wp\/v2\/product"}],"about":[{"href":"https:\/\/soydeaqui.ddns.net\/pachuca\/index.php\/wp-json\/wp\/v2\/types\/product"}],"replies":[{"embeddable":true,"href":"https:\/\/soydeaqui.ddns.net\/pachuca\/index.php\/wp-json\/wp\/v2\/comments?post=51486"}],"wp:featuredmedia":[{"embeddable":true,"href":"https:\/\/soydeaqui.ddns.net\/pachuca\/index.php\/wp-json\/wp\/v2\/media\/51485"}],"wp:attachment":[{"href":"https:\/\/soydeaqui.ddns.net\/pachuca\/index.php\/wp-json\/wp\/v2\/media?parent=51486"}],"wp:term":[{"taxonomy":"product_brand","embeddable":true,"href":"https:\/\/soydeaqui.ddns.net\/pachuca\/index.php\/wp-json\/wp\/v2\/product_brand?post=51486"},{"taxonomy":"product_cat","embeddable":true,"href":"https:\/\/soydeaqui.ddns.net\/pachuca\/index.php\/wp-json\/wp\/v2\/product_cat?post=51486"},{"taxonomy":"product_tag","embeddable":true,"href":"https:\/\/soydeaqui.ddns.net\/pachuca\/index.php\/wp-json\/wp\/v2\/product_tag?post=51486"}],"curies":[{"name":"wp","href":"https:\/\/api.w.org\/{rel}","templated":true}]}}