{"id":51474,"date":"2026-03-18T23:07:59","date_gmt":"2026-03-18T23:07:59","guid":{"rendered":"https:\/\/soydeaqui.ddns.net\/pachuca\/index.php\/producto\/luz-auxiliar-brillante-con-4-leds-color-claro-mica-transparente\/"},"modified":"2026-03-18T23:08:00","modified_gmt":"2026-03-18T23:08:00","slug":"luz-auxiliar-brillante-con-4-leds-color-claro-mica-transparente","status":"publish","type":"product","link":"https:\/\/soydeaqui.ddns.net\/pachuca\/index.php\/producto\/luz-auxiliar-brillante-con-4-leds-color-claro-mica-transparente\/","title":{"rendered":"Luz auxiliar brillante con 4 LEDs, color claro, mica transparente"},"content":{"rendered":"<div style='width: 100%; max-width: 1200px; margin: 0 auto; font-family: sans-serif; line-height: 1.6; color: inherit; background-color: transparent;'>\n<div style='display: flex; flex-wrap: wrap; gap: 30px; margin-bottom: 30px;'>\n<div style='flex: 1 1 300px; min-width: 280px;'>\n<h3 style='font-size: 22px; border-bottom: 2px solid currentColor; padding-bottom: 5px; margin-top: 0; color: inherit; opacity: 0.8;'>Luz auxiliar Brillante <em style='font-style: italic; color: inherit;'>XB109W<\/em><\/h3>\n<p style='margin: 0 0 15px; color: inherit;'>La luz de advertencia <em style='font-style: italic; color: inherit;'>Serie X109<\/em> ofrece LEDs de alta potencia Gen III como fuentes de luz&comma; operaci\u00f3n conveniente y varios patrones de destello.<\/p>\n<p style='margin: 0 0 15px; color: inherit;'>Con novedoso dise\u00f1o aerodin\u00e1mico&comma; alta luminosidad&comma; bajo consumo de corriente&comma; f\u00e1cil instalaci\u00f3n y tiempo de servicio largo.<\/p>\n<p style='margin: 0 0 15px; color: inherit;'>El equipo est\u00e1 especialmente dise\u00f1ado para instalarse en cualquier tipo de veh\u00edculo de emergencia. Los usuarios pueden de manera f\u00e1cil definir el modo de destello.<\/p>\n<\/p><\/div>\n<\/p><\/div>\n<div style='display: flex; flex-wrap: wrap; gap: 20px; margin-bottom: 30px;'>\n<div style='flex: 1 1 250px; border: 1px solid rgba(150&comma; 150&comma; 150&comma; 0.4); border-radius: 8px; overflow: hidden; display: flex; flex-direction: column;'>\n<div style='padding: 15px; border-bottom: 1px solid rgba(150&comma; 150&comma; 150&comma; 0.2); font-weight: bold; font-size: 18px; color: inherit;'>Caracter\u00edsticas<\/div>\n<div style='padding: 15px; color: inherit;'>\n<ul style='padding-left: 20px; margin: 0; font-size: 14px; list-style-type: disc; color: inherit;'>\n<li style='margin-bottom: 5px; color: inherit;'><strong style='color: inherit;'>4 LEDs:<\/strong> Brillantes<\/li>\n<li style='margin-bottom: 5px; color: inherit;'><strong style='color: inherit;'>Voltaje:<\/strong> 10-30 Vcc<\/li>\n<li style='margin-bottom: 5px; color: inherit;'><strong style='color: inherit;'>Corriente:<\/strong> 800mA m\u00e1x<\/li>\n<li style='margin-bottom: 5px; color: inherit;'><strong style='color: inherit;'>Patrones de destello:<\/strong> 14<\/li>\n<li style='margin-bottom: 5px; color: inherit;'><strong style='color: inherit;'>Montaje:<\/strong> Permanente<\/li>\n<li style='margin-bottom: 5px; color: inherit;'><strong style='color: inherit;'>Material:<\/strong> Base de Aluminio<\/li>\n<li style='margin-bottom: 5px; color: inherit;'><strong style='color: inherit;'>Dimensiones:<\/strong> 11.5 x 4.8 x 2.6 cm<\/li>\n<li style='margin-bottom: 5px; color: inherit;'><strong style='color: inherit;'>*Pregunte por tiempo de entrega<\/strong><\/li>\n<\/ul><\/div>\n<\/p><\/div>\n<\/p><\/div>\n<\/p><\/div>\n","protected":false},"excerpt":{"rendered":"<p>Luz auxiliar brillante con 4 LEDs, color claro, mica transparente<\/p>\n","protected":false},"featured_media":51473,"comment_status":"open","ping_status":"closed","template":"","meta":[],"product_brand":[],"product_cat":[1386],"product_tag":[1387,1237,1371],"class_list":{"0":"post-51474","1":"product","2":"type-product","3":"status-publish","4":"has-post-thumbnail","6":"product_cat-claro","7":"product_tag-claro","8":"product_tag-epcom-industrial-signaling","9":"product_tag-luces-auxiliares-vehiculares","11":"first","12":"outofstock","13":"sale","14":"shipping-taxable","15":"purchasable","16":"product-type-simple"},"_links":{"self":[{"href":"https:\/\/soydeaqui.ddns.net\/pachuca\/index.php\/wp-json\/wp\/v2\/product\/51474","targetHints":{"allow":["GET"]}}],"collection":[{"href":"https:\/\/soydeaqui.ddns.net\/pachuca\/index.php\/wp-json\/wp\/v2\/product"}],"about":[{"href":"https:\/\/soydeaqui.ddns.net\/pachuca\/index.php\/wp-json\/wp\/v2\/types\/product"}],"replies":[{"embeddable":true,"href":"https:\/\/soydeaqui.ddns.net\/pachuca\/index.php\/wp-json\/wp\/v2\/comments?post=51474"}],"wp:featuredmedia":[{"embeddable":true,"href":"https:\/\/soydeaqui.ddns.net\/pachuca\/index.php\/wp-json\/wp\/v2\/media\/51473"}],"wp:attachment":[{"href":"https:\/\/soydeaqui.ddns.net\/pachuca\/index.php\/wp-json\/wp\/v2\/media?parent=51474"}],"wp:term":[{"taxonomy":"product_brand","embeddable":true,"href":"https:\/\/soydeaqui.ddns.net\/pachuca\/index.php\/wp-json\/wp\/v2\/product_brand?post=51474"},{"taxonomy":"product_cat","embeddable":true,"href":"https:\/\/soydeaqui.ddns.net\/pachuca\/index.php\/wp-json\/wp\/v2\/product_cat?post=51474"},{"taxonomy":"product_tag","embeddable":true,"href":"https:\/\/soydeaqui.ddns.net\/pachuca\/index.php\/wp-json\/wp\/v2\/product_tag?post=51474"}],"curies":[{"name":"wp","href":"https:\/\/api.w.org\/{rel}","templated":true}]}}