{"id":51453,"date":"2026-03-18T23:07:18","date_gmt":"2026-03-18T23:07:18","guid":{"rendered":"https:\/\/soydeaqui.ddns.net\/pachuca\/index.php\/producto\/barra-de-luces-led-de-47-con-86-led-de-alta-potencia-color-rojo-ideal-para-equipar-ambulancias-y-unidades-de-bomberos\/"},"modified":"2026-03-18T23:07:18","modified_gmt":"2026-03-18T23:07:18","slug":"barra-de-luces-led-de-47-con-86-led-de-alta-potencia-color-rojo-ideal-para-equipar-ambulancias-y-unidades-de-bomberos","status":"publish","type":"product","link":"https:\/\/soydeaqui.ddns.net\/pachuca\/index.php\/producto\/barra-de-luces-led-de-47-con-86-led-de-alta-potencia-color-rojo-ideal-para-equipar-ambulancias-y-unidades-de-bomberos\/","title":{"rendered":"Barra de luces LED de 47&#8243; con 86 LED de alta potencia, color rojo, ideal para equipar ambulancias y unidades de bomberos"},"content":{"rendered":"<div style='width: 100%; max-width: 1200px; margin: 0 auto; font-family: sans-serif; line-height: 1.6; color: inherit; background-color: transparent;'> <!-- Secci\u00f3n de contenido con flex\/grid --> <\/p>\n<div style='display: flex; flex-wrap: wrap; gap: 30px; margin-bottom: 30px;'>\n<div style='flex: 1 1 300px; min-width: 280px;'>\n<h3 style='font-size: 22px; border-bottom: 2px solid currentColor; padding-bottom: 5px; margin-top: 0; color: inherit; opacity: 0.8;'>Barra de Luces Brillante con tecnolog\u00eda HyperLUX<\/h3>\n<p style='margin: 0 0 15px 0; color: inherit;'>La barra de luces brillantes <strong style='color: inherit;'>Serie X67<\/strong>&comma; cuenta con la tecnolog\u00eda <strong style='color: inherit;'>HyperLUX<\/strong> la cual es empleada para la emisi\u00f3n de luz y proporciona gran destello.<\/p>\n<h3 style='font-size: 20px; margin-top: 25px; margin-bottom: 15px; color: inherit; opacity: 0.8;'>Configuraci\u00f3n<\/h3>\n<p style='margin: 0 0 15px 0; color: inherit;'>Cuentas con 18 m\u00f3dulos de 4 Led en color rojo&comma; 2 m\u00f3dulos de luces de penetraci\u00f3n de 4 Led en color claro&comma; 2 m\u00f3dulos de luces callejoneras de 3 Led en color claro.<\/p>\n<p> <img style='width: 100%; height: auto; border: 1px solid rgba(150&comma;150&comma;150&comma;0.3); border-radius: 8px; margin-bottom: 20px;' src='https:\/\/ftp3.syscom.mx\/usuarios\/ftp\/web_img\/roja.jpg' alt=''> <\/p>\n<h3 style='font-size: 20px; margin-top: 25px; margin-bottom: 15px; color: inherit; opacity: 0.8;'>Caracter\u00edsticas<\/h3>\n<ul style='padding-left: 20px; font-size: 15px; color: inherit; margin: 0 0 20px 0;'>\n<li style='margin-bottom: 5px;'>22 m\u00f3dulos Ultra Brillantes<\/li>\n<li style='margin-bottom: 5px;'>86 Leds con la \u00faltima tecnolog\u00eda en iluminaci\u00f3n <strong style='color: inherit;'>HyperLUX<\/strong><\/li>\n<li style='margin-bottom: 5px;'>Alto Brillo<\/li>\n<li style='margin-bottom: 5px;'>Bajo Perfil<\/li>\n<li style='margin-bottom: 5px;'>Longitud de 47&#8242;<\/li>\n<li style='margin-bottom: 5px;'>Montaje de Gancho<\/li>\n<li style='margin-bottom: 5px;'>Bajo Consumo de Corriente<\/li>\n<li style='margin-bottom: 5px;'>F\u00e1cil instalaci\u00f3n<\/li>\n<li style='margin-bottom: 5px;'>Larga Vida \u00datil<\/li>\n<li style='margin-bottom: 5px;'>Luces Callejoneras (Color Claro)<\/li>\n<li style='margin-bottom: 5px;'>Luces de Penetraci\u00f3n (Color Claro)<\/li>\n<li style='margin-bottom: 5px;'>Patrones de destello: 13<\/li>\n<li style='margin-bottom: 5px;'>Funci\u00f3n de Control de Tr\u00e1fico (Interconstruido)<\/li>\n<li style='margin-bottom: 5px;'>Dimensiones: 118cm X 34cm X 12 cm (largo x ancho x alto)<\/li>\n<\/ul>\n<h3 style='font-size: 20px; margin-top: 25px; margin-bottom: 15px; color: inherit; opacity: 0.8;'>Especificaciones T\u00e9cnicas<\/h3>\n<ul style='padding-left: 20px; font-size: 15px; color: inherit; margin: 0 0 20px 0;'>\n<li style='margin-bottom: 5px;'>Voltaje de Alimentaci\u00f3n: 12 Vcc<\/li>\n<li style='margin-bottom: 5px;'>Consumo: 12 A m\u00e1x.<\/li>\n<\/ul>\n<h3 style='font-size: 20px; margin-top: 25px; margin-bottom: 15px; color: inherit; opacity: 0.8;'>Incluye controlador X303N<\/h3>\n<\/p><\/div>\n<p> <!-- Secci\u00f3n de im\u00e1genes --> <\/p>\n<div style='flex: 1 1 300px; min-width: 280px; display: flex; flex-direction: column; gap: 20px;'> <img style='width: 100%; height: auto; border: 1px solid rgba(150&comma;150&comma;150&comma;0.3); border-radius: 8px;' src='https:\/\/ftp3.syscom.mx\/usuarios\/fotos\/X67R\/82021-gi1.gif' alt=''> <\/p>\n<div style='display: grid; grid-template-columns: repeat(2&comma; 1fr); gap: 10px;'> <img style='width: 100%; height: auto; border: 1px solid rgba(150&comma;150&comma;150&comma;0.3); border-radius: 8px;' src='http:\/\/ftp3.syscom.mx\/usuarios\/fotos\/X67R\/X67R_1.png' alt=''> <img style='width: 100%; height: auto; border: 1px solid rgba(150&comma;150&comma;150&comma;0.3); border-radius: 8px;' src='http:\/\/ftp3.syscom.mx\/usuarios\/fotos\/X67R\/X67R_2.png' alt=''> <img style='width: 100%; height: auto; border: 1px solid rgba(150&comma;150&comma;150&comma;0.3); border-radius: 8px;' src='http:\/\/ftp3.syscom.mx\/usuarios\/fotos\/X67R\/X67R_3.png' alt=''> <img style='width: 100%; height: auto; border: 1px solid rgba(150&comma;150&comma;150&comma;0.3); border-radius: 8px;' src='http:\/\/ftp3.syscom.mx\/usuarios\/fotos\/X67R\/X67R_4.png' alt=''> <\/div>\n<\/p><\/div>\n<\/p><\/div>\n<p> <!-- Separador --> <\/p>\n<hr style='border: 0; border-top: 1px solid rgba(150&comma; 150&comma; 150&comma; 0.3); margin: 30px 0;'> <\/div>\n","protected":false},"excerpt":{"rendered":"<p>Barra de luces LED de 47&#8243; con 86 LED de alta potencia, color rojo, ideal para equipar ambulancias y unidades de bomberos<\/p>\n","protected":false},"featured_media":51452,"comment_status":"open","ping_status":"closed","template":"","meta":[],"product_brand":[],"product_cat":[1358],"product_tag":[1356,1237,1359],"class_list":{"0":"post-51453","1":"product","2":"type-product","3":"status-publish","4":"has-post-thumbnail","6":"product_cat-rojo-azul","7":"product_tag-barras-de-luz-torretas-vehiculares","8":"product_tag-epcom-industrial-signaling","9":"product_tag-rojo-azul","11":"first","12":"outofstock","13":"sale","14":"shipping-taxable","15":"purchasable","16":"product-type-simple"},"_links":{"self":[{"href":"https:\/\/soydeaqui.ddns.net\/pachuca\/index.php\/wp-json\/wp\/v2\/product\/51453","targetHints":{"allow":["GET"]}}],"collection":[{"href":"https:\/\/soydeaqui.ddns.net\/pachuca\/index.php\/wp-json\/wp\/v2\/product"}],"about":[{"href":"https:\/\/soydeaqui.ddns.net\/pachuca\/index.php\/wp-json\/wp\/v2\/types\/product"}],"replies":[{"embeddable":true,"href":"https:\/\/soydeaqui.ddns.net\/pachuca\/index.php\/wp-json\/wp\/v2\/comments?post=51453"}],"wp:featuredmedia":[{"embeddable":true,"href":"https:\/\/soydeaqui.ddns.net\/pachuca\/index.php\/wp-json\/wp\/v2\/media\/51452"}],"wp:attachment":[{"href":"https:\/\/soydeaqui.ddns.net\/pachuca\/index.php\/wp-json\/wp\/v2\/media?parent=51453"}],"wp:term":[{"taxonomy":"product_brand","embeddable":true,"href":"https:\/\/soydeaqui.ddns.net\/pachuca\/index.php\/wp-json\/wp\/v2\/product_brand?post=51453"},{"taxonomy":"product_cat","embeddable":true,"href":"https:\/\/soydeaqui.ddns.net\/pachuca\/index.php\/wp-json\/wp\/v2\/product_cat?post=51453"},{"taxonomy":"product_tag","embeddable":true,"href":"https:\/\/soydeaqui.ddns.net\/pachuca\/index.php\/wp-json\/wp\/v2\/product_tag?post=51453"}],"curies":[{"name":"wp","href":"https:\/\/api.w.org\/{rel}","templated":true}]}}