{"id":51451,"date":"2026-03-18T23:07:15","date_gmt":"2026-03-18T23:07:15","guid":{"rendered":"https:\/\/soydeaqui.ddns.net\/pachuca\/index.php\/producto\/localizador-gps-2g-con-multiples-entradas-y-salidas-digitales-entradas-analogasopcion-de-audio-y-camara-fotografica-robusta-carcasa-de-aluminio-cable-programador-y-boton-de-panico-incluidos\/"},"modified":"2026-03-18T23:07:16","modified_gmt":"2026-03-18T23:07:16","slug":"localizador-gps-2g-con-multiples-entradas-y-salidas-digitales-entradas-analogasopcion-de-audio-y-camara-fotografica-robusta-carcasa-de-aluminio-cable-programador-y-boton-de-panico-incluidos","status":"publish","type":"product","link":"https:\/\/soydeaqui.ddns.net\/pachuca\/index.php\/producto\/localizador-gps-2g-con-multiples-entradas-y-salidas-digitales-entradas-analogasopcion-de-audio-y-camara-fotografica-robusta-carcasa-de-aluminio-cable-programador-y-boton-de-panico-incluidos\/","title":{"rendered":"Localizador GPS 2G con m\u00faltiples entradas y salidas digitales, entradas an\u00e1logas,(opci\u00f3n de audio y c\u00e1mara fotogr\u00e1fica), robusta carcasa de aluminio, cable programador y bot\u00f3n de p\u00e1nico incluidos."},"content":{"rendered":"<div style='width: 100%; max-width: 1200px; margin: 0 auto; font-family: sans-serif; line-height: 1.6; color: inherit; background-color: transparent;'>\n<div style='display: flex; flex-wrap: wrap; gap: 30px; margin-bottom: 30px;'>\n<div style='flex: 1 1 300px; min-width: 280px;'>\n<h3 style='font-size: 22px; border-bottom: 2px solid currentColor; padding-bottom: 5px; margin-top: 0; color: inherit; opacity: 0.8;'>Caracter\u00edsticas Generales<\/h3>\n<ul style='padding-left: 20px; font-size: 15px; color: inherit;'>\n<li style='margin-bottom: 5px;'><strong>Equipo:<\/strong> 2G<\/li>\n<li style='margin-bottom: 5px;'><strong>Cuatribanda:<\/strong> 850\/900\/1800\/1900 MHz (GSM\/GPRS)<\/li>\n<li style='margin-bottom: 5px;'><strong>Entrada de audio:<\/strong> 3.5 mm (Requiere Micr\u00f3fono y\/o Bocinas)<\/li>\n<li style='margin-bottom: 5px;'><strong>Entradas digitales:<\/strong> 3 (1 bot\u00f3n de p\u00e1nico incluido)<\/li>\n<li style='margin-bottom: 5px;'><strong>Entradas an\u00e1logas:<\/strong> 3 (para medici\u00f3n de combustible o temperatura&comma; sensores no incluidos)<\/li>\n<li style='margin-bottom: 5px;'><strong>Salidas de control:<\/strong> 3 para relevador (Relevadores No Incluidos)<\/li>\n<li style='margin-bottom: 5px;'><strong>Bater\u00eda de respaldo:<\/strong> Aprox. 10 Horas (depende de la programaci\u00f3n del equipo)<\/li>\n<li style='margin-bottom: 5px;'><strong>Configuraci\u00f3n:<\/strong> v\u00eda SMS y por software<\/li>\n<li style='margin-bottom: 5px;'><strong>Apagado de motor:<\/strong> v\u00eda SMS<\/li>\n<li style='margin-bottom: 5px;'><strong>Voltaje de operaci\u00f3n:<\/strong> 9 a 36 V<\/li>\n<li style='margin-bottom: 5px;'><strong>Incluye:<\/strong> cable de programaci\u00f3n y bot\u00f3n de p\u00e1nico<\/li>\n<li style='margin-bottom: 5px;'><strong>Dimensiones:<\/strong> 103 mm x 98 mm x 32 mm<\/li>\n<\/ul><\/div>\n<\/p><\/div>\n<div style='display: flex; flex-wrap: wrap; gap: 20px; margin-bottom: 30px;'>\n<div style='flex: 1 1 250px; border: 1px solid rgba(150&comma; 150&comma; 150&comma; 0.4); border-radius: 8px; overflow: hidden; display: flex; flex-direction: column;'>\n<div style='padding: 15px; border-bottom: 1px solid rgba(150&comma; 150&comma; 150&comma; 0.2); font-weight: bold; font-size: 18px; color: inherit;'>Compatibilidad<\/div>\n<div style='padding: 15px; color: inherit;'>\n<ul style='padding-left: 20px; margin: 0; font-size: 14px; list-style-type: disc;'>\n<li style='margin-bottom: 5px;'><a style='color: inherit; text-decoration: underline;' href='http:\/\/www.syscom.mx\/producto\/SIM5MB-SYSCOM-87076.html'><strong>Compatible con SIM SYSCOM:<\/strong><br \/>Asegure la mayor cobertura (Multi-Carrier)&comma; activaci\u00f3n por SYSCOM y bajo pago anual.<\/a><\/li>\n<li style='margin-bottom: 5px;'><strong>Compatible con EPCOMGPS y NOVIT<\/strong><\/li>\n<\/ul><\/div>\n<\/p><\/div>\n<\/p><\/div>\n<div style='display: flex; flex-direction: column; align-items: center; margin-bottom: 30px;'> <img style='width: 100%; height: auto; border: 1px solid rgba(150&comma;150&comma;150&comma;0.3); border-radius: 8px; max-width: 600px;' src='http:\/\/ftp3.syscom.mx\/usuarios\/egomez\/MVT600\/Entradas%20MVT600.png' alt=''> <\/div>\n<div style='position: relative; padding-bottom: 56.25%; height: 0; overflow: hidden; margin-bottom: 30px;'>   <\/div>\n<\/p><\/div>\n","protected":false},"excerpt":{"rendered":"<p>Localizador GPS 2G con m\u00faltiples entradas y salidas digitales, entradas an\u00e1logas,(opci\u00f3n de audio y c\u00e1mara fotogr\u00e1fica), robusta carcasa de aluminio, cable programador y bot\u00f3n de p\u00e1nico incluidos.<\/p>\n","protected":false},"featured_media":51450,"comment_status":"open","ping_status":"closed","template":"","meta":[],"product_brand":[],"product_cat":[1346,1388],"product_tag":[1350,1349,1390,1389],"class_list":{"0":"post-51451","1":"product","2":"type-product","3":"status-publish","4":"has-post-thumbnail","6":"product_cat-iot","7":"product_cat-trackers-gps","8":"product_tag-gps-y-telematica","9":"product_tag-iot","10":"product_tag-meitrack","11":"product_tag-trackers-gps","13":"first","14":"outofstock","15":"sale","16":"shipping-taxable","17":"purchasable","18":"product-type-simple"},"_links":{"self":[{"href":"https:\/\/soydeaqui.ddns.net\/pachuca\/index.php\/wp-json\/wp\/v2\/product\/51451","targetHints":{"allow":["GET"]}}],"collection":[{"href":"https:\/\/soydeaqui.ddns.net\/pachuca\/index.php\/wp-json\/wp\/v2\/product"}],"about":[{"href":"https:\/\/soydeaqui.ddns.net\/pachuca\/index.php\/wp-json\/wp\/v2\/types\/product"}],"replies":[{"embeddable":true,"href":"https:\/\/soydeaqui.ddns.net\/pachuca\/index.php\/wp-json\/wp\/v2\/comments?post=51451"}],"wp:featuredmedia":[{"embeddable":true,"href":"https:\/\/soydeaqui.ddns.net\/pachuca\/index.php\/wp-json\/wp\/v2\/media\/51450"}],"wp:attachment":[{"href":"https:\/\/soydeaqui.ddns.net\/pachuca\/index.php\/wp-json\/wp\/v2\/media?parent=51451"}],"wp:term":[{"taxonomy":"product_brand","embeddable":true,"href":"https:\/\/soydeaqui.ddns.net\/pachuca\/index.php\/wp-json\/wp\/v2\/product_brand?post=51451"},{"taxonomy":"product_cat","embeddable":true,"href":"https:\/\/soydeaqui.ddns.net\/pachuca\/index.php\/wp-json\/wp\/v2\/product_cat?post=51451"},{"taxonomy":"product_tag","embeddable":true,"href":"https:\/\/soydeaqui.ddns.net\/pachuca\/index.php\/wp-json\/wp\/v2\/product_tag?post=51451"}],"curies":[{"name":"wp","href":"https:\/\/api.w.org\/{rel}","templated":true}]}}