{"id":51449,"date":"2026-03-18T23:07:13","date_gmt":"2026-03-18T23:07:13","guid":{"rendered":"https:\/\/soydeaqui.ddns.net\/pachuca\/index.php\/producto\/antena-gps-externa-para-equipo-t355\/"},"modified":"2026-03-18T23:07:13","modified_gmt":"2026-03-18T23:07:13","slug":"antena-gps-externa-para-equipo-t355","status":"publish","type":"product","link":"https:\/\/soydeaqui.ddns.net\/pachuca\/index.php\/producto\/antena-gps-externa-para-equipo-t355\/","title":{"rendered":"Antena GPS Externa para equipo T355"},"content":{"rendered":"<div style='width: 100%; max-width: 1200px; margin: 0 auto; font-family: sans-serif; line-height: 1.6; color: inherit; background-color: transparent;'> <!-- Secci\u00f3n de descripci\u00f3n principal --> <\/p>\n<div style='margin-bottom: 30px; font-size: 15px; color: inherit;'>\n<p style='margin: 0 0 15px 0; color: inherit;'>Antena GPS Externa para equipo T355&comma; por medio de esta antena puede incrementar la recepci\u00f3n de la se\u00f1al GPS cuando el equipo se encuentra en lugares con poca l\u00ednea de vista.<\/p>\n<\/p><\/div>\n<p> <!-- Secci\u00f3n de especificaciones b\u00e1sicas --> <\/p>\n<div style='display: flex; flex-wrap: wrap; gap: 20px; margin-bottom: 30px;'>\n<div style='flex: 1 1 250px; border: 1px solid rgba(150&comma; 150&comma; 150&comma; 0.4); border-radius: 8px; overflow: hidden; display: flex; flex-direction: column;'>\n<div style='padding: 15px; border-bottom: 1px solid rgba(150&comma; 150&comma; 150&comma; 0.2); font-weight: bold; font-size: 18px; color: inherit;'>Especificaciones<\/div>\n<div style='padding: 15px; color: inherit;'>\n<ul style='padding-left: 20px; margin: 0; font-size: 14px; list-style-type: disc;'>\n<li style='margin-bottom: 5px;'><strong>Aplicaci\u00f3n:<\/strong> Incrementar recepci\u00f3n de se\u00f1al GPS<\/li>\n<li style='margin-bottom: 5px;'><strong>Compatibilidad:<\/strong> Equipo T355<\/li>\n<li style='margin-bottom: 5px;'><strong>Condici\u00f3n:<\/strong> Lugar con poca l\u00ednea de vista<\/li>\n<\/ul><\/div>\n<\/p><\/div>\n<\/p><\/div>\n<\/p><\/div>\n","protected":false},"excerpt":{"rendered":"<p>Antena GPS Externa para equipo T355<\/p>\n","protected":false},"featured_media":51448,"comment_status":"open","ping_status":"closed","template":"","meta":[],"product_brand":[],"product_cat":[1403,1346],"product_tag":[1404,1350,1349,1390],"class_list":{"0":"post-51449","1":"product","2":"type-product","3":"status-publish","4":"has-post-thumbnail","6":"product_cat-antenas","7":"product_cat-iot","8":"product_tag-antenas","9":"product_tag-gps-y-telematica","10":"product_tag-iot","11":"product_tag-meitrack","13":"first","14":"outofstock","15":"sale","16":"shipping-taxable","17":"purchasable","18":"product-type-simple"},"_links":{"self":[{"href":"https:\/\/soydeaqui.ddns.net\/pachuca\/index.php\/wp-json\/wp\/v2\/product\/51449","targetHints":{"allow":["GET"]}}],"collection":[{"href":"https:\/\/soydeaqui.ddns.net\/pachuca\/index.php\/wp-json\/wp\/v2\/product"}],"about":[{"href":"https:\/\/soydeaqui.ddns.net\/pachuca\/index.php\/wp-json\/wp\/v2\/types\/product"}],"replies":[{"embeddable":true,"href":"https:\/\/soydeaqui.ddns.net\/pachuca\/index.php\/wp-json\/wp\/v2\/comments?post=51449"}],"wp:featuredmedia":[{"embeddable":true,"href":"https:\/\/soydeaqui.ddns.net\/pachuca\/index.php\/wp-json\/wp\/v2\/media\/51448"}],"wp:attachment":[{"href":"https:\/\/soydeaqui.ddns.net\/pachuca\/index.php\/wp-json\/wp\/v2\/media?parent=51449"}],"wp:term":[{"taxonomy":"product_brand","embeddable":true,"href":"https:\/\/soydeaqui.ddns.net\/pachuca\/index.php\/wp-json\/wp\/v2\/product_brand?post=51449"},{"taxonomy":"product_cat","embeddable":true,"href":"https:\/\/soydeaqui.ddns.net\/pachuca\/index.php\/wp-json\/wp\/v2\/product_cat?post=51449"},{"taxonomy":"product_tag","embeddable":true,"href":"https:\/\/soydeaqui.ddns.net\/pachuca\/index.php\/wp-json\/wp\/v2\/product_tag?post=51449"}],"curies":[{"name":"wp","href":"https:\/\/api.w.org\/{rel}","templated":true}]}}