{"id":51423,"date":"2026-03-18T23:06:32","date_gmt":"2026-03-18T23:06:32","guid":{"rendered":"https:\/\/soydeaqui.ddns.net\/pachuca\/index.php\/producto\/luz-auxiliar-de-12-led-is-en-color-rojo-claro-con-mica-transparente\/"},"modified":"2026-03-18T23:06:33","modified_gmt":"2026-03-18T23:06:33","slug":"luz-auxiliar-de-12-led-is-en-color-rojo-claro-con-mica-transparente","status":"publish","type":"product","link":"https:\/\/soydeaqui.ddns.net\/pachuca\/index.php\/producto\/luz-auxiliar-de-12-led-is-en-color-rojo-claro-con-mica-transparente\/","title":{"rendered":"Luz auxiliar de 12 LED \u00cc?s en color rojo \/ claro con mica transparente."},"content":{"rendered":"<div style='width: 100%; max-width: 1200px; margin: 0 auto; font-family: sans-serif; line-height: 1.6; color: inherit; background-color: transparent;'>\n<div style='display: flex; flex-wrap: wrap; gap: 30px; margin-bottom: 30px;'>\n<div style='flex: 1 1 300px; min-width: 280px;'>\n<h3 style='font-size: 22px; border-bottom: 2px solid currentColor; padding-bottom: 5px; margin-top: 0; color: inherit; opacity: 0.8;'>Luces perimetrales IMPAXX<\/h3>\n<p style='font-size: 15px; color: inherit; margin-bottom: 15px;'>IMPAXX combina la tecnolog\u00eda de reflector Solaris\u00ae con los m\u00e1s avanzados LEDs para brindar m\u00e1s brillante y eficiente.<\/p>\n<p style='font-size: 15px; color: inherit; margin-bottom: 15px;'>Puede funcionar de manera independiente&comma; sincronizarse con otros IMPAXX&comma; o sincronizar con los productos Viper\u00ae EXT o Viper\u00ae S2 de Federal Signal.<\/p>\n<p style='font-size: 15px; color: inherit; margin-bottom: 15px;'>Ideales para equipar: veh\u00edculos de seguridad p\u00fablica&comma; ambulancias&comma; motocicletas&comma; gr\u00faas&comma; veh\u00edculos de seguridad privada&comma; veh\u00edculos de bomberos&comma; etc.<\/p>\n<\/p><\/div>\n<\/p><\/div>\n<div style='display: flex; flex-wrap: wrap; gap: 20px; margin-bottom: 30px;'>\n<div style='flex: 1 1 250px; border: 1px solid rgba(150&comma; 150&comma; 150&comma; 0.4); border-radius: 8px; overflow: hidden; display: flex; flex-direction: column;'>\n<div style='padding: 15px; border-bottom: 1px solid rgba(150&comma; 150&comma; 150&comma; 0.2); font-weight: bold; font-size: 18px; color: inherit;'>Caracter\u00edsticas<\/div>\n<div style='padding: 15px; color: inherit;'>\n<ul style='padding-left: 20px; margin: 0; font-size: 14px; list-style-type: disc;'>\n<li style='margin-bottom: 5px;'>Mica de color Transparente<\/li>\n<li style='margin-bottom: 5px;'>Led de color Rojo \/ Claro<\/li>\n<li style='margin-bottom: 5px;'>Cantidad de Led total: 12 (6 Rojos \/ 6 Claros)<\/li>\n<li style='margin-bottom: 5px;'>Patrones de destello: 25<\/li>\n<li style='margin-bottom: 5px;'>Certificaciones: SAE J595&comma; CAC Title 13<\/li>\n<li style='margin-bottom: 5px;'>Tecnolog\u00eda Solaris y Spectralux<\/li>\n<li style='margin-bottom: 5px;'>5 A\u00f1os de garant\u00eda en LED<\/li>\n<\/ul><\/div>\n<\/p><\/div>\n<div style='flex: 1 1 250px; border: 1px solid rgba(150&comma; 150&comma; 150&comma; 0.4); border-radius: 8px; overflow: hidden; display: flex; flex-direction: column;'>\n<div style='padding: 15px; border-bottom: 1px solid rgba(150&comma; 150&comma; 150&comma; 0.2); font-weight: bold; font-size: 18px; color: inherit;'>Especificaciones<\/div>\n<div style='padding: 15px; color: inherit;'>\n<ul style='padding-left: 20px; margin: 0; font-size: 14px; list-style-type: disc;'>\n<li style='margin-bottom: 5px;'>Voltaje de Operaci\u00f3n: 12 Vcc<\/li>\n<li style='margin-bottom: 5px;'>Consumo: 1 Amp m\u00e1x.<\/li>\n<li style='margin-bottom: 5px;'>Temperatura: -30\u00b0C a 80\u00b0C<\/li>\n<li style='margin-bottom: 5px;'>Dimensiones con Bezel : 14 x 3.8 4.8 cm<\/li>\n<\/ul><\/div>\n<\/p><\/div>\n<\/p><\/div>\n<div style='display: flex; flex-wrap: wrap; gap: 30px; margin-bottom: 30px;'>\n<div style='flex: 1 1 300px; min-width: 280px;'>\n<p style='font-size: 15px; color: inherit; margin-bottom: 15px;'><strong>*Pregunte por disponibilidad<\/strong><\/p>\n<\/p><\/div>\n<\/p><\/div>\n<div style='display: flex; flex-wrap: wrap; gap: 30px; margin-bottom: 30px;'>\n<div style='flex: 1 1 300px; min-width: 280px;'>\n<div style='position: relative; padding-bottom: 56.25%; height: 0; overflow: hidden; margin-bottom: 30px;'>   <\/div>\n<\/p><\/div>\n<div style='flex: 1 1 300px; min-width: 280px;'>\n<div style='position: relative; padding-bottom: 56.25%; height: 0; overflow: hidden; margin-bottom: 30px;'>   <\/div>\n<\/p><\/div>\n<div style='flex: 1 1 300px; min-width: 280px;'>\n<div style='position: relative; padding-bottom: 56.25%; height: 0; overflow: hidden; margin-bottom: 30px;'>   <\/div>\n<\/p><\/div>\n<\/p><\/div>\n<hr style='border: 0; border-top: 1px solid rgba(150&comma; 150&comma; 150&comma; 0.3); margin: 30px 0;'> <\/div>\n","protected":false},"excerpt":{"rendered":"<p>Luz auxiliar de 12 LED \u00cc?s en color rojo \/ claro con mica transparente.<\/p>\n","protected":false},"featured_media":51422,"comment_status":"open","ping_status":"closed","template":"","meta":[],"product_brand":[],"product_cat":[1372],"product_tag":[1360,1371,1373],"class_list":{"0":"post-51423","1":"product","2":"type-product","3":"status-publish","4":"has-post-thumbnail","6":"product_cat-rojo","7":"product_tag-federal-signal","8":"product_tag-luces-auxiliares-vehiculares","9":"product_tag-rojo","11":"first","12":"outofstock","13":"sale","14":"shipping-taxable","15":"purchasable","16":"product-type-simple"},"_links":{"self":[{"href":"https:\/\/soydeaqui.ddns.net\/pachuca\/index.php\/wp-json\/wp\/v2\/product\/51423","targetHints":{"allow":["GET"]}}],"collection":[{"href":"https:\/\/soydeaqui.ddns.net\/pachuca\/index.php\/wp-json\/wp\/v2\/product"}],"about":[{"href":"https:\/\/soydeaqui.ddns.net\/pachuca\/index.php\/wp-json\/wp\/v2\/types\/product"}],"replies":[{"embeddable":true,"href":"https:\/\/soydeaqui.ddns.net\/pachuca\/index.php\/wp-json\/wp\/v2\/comments?post=51423"}],"wp:featuredmedia":[{"embeddable":true,"href":"https:\/\/soydeaqui.ddns.net\/pachuca\/index.php\/wp-json\/wp\/v2\/media\/51422"}],"wp:attachment":[{"href":"https:\/\/soydeaqui.ddns.net\/pachuca\/index.php\/wp-json\/wp\/v2\/media?parent=51423"}],"wp:term":[{"taxonomy":"product_brand","embeddable":true,"href":"https:\/\/soydeaqui.ddns.net\/pachuca\/index.php\/wp-json\/wp\/v2\/product_brand?post=51423"},{"taxonomy":"product_cat","embeddable":true,"href":"https:\/\/soydeaqui.ddns.net\/pachuca\/index.php\/wp-json\/wp\/v2\/product_cat?post=51423"},{"taxonomy":"product_tag","embeddable":true,"href":"https:\/\/soydeaqui.ddns.net\/pachuca\/index.php\/wp-json\/wp\/v2\/product_tag?post=51423"}],"curies":[{"name":"wp","href":"https:\/\/api.w.org\/{rel}","templated":true}]}}