{"id":51346,"date":"2026-03-18T23:04:20","date_gmt":"2026-03-18T23:04:20","guid":{"rendered":"https:\/\/soydeaqui.ddns.net\/pachuca\/index.php\/producto\/barra-de-luces-interior-para-interceptor-spectralux-ils-rojo-azul-con-signalmaster-interconstruido-para-cubierta-trasera\/"},"modified":"2026-03-18T23:04:21","modified_gmt":"2026-03-18T23:04:21","slug":"barra-de-luces-interior-para-interceptor-spectralux-ils-rojo-azul-con-signalmaster-interconstruido-para-cubierta-trasera","status":"publish","type":"product","link":"https:\/\/soydeaqui.ddns.net\/pachuca\/index.php\/producto\/barra-de-luces-interior-para-interceptor-spectralux-ils-rojo-azul-con-signalmaster-interconstruido-para-cubierta-trasera\/","title":{"rendered":"Barra de Luces Interior para Interceptor SpectraLux ILS, Rojo \/ Azul , con Signalmaster Interconstruido, para cubierta trasera."},"content":{"rendered":"<div style='width: 100%; max-width: 1200px; margin: 0 auto; font-family: sans-serif; line-height: 1.6; color: inherit; background-color: transparent;'> <!-- Secci\u00f3n de descripci\u00f3n --> <\/p>\n<div style='margin-bottom: 30px; font-size: 15px;'>\n<p style='margin: 0 0 15px 0; color: inherit;'>SpectraLux \u2122 ILS ofrece advertencia avanzada&comma; ideales para veh\u00edculos encubierto y veh\u00edculos policiales.<\/p>\n<p style='margin: 0 0 15px 0; color: inherit;'>SpectraLux ILS est\u00e1n equipadas con la Red de Convergencia FS para una sencilla programaci\u00f3n e instalaci\u00f3n &#8216;plug-n-play&#8217;.<\/p>\n<p style='margin: 0 0 15px 0; color: inherit;'>26 patrones incorporados flash<\/p>\n<p style='margin: 0 0 15px 0; color: inherit;'>Voltaje: 12 Vcc<\/p>\n<p style='margin: 0 0 15px 0; color: inherit;'>Consumo: 8 A<\/p>\n<\/p><\/div>\n<p> <!-- Secci\u00f3n de observaciones --> <\/p>\n<div style='margin-bottom: 30px; font-size: 15px;'>\n<p style='margin: 0 0 15px 0; color: inherit;'><strong>* Producto Bajo Pedido<\/strong><\/p>\n<p style='margin: 0 0 15px 0; color: inherit;'><strong>* Pregunte por tiempo de Entrega.<\/strong><\/p>\n<\/p><\/div>\n<p> <!-- Separador --> <\/p>\n<hr style='border: 0; border-top: 1px solid rgba(150&comma; 150&comma; 150&comma; 0.3); margin: 30px 0;'> <!-- Secci\u00f3n de video --> <\/p>\n<div style='margin-bottom: 30px;'>\n<div style='position: relative; padding-bottom: 56.25%; height: 0; overflow: hidden;'>   <\/div>\n<\/p><\/div>\n<\/p><\/div>\n","protected":false},"excerpt":{"rendered":"<p>Barra de Luces Interior para Interceptor SpectraLux ILS, Rojo \/ Azul , con Signalmaster Interconstruido, para cubierta trasera.<\/p>\n","protected":false},"featured_media":51342,"comment_status":"open","ping_status":"closed","template":"","meta":[],"product_brand":[],"product_cat":[1365],"product_tag":[1366,1360,1367],"class_list":{"0":"post-51346","1":"product","2":"type-product","3":"status-publish","4":"has-post-thumbnail","6":"product_cat-ver-todas","7":"product_tag-barras-de-luz-para-interior-vehiculares","8":"product_tag-federal-signal","9":"product_tag-ver-todas","11":"first","12":"outofstock","13":"sale","14":"shipping-taxable","15":"purchasable","16":"product-type-simple"},"_links":{"self":[{"href":"https:\/\/soydeaqui.ddns.net\/pachuca\/index.php\/wp-json\/wp\/v2\/product\/51346","targetHints":{"allow":["GET"]}}],"collection":[{"href":"https:\/\/soydeaqui.ddns.net\/pachuca\/index.php\/wp-json\/wp\/v2\/product"}],"about":[{"href":"https:\/\/soydeaqui.ddns.net\/pachuca\/index.php\/wp-json\/wp\/v2\/types\/product"}],"replies":[{"embeddable":true,"href":"https:\/\/soydeaqui.ddns.net\/pachuca\/index.php\/wp-json\/wp\/v2\/comments?post=51346"}],"wp:featuredmedia":[{"embeddable":true,"href":"https:\/\/soydeaqui.ddns.net\/pachuca\/index.php\/wp-json\/wp\/v2\/media\/51342"}],"wp:attachment":[{"href":"https:\/\/soydeaqui.ddns.net\/pachuca\/index.php\/wp-json\/wp\/v2\/media?parent=51346"}],"wp:term":[{"taxonomy":"product_brand","embeddable":true,"href":"https:\/\/soydeaqui.ddns.net\/pachuca\/index.php\/wp-json\/wp\/v2\/product_brand?post=51346"},{"taxonomy":"product_cat","embeddable":true,"href":"https:\/\/soydeaqui.ddns.net\/pachuca\/index.php\/wp-json\/wp\/v2\/product_cat?post=51346"},{"taxonomy":"product_tag","embeddable":true,"href":"https:\/\/soydeaqui.ddns.net\/pachuca\/index.php\/wp-json\/wp\/v2\/product_tag?post=51346"}],"curies":[{"name":"wp","href":"https:\/\/api.w.org\/{rel}","templated":true}]}}