{"id":513,"date":"2026-03-18T05:40:21","date_gmt":"2026-03-18T05:40:21","guid":{"rendered":"https:\/\/soydeaqui.ddns.net\/pachuca\/index.php\/producto\/marco-blanco-con-placa-metalica-para-caja-americana\/"},"modified":"2026-03-18T05:40:23","modified_gmt":"2026-03-18T05:40:23","slug":"marco-blanco-con-placa-metalica-para-caja-americana","status":"publish","type":"product","link":"https:\/\/soydeaqui.ddns.net\/pachuca\/index.php\/producto\/marco-blanco-con-placa-metalica-para-caja-americana\/","title":{"rendered":"Marco blanco con placa metalica para caja americana"},"content":{"rendered":"<div style='width: 100%; max-width: 1200px; margin: 0 auto; font-family: sans-serif; line-height: 1.6; color: inherit; background-color: transparent;'> <!-- Secci\u00f3n de caracter\u00edsticas en grid --> <\/p>\n<div style='display: grid; grid-template-columns: repeat(auto-fill&comma; minmax(280px&comma; 1fr)); gap: 20px; margin-bottom: 30px;'>\n<div style='border-left: 5px solid #0091ff; border-radius: 5px; padding: 15px; background-color: rgba(150&comma; 150&comma; 150&comma; 0.05);'> <strong style='font-size: 16px; margin-bottom: 10px; display: block; color: inherit;'>Caracter\u00edsticas principales:<\/strong> <\/p>\n<ul style='padding-left: 20px; margin: 0; color: inherit;'>\n<li style='margin-bottom: 5px; list-style-type: disc; color: inherit;'>Serie: Simon 27 Play<\/li>\n<li style='margin-bottom: 5px; list-style-type: disc; color: inherit;'>Montaje: Sentida de instalaci\u00f3n vertical y horizontal.<\/li>\n<li style='margin-bottom: 5px; list-style-type: disc; color: inherit;'>Grado IP: 20<\/li>\n<\/ul><\/div>\n<div style='border-left: 5px solid #0091ff; border-radius: 5px; padding: 15px; background-color: rgba(150&comma; 150&comma; 150&comma; 0.05);'> <strong style='font-size: 16px; margin-bottom: 10px; display: block; color: inherit;'>Caracter\u00edsticas el\u00e9ctricas y f\u00edsicas:<\/strong> <\/p>\n<ul style='padding-left: 20px; margin: 0; color: inherit;'>\n<li style='margin-bottom: 5px; list-style-type: disc; color: inherit;'>Material de fabricaci\u00f3n: Termoestable con bastidor met\u00e1lico<\/li>\n<\/ul><\/div>\n<div style='border-left: 5px solid #0091ff; border-radius: 5px; padding: 15px; background-color: rgba(150&comma; 150&comma; 150&comma; 0.05);'> <strong style='font-size: 16px; margin-bottom: 10px; display: block; color: inherit;'>Caracter\u00edsticas Destacadas:<\/strong> <\/p>\n<p style='margin: 8px 0; color: inherit;'>Marco con bastidor para mecanismos de sistema de alarma Ibernex.<\/p>\n<p style='margin: 8px 0; color: inherit;'>Color: Blanco<\/p>\n<p style='margin: 8px 0; color: inherit;'>Acabado de marco: Blanco<\/p>\n<\/p><\/div>\n<\/p><\/div>\n<p> <!-- Notas importantes --> <\/p>\n<div style='margin: 30px 0; padding: 15px; border-left: 4px solid #0091ff; background-color: rgba(150&comma; 150&comma; 150&comma; 0.05);'>\n<p style='margin: 8px 0; font-weight: bold; color: inherit;'>Nota: Requiere certificaci\u00f3n para su instalaci\u00f3n y para solicitar soporte t\u00e9cnico.<\/p>\n<p style='margin: 8px 0; font-weight: bold; color: inherit;'>**La imagen es demostrativa&comma; no incluye la luz&comma; solamente el marco blanco<\/p>\n<\/p><\/div>\n<p> <!-- Separador --> <\/p>\n<hr style='border: 0; border-top: 1px solid rgba(150&comma; 150&comma; 150&comma; 0.3); margin: 30px 0;'> <!-- Galer\u00eda de im\u00e1genes --> <\/p>\n<div style='display: flex; flex-wrap: wrap; justify-content: center; gap: 20px; margin-bottom: 30px;'> <img style='width: 100%; max-width: 500px; height: auto; border: 1px solid rgba(150&comma;150&comma;150&comma;0.3); border-radius: 8px;' src='https:\/\/drive.google.com\/file\/d\/15Fp5jPmbLVAqI-AXRC4HbyPEZfEe91L2\/view?usp=drive_link' alt=''> <img style='width: 100%; max-width: 500px; height: auto; border: 1px solid rgba(150&comma;150&comma;150&comma;0.3); border-radius: 8px;' src='https:\/\/ibb.co\/R4C0Jwp' alt=''> <\/div>\n<p> <!-- Separador final --> <\/p>\n<hr style='border: 0; border-top: 1px solid rgba(150&comma; 150&comma; 150&comma; 0.3); margin: 30px 0;'> <\/div>\n","protected":false},"excerpt":{"rendered":"<p>Marco blanco con placa metalica para caja americana<\/p>\n","protected":false},"featured_media":512,"comment_status":"open","ping_status":"closed","template":"","meta":[],"product_brand":[],"product_cat":[151],"product_tag":[152,153,126],"class_list":{"0":"post-513","1":"product","2":"type-product","3":"status-publish","4":"has-post-thumbnail","6":"product_cat-atencion-sociosanitaria","7":"product_tag-atencion-sociosanitaria","8":"product_tag-ibernex","9":"product_tag-sistemas-de-emergencia","11":"first","12":"instock","13":"sale","14":"shipping-taxable","15":"purchasable","16":"product-type-simple"},"_links":{"self":[{"href":"https:\/\/soydeaqui.ddns.net\/pachuca\/index.php\/wp-json\/wp\/v2\/product\/513","targetHints":{"allow":["GET"]}}],"collection":[{"href":"https:\/\/soydeaqui.ddns.net\/pachuca\/index.php\/wp-json\/wp\/v2\/product"}],"about":[{"href":"https:\/\/soydeaqui.ddns.net\/pachuca\/index.php\/wp-json\/wp\/v2\/types\/product"}],"replies":[{"embeddable":true,"href":"https:\/\/soydeaqui.ddns.net\/pachuca\/index.php\/wp-json\/wp\/v2\/comments?post=513"}],"wp:featuredmedia":[{"embeddable":true,"href":"https:\/\/soydeaqui.ddns.net\/pachuca\/index.php\/wp-json\/wp\/v2\/media\/512"}],"wp:attachment":[{"href":"https:\/\/soydeaqui.ddns.net\/pachuca\/index.php\/wp-json\/wp\/v2\/media?parent=513"}],"wp:term":[{"taxonomy":"product_brand","embeddable":true,"href":"https:\/\/soydeaqui.ddns.net\/pachuca\/index.php\/wp-json\/wp\/v2\/product_brand?post=513"},{"taxonomy":"product_cat","embeddable":true,"href":"https:\/\/soydeaqui.ddns.net\/pachuca\/index.php\/wp-json\/wp\/v2\/product_cat?post=513"},{"taxonomy":"product_tag","embeddable":true,"href":"https:\/\/soydeaqui.ddns.net\/pachuca\/index.php\/wp-json\/wp\/v2\/product_tag?post=513"}],"curies":[{"name":"wp","href":"https:\/\/api.w.org\/{rel}","templated":true}]}}