{"id":51240,"date":"2026-03-18T23:01:19","date_gmt":"2026-03-18T23:01:19","guid":{"rendered":"https:\/\/soydeaqui.ddns.net\/pachuca\/index.php\/producto\/tarjeta-principal-para-barra-de-luces-x67a\/"},"modified":"2026-03-18T23:01:23","modified_gmt":"2026-03-18T23:01:23","slug":"tarjeta-principal-para-barra-de-luces-x67a","status":"publish","type":"product","link":"https:\/\/soydeaqui.ddns.net\/pachuca\/index.php\/producto\/tarjeta-principal-para-barra-de-luces-x67a\/","title":{"rendered":"Tarjeta principal para barra de luces X67A"},"content":{"rendered":"<div style='width: 100%; max-width: 1200px; margin: 0 auto; font-family: sans-serif; line-height: 1.6; color: inherit; background-color: transparent;'> <!-- Secci\u00f3n de caracter\u00edsticas principales --> <\/p>\n<div style='display: flex; flex-wrap: wrap; gap: 30px; margin-bottom: 30px;'>\n<div style='flex: 1 1 300px; min-width: 280px;'>\n<h3 style='font-size: 22px; border-bottom: 2px solid currentColor; padding-bottom: 5px; margin-top: 0; color: inherit; opacity: 0.8;'>Caracter\u00edsticas Principales<\/h3>\n<ul style='padding-left: 20px; font-size: 15px; color: inherit;'>\n<li style='margin-bottom: 5px;'>Tarjeta principal de reemplazo<\/li>\n<li style='margin-bottom: 5px;'>Compatible con barra de luces X67A<\/li>\n<li style='margin-bottom: 5px;'>Dise\u00f1ada para control y regulaci\u00f3n interna de los LEDs<\/li>\n<\/ul><\/div>\n<\/p><\/div>\n<p> <!-- Secci\u00f3n de datos t\u00e9cnicos --> <\/p>\n<div style='display: flex; flex-wrap: wrap; gap: 20px; margin-bottom: 30px;'>\n<div style='flex: 1 1 250px; border: 1px solid rgba(150&comma; 150&comma; 150&comma; 0.4); border-radius: 8px; overflow: hidden; display: flex; flex-direction: column;'>\n<div style='padding: 15px; border-bottom: 1px solid rgba(150&comma; 150&comma; 150&comma; 0.2); font-weight: bold; font-size: 18px; color: inherit;'>Datos T\u00e9cnicos<\/div>\n<div style='padding: 15px; color: inherit;'>\n<ul style='padding-left: 20px; margin: 0; font-size: 14px; list-style-type: disc;'>\n<li style='margin-bottom: 5px;'><strong>Voltaje:<\/strong> 12VCD<\/li>\n<li style='margin-bottom: 5px;'><strong>Consumo:<\/strong> 12 A Max<\/li>\n<li style='margin-bottom: 5px;'><strong>Temperatura:<\/strong> -40\uff5e55\u00b0C<\/li>\n<li style='margin-bottom: 5px;'><strong>Dimensiones:<\/strong> 118cm X 34cm X 12cm<\/li>\n<\/ul><\/div>\n<\/p><\/div>\n<p> <!-- Secci\u00f3n de patrones de destello --> <\/p>\n<div style='flex: 1 1 250px; border: 1px solid rgba(150&comma; 150&comma; 150&comma; 0.4); border-radius: 8px; overflow: hidden; display: flex; flex-direction: column;'>\n<div style='padding: 15px; border-bottom: 1px solid rgba(150&comma; 150&comma; 150&comma; 0.2); font-weight: bold; font-size: 18px; color: inherit;'>Patrones de Destello<\/div>\n<div style='padding: 15px; color: inherit;'>\n<ul style='padding-left: 20px; margin: 0; font-size: 14px; list-style-type: disc;'>\n<li style='margin-bottom: 5px;'><strong>Cantidad:<\/strong> 13 patrones<\/li>\n<\/ul><\/div>\n<\/p><\/div>\n<\/p><\/div>\n<p> <!-- Secci\u00f3n de conexiones --> <\/p>\n<div style='display: flex; flex-wrap: wrap; gap: 20px; margin-bottom: 30px;'> <!-- Secci\u00f3n de conexiones de alimentaci\u00f3n --> <\/p>\n<div style='flex: 1 1 250px; border: 1px solid rgba(150&comma; 150&comma; 150&comma; 0.4); border-radius: 8px; overflow: hidden; display: flex; flex-direction: column;'>\n<div style='padding: 15px; border-bottom: 1px solid rgba(150&comma; 150&comma; 150&comma; 0.2); font-weight: bold; font-size: 18px; color: inherit;'>Conexi\u00f3n de Alimentaci\u00f3n<\/div>\n<div style='padding: 15px; color: inherit;'>\n<ul style='padding-left: 20px; margin: 0; font-size: 14px; list-style-type: disc;'>\n<li style='margin-bottom: 5px;'><strong>Cable Rojo:<\/strong> VCC<\/li>\n<li style='margin-bottom: 5px;'><strong>Cable Negro:<\/strong> GND<\/li>\n<\/ul><\/div>\n<\/p><\/div>\n<p> <!-- Secci\u00f3n de selectores --> <\/p>\n<div style='flex: 1 1 250px; border: 1px solid rgba(150&comma; 150&comma; 150&comma; 0.4); border-radius: 8px; overflow: hidden; display: flex; flex-direction: column;'>\n<div style='padding: 15px; border-bottom: 1px solid rgba(150&comma; 150&comma; 150&comma; 0.2); font-weight: bold; font-size: 18px; color: inherit;'>Selectores<\/div>\n<div style='padding: 15px; color: inherit;'>\n<ul style='padding-left: 20px; margin: 0; font-size: 14px; list-style-type: disc;'>\n<li style='margin-bottom: 5px;'><strong>Selector 1:<\/strong> 4 posiciones:<\/li>\n<ul style='margin: 5px 0 10px 25px; font-size: 14px; list-style-type: circle;'>\n<li style='margin-bottom: 5px;'>Apagado total de la barra de luces<\/li>\n<li style='margin-bottom: 5px;'>Enciende 1 m\u00f3dulo rojo y 1 m\u00f3dulo azul en parte trasera<\/li>\n<li style='margin-bottom: 5px;'>Enciende 1 m\u00f3dulo rojo y 1 m\u00f3dulo azul en frontal; 2 m\u00f3dulos rojos y 2 azules en trasera<\/li>\n<li style='margin-bottom: 5px;'>Encienden 2 m\u00f3dulos rojos y 2 azules en frontal; 3 m\u00f3dulos rojos y 3 azules en trasera<\/li>\n<\/ul>\n<li style='margin-bottom: 5px;'><strong>Selector 2:<\/strong> 4 posiciones Signal Master:<\/li>\n<ul style='margin: 5px 0 10px 25px; font-size: 14px; list-style-type: circle;'>\n<li style='margin-bottom: 5px;'>Apagado del Signal Master<\/li>\n<li style='margin-bottom: 5px;'>Direccionamiento de derecha a izquierda<\/li>\n<li style='margin-bottom: 5px;'>Direccionamiento de izquierda a derecha<\/li>\n<li style='margin-bottom: 5px;'>Direccionamiento del centro hacia afuera<\/li>\n<\/ul>\n<\/ul><\/div>\n<\/p><\/div>\n<p> <!-- Secci\u00f3n de switches --> <\/p>\n<div style='flex: 1 1 250px; border: 1px solid rgba(150&comma; 150&comma; 150&comma; 0.4); border-radius: 8px; overflow: hidden; display: flex; flex-direction: column;'>\n<div style='padding: 15px; border-bottom: 1px solid rgba(150&comma; 150&comma; 150&comma; 0.2); font-weight: bold; font-size: 18px; color: inherit;'>Switches<\/div>\n<div style='padding: 15px; color: inherit;'>\n<ul style='padding-left: 20px; margin: 0; font-size: 14px; list-style-type: disc;'>\n<li style='margin-bottom: 5px;'><strong>Switch 1:<\/strong> Cambio de patr\u00f3n de luces<\/li>\n<li style='margin-bottom: 5px;'><strong>Switch 2:<\/strong> Luz callejonera izquierda<\/li>\n<li style='margin-bottom: 5px;'><strong>Switch 3:<\/strong> Luces de penetraci\u00f3n<\/li>\n<li style='margin-bottom: 5px;'><strong>Switch 4:<\/strong> Luz callejonera derecha<\/li>\n<\/ul><\/div>\n<\/p><\/div>\n<\/p><\/div>\n<p> <!-- Secci\u00f3n de operaci\u00f3n y mantenimiento --> <\/p>\n<div style='display: flex; flex-wrap: wrap; gap: 30px; margin-bottom: 30px;'>\n<div style='flex: 1 1 300px; min-width: 280px;'>\n<h3 style='font-size: 22px; border-bottom: 2px solid currentColor; padding-bottom: 5px; margin-top: 0; color: inherit; opacity: 0.8;'>Operaci\u00f3n y Mantenimiento<\/h3>\n<ul style='padding-left: 20px; font-size: 15px; color: inherit;'>\n<li style='margin-bottom: 5px;'>Conectar arn\u00e9s de la barra de luces con arn\u00e9s del controlador X303 hasta escuchar un clic<\/li>\n<li style='margin-bottom: 5px;'>Verificar peri\u00f3dicamente los pernos del montaje<\/li>\n<li style='margin-bottom: 5px;'>Limpiar cubiertas de pl\u00e1stico con jab\u00f3n neutro y pa\u00f1o suave<\/li>\n<li style='margin-bottom: 5px;'>No usar gasolina u otros disolventes org\u00e1nicos<\/li>\n<li style='margin-bottom: 5px;'>No nos hacemos responsables por: tallones en domos&comma; alimentaci\u00f3n err\u00f3nea o uso de qu\u00edmicos en limpieza<\/li>\n<\/ul><\/div>\n<\/p><\/div>\n<p> <!-- Separador --> <\/p>\n<hr style='border: 0; border-top: 1px solid rgba(150&comma; 150&comma; 150&comma; 0.3); margin: 30px 0;'> <\/div>\n","protected":false},"excerpt":{"rendered":"<p>Tarjeta principal para barra de luces X67A<\/p>\n","protected":false},"featured_media":51239,"comment_status":"open","ping_status":"closed","template":"","meta":[],"product_brand":[],"product_cat":[1355],"product_tag":[1357,1356,1237],"class_list":{"0":"post-51240","1":"product","2":"type-product","3":"status-publish","4":"has-post-thumbnail","6":"product_cat-accesorios-refacciones","7":"product_tag-accesorios-refacciones","8":"product_tag-barras-de-luz-torretas-vehiculares","9":"product_tag-epcom-industrial-signaling","11":"first","12":"outofstock","13":"sale","14":"shipping-taxable","15":"purchasable","16":"product-type-simple"},"_links":{"self":[{"href":"https:\/\/soydeaqui.ddns.net\/pachuca\/index.php\/wp-json\/wp\/v2\/product\/51240","targetHints":{"allow":["GET"]}}],"collection":[{"href":"https:\/\/soydeaqui.ddns.net\/pachuca\/index.php\/wp-json\/wp\/v2\/product"}],"about":[{"href":"https:\/\/soydeaqui.ddns.net\/pachuca\/index.php\/wp-json\/wp\/v2\/types\/product"}],"replies":[{"embeddable":true,"href":"https:\/\/soydeaqui.ddns.net\/pachuca\/index.php\/wp-json\/wp\/v2\/comments?post=51240"}],"wp:featuredmedia":[{"embeddable":true,"href":"https:\/\/soydeaqui.ddns.net\/pachuca\/index.php\/wp-json\/wp\/v2\/media\/51239"}],"wp:attachment":[{"href":"https:\/\/soydeaqui.ddns.net\/pachuca\/index.php\/wp-json\/wp\/v2\/media?parent=51240"}],"wp:term":[{"taxonomy":"product_brand","embeddable":true,"href":"https:\/\/soydeaqui.ddns.net\/pachuca\/index.php\/wp-json\/wp\/v2\/product_brand?post=51240"},{"taxonomy":"product_cat","embeddable":true,"href":"https:\/\/soydeaqui.ddns.net\/pachuca\/index.php\/wp-json\/wp\/v2\/product_cat?post=51240"},{"taxonomy":"product_tag","embeddable":true,"href":"https:\/\/soydeaqui.ddns.net\/pachuca\/index.php\/wp-json\/wp\/v2\/product_tag?post=51240"}],"curies":[{"name":"wp","href":"https:\/\/api.w.org\/{rel}","templated":true}]}}