{"id":51221,"date":"2026-03-18T23:00:45","date_gmt":"2026-03-18T23:00:45","guid":{"rendered":"https:\/\/soydeaqui.ddns.net\/pachuca\/index.php\/producto\/sirena-vehicular-de-100w-de-potencia-con-switch-giratorio-de-6-posiciones-microfono-de-uso-rudo-e-interconexion-a-radio\/"},"modified":"2026-03-18T23:00:51","modified_gmt":"2026-03-18T23:00:51","slug":"sirena-vehicular-de-100w-de-potencia-con-switch-giratorio-de-6-posiciones-microfono-de-uso-rudo-e-interconexion-a-radio","status":"publish","type":"product","link":"https:\/\/soydeaqui.ddns.net\/pachuca\/index.php\/producto\/sirena-vehicular-de-100w-de-potencia-con-switch-giratorio-de-6-posiciones-microfono-de-uso-rudo-e-interconexion-a-radio\/","title":{"rendered":"Sirena Vehicular de 100W de Potencia, Con Switch Giratorio de 6 posiciones, Micr\u00f3fono de Uso Rudo e Interconexi\u00f3n a Radio"},"content":{"rendered":"<div style='width: 100%; max-width: 1200px; margin: 0 auto; font-family: sans-serif; line-height: 1.6; color: inherit; background-color: transparent;'> <!-- Secci\u00f3n principal --> <\/p>\n<div style='margin-bottom: 30px;'>\n<p style='font-size: 22px; margin: 0 0 20px; color: inherit; opacity: 0.9;'><strong>Sirena Vehicular de 100 W <em>Serie ELS<\/em><\/strong><\/p>\n<p style='margin: 0 0 15px; color: inherit; line-height: 1.5;'> Dise\u00f1ada con tecnolog\u00eda avanzada&comma; proporciona una excelente calidad de sonido&comma; apta para instalarse en cualquier tipo de veh\u00edculo de emergencia. <\/p>\n<\/p><\/div>\n<p> <!-- Caracter\u00edsticas principales --> <\/p>\n<div style='display: flex; flex-wrap: wrap; gap: 30px; margin-bottom: 30px;'>\n<div style='flex: 1 1 300px; min-width: 280px;'>\n<h3 style='font-size: 20px; border-bottom: 2px solid currentColor; padding-bottom: 5px; margin-top: 0; color: inherit; opacity: 0.8;'>Caracter\u00edsticas<\/h3>\n<ul style='padding-left: 20px; font-size: 15px; color: inherit;'>\n<li style='margin-bottom: 5px;'>Compacta<\/li>\n<li style='margin-bottom: 5px;'><strong>Interconexi\u00f3n a Radio<\/strong><\/li>\n<li style='margin-bottom: 5px;'>Alto rendimiento<\/li>\n<li style='margin-bottom: 5px;'>F\u00e1cil Instalaci\u00f3n<\/li>\n<li style='margin-bottom: 5px;'>Tonos: Aux&comma; Yelp&comma; Wail&comma; Air Horn&comma; Prioritario<\/li>\n<\/ul><\/div>\n<div style='flex: 1 1 300px; min-width: 280px;'>\n<h3 style='font-size: 20px; border-bottom: 2px solid currentColor; padding-bottom: 5px; margin-top: 0; color: inherit; opacity: 0.8;'>Caracter\u00edsticas Adicionales<\/h3>\n<ul style='padding-left: 20px; font-size: 15px; color: inherit;'>\n<li style='margin-bottom: 5px;'><strong>Tonos Americanos<\/strong><\/li>\n<li style='margin-bottom: 5px;'><strong>Conexi\u00f3n al volante del autom\u00f3vil para el tono Horn<\/strong><\/li>\n<li style='margin-bottom: 5px;'><strong>Con Micr\u00f3fono Integrado de uso rudo y unidireccional Para Voceo<\/strong><\/li>\n<li style='margin-bottom: 5px;'><strong>Con Soporte integrado para su instalaci\u00f3n<\/strong><\/li>\n<\/ul><\/div>\n<\/p><\/div>\n<p> <!-- Especificaciones t\u00e9cnicas --> <\/p>\n<div style='margin-bottom: 30px;'>\n<h3 style='font-size: 20px; border-bottom: 2px solid currentColor; padding-bottom: 5px; margin-top: 0; margin-bottom: 15px; color: inherit; opacity: 0.8;'>Especificaciones T\u00e9cnicas<\/h3>\n<ul style='padding-left: 20px; font-size: 15px; color: inherit;'>\n<li style='margin-bottom: 5px;'>Potencia de 100 W<\/li>\n<li style='margin-bottom: 5px;'>Alimentaci\u00f3n de 12 Vcc<\/li>\n<li style='margin-bottom: 5px;'>Consumo 8 A m\u00e1x.<\/li>\n<li style='margin-bottom: 5px;'>Impedancia de 11 Ohms<\/li>\n<li style='margin-bottom: 5px;'>Compresi\u00f3n del Sonido 115 dB<\/li>\n<li style='margin-bottom: 5px;'>Dimensiones: 15 x 5.8 x 14.5 cm<\/li>\n<\/ul><\/div>\n<p> <!-- Galer\u00eda de im\u00e1genes --> <\/p>\n<div style='display: flex; flex-wrap: wrap; gap: 15px; margin-bottom: 30px;'>\n<div style='flex: 1 1 300px; min-width: 280px;'> <img style='width: 100%; height: auto; border: 1px solid rgba(150&comma;150&comma;150&comma;0.3); border-radius: 8px;' src='http:\/\/ftp3.syscom.mx\/usuarios\/fotos\/XELS100\/DSC_0279.png' alt=''> <\/div>\n<div style='flex: 1 1 300px; min-width: 280px;'> <img style='width: 100%; height: auto; border: 1px solid rgba(150&comma;150&comma;150&comma;0.3); border-radius: 8px;' src='http:\/\/ftp3.syscom.mx\/usuarios\/fotos\/XELS100\/DSC_0281.png' alt=''> <\/div>\n<div style='flex: 1 1 300px; min-width: 280px;'> <img style='width: 100%; height: auto; border: 1px solid rgba(150&comma;150&comma;150&comma;0.3); border-radius: 8px;' src='http:\/\/ftp3.syscom.mx\/usuarios\/fotos\/XELS100\/DSC_0283.png' alt=''> <\/div>\n<\/p><\/div>\n<p> <!-- Separador final --> <\/p>\n<hr style='border: 0; border-top: 1px solid rgba(150&comma; 150&comma; 150&comma; 0.3); margin: 30px 0;'> <\/div>\n","protected":false},"excerpt":{"rendered":"<p>Sirena Vehicular de 100W de Potencia, Con Switch Giratorio de 6 posiciones, Micr\u00f3fono de Uso Rudo e Interconexi\u00f3n a Radio<\/p>\n","protected":false},"featured_media":51220,"comment_status":"open","ping_status":"closed","template":"","meta":[],"product_brand":[],"product_cat":[1392],"product_tag":[1237,1394,1393],"class_list":{"0":"post-51221","1":"product","2":"type-product","3":"status-publish","4":"has-post-thumbnail","6":"product_cat-sirenas","7":"product_tag-epcom-industrial-signaling","8":"product_tag-sirenas","9":"product_tag-sirenas-bocinas-y-controladores-vehiculares","11":"first","12":"instock","13":"sale","14":"shipping-taxable","15":"purchasable","16":"product-type-simple"},"_links":{"self":[{"href":"https:\/\/soydeaqui.ddns.net\/pachuca\/index.php\/wp-json\/wp\/v2\/product\/51221","targetHints":{"allow":["GET"]}}],"collection":[{"href":"https:\/\/soydeaqui.ddns.net\/pachuca\/index.php\/wp-json\/wp\/v2\/product"}],"about":[{"href":"https:\/\/soydeaqui.ddns.net\/pachuca\/index.php\/wp-json\/wp\/v2\/types\/product"}],"replies":[{"embeddable":true,"href":"https:\/\/soydeaqui.ddns.net\/pachuca\/index.php\/wp-json\/wp\/v2\/comments?post=51221"}],"wp:featuredmedia":[{"embeddable":true,"href":"https:\/\/soydeaqui.ddns.net\/pachuca\/index.php\/wp-json\/wp\/v2\/media\/51220"}],"wp:attachment":[{"href":"https:\/\/soydeaqui.ddns.net\/pachuca\/index.php\/wp-json\/wp\/v2\/media?parent=51221"}],"wp:term":[{"taxonomy":"product_brand","embeddable":true,"href":"https:\/\/soydeaqui.ddns.net\/pachuca\/index.php\/wp-json\/wp\/v2\/product_brand?post=51221"},{"taxonomy":"product_cat","embeddable":true,"href":"https:\/\/soydeaqui.ddns.net\/pachuca\/index.php\/wp-json\/wp\/v2\/product_cat?post=51221"},{"taxonomy":"product_tag","embeddable":true,"href":"https:\/\/soydeaqui.ddns.net\/pachuca\/index.php\/wp-json\/wp\/v2\/product_tag?post=51221"}],"curies":[{"name":"wp","href":"https:\/\/api.w.org\/{rel}","templated":true}]}}