{"id":51148,"date":"2026-03-18T22:58:23","date_gmt":"2026-03-18T22:58:23","guid":{"rendered":"https:\/\/soydeaqui.ddns.net\/pachuca\/index.php\/producto\/barra-de-luces-de-47-rojo-azul-88-led-con-control-de-trafico-en-color-rojo-azul-ideal-para-equipar-unidades-de-seguridad-publica\/"},"modified":"2026-03-18T22:58:37","modified_gmt":"2026-03-18T22:58:37","slug":"barra-de-luces-de-47-rojo-azul-88-led-con-control-de-trafico-en-color-rojo-azul-ideal-para-equipar-unidades-de-seguridad-publica","status":"publish","type":"product","link":"https:\/\/soydeaqui.ddns.net\/pachuca\/index.php\/producto\/barra-de-luces-de-47-rojo-azul-88-led-con-control-de-trafico-en-color-rojo-azul-ideal-para-equipar-unidades-de-seguridad-publica\/","title":{"rendered":"Barra de luces de 47&#8243; rojo\/azul, 88 LED, con control de tr\u00e1fico en color rojo\/azul, ideal para equipar unidades de seguridad p\u00fablica"},"content":{"rendered":"<div style='width: 100%; max-width: 1200px; margin: 0 auto; font-family: sans-serif; line-height: 1.6; color: inherit; background-color: transparent;'> <!-- Secci\u00f3n principal --> <\/p>\n<div style='margin-bottom: 30px;'>\n<h2 style='font-size: 24px; border-bottom: 2px solid currentColor; padding-bottom: 5px; margin-top: 0; color: inherit; opacity: 0.85;'>Barra de Luces Brillante con tecnolog\u00eda HyperLUX<\/h2>\n<p style='font-size: 15px; color: inherit; margin-top: 15px; margin-bottom: 15px;'>La barra de luces brillantes <em><strong>Serie X67<\/strong><\/em>&comma; cuenta con la tecnolog\u00eda <strong>HyperLUX<\/strong> la cual es empleada para la emisi\u00f3n de luz y proporciona gran destello.<\/p>\n<h3 style='font-size: 20px; margin-top: 25px; margin-bottom: 15px; color: inherit; opacity: 0.8;'>Configuraci\u00f3n:<\/h3>\n<p style='font-size: 15px; color: inherit; margin-top: 10px; margin-bottom: 20px;'><strong>Cuenta con 7 m\u00f3dulos de 4 Led en color rojo&comma; 7 m\u00f3dulos de 4 led en color azul&comma; 2 m\u00f3dulos esquineros de 4 Led en color rojo&comma; 2 m\u00f3dulos esquineros de 4 Led en color azul&comma; 2 m\u00f3dulos de luces de penetraci\u00f3n de 4 Led en color claro&comma; 2 m\u00f3dulos de luces callejoneras de 4 Led en color claro.<\/strong><\/p>\n<p> <!-- Im\u00e1genes --> <\/p>\n<div style='display: flex; flex-wrap: wrap; gap: 20px; margin: 20px 0;'> <img style='width: 100%; max-width: 420px; height: auto; border: 1px solid rgba(150&comma;150&comma;150&comma;0.3); border-radius: 8px;' src='https:\/\/ftp3.syscom.mx\/usuarios\/ftp\/web_img\/rojo_azul.jpg' alt=''> <img style='width: 100%; max-width: 478px; height: auto; border: 1px solid rgba(150&comma;150&comma;150&comma;0.3); border-radius: 8px;' src='http:\/\/ftp3.syscom.mx\/usuarios\/abelg\/EPCOM%20INDUSTRIAL\/x67rb%20draw.JPG' alt=''> <\/div>\n<\/p><\/div>\n<p> <!-- Caracter\u00edsticas --> <\/p>\n<div style='margin-bottom: 30px;'>\n<h3 style='font-size: 20px; border-bottom: 2px solid currentColor; padding-bottom: 5px; margin-top: 0; color: inherit; opacity: 0.8;'>Caracter\u00edsticas:<\/h3>\n<ul style='padding-left: 20px; font-size: 15px; color: inherit; margin-top: 15px;'>\n<li style='margin-bottom: 8px;'><strong>22 m\u00f3dulos Ultra Brillantes<\/strong><\/li>\n<li style='margin-bottom: 8px;'><strong>88 Leds<\/strong> con la \u00faltima tecnolog\u00eda en iluminaci\u00f3n <strong>HyperLUX<\/strong><\/li>\n<li style='margin-bottom: 8px;'>Alto Brillo<\/li>\n<li style='margin-bottom: 8px;'>Bajo Perfil<\/li>\n<li style='margin-bottom: 8px;'><strong>Longitud de 47&#8242;<\/strong><\/li>\n<li style='margin-bottom: 8px;'>Montaje de Gancho<\/li>\n<li style='margin-bottom: 8px;'>Bajo Consumo de Corriente<\/li>\n<li style='margin-bottom: 8px;'>F\u00e1cil instalaci\u00f3n<\/li>\n<li style='margin-bottom: 8px;'>Larga Vida \u00datil<\/li>\n<li style='margin-bottom: 8px;'>Luces Callejoneras (Color Claro)<\/li>\n<li style='margin-bottom: 8px;'>Luces de Penetraci\u00f3n (Color Claro)<\/li>\n<li style='margin-bottom: 8px;'><strong>Incluye Controlador<\/strong><\/li>\n<li style='margin-bottom: 8px;'><strong>45 Patrones de destello<\/strong><\/li>\n<li style='margin-bottom: 8px;'><strong>Funci\u00f3n de Control de Tr\u00e1fico (Interconstruido)<\/strong><\/li>\n<li style='margin-bottom: 8px;'><strong>Dimensiones: 118cm X 34cm X 12 cm (largo x ancho x alto)<\/strong><\/li>\n<li style='margin-bottom: 8px;'><strong>5 a\u00f1o de garant\u00eda<\/strong><\/li>\n<li style='margin-bottom: 8px;'><strong>IP65<\/strong> (Encuentre certificacion adjunta en Descargas)<\/li>\n<li style='margin-bottom: 8px;'><strong>Cumple con Certificaciones SAE J595 &comma; SAE J845<\/strong> (Encuentre certificacion adjunta en Descargas)<\/li>\n<\/ul><\/div>\n<p> <!-- Especificaciones T\u00e9cnicas --> <\/p>\n<div style='margin-bottom: 30px;'>\n<h3 style='font-size: 20px; border-bottom: 2px solid currentColor; padding-bottom: 5px; margin-top: 0; color: inherit; opacity: 0.8;'>Especificaciones T\u00e9cnicas:<\/h3>\n<ul style='padding-left: 20px; font-size: 15px; color: inherit; margin-top: 15px;'>\n<li style='margin-bottom: 8px;'>Voltaje de Alimentaci\u00f3n: 10 &#8211; 14.8 Vcd<\/li>\n<li style='margin-bottom: 8px;'>Consumo: 12 A m\u00e1x.<\/li>\n<\/ul><\/div>\n<p> <!-- Galer\u00eda de im\u00e1genes --> <\/p>\n<div style='display: flex; flex-wrap: wrap; gap: 20px; margin-bottom: 30px;'> <img style='width: 100%; max-width: 880px; height: auto; border: 1px solid rgba(150&comma;150&comma;150&comma;0.3); border-radius: 8px;' src='http:\/\/ftp3.syscom.mx\/usuarios\/fotos\/X67RB\/X67RB-top.jpg' alt=''> <img style='width: 100%; max-width: 880px; height: auto; border: 1px solid rgba(150&comma;150&comma;150&comma;0.3); border-radius: 8px;' src='http:\/\/ftp3.syscom.mx\/usuarios\/fotos\/X67RB\/X67RB-detalle1.jpg' alt=''> <img style='width: 100%; max-width: 880px; height: auto; border: 1px solid rgba(150&comma;150&comma;150&comma;0.3); border-radius: 8px;' src='http:\/\/ftp3.syscom.mx\/usuarios\/fotos\/X67RB\/X67RB-derecha.jpg' alt=''> <img style='width: 100%; max-width: 880px; height: auto; border: 1px solid rgba(150&comma;150&comma;150&comma;0.3); border-radius: 8px;' src='http:\/\/ftp3.syscom.mx\/usuarios\/fotos\/X67RB\/X67RB-bottom.jpg' alt=''> <\/div>\n<p> <!-- Separador final --> <\/p>\n<hr style='border: 0; border-top: 1px solid rgba(150&comma; 150&comma; 150&comma; 0.3); margin: 30px 0;'> <\/div>\n","protected":false},"excerpt":{"rendered":"<p>Barra de luces de 47&#8243; rojo\/azul, 88 LED, con control de tr\u00e1fico en color rojo\/azul, ideal para equipar unidades de seguridad p\u00fablica<\/p>\n","protected":false},"featured_media":51147,"comment_status":"open","ping_status":"closed","template":"","meta":[],"product_brand":[],"product_cat":[1358],"product_tag":[1356,1237,1359],"class_list":{"0":"post-51148","1":"product","2":"type-product","3":"status-publish","4":"has-post-thumbnail","6":"product_cat-rojo-azul","7":"product_tag-barras-de-luz-torretas-vehiculares","8":"product_tag-epcom-industrial-signaling","9":"product_tag-rojo-azul","11":"first","12":"instock","13":"sale","14":"shipping-taxable","15":"purchasable","16":"product-type-simple"},"_links":{"self":[{"href":"https:\/\/soydeaqui.ddns.net\/pachuca\/index.php\/wp-json\/wp\/v2\/product\/51148","targetHints":{"allow":["GET"]}}],"collection":[{"href":"https:\/\/soydeaqui.ddns.net\/pachuca\/index.php\/wp-json\/wp\/v2\/product"}],"about":[{"href":"https:\/\/soydeaqui.ddns.net\/pachuca\/index.php\/wp-json\/wp\/v2\/types\/product"}],"replies":[{"embeddable":true,"href":"https:\/\/soydeaqui.ddns.net\/pachuca\/index.php\/wp-json\/wp\/v2\/comments?post=51148"}],"wp:featuredmedia":[{"embeddable":true,"href":"https:\/\/soydeaqui.ddns.net\/pachuca\/index.php\/wp-json\/wp\/v2\/media\/51147"}],"wp:attachment":[{"href":"https:\/\/soydeaqui.ddns.net\/pachuca\/index.php\/wp-json\/wp\/v2\/media?parent=51148"}],"wp:term":[{"taxonomy":"product_brand","embeddable":true,"href":"https:\/\/soydeaqui.ddns.net\/pachuca\/index.php\/wp-json\/wp\/v2\/product_brand?post=51148"},{"taxonomy":"product_cat","embeddable":true,"href":"https:\/\/soydeaqui.ddns.net\/pachuca\/index.php\/wp-json\/wp\/v2\/product_cat?post=51148"},{"taxonomy":"product_tag","embeddable":true,"href":"https:\/\/soydeaqui.ddns.net\/pachuca\/index.php\/wp-json\/wp\/v2\/product_tag?post=51148"}],"curies":[{"name":"wp","href":"https:\/\/api.w.org\/{rel}","templated":true}]}}