{"id":51146,"date":"2026-03-18T22:58:21","date_gmt":"2026-03-18T22:58:21","guid":{"rendered":"https:\/\/soydeaqui.ddns.net\/pachuca\/index.php\/producto\/sensor-de-temperatura-compatible-con-modelo-mvt600-y-t333\/"},"modified":"2026-03-18T22:58:21","modified_gmt":"2026-03-18T22:58:21","slug":"sensor-de-temperatura-compatible-con-modelo-mvt600-y-t333","status":"publish","type":"product","link":"https:\/\/soydeaqui.ddns.net\/pachuca\/index.php\/producto\/sensor-de-temperatura-compatible-con-modelo-mvt600-y-t333\/","title":{"rendered":"Sensor de Temperatura Compatible con Modelo MVT600 y T333"},"content":{"rendered":"<div style='width: 100%; max-width: 1200px; margin: 0 auto; font-family: sans-serif; line-height: 1.6; color: inherit; background-color: transparent;'>\n<div style='display: flex; flex-wrap: wrap; gap: 30px; margin-bottom: 30px;'>\n<div style='flex: 1 1 300px; min-width: 280px;'>\n<h3 style='font-size: 22px; border-bottom: 2px solid currentColor; padding-bottom: 5px; margin-top: 0; color: inherit; opacity: 0.8;'>Descripci\u00f3n del producto<\/h3>\n<p style='font-size: 15px; color: inherit;'>Con un rango de operaci\u00f3n de -20\u00b0C a 100\u00b0C El sensor de temperatura A61 de Meitrack junto con el rastreador T333 son el equipo ideal para monitorear la temperatura ambiente as\u00ed como la cadena de suministro en fr\u00edo de mercanc\u00edas perecederas.<\/p>\n<p style='font-size: 15px; color: inherit;'>La gesti\u00f3n de las temperaturas y el monitoreo de las alarmas de las unidades de refrigeraci\u00f3n pueden ser llevadas a cabo por equipos GPS ya que gracias a la telem\u00e1tica estas alertas pueden ser enviadas de manera remota y autom\u00e1ticamente a alguna plataforma de rastreo como EpcomGPS o la aplicaci\u00f3n de la misma y v\u00eda SMS&comma; dando tranquilidad a los productores y procesadores de alimentos&comma; medicamentos o cualquier producto perecedero para que la integridad de sus productos no se vea comprometida en el transporte.<\/p>\n<\/p><\/div>\n<\/p><\/div>\n<div style='display: flex; flex-wrap: wrap; gap: 20px; margin-bottom: 30px;'>\n<div style='flex: 1 1 250px; border: 1px solid rgba(150&comma; 150&comma; 150&comma; 0.4); border-radius: 8px; overflow: hidden; display: flex; flex-direction: column;'>\n<div style='padding: 15px; border-bottom: 1px solid rgba(150&comma; 150&comma; 150&comma; 0.2); font-weight: bold; font-size: 18px; color: inherit;'>Especificaciones t\u00e9cnicas<\/div>\n<div style='padding: 15px; color: inherit;'>\n<ul style='padding-left: 20px; margin: 0; font-size: 14px; list-style-type: disc;'>\n<li style='margin-bottom: 5px;'><strong>Dimensiones:<\/strong> \u00d8 5*30mm<\/li>\n<li style='margin-bottom: 5px;'><strong>Voltaje de operaci\u00f3n:<\/strong> 3 V a 5.5 V CD<\/li>\n<li style='margin-bottom: 5px;'><strong>Rango de Temperatura:<\/strong> -20\u00b0C a 100\u00b0C<\/li>\n<li style='margin-bottom: 5px;'><strong>Margen de Error:<\/strong> \u00b10.5\u00b0C<\/li>\n<li style='margin-bottom: 5px;'><strong>Material:<\/strong> Acero inoxidable o niquelado<\/li>\n<li style='margin-bottom: 5px;'><strong>Cable:<\/strong> PVC cable pl\u00e1stico<\/li>\n<li style='margin-bottom: 5px;'><strong>Longitud:<\/strong> 5 m<\/li>\n<\/ul><\/div>\n<\/p><\/div>\n<div style='flex: 1 1 250px; border: 1px solid rgba(150&comma; 150&comma; 150&comma; 0.4); border-radius: 8px; overflow: hidden; display: flex; flex-direction: column;'>\n<div style='padding: 15px; border-bottom: 1px solid rgba(150&comma; 150&comma; 150&comma; 0.2); font-weight: bold; font-size: 18px; color: inherit;'>Aplicaciones<\/div>\n<div style='padding: 15px; color: inherit;'>\n<ul style='padding-left: 20px; margin: 0; font-size: 14px; list-style-type: disc;'>\n<li style='margin-bottom: 5px;'>Monitoreo de temperatura ambiente<\/li>\n<li style='margin-bottom: 5px;'>Control de cadena de fr\u00edo en log\u00edstica<\/li>\n<li style='margin-bottom: 5px;'>Transporte de alimentos perecederos<\/li>\n<li style='margin-bottom: 5px;'>Distribuci\u00f3n de medicamentos<\/li>\n<\/ul><\/div>\n<\/p><\/div>\n<\/p><\/div>\n<div style='display: flex; flex-wrap: wrap; gap: 30px; margin-bottom: 30px;'>\n<div style='flex: 1 1 300px; min-width: 280px;'>\n<h3 style='font-size: 22px; border-bottom: 2px solid currentColor; padding-bottom: 5px; margin-top: 0; color: inherit; opacity: 0.8;'>Compatibilidad<\/h3>\n<ul style='padding-left: 20px; font-size: 15px; color: inherit;'>\n<li style='margin-bottom: 5px;'>Modelo MVT600<\/li>\n<li style='margin-bottom: 5px;'>Modelo T333<\/li>\n<\/ul><\/div>\n<\/p><\/div>\n<div style='display: flex; flex-wrap: wrap; gap: 30px;'>\n<div style='flex: 1 1 300px; min-width: 280px;'>\n<h3 style='font-size: 22px; border-bottom: 2px solid currentColor; padding-bottom: 5px; margin-top: 0; color: inherit; opacity: 0.8;'>Imagen del producto<\/h3>\n<p> <img style='width: 100%; height: auto; border: 1px solid rgba(150&comma;150&comma;150&comma;0.3); border-radius: 8px;' src='https:\/\/ftp3.syscom.mx\/usuarios\/fotos\/A61\/78021-cadena-de-frio-en-logistica.jpg' alt='Sensor de Temperatura A61 Meitrack'> <\/div>\n<\/p><\/div>\n<\/p><\/div>\n","protected":false},"excerpt":{"rendered":"<p>Sensor de Temperatura Compatible con Modelo MVT600 y T333<\/p>\n","protected":false},"featured_media":51145,"comment_status":"open","ping_status":"closed","template":"","meta":[],"product_brand":[],"product_cat":[1348,1346],"product_tag":[93,1350,1349,1390],"class_list":{"0":"post-51146","1":"product","2":"type-product","3":"status-publish","4":"has-post-thumbnail","6":"product_cat-accesorios-gps-y-telematica","7":"product_cat-iot","8":"product_tag-accesorios","9":"product_tag-gps-y-telematica","10":"product_tag-iot","11":"product_tag-meitrack","13":"first","14":"instock","15":"sale","16":"shipping-taxable","17":"purchasable","18":"product-type-simple"},"_links":{"self":[{"href":"https:\/\/soydeaqui.ddns.net\/pachuca\/index.php\/wp-json\/wp\/v2\/product\/51146","targetHints":{"allow":["GET"]}}],"collection":[{"href":"https:\/\/soydeaqui.ddns.net\/pachuca\/index.php\/wp-json\/wp\/v2\/product"}],"about":[{"href":"https:\/\/soydeaqui.ddns.net\/pachuca\/index.php\/wp-json\/wp\/v2\/types\/product"}],"replies":[{"embeddable":true,"href":"https:\/\/soydeaqui.ddns.net\/pachuca\/index.php\/wp-json\/wp\/v2\/comments?post=51146"}],"wp:featuredmedia":[{"embeddable":true,"href":"https:\/\/soydeaqui.ddns.net\/pachuca\/index.php\/wp-json\/wp\/v2\/media\/51145"}],"wp:attachment":[{"href":"https:\/\/soydeaqui.ddns.net\/pachuca\/index.php\/wp-json\/wp\/v2\/media?parent=51146"}],"wp:term":[{"taxonomy":"product_brand","embeddable":true,"href":"https:\/\/soydeaqui.ddns.net\/pachuca\/index.php\/wp-json\/wp\/v2\/product_brand?post=51146"},{"taxonomy":"product_cat","embeddable":true,"href":"https:\/\/soydeaqui.ddns.net\/pachuca\/index.php\/wp-json\/wp\/v2\/product_cat?post=51146"},{"taxonomy":"product_tag","embeddable":true,"href":"https:\/\/soydeaqui.ddns.net\/pachuca\/index.php\/wp-json\/wp\/v2\/product_tag?post=51146"}],"curies":[{"name":"wp","href":"https:\/\/api.w.org\/{rel}","templated":true}]}}