{"id":51140,"date":"2026-03-18T22:58:13","date_gmt":"2026-03-18T22:58:13","guid":{"rendered":"https:\/\/soydeaqui.ddns.net\/pachuca\/index.php\/producto\/mini-barra-con-18-led-color-ambar-con-montaje-magnetico-de-succion\/"},"modified":"2026-03-18T22:58:19","modified_gmt":"2026-03-18T22:58:19","slug":"mini-barra-con-18-led-color-ambar-con-montaje-magnetico-de-succion","status":"publish","type":"product","link":"https:\/\/soydeaqui.ddns.net\/pachuca\/index.php\/producto\/mini-barra-con-18-led-color-ambar-con-montaje-magnetico-de-succion\/","title":{"rendered":"Mini Barra con 18 LED, Color \u00c1mbar con Montaje Magn\u00e9tico de Succi\u00f3n"},"content":{"rendered":"<div style='width: 100%; max-width: 1200px; margin: 0 auto; font-family: sans-serif; line-height: 1.6; color: inherit; background-color: transparent;'> <!-- Secci\u00f3n de descripci\u00f3n principal --> <\/p>\n<div style='margin-bottom: 30px;'>\n<p>La mini barra de luces X606S adopta la alta potencia de <strong>18 Led Gen III (Generaci\u00f3n III)<\/strong> como fuente de luz&comma; con aspecto \u00fanico&comma; estructura compacta&comma; f\u00e1cil operaci\u00f3n y patrones de destellos diversificados.<\/p>\n<p>Ofrece alta luminosidad&comma; f\u00e1cil instalaci\u00f3n y largo tiempo de servicio.<\/p>\n<p>El equipo est\u00e1 dise\u00f1ado para instalarse en el exterior del veh\u00edculo.<\/p>\n<\/p><\/div>\n<p> <!-- Secci\u00f3n de especificaciones --> <\/p>\n<div style='display: flex; flex-wrap: wrap; gap: 20px; margin-bottom: 30px;'>\n<div style='flex: 1 1 250px; border: 1px solid rgba(150&comma; 150&comma; 150&comma; 0.4); border-radius: 8px; overflow: hidden; display: flex; flex-direction: column;'>\n<div style='padding: 15px; border-bottom: 1px solid rgba(150&comma; 150&comma; 150&comma; 0.2); font-weight: bold; font-size: 18px; color: inherit;'>Caracter\u00edsticas<\/div>\n<div style='padding: 15px; color: inherit;'>\n<ul style='padding-left: 20px; margin: 0; font-size: 14px; list-style-type: disc;'>\n<li style='margin-bottom: 5px;'><strong>Voltaje:<\/strong> 12 Vcc<\/li>\n<li style='margin-bottom: 5px;'><strong>Consumo:<\/strong> 3A m\u00e1x<\/li>\n<li style='margin-bottom: 5px;'><strong>Potencia:<\/strong> 36W<\/li>\n<li style='margin-bottom: 5px;'><strong>Patrones de destello:<\/strong> 25 patrones<\/li>\n<li style='margin-bottom: 5px;'><strong>Montaje:<\/strong> Magn\u00e9tico de succi\u00f3n e incluye Adaptador para Encendedor Vehicular<\/li>\n<li style='margin-bottom: 5px;'><strong>Dimensiones:<\/strong> 40cm X 20cm X 6.3cm<\/li>\n<\/ul><\/div>\n<\/p><\/div>\n<\/p><\/div>\n<p> <!-- Separador --> <\/p>\n<hr style='border: 0; border-top: 1px solid rgba(150&comma; 150&comma; 150&comma; 0.3); margin: 30px 0;'> <\/div>\n","protected":false},"excerpt":{"rendered":"<p>Mini Barra con 18 LED, Color \u00c1mbar con Montaje Magn\u00e9tico de Succi\u00f3n<\/p>\n","protected":false},"featured_media":51139,"comment_status":"open","ping_status":"closed","template":"","meta":[],"product_brand":[],"product_cat":[1362],"product_tag":[950,1237,1363],"class_list":{"0":"post-51140","1":"product","2":"type-product","3":"status-publish","4":"has-post-thumbnail","6":"product_cat-ambar-mini-barras-vehiculares","7":"product_tag-ambar","8":"product_tag-epcom-industrial-signaling","9":"product_tag-mini-barras-vehiculares","11":"first","12":"instock","13":"sale","14":"shipping-taxable","15":"purchasable","16":"product-type-simple"},"_links":{"self":[{"href":"https:\/\/soydeaqui.ddns.net\/pachuca\/index.php\/wp-json\/wp\/v2\/product\/51140","targetHints":{"allow":["GET"]}}],"collection":[{"href":"https:\/\/soydeaqui.ddns.net\/pachuca\/index.php\/wp-json\/wp\/v2\/product"}],"about":[{"href":"https:\/\/soydeaqui.ddns.net\/pachuca\/index.php\/wp-json\/wp\/v2\/types\/product"}],"replies":[{"embeddable":true,"href":"https:\/\/soydeaqui.ddns.net\/pachuca\/index.php\/wp-json\/wp\/v2\/comments?post=51140"}],"wp:featuredmedia":[{"embeddable":true,"href":"https:\/\/soydeaqui.ddns.net\/pachuca\/index.php\/wp-json\/wp\/v2\/media\/51139"}],"wp:attachment":[{"href":"https:\/\/soydeaqui.ddns.net\/pachuca\/index.php\/wp-json\/wp\/v2\/media?parent=51140"}],"wp:term":[{"taxonomy":"product_brand","embeddable":true,"href":"https:\/\/soydeaqui.ddns.net\/pachuca\/index.php\/wp-json\/wp\/v2\/product_brand?post=51140"},{"taxonomy":"product_cat","embeddable":true,"href":"https:\/\/soydeaqui.ddns.net\/pachuca\/index.php\/wp-json\/wp\/v2\/product_cat?post=51140"},{"taxonomy":"product_tag","embeddable":true,"href":"https:\/\/soydeaqui.ddns.net\/pachuca\/index.php\/wp-json\/wp\/v2\/product_tag?post=51140"}],"curies":[{"name":"wp","href":"https:\/\/api.w.org\/{rel}","templated":true}]}}