{"id":51138,"date":"2026-03-18T22:58:10","date_gmt":"2026-03-18T22:58:10","guid":{"rendered":"https:\/\/soydeaqui.ddns.net\/pachuca\/index.php\/producto\/adaptador-para-conexion-de-canbus-facil-conexion-datos-directos-de-computadora-de-viaje-2\/"},"modified":"2026-03-18T22:58:10","modified_gmt":"2026-03-18T22:58:10","slug":"adaptador-para-conexion-de-canbus-facil-conexion-datos-directos-de-computadora-de-viaje-2","status":"publish","type":"product","link":"https:\/\/soydeaqui.ddns.net\/pachuca\/index.php\/producto\/adaptador-para-conexion-de-canbus-facil-conexion-datos-directos-de-computadora-de-viaje-2\/","title":{"rendered":"Adaptador para conexion de CANBUS \/ Facil conexi\u00f3n \/ Datos directos de computadora de viaje"},"content":{"rendered":"<div style='width: 100%; max-width: 1200px; margin: 0 auto; font-family: sans-serif; line-height: 1.6; color: inherit; background-color: transparent;'> <!-- Secci\u00f3n de descripci\u00f3n --> <\/p>\n<div style='margin-bottom: 30px;'>\n<h2 style='font-size: 24px; border-bottom: 2px solid currentColor; padding-bottom: 8px; margin-top: 0; color: inherit; opacity: 0.85;'>Descripci\u00f3n del Producto<\/h2>\n<p style='font-size: 15px; color: inherit; margin-top: 10px; margin-bottom: 15px;'>El adaptador EasyCAN permite una conexi\u00f3n r\u00e1pida y segura al puerto CANBUS del veh\u00edculo sin necesidad de conectar f\u00edsicamente los cables. Es ideal para conectar equipos de rastreo satelital directamente a la computadora del veh\u00edculo sin cortar cables ni violar la garant\u00eda.<\/p>\n<p style='font-size: 15px; color: inherit; margin-top: 10px; margin-bottom: 15px;'>Este adaptador permite leer datos del protocolo FMS (J1939) y es compatible con localizadores satelitales PRO4&comma; PRO43G&comma; TCO4&comma; HCV5 y PRO5LITE.<\/p>\n<\/p><\/div>\n<p> <!-- Secci\u00f3n de caracter\u00edsticas principales --> <\/p>\n<div style='margin-bottom: 30px;'>\n<h3 style='font-size: 22px; border-bottom: 2px solid currentColor; padding-bottom: 5px; margin-top: 0; color: inherit; opacity: 0.8;'>Caracter\u00edsticas Principales<\/h3>\n<ul style='padding-left: 20px; font-size: 15px; color: inherit; margin-top: 15px;'>\n<li style='margin-bottom: 8px;'>Conexi\u00f3n r\u00e1pida y segura al puerto CANBUS<\/li>\n<li style='margin-bottom: 8px;'>Integraci\u00f3n sin cortar cables ni violar garant\u00edas<\/li>\n<li style='margin-bottom: 8px;'>Compatible con protocolo FMS (J1939) veh\u00edculos<\/li>\n<li style='margin-bottom: 8px;'>Soporta conexi\u00f3n directa a la computadora del veh\u00edculo<\/li>\n<li style='margin-bottom: 8px;'>Lectura de datos sin contacto f\u00edsico<\/li>\n<li style='margin-bottom: 8px;'>Tama\u00f1o compacto (40 x 15 mm)<\/li>\n<li style='margin-bottom: 8px;'>Cable de 1 metro de longitud<\/li>\n<\/ul><\/div>\n<p> <!-- Secci\u00f3n de especificaciones t\u00e9cnicas --> <\/p>\n<div style='margin-bottom: 30px;'>\n<h3 style='font-size: 22px; border-bottom: 2px solid currentColor; padding-bottom: 5px; margin-top: 0; color: inherit; opacity: 0.8;'>Especificaciones T\u00e9cnicas<\/h3>\n<div style='display: flex; flex-wrap: wrap; gap: 20px; margin-top: 15px;'>\n<div style='flex: 1 1 250px; min-width: 220px;'>\n<h4 style='font-size: 18px; margin-top: 0; margin-bottom: 10px; color: inherit; opacity: 0.9;'>Especificaciones Generales<\/h4>\n<ul style='padding-left: 20px; font-size: 14px; color: inherit; margin: 0;'>\n<li style='margin-bottom: 6px;'><strong>Alimentaci\u00f3n:<\/strong> 5V<\/li>\n<li style='margin-bottom: 6px;'><strong>Rango de di\u00e1metro del cable:<\/strong> 1 &#8211; 2.1 mm<\/li>\n<li style='margin-bottom: 6px;'><strong>Conexi\u00f3n:<\/strong> 4 pines<\/li>\n<li style='margin-bottom: 6px;'><strong>Carcasa:<\/strong> Pl\u00e1stica<\/li>\n<\/ul><\/div>\n<div style='flex: 1 1 250px; min-width: 220px;'>\n<h4 style='font-size: 18px; margin-top: 0; margin-bottom: 10px; color: inherit; opacity: 0.9;'>Dimensiones<\/h4>\n<ul style='padding-left: 20px; font-size: 14px; color: inherit; margin: 0;'>\n<li style='margin-bottom: 6px;'><strong>Dimensiones del adaptador:<\/strong> 40 x 15 mm<\/li>\n<li style='margin-bottom: 6px;'><strong>Longitud del cable:<\/strong> 1 metro<\/li>\n<\/ul><\/div>\n<div style='flex: 1 1 250px; min-width: 220px;'>\n<h4 style='font-size: 18px; margin-top: 0; margin-bottom: 10px; color: inherit; opacity: 0.9;'>Compatibilidad<\/h4>\n<ul style='padding-left: 20px; font-size: 14px; color: inherit; margin: 0;'>\n<li style='margin-bottom: 6px;'><strong>EasyCAN:<\/strong> Para conexi\u00f3n CAN (camiones o veh\u00edculos ligeros)<\/li>\n<li style='margin-bottom: 6px;'><strong>EasyCAN Volvo:<\/strong> Para conexi\u00f3n J1708 (camiones Volvo y Renault con motores DXI)<\/li>\n<\/ul><\/div>\n<\/p><\/div>\n<\/p><\/div>\n<p> <!-- Secci\u00f3n de pines --> <\/p>\n<div style='margin-bottom: 30px;'>\n<h3 style='font-size: 22px; border-bottom: 2px solid currentColor; padding-bottom: 5px; margin-top: 0; color: inherit; opacity: 0.8;'>Distribuci\u00f3n de Pines<\/h3>\n<ul style='padding-left: 20px; font-size: 14px; color: inherit; margin-top: 15px;'>\n<li style='margin-bottom: 6px;'><strong>Blanco:<\/strong> L\u00ednea de poder de 1-Wire<\/li>\n<li style='margin-bottom: 6px;'><strong>Moreno:<\/strong> Tierra<\/li>\n<li style='margin-bottom: 6px;'><strong>Amarillo:<\/strong> CAN High PortC-485 A<\/li>\n<li style='margin-bottom: 6px;'><strong>Verde:<\/strong> CAN Low PortC-485 B<\/li>\n<\/ul><\/div>\n<p> <!-- Secci\u00f3n de advertencias --> <\/p>\n<div style='margin-bottom: 30px;'>\n<h3 style='font-size: 22px; border-bottom: 2px solid currentColor; padding-bottom: 5px; margin-top: 0; color: inherit; opacity: 0.8;'>Advertencias<\/h3>\n<p style='font-size: 15px; color: inherit; margin-top: 15px; margin-bottom: 0;'>Los residuos de equipos no deben desecharse con otros residuos dom\u00e9sticos. Los equipos deben llevarse a puntos de recogida especializados al final de su vida \u00fatil.<\/p>\n<\/p><\/div>\n<p> <!-- Separador final --> <\/p>\n<hr style='border: 0; border-top: 1px solid rgba(150&comma; 150&comma; 150&comma; 0.3); margin: 30px 0;'> <\/div>\n","protected":false},"excerpt":{"rendered":"<p>Adaptador para conexion de CANBUS \/ Facil conexi\u00f3n \/ Datos directos de computadora de viaje<\/p>\n","protected":false},"featured_media":51137,"comment_status":"open","ping_status":"closed","template":"","meta":[],"product_brand":[],"product_cat":[1348,1346],"product_tag":[93,1350,1349,1351],"class_list":{"0":"post-51138","1":"product","2":"type-product","3":"status-publish","4":"has-post-thumbnail","6":"product_cat-accesorios-gps-y-telematica","7":"product_cat-iot","8":"product_tag-accesorios","9":"product_tag-gps-y-telematica","10":"product_tag-iot","11":"product_tag-ruptela","13":"first","14":"instock","15":"sale","16":"shipping-taxable","17":"purchasable","18":"product-type-simple"},"_links":{"self":[{"href":"https:\/\/soydeaqui.ddns.net\/pachuca\/index.php\/wp-json\/wp\/v2\/product\/51138","targetHints":{"allow":["GET"]}}],"collection":[{"href":"https:\/\/soydeaqui.ddns.net\/pachuca\/index.php\/wp-json\/wp\/v2\/product"}],"about":[{"href":"https:\/\/soydeaqui.ddns.net\/pachuca\/index.php\/wp-json\/wp\/v2\/types\/product"}],"replies":[{"embeddable":true,"href":"https:\/\/soydeaqui.ddns.net\/pachuca\/index.php\/wp-json\/wp\/v2\/comments?post=51138"}],"wp:featuredmedia":[{"embeddable":true,"href":"https:\/\/soydeaqui.ddns.net\/pachuca\/index.php\/wp-json\/wp\/v2\/media\/51137"}],"wp:attachment":[{"href":"https:\/\/soydeaqui.ddns.net\/pachuca\/index.php\/wp-json\/wp\/v2\/media?parent=51138"}],"wp:term":[{"taxonomy":"product_brand","embeddable":true,"href":"https:\/\/soydeaqui.ddns.net\/pachuca\/index.php\/wp-json\/wp\/v2\/product_brand?post=51138"},{"taxonomy":"product_cat","embeddable":true,"href":"https:\/\/soydeaqui.ddns.net\/pachuca\/index.php\/wp-json\/wp\/v2\/product_cat?post=51138"},{"taxonomy":"product_tag","embeddable":true,"href":"https:\/\/soydeaqui.ddns.net\/pachuca\/index.php\/wp-json\/wp\/v2\/product_tag?post=51138"}],"curies":[{"name":"wp","href":"https:\/\/api.w.org\/{rel}","templated":true}]}}