{"id":51136,"date":"2026-03-18T22:58:07","date_gmt":"2026-03-18T22:58:07","guid":{"rendered":"https:\/\/soydeaqui.ddns.net\/pachuca\/index.php\/producto\/luz-giratoria-led-ambar-slr-beacon\/"},"modified":"2026-03-18T22:58:08","modified_gmt":"2026-03-18T22:58:08","slug":"luz-giratoria-led-ambar-slr-beacon","status":"publish","type":"product","link":"https:\/\/soydeaqui.ddns.net\/pachuca\/index.php\/producto\/luz-giratoria-led-ambar-slr-beacon\/","title":{"rendered":"Luz Giratoria LED \u00e1mbar SLR Beacon"},"content":{"rendered":"<div style='width: 100%; max-width: 1200px; margin: 0 auto; font-family: sans-serif; line-height: 1.6; color: inherit; background-color: transparent;'> <!-- Descripci\u00f3n principal --> <\/p>\n<div style='margin-bottom: 30px; font-size: 15px;'>\n<p>La SLR Beacon combina la tecnolog\u00eda de rotaci\u00f3n tradicional y LED en un solo equipo utilizando la tecnolog\u00eda Solaris. Cuenta con un motor sin engranajes aumentando de esta manera la vida util del equipo. El equipo est\u00e1 dise\u00f1ado para satisfacer las demandas de diversos entornos de trabajo&comma; ideal para aplicaciones en veh\u00edculos como construcci\u00f3n&comma; operaciones&comma; servicios p\u00fablicos&comma; entre otros.<\/p>\n<\/p><\/div>\n<p> <!-- Secci\u00f3n de caracter\u00edsticas --> <\/p>\n<div style='margin-bottom: 30px;'>\n<h3 style='font-size: 22px; border-bottom: 2px solid currentColor; padding-bottom: 5px; margin-top: 0; color: inherit; opacity: 0.8;'>Caracter\u00edsticas<\/h3>\n<ul style='padding-left: 20px; font-size: 15px; color: inherit;'>\n<li style='margin-bottom: 5px;'>12 LEDs<\/li>\n<li style='margin-bottom: 5px;'>Multivoltaje: 12-24 VDC<\/li>\n<li style='margin-bottom: 5px;'>Montaje permanente<\/li>\n<li style='margin-bottom: 5px;'>Tres velocidades de rotaci\u00f3n: 75\/90\/120 RPM<\/li>\n<li style='margin-bottom: 5px;'>Menor consumo de amperaje que un faro de hal\u00f3geno giratorio tradicional<\/li>\n<\/ul><\/div>\n<p> <!-- Nota --> <\/p>\n<div style='margin-bottom: 30px; font-size: 15px;'>\n<p>*Pregunte por tiempo de entrega<\/p>\n<\/p><\/div>\n<p> <!-- Video --> <\/p>\n<div style='margin-bottom: 30px;'>\n<div style='position: relative; padding-bottom: 56.25%; height: 0; overflow: hidden;'>   <\/div>\n<\/p><\/div>\n<\/p><\/div>\n","protected":false},"excerpt":{"rendered":"<p>Luz Giratoria LED \u00e1mbar SLR Beacon<\/p>\n","protected":false},"featured_media":51135,"comment_status":"open","ping_status":"closed","template":"","meta":[],"product_brand":[],"product_cat":[1370],"product_tag":[950,1360,1371],"class_list":{"0":"post-51136","1":"product","2":"type-product","3":"status-publish","4":"has-post-thumbnail","6":"product_cat-ambar-luces-auxiliares-vehiculares","7":"product_tag-ambar","8":"product_tag-federal-signal","9":"product_tag-luces-auxiliares-vehiculares","11":"first","12":"outofstock","13":"sale","14":"shipping-taxable","15":"purchasable","16":"product-type-simple"},"_links":{"self":[{"href":"https:\/\/soydeaqui.ddns.net\/pachuca\/index.php\/wp-json\/wp\/v2\/product\/51136","targetHints":{"allow":["GET"]}}],"collection":[{"href":"https:\/\/soydeaqui.ddns.net\/pachuca\/index.php\/wp-json\/wp\/v2\/product"}],"about":[{"href":"https:\/\/soydeaqui.ddns.net\/pachuca\/index.php\/wp-json\/wp\/v2\/types\/product"}],"replies":[{"embeddable":true,"href":"https:\/\/soydeaqui.ddns.net\/pachuca\/index.php\/wp-json\/wp\/v2\/comments?post=51136"}],"wp:featuredmedia":[{"embeddable":true,"href":"https:\/\/soydeaqui.ddns.net\/pachuca\/index.php\/wp-json\/wp\/v2\/media\/51135"}],"wp:attachment":[{"href":"https:\/\/soydeaqui.ddns.net\/pachuca\/index.php\/wp-json\/wp\/v2\/media?parent=51136"}],"wp:term":[{"taxonomy":"product_brand","embeddable":true,"href":"https:\/\/soydeaqui.ddns.net\/pachuca\/index.php\/wp-json\/wp\/v2\/product_brand?post=51136"},{"taxonomy":"product_cat","embeddable":true,"href":"https:\/\/soydeaqui.ddns.net\/pachuca\/index.php\/wp-json\/wp\/v2\/product_cat?post=51136"},{"taxonomy":"product_tag","embeddable":true,"href":"https:\/\/soydeaqui.ddns.net\/pachuca\/index.php\/wp-json\/wp\/v2\/product_tag?post=51136"}],"curies":[{"name":"wp","href":"https:\/\/api.w.org\/{rel}","templated":true}]}}