{"id":51108,"date":"2026-03-18T22:57:18","date_gmt":"2026-03-18T22:57:18","guid":{"rendered":"https:\/\/soydeaqui.ddns.net\/pachuca\/index.php\/producto\/burbuja-brillante-de-6-leds-color-rojo-montaje-magnetico\/"},"modified":"2026-03-18T22:57:27","modified_gmt":"2026-03-18T22:57:27","slug":"burbuja-brillante-de-6-leds-color-rojo-montaje-magnetico","status":"publish","type":"product","link":"https:\/\/soydeaqui.ddns.net\/pachuca\/index.php\/producto\/burbuja-brillante-de-6-leds-color-rojo-montaje-magnetico\/","title":{"rendered":"Burbuja brillante de 6 LEDs, color rojo, montaje magn\u00e9tico"},"content":{"rendered":"<div style='width: 100%; max-width: 1200px; margin: 0 auto; font-family: sans-serif; line-height: 1.6; color: inherit; background-color: transparent;'>\n<div style='display: flex; flex-wrap: wrap; gap: 30px; margin-bottom: 30px;'>\n<div style='flex: 1 1 300px; min-width: 280px;'>\n<h3 style='font-size: 22px; border-bottom: 2px solid currentColor; padding-bottom: 5px; margin-top: 0; color: inherit; opacity: 0.8;'>Caracter\u00edsticas<\/h3>\n<ul style='padding-left: 20px; font-size: 15px; color: inherit;'>\n<li style='margin-bottom: 5px;'>F\u00e1cil Instalaci\u00f3n<\/li>\n<li style='margin-bottom: 5px;'>Amplea \u00e1rea de iluminaci\u00f3n<\/li>\n<li style='margin-bottom: 5px;'>Larga vida \u00fatil<\/li>\n<li style='margin-bottom: 5px;'>12 Vcc<\/li>\n<li style='margin-bottom: 5px;'>1 A m\u00e1x<\/li>\n<li style='margin-bottom: 5px;'>Montaje Magn\u00e9tico<\/li>\n<li style='margin-bottom: 5px;'>Incluye adaptador para encendedor vehicular<\/li>\n<\/ul><\/div>\n<div style='flex: 1 1 300px; min-width: 280px;'>\n<h3 style='font-size: 22px; border-bottom: 2px solid currentColor; padding-bottom: 5px; margin-top: 0; color: inherit; opacity: 0.8;'>Aplicaciones<\/h3>\n<p style='color: inherit; font-size: 15px; margin-top: 0;'>Ideal para polic\u00eda&comma; veh\u00edculos especiales&comma; muelles&comma; caminos&comma; stands&comma; estaciones&comma; etc.<\/p>\n<\/p><\/div>\n<div style='flex: 1 1 300px; min-width: 280px;'>\n<h3 style='font-size: 22px; border-bottom: 2px solid currentColor; padding-bottom: 5px; margin-top: 0; color: inherit; opacity: 0.8;'>Informaci\u00f3n Adicional<\/h3>\n<p style='color: inherit; font-size: 15px; margin-top: 0;'>Cuenta con un dise\u00f1o \u00f3ptico de conmutaci\u00f3n&comma; el cual hace que la luz sea m\u00e1s brillante.<\/p>\n<p style='color: inherit; font-size: 15px; margin-top: 15px;'>*Pregunte por tiempo de entrega<\/p>\n<\/p><\/div>\n<\/p><\/div>\n<hr style='border: 0; border-top: 1px solid rgba(150&comma; 150&comma; 150&comma; 0.3); margin: 30px 0;'> <\/div>\n","protected":false},"excerpt":{"rendered":"<p>Burbuja brillante de 6 LEDs, color rojo, montaje magn\u00e9tico<\/p>\n","protected":false},"featured_media":51107,"comment_status":"open","ping_status":"closed","template":"","meta":[],"product_brand":[],"product_cat":[499],"product_tag":[1237,500,501],"class_list":{"0":"post-51108","1":"product","2":"type-product","3":"status-publish","4":"has-post-thumbnail","6":"product_cat-rojo-azul-verde","7":"product_tag-epcom-industrial-signaling","8":"product_tag-estrobos-burbujas-vehiculares","9":"product_tag-rojo-azul-verde","11":"first","12":"outofstock","13":"sale","14":"shipping-taxable","15":"purchasable","16":"product-type-simple"},"_links":{"self":[{"href":"https:\/\/soydeaqui.ddns.net\/pachuca\/index.php\/wp-json\/wp\/v2\/product\/51108","targetHints":{"allow":["GET"]}}],"collection":[{"href":"https:\/\/soydeaqui.ddns.net\/pachuca\/index.php\/wp-json\/wp\/v2\/product"}],"about":[{"href":"https:\/\/soydeaqui.ddns.net\/pachuca\/index.php\/wp-json\/wp\/v2\/types\/product"}],"replies":[{"embeddable":true,"href":"https:\/\/soydeaqui.ddns.net\/pachuca\/index.php\/wp-json\/wp\/v2\/comments?post=51108"}],"wp:featuredmedia":[{"embeddable":true,"href":"https:\/\/soydeaqui.ddns.net\/pachuca\/index.php\/wp-json\/wp\/v2\/media\/51107"}],"wp:attachment":[{"href":"https:\/\/soydeaqui.ddns.net\/pachuca\/index.php\/wp-json\/wp\/v2\/media?parent=51108"}],"wp:term":[{"taxonomy":"product_brand","embeddable":true,"href":"https:\/\/soydeaqui.ddns.net\/pachuca\/index.php\/wp-json\/wp\/v2\/product_brand?post=51108"},{"taxonomy":"product_cat","embeddable":true,"href":"https:\/\/soydeaqui.ddns.net\/pachuca\/index.php\/wp-json\/wp\/v2\/product_cat?post=51108"},{"taxonomy":"product_tag","embeddable":true,"href":"https:\/\/soydeaqui.ddns.net\/pachuca\/index.php\/wp-json\/wp\/v2\/product_tag?post=51108"}],"curies":[{"name":"wp","href":"https:\/\/api.w.org\/{rel}","templated":true}]}}