{"id":51106,"date":"2026-03-18T22:57:15","date_gmt":"2026-03-18T22:57:15","guid":{"rendered":"https:\/\/soydeaqui.ddns.net\/pachuca\/index.php\/producto\/burbuja-brillante-de-6-leds-color-ambar-con-montaje-magnetico\/"},"modified":"2026-03-18T22:57:15","modified_gmt":"2026-03-18T22:57:15","slug":"burbuja-brillante-de-6-leds-color-ambar-con-montaje-magnetico","status":"publish","type":"product","link":"https:\/\/soydeaqui.ddns.net\/pachuca\/index.php\/producto\/burbuja-brillante-de-6-leds-color-ambar-con-montaje-magnetico\/","title":{"rendered":"Burbuja Brillante de 6 LEDs, Color \u00c1mbar con Montaje Magn\u00e9tico"},"content":{"rendered":"<div style='width: 100%; max-width: 1200px; margin: 0 auto; font-family: sans-serif; line-height: 1.6; color: inherit; background-color: transparent;'>\n<div style='display: flex; flex-wrap: wrap; gap: 30px; margin-bottom: 30px;'>\n<div style='flex: 1 1 300px; min-width: 280px;'>\n<h3 style='font-size: 22px; border-bottom: 2px solid currentColor; padding-bottom: 5px; margin-top: 0; color: inherit; opacity: 0.8;'>Burbuja Brillante Serie X905<\/h3>\n<p style='font-size: 15px; color: inherit; margin-bottom: 15px;'>Cuenta con un dise\u00f1o \u00f3ptico de conmutaci\u00f3n&comma; el cual hace que la luz sea m\u00e1s brillante. Ideal para polic\u00eda&comma; veh\u00edculos especiales&comma; muelles&comma; caminos&comma; stands&comma; estaciones&comma; etc.<\/p>\n<h4 style='font-size: 18px; margin-top: 25px; margin-bottom: 15px; color: inherit; opacity: 0.8;'>Caracter\u00edsticas:<\/h4>\n<ul style='padding-left: 20px; font-size: 15px; color: inherit;'>\n<li style='margin-bottom: 5px;'>F\u00e1cil Instalaci\u00f3n<\/li>\n<li style='margin-bottom: 5px;'>Amplea \u00e1rea de iluminaci\u00f3n<\/li>\n<li style='margin-bottom: 5px;'><strong><em>Grado de Protecci\u00f3n IP65<\/em><\/strong><\/li>\n<li style='margin-bottom: 5px;'>Larga vida \u00fatil<\/li>\n<li style='margin-bottom: 5px;'>Cantidad de Led: 6<\/li>\n<li style='margin-bottom: 5px;'>12 Vcc<\/li>\n<li style='margin-bottom: 5px;'>1 A m\u00e1x<\/li>\n<li style='margin-bottom: 5px;'>Montaje Magn\u00e9tico<\/li>\n<li style='margin-bottom: 5px;'>Incluye <strong>adaptador para encendedor vehicular<\/strong><\/li>\n<\/ul>\n<p style='font-size: 15px; color: inherit; margin-top: 25px;'><strong>*Pregunte por tiempo de entrega<\/strong><\/p>\n<\/p><\/div>\n<\/p><\/div>\n<div style='display: flex; flex-wrap: wrap; gap: 30px; margin-bottom: 30px;'>\n<div style='flex: 1 1 300px; min-width: 280px;'> <img style='width: 100%; height: auto; border: 1px solid rgba(150&comma;150&comma;150&comma;0.3); border-radius: 8px;' src='http:\/\/ftp3.syscom.mx\/usuarios\/fotos\/DSC0397\/DSC0397.png' alt=''> <\/div>\n<\/p><\/div>\n<\/p><\/div>\n","protected":false},"excerpt":{"rendered":"<p>Burbuja Brillante de 6 LEDs, Color \u00c1mbar con Montaje Magn\u00e9tico<\/p>\n","protected":false},"featured_media":51105,"comment_status":"open","ping_status":"closed","template":"","meta":[],"product_brand":[],"product_cat":[1379],"product_tag":[950,1237,500],"class_list":{"0":"post-51106","1":"product","2":"type-product","3":"status-publish","4":"has-post-thumbnail","6":"product_cat-ambar-estrobos-burbujas-vehiculares","7":"product_tag-ambar","8":"product_tag-epcom-industrial-signaling","9":"product_tag-estrobos-burbujas-vehiculares","11":"first","12":"instock","13":"sale","14":"shipping-taxable","15":"purchasable","16":"product-type-simple"},"_links":{"self":[{"href":"https:\/\/soydeaqui.ddns.net\/pachuca\/index.php\/wp-json\/wp\/v2\/product\/51106","targetHints":{"allow":["GET"]}}],"collection":[{"href":"https:\/\/soydeaqui.ddns.net\/pachuca\/index.php\/wp-json\/wp\/v2\/product"}],"about":[{"href":"https:\/\/soydeaqui.ddns.net\/pachuca\/index.php\/wp-json\/wp\/v2\/types\/product"}],"replies":[{"embeddable":true,"href":"https:\/\/soydeaqui.ddns.net\/pachuca\/index.php\/wp-json\/wp\/v2\/comments?post=51106"}],"wp:featuredmedia":[{"embeddable":true,"href":"https:\/\/soydeaqui.ddns.net\/pachuca\/index.php\/wp-json\/wp\/v2\/media\/51105"}],"wp:attachment":[{"href":"https:\/\/soydeaqui.ddns.net\/pachuca\/index.php\/wp-json\/wp\/v2\/media?parent=51106"}],"wp:term":[{"taxonomy":"product_brand","embeddable":true,"href":"https:\/\/soydeaqui.ddns.net\/pachuca\/index.php\/wp-json\/wp\/v2\/product_brand?post=51106"},{"taxonomy":"product_cat","embeddable":true,"href":"https:\/\/soydeaqui.ddns.net\/pachuca\/index.php\/wp-json\/wp\/v2\/product_cat?post=51106"},{"taxonomy":"product_tag","embeddable":true,"href":"https:\/\/soydeaqui.ddns.net\/pachuca\/index.php\/wp-json\/wp\/v2\/product_tag?post=51106"}],"curies":[{"name":"wp","href":"https:\/\/api.w.org\/{rel}","templated":true}]}}